{"id":10731,"date":"2023-07-26T14:33:26","date_gmt":"2023-07-26T13:33:26","guid":{"rendered":"https:\/\/www.cloverleaf.scot\/roomlink\/unterstuetzung-fuer-vereine-und-gruppen\/"},"modified":"2024-11-23T12:28:49","modified_gmt":"2024-11-23T12:28:49","slug":"unterstuetzung-fuer-vereine-und-gruppen","status":"publish","type":"page","link":"https:\/\/www.cloverleaf.scot\/de\/roomlink\/unterstuetzung-fuer-vereine-und-gruppen\/","title":{"rendered":"Unterst\u00fctzung f\u00fcr Vereine und Gruppen"},"content":{"rendered":"<div class=\"wpb-content-wrapper\">[vc_row full_width=&#8220;stretch_row&#8220; css=&#8220;.vc_custom_1690377846792{margin-top: -30px !important;padding-top: 25px !important;background-color: #fff8ed !important;}&#8220;][vc_column width=&#8220;1\/3&#8243;][vc_single_image image=&#8220;7091&#8243; css=&#8220;.vc_custom_1690377111917{margin-bottom: 20px !important;}&#8220;]<style>.vcex-heading.vcex_69e06df561c4b{color:#003365;font-size:22px;font-weight:700;}.vcex-heading.vcex_69e06df561c4b .vcex-heading-side-border__border{border-color:#0067ce;}@media (max-width:479px){.vcex-heading.vcex_69e06df561c4b{font-size:18px;}}<\/style><h3 class=\"vcex-heading vcex-heading-side-border vcex-module wpex-heading wpex-text-2xl wpex-flex wpex-items-center wpex-text-center vc_custom_1690376667444 vcex_69e06df561c4b\"><span class=\"vcex-heading-side-border__border wpex-flex-grow wpex-h-0 wpex-border-solid wpex-border-b-2 wpex-mr-15\"><\/span><span class=\"vcex-heading-inner wpex-inline-block\">Bist du es leid, Katzen zu h\u00fcten?<\/span><span class=\"vcex-heading-side-border__border wpex-flex-grow wpex-h-0 wpex-border-solid wpex-ml-15 wpex-border-b-2\"><\/span><\/h3>[vc_column_text]Wenn du mit mehr als einer Handvoll Leute unterwegs bist oder mehr als ein paar Zimmer brauchst, kann die Organisation einer Gruppenreise ein Albtraum sein![\/vc_column_text]<div class=\"vcex-module vcex-divider vcex-divider-solid vcex-divider-center wpex-mx-auto vcex-divider-has-icon wpex-flex wpex-items-center\"><div class=\"vcex-divider-border wpex-flex-grow wpex-border-b wpex-border-solid wpex-border-main\" style=\"border-color:#003365;\"><\/div><span class=\"vcex-divider-icon-span wpex-inline-flex wpex-justify-center wpex-items-center wpex-box-content wpex-inline-block wpex-text-center wpex-text-lg wpex-py-10 wpex-px-20\" style=\"font-size:25px;color:#003365;\"><span aria-hidden=\"true\" class=\"fas fa-first-aid\"><\/span><\/span><div class=\"vcex-divider-border wpex-flex-grow wpex-border-b wpex-border-solid wpex-border-main\" style=\"border-color:#003365;\"><\/div><\/div>[vc_column_text]Wir freuen uns, wenn Vereine und Gruppen von Reitfreunden nach Crieff kommen, um auf den Cloverleaf-Routen zu reiten, und wir bieten dir gerne ein wenig administrative Erste Hilfe an.[\/vc_column_text][\/vc_column][vc_column width=&#8220;1\/3&#8243;][vc_single_image image=&#8220;7093&#8243; css=&#8220;.vc_custom_1690377273658{margin-bottom: 20px !important;}&#8220;]<style>.vcex-heading.vcex_69e06df563ba4{color:#003365;font-size:22px;font-weight:700;}.vcex-heading.vcex_69e06df563ba4 .vcex-heading-side-border__border{border-color:#0067ce;}@media (max-width:479px){.vcex-heading.vcex_69e06df563ba4{font-size:18px;}}<\/style><h3 class=\"vcex-heading vcex-heading-side-border vcex-module wpex-heading wpex-text-2xl wpex-flex wpex-items-center wpex-text-center vc_custom_1690372490459 vcex_69e06df563ba4\"><span class=\"vcex-heading-side-border__border wpex-flex-grow wpex-h-0 wpex-border-solid wpex-border-b-2 wpex-mr-15\"><\/span><span class=\"vcex-heading-inner wpex-inline-block\">Logistik und Rabatte<\/span><span class=\"vcex-heading-side-border__border wpex-flex-grow wpex-h-0 wpex-border-solid wpex-ml-15 wpex-border-b-2\"><\/span><\/h3>[vc_column_text]Wir k\u00f6nnen dir helfen, gen\u00fcgend R\u00e4ume f\u00fcr deine Gruppe zu finden, auch wenn das bedeutet, dass du deine Leute auf mehrere Veranstaltungsorte in der N\u00e4he verteilen musst.[\/vc_column_text]<div class=\"vcex-module vcex-divider vcex-divider-solid vcex-divider-center wpex-mx-auto vcex-divider-has-icon wpex-flex wpex-items-center\"><div class=\"vcex-divider-border wpex-flex-grow wpex-border-b wpex-border-solid wpex-border-main\" style=\"border-color:#003365;\"><\/div><span class=\"vcex-divider-icon-span wpex-inline-flex wpex-justify-center wpex-items-center wpex-box-content wpex-inline-block wpex-text-center wpex-text-lg wpex-py-10 wpex-px-20\" style=\"font-size:25px;color:#003365;\"><span aria-hidden=\"true\" class=\"fas fa-life-ring\"><\/span><\/span><div class=\"vcex-divider-border wpex-flex-grow wpex-border-b wpex-border-solid wpex-border-main\" style=\"border-color:#003365;\"><\/div><\/div>[vc_column_text]Wir k\u00f6nnen dir oft verg\u00fcnstigte Mahlzeiten besorgen und dir dabei helfen, Men\u00fcs zum Festpreis auszuw\u00e4hlen, um dir die Planung zu erleichtern.[\/vc_column_text][\/vc_column][vc_column width=&#8220;1\/3&#8243;][vc_single_image image=&#8220;7095&#8243; css=&#8220;.vc_custom_1690377433969{margin-bottom: 20px !important;}&#8220;]<style>.vcex-heading.vcex_69e06df564d71{color:#003365;font-size:22px;font-weight:700;}.vcex-heading.vcex_69e06df564d71 .vcex-heading-side-border__border{border-color:#0067ce;}@media (max-width:479px){.vcex-heading.vcex_69e06df564d71{font-size:18px;}}<\/style><h3 class=\"vcex-heading vcex-heading-side-border vcex-module wpex-heading wpex-text-2xl wpex-flex wpex-items-center wpex-text-center vc_custom_1690372721211 vcex_69e06df564d71\"><span class=\"vcex-heading-side-border__border wpex-flex-grow wpex-h-0 wpex-border-solid wpex-border-b-2 wpex-mr-15\"><\/span><span class=\"vcex-heading-inner wpex-inline-block\">Ein kostenloser Service<\/span><span class=\"vcex-heading-side-border__border wpex-flex-grow wpex-h-0 wpex-border-solid wpex-ml-15 wpex-border-b-2\"><\/span><\/h3>[vc_column_text]Dank der gro\u00dfz\u00fcgigen Unterst\u00fctzung unserer Partnerbetriebe m\u00fcssen wir dir keine Geb\u00fchren f\u00fcr unsere Hilfe berechnen &#8211; sie ist kostenlos![\/vc_column_text]<div class=\"vcex-module vcex-divider vcex-divider-solid vcex-divider-center wpex-mx-auto vcex-divider-has-icon wpex-flex wpex-items-center\"><div class=\"vcex-divider-border wpex-flex-grow wpex-border-b wpex-border-solid wpex-border-main\" style=\"border-color:#003365;\"><\/div><span class=\"vcex-divider-icon-span wpex-inline-flex wpex-justify-center wpex-items-center wpex-box-content wpex-inline-block wpex-text-center wpex-text-lg wpex-py-10 wpex-px-20\" style=\"font-size:25px;color:#003365;\"><span aria-hidden=\"true\" class=\"fas fa-hands-helping\"><\/span><\/span><div class=\"vcex-divider-border wpex-flex-grow wpex-border-b wpex-border-solid wpex-border-main\" style=\"border-color:#003365;\"><\/div><\/div>[vc_column_text]Deine Unterkunftsvertr\u00e4ge werden direkt mit den Partnerbetrieben abgeschlossen und deine Anzahlungen und Restbetr\u00e4ge werden direkt an sie gezahlt.[\/vc_column_text][\/vc_column][\/vc_row][vc_row full_width=&#8220;stretch_row&#8220; css=&#8220;.vc_custom_1690376167887{margin-bottom: 0px !important;padding-top: 20px !important;padding-bottom: 0px !important;background-color: #003365 !important;}&#8220;][vc_column css=&#8220;.vc_custom_1601821839568{margin-bottom: 0px !important;border-bottom-width: 0px !important;padding-bottom: 0px !important;}&#8220;][vc_column_text font_size=&#8220;d:36px|pp:30px&#8220; color=&#8220;#addbff&#8220; font_family=&#8220;Ribeye&#8220; line_height=&#8220;1.4em&#8220;]\n<p style=\"text-align: center;\">Top-Tipps<\/p>\n[\/vc_column_text][\/vc_column][\/vc_row][vc_row full_width=&#8220;stretch_row&#8220; css=&#8220;.vc_custom_1690375861333{padding-top: 25px !important;background-color: #003365 !important;}&#8220;][vc_column width=&#8220;1\/3&#8243;][vc_column_text color=&#8220;#ffffff&#8220;]F\u00fcr gr\u00f6\u00dfere Gruppen empfehlen wir dir, dich <strong>so fr\u00fch wie<\/strong> m\u00f6glich zu melden.<\/p>\n<p>So haben wir die beste Chance, eine gr\u00f6\u00dfere Anzahl freier Zimmer f\u00fcr deine Wunschtermine zu finden.[\/vc_column_text][\/vc_column][vc_column width=&#8220;1\/3&#8243;]<figure class=\"vcex-image vcex-module\"><div class=\"vcex-image-inner wpex-relative wpex-inline-block\"><img width=\"980\" height=\"513\" src=\"https:\/\/www.cloverleaf.scot\/wp-content\/uploads\/2023\/05\/FourRoutesCompass.jpg\" class=\"vcex-image-img wpex-align-middle\" alt=\"\" loading=\"lazy\" decoding=\"async\" srcset=\"https:\/\/www.cloverleaf.scot\/wp-content\/uploads\/2023\/05\/FourRoutesCompass.jpg 980w, https:\/\/www.cloverleaf.scot\/wp-content\/uploads\/2023\/05\/FourRoutesCompass-300x157.jpg 300w, https:\/\/www.cloverleaf.scot\/wp-content\/uploads\/2023\/05\/FourRoutesCompass-768x402.jpg 768w, https:\/\/www.cloverleaf.scot\/wp-content\/uploads\/2023\/05\/FourRoutesCompass-600x314.jpg 600w\" sizes=\"auto, (max-width: 980px) 100vw, 980px\" \/><\/div><\/figure>[\/vc_column][vc_column width=&#8220;1\/3&#8243;][vc_column_text color=&#8220;#ffffff&#8220;]F\u00fcr gr\u00f6\u00dfere Gruppen empfehlen wir einen Aufenthalt von f\u00fcnf N\u00e4chten mit <strong>Ankunft am Sonntag und Abreise am Freitag<\/strong>.<\/p>\n<p><em>(Zum Gl\u00fcck sind Montag bis Donnerstag die besten Tage auf den Crieff Cloverleaf-Routen!)<\/em>[\/vc_column_text][\/vc_column][\/vc_row][vc_row full_width=&#8220;stretch_row&#8220; css=&#8220;.vc_custom_1690375666902{padding-top: 25px !important;background-color: #f2f8ff !important;}&#8220;][vc_column width=&#8220;1\/2&#8243; css=&#8220;.vc_custom_1690377964852{padding-top: 15px !important;}&#8220;]<figure class=\"vcex-image vcex-module\"><div class=\"vcex-image-inner wpex-relative wpex-inline-block\"><img width=\"1909\" height=\"1074\" src=\"https:\/\/www.cloverleaf.scot\/wp-content\/uploads\/2023\/07\/KonaGearShopWide.jpg\" class=\"vcex-image-img wpex-align-middle\" alt=\"\" loading=\"lazy\" decoding=\"async\" srcset=\"https:\/\/www.cloverleaf.scot\/wp-content\/uploads\/2023\/07\/KonaGearShopWide.jpg 1909w, https:\/\/www.cloverleaf.scot\/wp-content\/uploads\/2023\/07\/KonaGearShopWide-300x169.jpg 300w, https:\/\/www.cloverleaf.scot\/wp-content\/uploads\/2023\/07\/KonaGearShopWide-1024x576.jpg 1024w, https:\/\/www.cloverleaf.scot\/wp-content\/uploads\/2023\/07\/KonaGearShopWide-768x432.jpg 768w, https:\/\/www.cloverleaf.scot\/wp-content\/uploads\/2023\/07\/KonaGearShopWide-1536x864.jpg 1536w, https:\/\/www.cloverleaf.scot\/wp-content\/uploads\/2023\/07\/KonaGearShopWide-600x338.jpg 600w\" sizes=\"auto, (max-width: 1909px) 100vw, 1909px\" \/><\/div><\/figure>[\/vc_column][vc_column width=&#8220;1\/2&#8243;]<style>.vcex-heading.vcex_69e06df569ca3{color:#003365;font-size:22px;font-weight:700;}.vcex-heading.vcex_69e06df569ca3 .vcex-heading-side-border__border{border-color:#0067ce;}@media (max-width:479px){.vcex-heading.vcex_69e06df569ca3{font-size:18px;}}<\/style><h3 class=\"vcex-heading vcex-heading-side-border vcex-module wpex-heading wpex-text-2xl wpex-flex wpex-items-center wpex-text-center vc_custom_1690374978538 vcex_69e06df569ca3\"><span class=\"vcex-heading-side-border__border wpex-flex-grow wpex-h-0 wpex-border-solid wpex-border-b-2 wpex-mr-15\"><\/span><span class=\"vcex-heading-inner wpex-inline-block\">Kannst du dich bereit machen?<\/span><span class=\"vcex-heading-side-border__border wpex-flex-grow wpex-h-0 wpex-border-solid wpex-ml-15 wpex-border-b-2\"><\/span><\/h3>[vc_column_text css=&#8220;.vc_custom_1690377922015{margin-top: 15px !important;}&#8220;]<strong>Wenn du eine Vereins- oder Gruppenreise organisierst, melde dich einfach bei Kona \u00fcber unser <a href=\"https:\/\/www.cloverleaf.scot\/de\/rede-mit-uns\/\">Kontaktformular<\/a> oder per E-Mail an <a href=\"mailto:roomlink@cloverleaf.scot\">roomlink@cloverleaf.scot.<\/a> <\/strong><\/p>\n<p>Sie wird sich gerne deine Anforderungen ansehen und versuchen, dir bei der Planung des Crieff Cloverleaf-Abenteuers deines Vereins oder deiner Gruppe zu helfen.[\/vc_column_text]<div class=\"vc_custom_1690375647846 wpex-clr\"><div class=\"theme-button-wrap textcenter wpex-clr\"><a href=\"https:\/\/www.cloverleaf.scot\/talk-to-us\/\" class=\"vcex-button theme-button large align-center inline\"><span class=\"vcex-button-inner theme-button-inner wpex-flex wpex-flex-wrap wpex-items-center wpex-justify-center\">Kontakt Kona<\/span><\/a><\/div><\/div> [\/vc_column][\/vc_row][vc_row full_width=&#8220;stretch_row&#8220; css=&#8220;.vc_custom_1689684236772{background-color: #f2f8ff !important;}&#8220;][vc_column][vc_message message_box_color=&#8220;alert-warning&#8220;]Manchmal k\u00f6nnen unsere E-Mails in deinem Spam-Ordner landen.<br \/>\nWenn du innerhalb von zwei Tagen nach deiner Anfrage keine Antwort erhalten hast, <a href=\"https:\/\/www.cloverleaf.scot\/de\/rede-mit-uns\/\">melde dich<\/a> bitte noch einmal &#8211; nur f\u00fcr den Fall, dass unsere Antwort von Gremlins gefressen wurde![\/vc_message][\/vc_column][\/vc_row][vc_row full_width=&#8220;stretch_row&#8220; css=&#8220;.vc_custom_1730133413269{padding-top: 30px !important;background-color: #003365 !important;}&#8220; visibility=&#8220;hidden&#8220;][vc_column]<figure class=\"vcex-image vcex-module wpex-text-center\"><div class=\"vcex-image-inner wpex-relative wpex-inline-block\"><img width=\"700\" height=\"1045\" src=\"https:\/\/www.cloverleaf.scot\/wp-content\/uploads\/2023\/08\/PosterForOrganisersSML.jpg\" class=\"vcex-image-img wpex-align-middle\" alt=\"\" loading=\"lazy\" decoding=\"async\" srcset=\"https:\/\/www.cloverleaf.scot\/wp-content\/uploads\/2023\/08\/PosterForOrganisersSML.jpg 700w, https:\/\/www.cloverleaf.scot\/wp-content\/uploads\/2023\/08\/PosterForOrganisersSML-201x300.jpg 201w, https:\/\/www.cloverleaf.scot\/wp-content\/uploads\/2023\/08\/PosterForOrganisersSML-686x1024.jpg 686w, https:\/\/www.cloverleaf.scot\/wp-content\/uploads\/2023\/08\/PosterForOrganisersSML-600x896.jpg 600w\" sizes=\"auto, (max-width: 700px) 100vw, 700px\" \/><\/div><\/figure>[\/vc_column][\/vc_row]\n<\/div>","protected":false},"excerpt":{"rendered":"<p>Du f\u00e4hrst mit deinem Verein oder deinen Freunden auf dem Crieff Cloverleaf? Unser kostenloser RoomLink-Service kann dir bei der Organisation von Unterk\u00fcnften f\u00fcr gr\u00f6\u00dfere Vereine und Gruppen helfen.<\/p>\n","protected":false},"author":1,"featured_media":9888,"parent":10726,"menu_order":0,"comment_status":"closed","ping_status":"closed","template":"","meta":{"footnotes":""},"class_list":["post-10731","page","type-page","status-publish","has-post-thumbnail","hentry","entry","has-media"],"_links":{"self":[{"href":"https:\/\/www.cloverleaf.scot\/de\/wp-json\/wp\/v2\/pages\/10731","targetHints":{"allow":["GET"]}}],"collection":[{"href":"https:\/\/www.cloverleaf.scot\/de\/wp-json\/wp\/v2\/pages"}],"about":[{"href":"https:\/\/www.cloverleaf.scot\/de\/wp-json\/wp\/v2\/types\/page"}],"author":[{"embeddable":true,"href":"https:\/\/www.cloverleaf.scot\/de\/wp-json\/wp\/v2\/users\/1"}],"replies":[{"embeddable":true,"href":"https:\/\/www.cloverleaf.scot\/de\/wp-json\/wp\/v2\/comments?post=10731"}],"version-history":[{"count":3,"href":"https:\/\/www.cloverleaf.scot\/de\/wp-json\/wp\/v2\/pages\/10731\/revisions"}],"predecessor-version":[{"id":12737,"href":"https:\/\/www.cloverleaf.scot\/de\/wp-json\/wp\/v2\/pages\/10731\/revisions\/12737"}],"up":[{"embeddable":true,"href":"https:\/\/www.cloverleaf.scot\/de\/wp-json\/wp\/v2\/pages\/10726"}],"wp:featuredmedia":[{"embeddable":true,"href":"https:\/\/www.cloverleaf.scot\/de\/wp-json\/wp\/v2\/media\/9888"}],"wp:attachment":[{"href":"https:\/\/www.cloverleaf.scot\/de\/wp-json\/wp\/v2\/media?parent=10731"}],"curies":[{"name":"wp","href":"https:\/\/api.w.org\/{rel}","templated":true}]}}