{"id":10740,"date":"2023-11-04T11:11:13","date_gmt":"2023-11-04T11:11:13","guid":{"rendered":"https:\/\/www.cloverleaf.scot\/das-crieff-cloverleaf-tartan\/"},"modified":"2024-11-23T12:58:27","modified_gmt":"2024-11-23T12:58:27","slug":"das-crieff-cloverleaf-tartan","status":"publish","type":"page","link":"https:\/\/www.cloverleaf.scot\/de\/das-crieff-cloverleaf-tartan\/","title":{"rendered":"Das Crieff Cloverleaf Tartan"},"content":{"rendered":"<div class=\"wpb-content-wrapper\">[vc_row][vc_column width=&#8220;1\/4&#8243;]<figure class=\"vcex-image vcex-module wpex-text-center\"><div class=\"vcex-image-inner wpex-relative wpex-inline-block\"><img width=\"600\" height=\"900\" src=\"https:\/\/www.cloverleaf.scot\/wp-content\/uploads\/2023\/11\/WebsiteTartan.jpg\" class=\"vcex-image-img wpex-align-middle\" alt=\"\" loading=\"lazy\" decoding=\"async\" srcset=\"https:\/\/www.cloverleaf.scot\/wp-content\/uploads\/2023\/11\/WebsiteTartan.jpg 600w, https:\/\/www.cloverleaf.scot\/wp-content\/uploads\/2023\/11\/WebsiteTartan-200x300.jpg 200w\" sizes=\"auto, (max-width: 600px) 100vw, 600px\" \/><\/div><figcaption class=\"vcex-image-caption wpex-mt-10\">The Crieff Cloverleaf Tartan<\/figcaption><\/figure>[\/vc_column][vc_column width=&#8220;1\/2&#8243;][vc_column_text]\n<h2 style=\"margin: 0 0 10px 0; padding: 0; font-size: 22px;\">Triff den Crieff Cloverleaf Tartan<\/h2>\n<p><strong>Wir haben unseren eigenen Tartan!<\/strong> Der weltbekannte Tartan-Experte Brian Wilton von <a href=\"https:\/\/www.tartanambassador.co.uk\" target=\"_blank\" rel=\"noopener\">Tartan Ambassador<\/a> hat uns gro\u00dfz\u00fcgig dieses tolle Design zur Verf\u00fcgung gestellt. Er ist jetzt offiziell als <a href=\"https:\/\/www.tartanregister.gov.uk\/tartanDetails?ref=13963\" target=\"_blank\" rel=\"noopener\">Tartan #13963<\/a> im <a href=\"https:\/\/www.tartanregister.gov.uk\" target=\"_blank\" rel=\"noopener\">Scottish Register of Tartans<\/a> registriert.<\/p>\n<div style=\"margin: 0 0 10px 0;\"><strong style=\"font-size: 1.2em;\">\u00dcber das Design<\/strong><\/div>\n<p>Der Crieff Cloverleaf Tartan ist vom Royal Stuart Tartan inspiriert, der mit Bonnie Prince Charlie in Verbindung gebracht wird, der auf seinem Weg zur ber\u00fchmten Schlacht von Culloden in Crieff \u00fcbernachtete.<\/p>\n<p>Der Tartan besteht aus dunklen Streifen mit einer wei\u00dfen Mittellinie, die die Kreuzung von Crieff und unseren Cloverleafrouten symbolisiert. Diese &#8222;Stra\u00dfen&#8220; werden von gelben und gr\u00fcnen Linien begrenzt, die vertikal verlaufen und die Nord- und S\u00fcdrouten darstellen, sowie von orangen und roten Linien, die horizontal verlaufen und die West- und Ostrouten darstellen.<\/p>\n<p>Die mittelblauen und wei\u00dfen Details sind vom Saltire, der schottischen Nationalflagge, inspiriert, und der Tartan verwendet unser eigenes Lieblingsdunkelblau als Basis.[\/vc_column_text][\/vc_column][vc_column width=&#8220;1\/4&#8243;]<figure class=\"vcex-image vcex-module wpex-text-center\"><div class=\"vcex-image-inner wpex-relative wpex-inline-block\"><a href=\"https:\/\/www.tartanambassador.co.uk\" target=\"_blank\" rel=\"noopener noreferrer\"><img width=\"600\" height=\"900\" src=\"https:\/\/www.cloverleaf.scot\/wp-content\/uploads\/2023\/11\/BrianWiltonSM.jpg\" class=\"vcex-image-img wpex-align-middle\" alt=\"\" loading=\"lazy\" decoding=\"async\" srcset=\"https:\/\/www.cloverleaf.scot\/wp-content\/uploads\/2023\/11\/BrianWiltonSM.jpg 600w, https:\/\/www.cloverleaf.scot\/wp-content\/uploads\/2023\/11\/BrianWiltonSM-200x300.jpg 200w\" sizes=\"auto, (max-width: 600px) 100vw, 600px\" \/><\/a><\/div><figcaption class=\"vcex-image-caption wpex-mt-10\">Designer Brian Wilton <\/figcaption><\/figure>[\/vc_column][\/vc_row][vc_row full_width=&#8220;stretch_row&#8220; css=&#8220;.vc_custom_1699029417368{padding-top: 30px !important;background-color: #f2f8ff !important;}&#8220;][vc_column width=&#8220;1\/2&#8243;]<div class=\"vcex-heading vcex-heading-plain vcex-module wpex-heading wpex-text-2xl vc_custom_1699029766626\"><span class=\"vcex-heading-inner wpex-inline-block\">Los Tartan!<\/span><\/div>[vc_column_text css=&#8220;.vc_custom_1710416784101{margin-bottom: 30px !important;}&#8220;]Wir freuen uns, dass wir in unserem <a href=\"https:\/\/www.cloverleaf.scot\/gear-shop\/\">Crieff Cloverleaf Gear Shop<\/a> einige einzigartige Tartanartikel anbieten k\u00f6nnen. Schau sie dir an![\/vc_column_text]<div class=\"woocommerce columns-2 \">\n\t<ul class=\"products wpex-grid wpex-grid-cols-2 wpex-pp-grid-cols-1 wpex-gap-20 wpex-clear\">\n\n<li class=\"entry has-media product type-product post-7346 status-publish first instock product_cat-cloverleaf-tartan product_cat-stock-item product_cat-created-in-crieff product_cat-neck-tubes product_cat-rapid-delivery has-post-thumbnail shipping-taxable purchasable product-type-simple\">\n\t<div class=\"product-inner wpex-flex wpex-flex-col wpex-flex-grow wpex-relative\"><div class=\"wpex-loop-product-images wpex-overflow-hidden wpex-relative\"><a href=\"https:\/\/www.cloverleaf.scot\/de\/gear\/deluxe-biker-neck-tube-cloverleaf-tartan\/\" class=\"woocommerce-LoopProduct-link woocommerce-loop-product__link\"><div class=\"advanced-woo-labels awl-position-type-on-image awl-label-type-archive awl-align-left-top\" style=\"display:flex;flex-wrap:wrap;flex-direction:row;text-align:left;width:100%;position:absolute;z-index:9;left:0px;right:auto;top:0px;bottom:auto;transform:none;justify-content:flex-start;\"><div class=\"awl-label-wrap awl-text-label-wrap awl-label-id-7405\" style=\"\"><span class=\"awl-product-label awl-type-label awl-type-label-rounded\" style=\"display:table;position:relative;line-height:1;white-space:nowrap;vertical-align:baseline;font-size:20px;--awl-font-size-tablet:20px;--awl-font-size-phone:20px;font-weight:600;font-style:normal;letter-spacing:0px;color:#ffffff;opacity:1;margin:2px 2px 2px 2px;\"><span class=\"awl-label-text\"  style=\"display:table-cell;padding:0.3em 0.6em 0.3em 0.6em;z-index:1;background:#ff0066;position:relative;line-height:1;border-radius:0.25em;\"><span class=\"awl-inner-text\">Our very own tartan!<\/span><\/span><\/span><\/div><\/div>\n\t<div class=\"woo-entry-image-swap wpex-clr\"><img loading=\"lazy\" class=\"woo-entry-image-main wp-post-image\" alt=\"Deluxe Biker Neck Tube &#8211; Cloverleaf Tartan\" decoding=\"async\" src=\"https:\/\/www.cloverleaf.scot\/wp-content\/uploads\/2023\/10\/TartanTubeHanger-649x649.jpg\" srcset=\"https:\/\/www.cloverleaf.scot\/wp-content\/uploads\/2023\/10\/TartanTubeHanger-649x649.jpg 649w, https:\/\/www.cloverleaf.scot\/wp-content\/uploads\/2023\/10\/TartanTubeHanger-150x150.jpg 150w, https:\/\/www.cloverleaf.scot\/wp-content\/uploads\/2023\/10\/TartanTubeHanger-300x300.jpg 300w, https:\/\/www.cloverleaf.scot\/wp-content\/uploads\/2023\/10\/TartanTubeHanger-100x100.jpg 100w\" width=\"649\" height=\"649\"><img loading=\"lazy\" class=\"woo-entry-image-secondary\" decoding=\"async\" src=\"https:\/\/www.cloverleaf.scot\/wp-content\/uploads\/2023\/10\/TartanTubeDetail-649x649.jpg\" alt=\"\" srcset=\"https:\/\/www.cloverleaf.scot\/wp-content\/uploads\/2023\/10\/TartanTubeDetail-649x649.jpg 649w, https:\/\/www.cloverleaf.scot\/wp-content\/uploads\/2023\/10\/TartanTubeDetail-150x150.jpg 150w, https:\/\/www.cloverleaf.scot\/wp-content\/uploads\/2023\/10\/TartanTubeDetail-300x300.jpg 300w, https:\/\/www.cloverleaf.scot\/wp-content\/uploads\/2023\/10\/TartanTubeDetail-100x100.jpg 100w\" width=\"649\" height=\"649\"><\/div>\n\n<\/a>\t\t<div class=\"wpex-loop-product-add-to-cart wpex-absolute wpex-bottom-0 wpex-left-0 wpex-right-0 wpex-text-center wpex-transition-all wpex-duration-250 wpex-z-2 wpex-translate-y-100 wpex-invisible\"><a href=\"\/de\/wp-json\/wp\/v2\/pages\/10740?add-to-cart=7346\" aria-describedby=\"woocommerce_loop_add_to_cart_link_describedby_7346\" data-quantity=\"1\" class=\"button product_type_simple add_to_cart_button ajax_add_to_cart\" data-product_id=\"7346\" data-product_sku=\"NECKTUBE_TARTAN\" aria-label=\"In den Warenkorb legen: \u201eDeluxe Biker Neck Tube - Cloverleaf Tartan\u201c\" rel=\"nofollow\" data-success_message=\"\u201eDeluxe Biker Neck Tube - Cloverleaf Tartan\u201c wurde deinem Warenkorb hinzugef\u00fcgt\" role=\"button\">In den Warenkorb<\/a>\t<span id=\"woocommerce_loop_add_to_cart_link_describedby_7346\" class=\"screen-reader-text\">\n\t\t\t<\/span>\n<\/div>\n\t<\/div><div class=\"product-details wpex-pt-15\"><div class=\"advanced-woo-labels awl-position-type-before-title awl-label-type-archive awl-align-left\" style=\"display:flex;flex-wrap:wrap;flex-direction:row;text-align:left;width:100%;position:relative;z-index:1;justify-content:flex-start;\"><div class=\"awl-label-wrap awl-text-label-wrap awl-label-id-4632\" style=\"\"><span class=\"awl-product-label awl-type-label awl-type-label-rounded\" style=\"display:table;position:relative;line-height:1;white-space:nowrap;vertical-align:baseline;font-size:18px;--awl-font-size-tablet:18px;--awl-font-size-phone:18px;font-weight:400;font-style:normal;letter-spacing:0;color:#ffffff;opacity:1;margin:0px 0px 5px 0px;\"><span class=\"awl-label-text\"  style=\"display:table-cell;padding:0.3em 0.6em 0.3em 0.6em;z-index:1;background:#003365;position:relative;line-height:1;border-radius:0.25em;\"><span class=\"awl-inner-text\">Created in Crieff!<\/span><\/span><\/span><\/div><\/div><a href=\"https:\/\/www.cloverleaf.scot\/de\/gear\/deluxe-biker-neck-tube-cloverleaf-tartan\/\"><h2 class=\"woocommerce-loop-product__title\">Deluxe Biker Neck Tube &#8211; Cloverleaf Tartan<\/h2><\/a>\n\t<span class=\"price\"><span class=\"woocommerce-Price-amount amount\"><bdi><span class=\"woocommerce-Price-currencySymbol\">&pound;<\/span>12.50<\/bdi><\/span><\/span>\n<\/div><\/div><\/li>\n<li class=\"entry has-media product type-product post-7396 status-publish last instock product_cat-accessories product_cat-cloverleaf-tartan product_cat-stock-item product_cat-rapid-delivery has-post-thumbnail shipping-taxable purchasable product-type-simple\">\n\t<div class=\"product-inner wpex-flex wpex-flex-col wpex-flex-grow wpex-relative\"><div class=\"wpex-loop-product-images wpex-overflow-hidden wpex-relative\"><a href=\"https:\/\/www.cloverleaf.scot\/de\/gear\/tartan-keykeeper\/\" class=\"woocommerce-LoopProduct-link woocommerce-loop-product__link\"><div class=\"advanced-woo-labels awl-position-type-on-image awl-label-type-archive awl-align-left-top\" style=\"display:flex;flex-wrap:wrap;flex-direction:row;text-align:left;width:100%;position:absolute;z-index:9;left:0px;right:auto;top:0px;bottom:auto;transform:none;justify-content:flex-start;\"><div class=\"awl-label-wrap awl-text-label-wrap awl-label-id-7405\" style=\"\"><span class=\"awl-product-label awl-type-label awl-type-label-rounded\" style=\"display:table;position:relative;line-height:1;white-space:nowrap;vertical-align:baseline;font-size:20px;--awl-font-size-tablet:20px;--awl-font-size-phone:20px;font-weight:600;font-style:normal;letter-spacing:0px;color:#ffffff;opacity:1;margin:2px 2px 2px 2px;\"><span class=\"awl-label-text\"  style=\"display:table-cell;padding:0.3em 0.6em 0.3em 0.6em;z-index:1;background:#ff0066;position:relative;line-height:1;border-radius:0.25em;\"><span class=\"awl-inner-text\">Our very own tartan!<\/span><\/span><\/span><\/div><\/div>\n\t<div class=\"woo-entry-image-swap wpex-clr\"><img loading=\"lazy\" class=\"woo-entry-image-main wp-post-image\" alt=\"Tartan KeyKeeper\" decoding=\"async\" src=\"https:\/\/www.cloverleaf.scot\/wp-content\/uploads\/2023\/10\/KK_Tartan_Single-649x649.jpg\" srcset=\"https:\/\/www.cloverleaf.scot\/wp-content\/uploads\/2023\/10\/KK_Tartan_Single-649x649.jpg 649w, https:\/\/www.cloverleaf.scot\/wp-content\/uploads\/2023\/10\/KK_Tartan_Single-150x150.jpg 150w, https:\/\/www.cloverleaf.scot\/wp-content\/uploads\/2023\/10\/KK_Tartan_Single-300x300.jpg 300w, https:\/\/www.cloverleaf.scot\/wp-content\/uploads\/2023\/10\/KK_Tartan_Single-100x100.jpg 100w\" width=\"649\" height=\"649\"><img loading=\"lazy\" class=\"woo-entry-image-secondary\" decoding=\"async\" src=\"https:\/\/www.cloverleaf.scot\/wp-content\/uploads\/2023\/10\/KK_Tartan_Glove-649x649.jpg\" alt=\"\" srcset=\"https:\/\/www.cloverleaf.scot\/wp-content\/uploads\/2023\/10\/KK_Tartan_Glove-649x649.jpg 649w, https:\/\/www.cloverleaf.scot\/wp-content\/uploads\/2023\/10\/KK_Tartan_Glove-150x150.jpg 150w, https:\/\/www.cloverleaf.scot\/wp-content\/uploads\/2023\/10\/KK_Tartan_Glove-300x300.jpg 300w, https:\/\/www.cloverleaf.scot\/wp-content\/uploads\/2023\/10\/KK_Tartan_Glove-100x100.jpg 100w\" width=\"649\" height=\"649\"><\/div>\n\n<\/a>\t\t<div class=\"wpex-loop-product-add-to-cart wpex-absolute wpex-bottom-0 wpex-left-0 wpex-right-0 wpex-text-center wpex-transition-all wpex-duration-250 wpex-z-2 wpex-translate-y-100 wpex-invisible\"><a href=\"\/de\/wp-json\/wp\/v2\/pages\/10740?add-to-cart=7396\" aria-describedby=\"woocommerce_loop_add_to_cart_link_describedby_7396\" data-quantity=\"1\" class=\"button product_type_simple add_to_cart_button ajax_add_to_cart\" data-product_id=\"7396\" data-product_sku=\"\" aria-label=\"In den Warenkorb legen: \u201eTartan KeyKeeper\u201c\" rel=\"nofollow\" data-success_message=\"\u201eTartan KeyKeeper\u201c wurde deinem Warenkorb hinzugef\u00fcgt\" role=\"button\">In den Warenkorb<\/a>\t<span id=\"woocommerce_loop_add_to_cart_link_describedby_7396\" class=\"screen-reader-text\">\n\t\t\t<\/span>\n<\/div>\n\t<\/div><div class=\"product-details wpex-pt-15\"><a href=\"https:\/\/www.cloverleaf.scot\/de\/gear\/tartan-keykeeper\/\"><h2 class=\"woocommerce-loop-product__title\">Tartan KeyKeeper<\/h2><\/a>\n\t<span class=\"price\"><span class=\"woocommerce-Price-amount amount\"><bdi><span class=\"woocommerce-Price-currencySymbol\">&pound;<\/span>3.50<\/bdi><\/span><\/span>\n<\/div><\/div><\/li>\n<\/ul>\n<\/div>[\/vc_column][vc_column width=&#8220;1\/4&#8243;][\/vc_column][vc_column width=&#8220;1\/4&#8243;]<div class=\"vcex-heading vcex-heading-plain vcex-module wpex-heading wpex-text-2xl vc_custom_1699029775860\"><span class=\"vcex-heading-inner wpex-inline-block\">Es ist offiziell!<\/span><\/div><figure class=\"vcex-image vcex-module wpex-text-center\"><div class=\"vcex-image-inner wpex-relative wpex-inline-block\"><img width=\"850\" height=\"1205\" src=\"https:\/\/www.cloverleaf.scot\/wp-content\/uploads\/2023\/10\/TartanCertificateSml.jpg\" class=\"vcex-image-img wpex-align-middle\" alt=\"\" loading=\"lazy\" decoding=\"async\" srcset=\"https:\/\/www.cloverleaf.scot\/wp-content\/uploads\/2023\/10\/TartanCertificateSml.jpg 850w, https:\/\/www.cloverleaf.scot\/wp-content\/uploads\/2023\/10\/TartanCertificateSml-212x300.jpg 212w, https:\/\/www.cloverleaf.scot\/wp-content\/uploads\/2023\/10\/TartanCertificateSml-722x1024.jpg 722w, https:\/\/www.cloverleaf.scot\/wp-content\/uploads\/2023\/10\/TartanCertificateSml-768x1089.jpg 768w, https:\/\/www.cloverleaf.scot\/wp-content\/uploads\/2023\/10\/TartanCertificateSml-600x851.jpg 600w\" sizes=\"auto, (max-width: 850px) 100vw, 850px\" \/><\/div><figcaption class=\"vcex-image-caption wpex-mt-10\">Our registration certificate<\/figcaption><\/figure>[\/vc_column][\/vc_row]\n<\/div>","protected":false},"excerpt":{"rendered":"<p>Wir haben unseren eigenen Crieff Cloverleaf Tartan, der von Brian Wilton entworfen und vom Scottish Register of Tartans offiziell anerkannt wurde!<\/p>\n","protected":false},"author":1,"featured_media":0,"parent":0,"menu_order":0,"comment_status":"closed","ping_status":"closed","template":"","meta":{"footnotes":""},"class_list":["post-10740","page","type-page","status-publish","hentry","entry","no-media"],"_links":{"self":[{"href":"https:\/\/www.cloverleaf.scot\/de\/wp-json\/wp\/v2\/pages\/10740","targetHints":{"allow":["GET"]}}],"collection":[{"href":"https:\/\/www.cloverleaf.scot\/de\/wp-json\/wp\/v2\/pages"}],"about":[{"href":"https:\/\/www.cloverleaf.scot\/de\/wp-json\/wp\/v2\/types\/page"}],"author":[{"embeddable":true,"href":"https:\/\/www.cloverleaf.scot\/de\/wp-json\/wp\/v2\/users\/1"}],"replies":[{"embeddable":true,"href":"https:\/\/www.cloverleaf.scot\/de\/wp-json\/wp\/v2\/comments?post=10740"}],"version-history":[{"count":3,"href":"https:\/\/www.cloverleaf.scot\/de\/wp-json\/wp\/v2\/pages\/10740\/revisions"}],"predecessor-version":[{"id":12781,"href":"https:\/\/www.cloverleaf.scot\/de\/wp-json\/wp\/v2\/pages\/10740\/revisions\/12781"}],"wp:attachment":[{"href":"https:\/\/www.cloverleaf.scot\/de\/wp-json\/wp\/v2\/media?parent=10740"}],"curies":[{"name":"wp","href":"https:\/\/api.w.org\/{rel}","templated":true}]}}