{"id":10775,"date":"2021-06-28T13:06:00","date_gmt":"2021-06-28T12:06:00","guid":{"rendered":"https:\/\/www.cloverleaf.scot\/was-biker-sagen-sie\/video-bewertungen\/"},"modified":"2025-12-27T11:12:15","modified_gmt":"2025-12-27T11:12:15","slug":"video-reviews","status":"publish","type":"page","link":"https:\/\/www.cloverleaf.scot\/de\/what-bikers-are-saying\/video-reviews\/","title":{"rendered":"Video-Bewertungen"},"content":{"rendered":"<div class=\"wpb-content-wrapper\">[vc_row][vc_column]<style>.vcex-heading.vcex_69e039073d3c0{color:#003365;font-family:Ribeye;}.vcex-heading.vcex_69e039073d3c0 .vcex-heading-side-border__border{border-color:#0067ce;}<\/style><div class=\"vcex-heading vcex-heading-side-border vcex-module wpex-heading wpex-text-2xl wpex-flex wpex-items-center wpex-text-center vcex_69e039073d3c0\"><span class=\"vcex-heading-side-border__border wpex-flex-grow wpex-h-0 wpex-border-solid wpex-border-b-3 wpex-mr-15\"><\/span><span class=\"vcex-heading-inner wpex-inline-block\">Die Bewertungen de Missenden Flyer <br \/><\/span><span class=\"vcex-heading-side-border__border wpex-flex-grow wpex-h-0 wpex-border-solid wpex-ml-15 wpex-border-b-3\"><\/span><\/div>[\/vc_column][\/vc_row][vc_row][vc_column width=&#8220;1\/2&#8243;][vc_video link=&#8220;https:\/\/www.youtube.com\/watch?v=EIGoRuE7W6Q&#8220; css=&#8220;&#8220;][\/vc_column][vc_column width=&#8220;1\/2&#8243;][vc_video link=&#8220;https:\/\/www.youtube.com\/watch?v=Vn14wab6Pws&#8220; css=&#8220;&#8220;][\/vc_column][\/vc_row][vc_row][vc_column width=&#8220;1\/2&#8243;][vc_video link=&#8220;https:\/\/www.youtube.com\/watch?v=-ezKkKHWazM&#8220; css=&#8220;&#8220;][\/vc_column][vc_column width=&#8220;1\/2&#8243;][vc_video link=&#8220;https:\/\/www.youtube.com\/watch?v=GN0e-dICUqo&#8220; css=&#8220;&#8220;][\/vc_column][\/vc_row][vc_row][vc_column width=&#8220;1\/2&#8243;]<style>.vcex-heading.vcex_69e0390740523{color:#003365;font-family:Ribeye;}.vcex-heading.vcex_69e0390740523 .vcex-heading-side-border__border{border-color:#0067ce;}<\/style><div class=\"vcex-heading vcex-heading-side-border vcex-module wpex-heading wpex-text-2xl wpex-flex wpex-items-center wpex-text-center vcex_69e0390740523\"><span class=\"vcex-heading-side-border__border wpex-flex-grow wpex-h-0 wpex-border-solid wpex-border-b-3 wpex-mr-15\"><\/span><span class=\"vcex-heading-inner wpex-inline-block\">Big Marks Bewertungen<\/span><span class=\"vcex-heading-side-border__border wpex-flex-grow wpex-h-0 wpex-border-solid wpex-ml-15 wpex-border-b-3\"><\/span><\/div>[vc_column_text css=&#8220;.vc_custom_1746109902740{padding-top: 15px !important;}&#8220;]<a href=\"https:\/\/www.youtube.com\/@BigMarkRides\" target=\"_blank\" rel=\"noopener\"><img decoding=\"async\" class=\"alignright size-full wp-image-13114\" src=\"https:\/\/www.cloverleaf.scot\/wp-content\/uploads\/2025\/05\/BigMark.png\" alt=\"Big Mark, Biker und Youtuber\" width=\"150px\" srcset=\"https:\/\/www.cloverleaf.scot\/wp-content\/uploads\/2025\/05\/BigMark.png 524w, https:\/\/www.cloverleaf.scot\/wp-content\/uploads\/2025\/05\/BigMark-218x300.png 218w\" sizes=\"(max-width: 524px) 100vw, 524px\" \/><\/a>Der einheimische Biker und Youtuber <a href=\"https:\/\/www.youtube.com\/@BigMarkRides\" target=\"_blank\" rel=\"noopener\">Big Mark<\/a> zeigt in einem gro\u00dfartigen Film, wie viel Spa\u00df man auf den Strecken Crieff Cloverleaf und Little Leaf haben kann.<\/p>\n<p>Hast du Freunde oder Familie, die deine Motorradsucht einfach nicht verstehen? Setz dich mit ihnen hin und lass sie Marks k\u00f6stlichen Film \u00fcber Crieff Cloverleaf North anschauen. Das ist der Grund, warum wir fahren, Leute![\/vc_column_text][\/vc_column][vc_column width=&#8220;1\/2&#8243;][vc_video link=&#8220;https:\/\/www.youtube.com\/watch?v=qWy86zejfGQ&#8220; css=&#8220;&#8220;][\/vc_column][\/vc_row][vc_row][vc_column]<style>.vcex-heading.vcex_69e0390741466{color:#003365;font-family:Ribeye;}.vcex-heading.vcex_69e0390741466 .vcex-heading-side-border__border{border-color:#0067ce;}<\/style><div class=\"vcex-heading vcex-heading-side-border vcex-module wpex-heading wpex-text-2xl wpex-flex wpex-items-center wpex-text-center vcex_69e0390741466\"><span class=\"vcex-heading-side-border__border wpex-flex-grow wpex-h-0 wpex-border-solid wpex-border-b-3 wpex-mr-15\"><\/span><span class=\"vcex-heading-inner wpex-inline-block\">Big Mark&apos;s Little Leaf<\/span><span class=\"vcex-heading-side-border__border wpex-flex-grow wpex-h-0 wpex-border-solid wpex-ml-15 wpex-border-b-3\"><\/span><\/div>[\/vc_column][\/vc_row][vc_row full_width=&#8220;stretch_row&#8220; css=&#8220;.vc_custom_1746109582076{padding-top: 15px !important;}&#8220;][vc_column width=&#8220;1\/4&#8243;]<style>.vcex-image.vcex_69e0390742577 .vcex-image-img{border-radius:var(--wpex-rounded);}<\/style><figure class=\"vcex-image vcex-module vcex_69e0390742577\"><div class=\"vcex-image-inner wpex-relative wpex-inline-block vc_custom_1738241114025\"><a href=\"https:\/\/www.youtube.com\/watch?v=sMKWxvRA2tw&#038;ab_channel=BigMark\" title=\"Jetzt anschauen\" target=\"_blank\" rel=\"noopener noreferrer\"><img width=\"1280\" height=\"720\" src=\"https:\/\/www.cloverleaf.scot\/wp-content\/uploads\/2025\/01\/BigMarkLL1.jpg\" class=\"vcex-image-img wpex-align-middle wpex-shadow\" alt=\"Crieff Cloverleaf Little Leaf #1 - Glen Lyon Loop - Video by Big Mark\" loading=\"lazy\" decoding=\"async\" srcset=\"https:\/\/www.cloverleaf.scot\/wp-content\/uploads\/2025\/01\/BigMarkLL1.jpg 1280w, https:\/\/www.cloverleaf.scot\/wp-content\/uploads\/2025\/01\/BigMarkLL1-300x169.jpg 300w, https:\/\/www.cloverleaf.scot\/wp-content\/uploads\/2025\/01\/BigMarkLL1-1024x576.jpg 1024w, https:\/\/www.cloverleaf.scot\/wp-content\/uploads\/2025\/01\/BigMarkLL1-768x432.jpg 768w, https:\/\/www.cloverleaf.scot\/wp-content\/uploads\/2025\/01\/BigMarkLL1-600x338.jpg 600w\" sizes=\"auto, (max-width: 1280px) 100vw, 1280px\" \/><\/a><\/div><\/figure><div class=\"theme-button-wrap textcenter wpex-clr\"><a href=\"https:\/\/www.youtube.com\/watch?v=sMKWxvRA2tw&#038;ab_channel=BigMark\" class=\"vcex-button theme-button small align-center inline\" title=\"Watch now\" target=\"_blank\" rel=\"noopener noreferrer\"><span class=\"vcex-button-inner theme-button-inner wpex-flex wpex-flex-wrap wpex-items-center wpex-justify-center\">Uhr #1 &#8211; Glen Lyon<\/span><\/a><\/div> [\/vc_column][vc_column width=&#8220;1\/4&#8243;]<style>.vcex-image.vcex_69e0390747b34 .vcex-image-img{border-radius:var(--wpex-rounded);}<\/style><figure class=\"vcex-image vcex-module vcex_69e0390747b34\"><div class=\"vcex-image-inner wpex-relative wpex-inline-block vc_custom_1738241134905\"><a href=\"https:\/\/www.youtube.com\/watch?v=ch4ZwHGC-58&#038;ab_channel=BigMark\" title=\"Jetzt anschauen\" target=\"_blank\" rel=\"noopener noreferrer\"><img width=\"1280\" height=\"720\" src=\"https:\/\/www.cloverleaf.scot\/wp-content\/uploads\/2025\/01\/BigMarkLL2.jpg\" class=\"vcex-image-img wpex-align-middle wpex-shadow\" alt=\"Crieff Cloverleaf Little Leaf #2 - Glen Lyon Loop - Video by Big Mark\" loading=\"lazy\" decoding=\"async\" srcset=\"https:\/\/www.cloverleaf.scot\/wp-content\/uploads\/2025\/01\/BigMarkLL2.jpg 1280w, https:\/\/www.cloverleaf.scot\/wp-content\/uploads\/2025\/01\/BigMarkLL2-300x169.jpg 300w, https:\/\/www.cloverleaf.scot\/wp-content\/uploads\/2025\/01\/BigMarkLL2-1024x576.jpg 1024w, https:\/\/www.cloverleaf.scot\/wp-content\/uploads\/2025\/01\/BigMarkLL2-768x432.jpg 768w, https:\/\/www.cloverleaf.scot\/wp-content\/uploads\/2025\/01\/BigMarkLL2-600x338.jpg 600w\" sizes=\"auto, (max-width: 1280px) 100vw, 1280px\" \/><\/a><\/div><\/figure><div class=\"theme-button-wrap textcenter wpex-clr\"><a href=\"https:\/\/www.youtube.com\/watch?v=ch4ZwHGC-58&#038;ab_channel=BigMark\" class=\"vcex-button theme-button small align-center inline\" title=\"Watch now\" target=\"_blank\" rel=\"noopener noreferrer\"><span class=\"vcex-button-inner theme-button-inner wpex-flex wpex-flex-wrap wpex-items-center wpex-justify-center\">Uhr #2 &#8211; Duke&#8217;s Pass<\/span><\/a><\/div> [\/vc_column][vc_column width=&#8220;1\/4&#8243;]<style>.vcex-image.vcex_69e0390749e13 .vcex-image-img{border-radius:var(--wpex-rounded);}<\/style><figure class=\"vcex-image vcex-module vcex_69e0390749e13\"><div class=\"vcex-image-inner wpex-relative wpex-inline-block vc_custom_1739796326596\"><a href=\"https:\/\/www.youtube.com\/watch?v=-TQrXmO5xLs&#038;ab_channel=BigMark\" title=\"Jetzt anschauen\" target=\"_blank\" rel=\"noopener noreferrer\"><img width=\"1280\" height=\"720\" src=\"https:\/\/www.cloverleaf.scot\/wp-content\/uploads\/2025\/02\/BigMarkLL3_2.jpg\" class=\"vcex-image-img wpex-align-middle wpex-shadow\" alt=\"Crieff Cloverleaf Little Leaf #3 - Perthshire Lochs - Video by Big Mark\" loading=\"lazy\" decoding=\"async\" srcset=\"https:\/\/www.cloverleaf.scot\/wp-content\/uploads\/2025\/02\/BigMarkLL3_2.jpg 1280w, https:\/\/www.cloverleaf.scot\/wp-content\/uploads\/2025\/02\/BigMarkLL3_2-300x169.jpg 300w, https:\/\/www.cloverleaf.scot\/wp-content\/uploads\/2025\/02\/BigMarkLL3_2-1024x576.jpg 1024w, https:\/\/www.cloverleaf.scot\/wp-content\/uploads\/2025\/02\/BigMarkLL3_2-768x432.jpg 768w, https:\/\/www.cloverleaf.scot\/wp-content\/uploads\/2025\/02\/BigMarkLL3_2-600x338.jpg 600w\" sizes=\"auto, (max-width: 1280px) 100vw, 1280px\" \/><\/a><\/div><\/figure><div class=\"theme-button-wrap textcenter wpex-clr\"><a href=\"https:\/\/www.youtube.com\/watch?v=-TQrXmO5xLs&#038;ab_channel=BigMark\" class=\"vcex-button theme-button small align-center inline\" title=\"Watch now\" target=\"_blank\" rel=\"noopener noreferrer\"><span class=\"vcex-button-inner theme-button-inner wpex-flex wpex-flex-wrap wpex-items-center wpex-justify-center\">Uhr #3 &#8211; Perthshire Lochs<\/span><\/a><\/div> [\/vc_column][vc_column width=&#8220;1\/4&#8243;]<style>.vcex-image.vcex_69e039074c272 .vcex-image-img{border-radius:var(--wpex-rounded);}<\/style><figure class=\"vcex-image vcex-module vcex_69e039074c272\"><div class=\"vcex-image-inner wpex-relative wpex-inline-block vc_custom_1746107800032\"><a href=\"https:\/\/www.youtube.com\/watch?v=DhNuNkSG-cY\" title=\"Jetzt anschauen\" target=\"_blank\" rel=\"noopener noreferrer\"><img width=\"1280\" height=\"720\" src=\"https:\/\/www.cloverleaf.scot\/wp-content\/uploads\/2025\/05\/BigMarkLL4.jpg\" class=\"vcex-image-img wpex-align-middle wpex-shadow\" alt=\"Crieff Cloverleaf Little Leaf #4 - Dunkeld Doodle - Video by Big Mark\" loading=\"lazy\" decoding=\"async\" srcset=\"https:\/\/www.cloverleaf.scot\/wp-content\/uploads\/2025\/05\/BigMarkLL4.jpg 1280w, https:\/\/www.cloverleaf.scot\/wp-content\/uploads\/2025\/05\/BigMarkLL4-300x169.jpg 300w, https:\/\/www.cloverleaf.scot\/wp-content\/uploads\/2025\/05\/BigMarkLL4-1024x576.jpg 1024w, https:\/\/www.cloverleaf.scot\/wp-content\/uploads\/2025\/05\/BigMarkLL4-768x432.jpg 768w, https:\/\/www.cloverleaf.scot\/wp-content\/uploads\/2025\/05\/BigMarkLL4-600x338.jpg 600w\" sizes=\"auto, (max-width: 1280px) 100vw, 1280px\" \/><\/a><\/div><\/figure><div class=\"theme-button-wrap textcenter wpex-clr\"><a href=\"https:\/\/www.youtube.com\/watch?v=DhNuNkSG-cY\" class=\"vcex-button theme-button small align-center inline\" title=\"Watch now\" target=\"_blank\" rel=\"noopener noreferrer\"><span class=\"vcex-button-inner theme-button-inner wpex-flex wpex-flex-wrap wpex-items-center wpex-justify-center\">Uhr #4 &#8211; Dunkeld Doodle<\/span><\/a><\/div> [\/vc_column][\/vc_row][vc_row full_width=&#8220;stretch_row&#8220; css=&#8220;.vc_custom_1624881928233{margin-bottom: 20px !important;background-color: #fff8ed !important;}&#8220;][vc_column css=&#8220;.vc_custom_1624879989463{margin-bottom: 0px !important;}&#8220;][vc_column_text css=&#8220;.vc_custom_1624880602419{margin-top: 0px !important;margin-bottom: 0px !important;padding-top: 10px !important;padding-bottom: 10px !important;}&#8220; text_align=&#8220;center&#8220; font_size=&#8220;1.15em&#8220; font_weight=&#8220;semibold&#8220;]Vergiss nicht, dir unser <a href=\"https:\/\/www.cloverleaf.scot\/de\/what-bikers-are-saying\/\">Biker-Feedback<\/a> anzuschauen![\/vc_column_text][\/vc_column][\/vc_row][vc_row][vc_column width=&#8220;1\/2&#8243;]<style>.vcex-heading.vcex_69e039074f334{color:#003365;font-family:Ribeye;}.vcex-heading.vcex_69e039074f334 .vcex-heading-side-border__border{border-color:#0067ce;}<\/style><div class=\"vcex-heading vcex-heading-side-border vcex-module wpex-heading wpex-text-2xl wpex-flex wpex-items-center wpex-text-center vcex_69e039074f334\"><span class=\"vcex-heading-side-border__border wpex-flex-grow wpex-h-0 wpex-border-solid wpex-border-b-3 wpex-mr-15\"><\/span><span class=\"vcex-heading-inner wpex-inline-block\">Sams Bewertungen<\/span><span class=\"vcex-heading-side-border__border wpex-flex-grow wpex-h-0 wpex-border-solid wpex-ml-15 wpex-border-b-3\"><\/span><\/div>[vc_column_text css=&#8220;.vc_custom_1627655317616{padding-top: 15px !important;}&#8220;]<a href=\"https:\/\/www.cloverleaf.scot\/wp-content\/uploads\/2021\/06\/SmallSam.jpg\"><img loading=\"lazy\" decoding=\"async\" class=\"alignleft size-full wp-image-3716\" src=\"https:\/\/www.cloverleaf.scot\/wp-content\/uploads\/2021\/06\/SmallSam.jpg\" alt=\"Sam Vincent, Videobewertungen von Crieff Cloverleaf\" width=\"141\" height=\"282\"><\/a>Youtuber und Biker <a href=\"https:\/\/www.youtube.com\/c\/SamVincentOnBikes\" target=\"_blank\" rel=\"noopener\">Sam Vincent<\/a> ist im Mai 2021 mit seinem Vater Mike das Crieff Cloverleaf gefahren. Er hat jetzt einige tolle Videos gemacht, in denen er das Cloverleaf vorstellt und seine Erfahrungen mit den Routen teilt. Danke Sam!<\/p>\n<p>Schau dir Sams Berichte \u00fcber Tag 1 (West) und Tag 2 (Nord) an und wir garantieren dir, dass du dich sofort auf dein Motorrad schwingen willst &#8211; wir haben noch nie jemanden geh\u00f6rt, der mehr Spa\u00df auf zwei R\u00e4dern hat! Du wirst dich fragen, ob sein Motorradfahren tats\u00e4chlich von purer Freude angetrieben wird&#8230;[\/vc_column_text][\/vc_column][vc_column width=&#8220;1\/2&#8243;][vc_video link=&#8220;https:\/\/www.youtube.com\/watch?v=QeoVmFQA2so&#8220;][\/vc_column][\/vc_row][vc_row][vc_column width=&#8220;1\/2&#8243;][vc_video link=&#8220;https:\/\/www.youtube.com\/watch?v=eTdlfxcCAeQ&#8220;][\/vc_column][vc_column width=&#8220;1\/2&#8243;][vc_video link=&#8220;https:\/\/www.youtube.com\/watch?v=LBLXYN7EG3M&#8220;][\/vc_column][\/vc_row][vc_row][vc_column width=&#8220;1\/2&#8243;][vc_video link=&#8220;https:\/\/www.youtube.com\/watch?v=H3tj9Mi50lw&#8220;][\/vc_column][vc_column width=&#8220;1\/2&#8243;][vc_video link=&#8220;https:\/\/www.youtube.com\/watch?v=dbTk3THTSaA&#8220;][\/vc_column][\/vc_row][vc_row full_width=&#8220;stretch_row&#8220; css=&#8220;.vc_custom_1624881928233{margin-bottom: 20px !important;background-color: #fff8ed !important;}&#8220;][vc_column css=&#8220;.vc_custom_1624879989463{margin-bottom: 0px !important;}&#8220;][vc_column_text css=&#8220;.vc_custom_1624880602419{margin-top: 0px !important;margin-bottom: 0px !important;padding-top: 10px !important;padding-bottom: 10px !important;}&#8220; text_align=&#8220;center&#8220; font_size=&#8220;1.15em&#8220; font_weight=&#8220;semibold&#8220;]Vergiss nicht, dir unser <a href=\"https:\/\/www.cloverleaf.scot\/de\/what-bikers-are-saying\/\">Biker-Feedback<\/a> anzuschauen![\/vc_column_text][\/vc_column][\/vc_row][vc_row][vc_column]<div class=\"templatera_shortcode\"><style type=\"text\/css\" data-type=\"vc_shortcodes-default-css\">.vc_do_icon{margin-bottom:35px;}<\/style><style type=\"text\/css\" data-type=\"vc_shortcodes-custom-css\">.vc_custom_1624876837354{background-image: url(https:\/\/www.cloverleaf.scot\/wp-content\/uploads\/2021\/06\/BackgroundStrip.jpg?id=3695) !important;background-position: center !important;background-repeat: no-repeat !important;background-size: cover !important;}.vc_custom_1624874280003{margin-top: 0px !important;margin-bottom: 10px !important;padding-top: 20px !important;padding-bottom: 0px !important;}.vc_custom_1624874714393{margin-top: 0px !important;margin-right: 0px !important;margin-bottom: 0px !important;margin-left: 0px !important;border-top-width: 0px !important;border-right-width: 0px !important;border-bottom-width: 0px !important;border-left-width: 0px !important;padding-top: 0px !important;padding-right: 0px !important;padding-bottom: 0px !important;padding-left: 0px !important;}.vc_custom_1708193488433{margin-bottom: 20px !important;border-top-width: 3px !important;border-right-width: 3px !important;border-bottom-width: 3px !important;border-left-width: 3px !important;padding-top: 10px !important;padding-right: 10px !important;padding-bottom: 10px !important;padding-left: 10px !important;background-color: rgba(255,255,255,0.7) !important;*background-color: rgb(255,255,255) !important;border-left-color: #f2f8ff !important;border-left-style: solid !important;border-right-color: #f2f8ff !important;border-right-style: solid !important;border-top-color: #f2f8ff !important;border-top-style: solid !important;border-bottom-color: #f2f8ff !important;border-bottom-style: solid !important;}<\/style><p>[vc_row full_width=\"stretch_row\" css=\".vc_custom_1624876837354{background-image: url(https:\/\/www.cloverleaf.scot\/wp-content\/uploads\/2021\/06\/BackgroundStrip.jpg?id=3695) !important;background-position: center !important;background-repeat: no-repeat !important;background-size: cover !important;}\" wpex_bg_position=\"center center\"][vc_column css=\".vc_custom_1624874280003{margin-top: 0px !important;margin-bottom: 10px !important;padding-top: 20px !important;padding-bottom: 0px !important;}\"][vc_icon icon_fontawesome=\"fas fa-motorcycle\" color=\"custom\" size=\"xl\" align=\"center\" custom_color=\"#f2f8ff\" css=\".vc_custom_1624874714393{margin-top: 0px !important;margin-right: 0px !important;margin-bottom: 0px !important;margin-left: 0px !important;border-top-width: 0px !important;border-right-width: 0px !important;border-bottom-width: 0px !important;border-left-width: 0px !important;padding-top: 0px !important;padding-right: 0px !important;padding-bottom: 0px !important;padding-left: 0px !important;}\"][vc_column_text font_size=\"1.2em\" text_align=\"center\" css=\".vc_custom_1708193488433{margin-bottom: 20px !important;border-top-width: 3px !important;border-right-width: 3px !important;border-bottom-width: 3px !important;border-left-width: 3px !important;padding-top: 10px !important;padding-right: 10px !important;padding-bottom: 10px !important;padding-left: 10px !important;background-color: rgba(255,255,255,0.7) !important;*background-color: rgb(255,255,255) !important;border-left-color: #f2f8ff !important;border-left-style: solid !important;border-right-color: #f2f8ff !important;border-right-style: solid !important;border-top-color: #f2f8ff !important;border-top-style: solid !important;border-bottom-color: #f2f8ff !important;border-bottom-style: solid !important;}\" width=\"300px\"]<strong>Done the Crieff Cloverleaf? <\/strong>[\/vc_column_text]<div class=\"theme-button-wrap textcenter wpex-clr\"><a href=\"https:\/\/www.cloverleaf.scot\/what-bikers-are-saying\/share-your-thoughts\/\" class=\"vcex-button theme-button large align-center inline\"><span class=\"vcex-button-inner theme-button-inner wpex-flex wpex-flex-wrap wpex-items-center wpex-justify-center\">Share your thoughts!<\/span><\/a><\/div> [\/vc_column][\/vc_row]<\/p>\r\n<\/div>[\/vc_column][\/vc_row]\n<\/div>","protected":false},"excerpt":{"rendered":"<p>Die Biker genie\u00dfen ihre Zeit auf dem Crieff Cloverleaf sehr! Sieh dir einige dieser tollen Videorezensionen an. <\/p>\n","protected":false},"author":1,"featured_media":8943,"parent":10771,"menu_order":0,"comment_status":"closed","ping_status":"closed","template":"","meta":{"footnotes":""},"class_list":["post-10775","page","type-page","status-publish","has-post-thumbnail","hentry","entry","has-media"],"_links":{"self":[{"href":"https:\/\/www.cloverleaf.scot\/de\/wp-json\/wp\/v2\/pages\/10775","targetHints":{"allow":["GET"]}}],"collection":[{"href":"https:\/\/www.cloverleaf.scot\/de\/wp-json\/wp\/v2\/pages"}],"about":[{"href":"https:\/\/www.cloverleaf.scot\/de\/wp-json\/wp\/v2\/types\/page"}],"author":[{"embeddable":true,"href":"https:\/\/www.cloverleaf.scot\/de\/wp-json\/wp\/v2\/users\/1"}],"replies":[{"embeddable":true,"href":"https:\/\/www.cloverleaf.scot\/de\/wp-json\/wp\/v2\/comments?post=10775"}],"version-history":[{"count":3,"href":"https:\/\/www.cloverleaf.scot\/de\/wp-json\/wp\/v2\/pages\/10775\/revisions"}],"predecessor-version":[{"id":13759,"href":"https:\/\/www.cloverleaf.scot\/de\/wp-json\/wp\/v2\/pages\/10775\/revisions\/13759"}],"up":[{"embeddable":true,"href":"https:\/\/www.cloverleaf.scot\/de\/wp-json\/wp\/v2\/pages\/10771"}],"wp:featuredmedia":[{"embeddable":true,"href":"https:\/\/www.cloverleaf.scot\/de\/wp-json\/wp\/v2\/media\/8943"}],"wp:attachment":[{"href":"https:\/\/www.cloverleaf.scot\/de\/wp-json\/wp\/v2\/media?parent=10775"}],"curies":[{"name":"wp","href":"https:\/\/api.w.org\/{rel}","templated":true}]}}