{"id":10785,"date":"2022-05-21T17:52:18","date_gmt":"2022-05-21T16:52:18","guid":{"rendered":"https:\/\/www.cloverleaf.scot\/crieff-cloverleaf-faq-2\/"},"modified":"2025-12-27T11:36:21","modified_gmt":"2025-12-27T11:36:21","slug":"crieff-cloverleaf-faq","status":"publish","type":"page","link":"https:\/\/www.cloverleaf.scot\/de\/crieff-cloverleaf-faq\/","title":{"rendered":"Crieff Cloverleaf FAQ"},"content":{"rendered":"<div class=\"wpb-content-wrapper\">[vc_row css=&#8220;.vc_custom_1653150422370{margin-top: -30px !important;}&#8220;][vc_column]<div class=\"templatera_shortcode\"><style type=\"text\/css\" data-type=\"vc_shortcodes-default-css\">.vc_do_icon{margin-bottom:35px;}<\/style><style type=\"text\/css\" data-type=\"vc_shortcodes-custom-css\">.vc_custom_1624876837354{background-image: url(https:\/\/www.cloverleaf.scot\/wp-content\/uploads\/2021\/06\/BackgroundStrip.jpg?id=3695) !important;background-position: center !important;background-repeat: no-repeat !important;background-size: cover !important;}.vc_custom_1624874280003{margin-top: 0px !important;margin-bottom: 10px !important;padding-top: 20px !important;padding-bottom: 0px !important;}.vc_custom_1624874714393{margin-top: 0px !important;margin-right: 0px !important;margin-bottom: 0px !important;margin-left: 0px !important;border-top-width: 0px !important;border-right-width: 0px !important;border-bottom-width: 0px !important;border-left-width: 0px !important;padding-top: 0px !important;padding-right: 0px !important;padding-bottom: 0px !important;padding-left: 0px !important;}.vc_custom_1708193488433{margin-bottom: 20px !important;border-top-width: 3px !important;border-right-width: 3px !important;border-bottom-width: 3px !important;border-left-width: 3px !important;padding-top: 10px !important;padding-right: 10px !important;padding-bottom: 10px !important;padding-left: 10px !important;background-color: rgba(255,255,255,0.7) !important;*background-color: rgb(255,255,255) !important;border-left-color: #f2f8ff !important;border-left-style: solid !important;border-right-color: #f2f8ff !important;border-right-style: solid !important;border-top-color: #f2f8ff !important;border-top-style: solid !important;border-bottom-color: #f2f8ff !important;border-bottom-style: solid !important;}<\/style><p>[vc_row full_width=\"stretch_row\" css=\".vc_custom_1624876837354{background-image: url(https:\/\/www.cloverleaf.scot\/wp-content\/uploads\/2021\/06\/BackgroundStrip.jpg?id=3695) !important;background-position: center !important;background-repeat: no-repeat !important;background-size: cover !important;}\" wpex_bg_position=\"center center\"][vc_column css=\".vc_custom_1624874280003{margin-top: 0px !important;margin-bottom: 10px !important;padding-top: 20px !important;padding-bottom: 0px !important;}\"][vc_icon icon_fontawesome=\"fas fa-motorcycle\" color=\"custom\" size=\"xl\" align=\"center\" custom_color=\"#f2f8ff\" css=\".vc_custom_1624874714393{margin-top: 0px !important;margin-right: 0px !important;margin-bottom: 0px !important;margin-left: 0px !important;border-top-width: 0px !important;border-right-width: 0px !important;border-bottom-width: 0px !important;border-left-width: 0px !important;padding-top: 0px !important;padding-right: 0px !important;padding-bottom: 0px !important;padding-left: 0px !important;}\"][vc_column_text font_size=\"1.2em\" text_align=\"center\" css=\".vc_custom_1708193488433{margin-bottom: 20px !important;border-top-width: 3px !important;border-right-width: 3px !important;border-bottom-width: 3px !important;border-left-width: 3px !important;padding-top: 10px !important;padding-right: 10px !important;padding-bottom: 10px !important;padding-left: 10px !important;background-color: rgba(255,255,255,0.7) !important;*background-color: rgb(255,255,255) !important;border-left-color: #f2f8ff !important;border-left-style: solid !important;border-right-color: #f2f8ff !important;border-right-style: solid !important;border-top-color: #f2f8ff !important;border-top-style: solid !important;border-bottom-color: #f2f8ff !important;border-bottom-style: solid !important;}\" width=\"300px\"]<strong>Hast du das Crieff Cloverleaf gemacht? <\/strong>[\/vc_column_text]<div class=\"theme-button-wrap textcenter wpex-clr\"><a href=\"https:\/\/www.cloverleaf.scot\/de\/was-biker-sagen-sie\/teile-deine-gedanken\/\" class=\"vcex-button theme-button large align-center inline\"><span class=\"vcex-button-inner theme-button-inner wpex-flex wpex-flex-wrap wpex-items-center wpex-justify-center\">Teile deine Gedanken!<\/span><\/a><\/div> [\/vc_column][\/vc_row]<\/p>\r\n<\/div>[\/vc_column][\/vc_row][vc_row max_width_align=&#8220;left&#8220; max_width_custom=&#8220;800px&#8220;][vc_column][vc_toggle title=&#8220;Was ist das Crieff Cloverleaf?&#8220; style=&#8220;square&#8220; size=&#8220;lg&#8220; custom_font_container=&#8220;tag:h2|text_align:left|color:%23003365&#8243; custom_use_theme_fonts=&#8220;yes&#8220; use_custom_heading=&#8220;true&#8220;]<img loading=\"lazy\" decoding=\"async\" class=\"alignright size-full wp-image-136\" src=\"https:\/\/www.cloverleaf.scot\/wp-content\/uploads\/2020\/09\/HelmetBlueSmall.png\" alt=\"\" width=\"100\" height=\"125\">Das <a href=\"https:\/\/www.cloverleaf.scot\/de\/\" target=\"_blank\" rel=\"noopener\">Crieff Cloverleaf<\/a> ist eine Reihe von vier eint\u00e4gigen <a href=\"https:\/\/www.cloverleaf.scot\/gmap\" target=\"_blank\" rel=\"noopener\">Motorradtouren<\/a> in Schottland, die alle in der Perthshire Stadt Crieff beginnen und enden.<\/p>\n<p>Die vier Routen verlaufen im Norden, S\u00fcden, Osten und Westen von Crieff und bieten dir eine Vielfalt an wundersch\u00f6nen schottischen Landschaften und tollen Motorradfahren.<\/p>\n<p>Die Routen meiden so weit wie m\u00f6glich bebaute Gebiete, Autobahnen und langweilige gr\u00f6\u00dfere A-Stra\u00dfen. Sie wurden speziell f\u00fcr Motorradfahrer entworfen und folgen herrlich kurvigen A-Stra\u00dfen, kurvigen B-Stra\u00dfen und einigen tollen kleinen Nebenstra\u00dfen und Singletracks.<\/p>\n<p><a href=\"https:\/\/www.cloverleaf.scot\/wp-content\/uploads\/2023\/05\/FourRoutesCompass.jpg\"><img loading=\"lazy\" decoding=\"async\" class=\"aligncenter size-full wp-image-6773\" src=\"https:\/\/www.cloverleaf.scot\/wp-content\/uploads\/2023\/05\/FourRoutesCompass.jpg\" alt=\"Das Crieff Cloverleaf - Vier KOSTENLOSE, ganzt\u00e4gige Motorradtouren, die sich auf Crieff, Perthshire konzentrieren.\" width=\"980\" height=\"513\" srcset=\"https:\/\/www.cloverleaf.scot\/wp-content\/uploads\/2023\/05\/FourRoutesCompass.jpg 980w, https:\/\/www.cloverleaf.scot\/wp-content\/uploads\/2023\/05\/FourRoutesCompass-300x157.jpg 300w, https:\/\/www.cloverleaf.scot\/wp-content\/uploads\/2023\/05\/FourRoutesCompass-768x402.jpg 768w, https:\/\/www.cloverleaf.scot\/wp-content\/uploads\/2023\/05\/FourRoutesCompass-600x314.jpg 600w\" sizes=\"auto, (max-width: 980px) 100vw, 980px\" \/><\/a>[\/vc_toggle][vc_toggle title=&#8220;Ist das Crieff Cloverleaf eine Art gef\u00fchrte Tour oder ein Paket?&#8220; style=&#8220;square&#8220; size=&#8220;lg&#8220; custom_font_container=&#8220;tag:h2|text_align:left|color:%23003365&#8243; custom_use_theme_fonts=&#8220;yes&#8220; use_custom_heading=&#8220;true&#8220;]<img loading=\"lazy\" decoding=\"async\" class=\"alignright size-full wp-image-135\" src=\"https:\/\/www.cloverleaf.scot\/wp-content\/uploads\/2020\/09\/HelmetOrangeSmall.png\" alt=\"\" width=\"100\" height=\"125\"><strong>Nein,<\/strong> es ist eine Reihe von Tourenrouten auf \u00f6ffentlichen Stra\u00dfen &#8211; genau wie die North Coast 500.<br \/>\nWir bieten eine <a href=\"https:\/\/www.cloverleaf.scot\/gmap\" target=\"_blank\" rel=\"noopener\">kostenlose Online-Karte<\/a> mit unseren Routen sowie <a href=\"https:\/\/www.cloverleaf.scot\/gpx-files-waypoints-free-download-satnav-and-map\/\">kostenlose Downloads von GPX-Dateien oder vorgeschlagenen Wegpunkten<\/a> f\u00fcr dein SatNav.[\/vc_toggle][vc_toggle title=&#8220;Wie lange dauert es, das Crieff Cloverleaf zu fahren?&#8220; style=&#8220;square&#8220; size=&#8220;lg&#8220; custom_font_container=&#8220;tag:h2|text_align:left|color:%23003365&#8243; custom_use_theme_fonts=&#8220;yes&#8220; use_custom_heading=&#8220;true&#8220;]<img loading=\"lazy\" decoding=\"async\" class=\"alignright size-full wp-image-134\" src=\"https:\/\/www.cloverleaf.scot\/wp-content\/uploads\/2020\/09\/HelmetYellowSmall.png\" alt=\"\" width=\"100\" height=\"125\">F\u00fcr jede der vier Crieff Cloverleaf-Routen ben\u00f6tigt ein durchschnittlicher Biker etwa <strong>sechs Stunden im Sattel<\/strong>, daher empfehlen wir dringend, sich f\u00fcr jede Route einen ganzen Tag Zeit zu nehmen.<br \/>\nJede Route ist in vier k\u00fcrzere Etappen unterteilt, so dass du morgens und nachmittags problemlos eine Erfrischungs-\/Komfortpause und eine Mittagspause einlegen kannst.<br \/>\nWir empfehlen dir, <strong>mindestens acht Stunden<\/strong> f\u00fcr jede Tagesetappe einzuplanen, Pausen inklusive.<br \/>\nVergiss nicht, dass sechs Stunden Fahrt auf einer Crieff Cloverleaf-Route etwas ganz anderes sind als sechs Stunden Fahrt auf der M6!<br \/>\nDie Routen sind aufregend, erfordern aber wegen der vielen tollen Kurven und einspurigen Abschnitte ein hohes Ma\u00df an anhaltender Konzentration.<br \/>\nSei nicht \u00fcberrascht, wenn du dich am Ende eines jeden Tages ein bisschen kaputt f\u00fchlst &#8211; das ist normal!<\/p>\n<p><a href=\"https:\/\/www.cloverleaf.scot\/wp-content\/uploads\/2020\/12\/ComingSoon.jpg\"><img loading=\"lazy\" decoding=\"async\" class=\"aligncenter size-large wp-image-1294\" src=\"https:\/\/www.cloverleaf.scot\/wp-content\/uploads\/2020\/12\/ComingSoon-1024x576.jpg\" alt=\"\" width=\"980\" height=\"551\" srcset=\"https:\/\/www.cloverleaf.scot\/wp-content\/uploads\/2020\/12\/ComingSoon-1024x576.jpg 1024w, https:\/\/www.cloverleaf.scot\/wp-content\/uploads\/2020\/12\/ComingSoon-300x169.jpg 300w, https:\/\/www.cloverleaf.scot\/wp-content\/uploads\/2020\/12\/ComingSoon-768x432.jpg 768w, https:\/\/www.cloverleaf.scot\/wp-content\/uploads\/2020\/12\/ComingSoon.jpg 1200w\" sizes=\"auto, (max-width: 980px) 100vw, 980px\" \/><\/a>[\/vc_toggle][vc_toggle title=&#8220;Wie viel Erfahrung brauche ich, um das Crieff Cloverleaf zu fahren?&#8220; style=&#8220;square&#8220; size=&#8220;lg&#8220; custom_font_container=&#8220;tag:h2|text_align:left|color:%23003365&#8243; custom_use_theme_fonts=&#8220;yes&#8220; use_custom_heading=&#8220;true&#8220;]<img loading=\"lazy\" decoding=\"async\" class=\"alignright size-full wp-image-133\" src=\"https:\/\/www.cloverleaf.scot\/wp-content\/uploads\/2020\/09\/HelmetGreenSmall.png\" alt=\"\" width=\"100\" height=\"125\">Um die Routen genie\u00dfen zu k\u00f6nnen, empfehlen wir dir, ein erfahrener Biker zu sein (d.h. mindestens in den letzten drei Jahren regelm\u00e4\u00dfig mit einem vollen Motorradf\u00fchrerschein gefahren zu sein).<br \/>\nIm Besonderen:<\/p>\n<ul>\n<li>Du musst in der Lage sein, sowohl auf schnelleren Landstra\u00dfen als auch auf kleineren Nebenstra\u00dfen sicher und souver\u00e4n Kurven zu fahren.<\/li>\n<li>Du musst dein Motorrad auf einspurigen Stra\u00dfen, auf denen es eng zugehen kann, sicher an entgegenkommenden Fahrzeugen vorbeifahren k\u00f6nnen.<\/li>\n<li>Du musst in der Lage sein, Anfahrten am Berg und steile und\/oder scharfe Kurven auf engen Stra\u00dfen zu bew\u00e4ltigen.<\/li>\n<li>Du musst entspannt sein, wenn du auf Landstra\u00dfen mit etwas Matsch, losem Schotter oder schlechtem Stra\u00dfenbelag f\u00e4hrst.<\/li>\n<li>Du musst fit auf dem Motorrad sein, denn es handelt sich um Ganztagestouren, die den ganzen Tag \u00fcber hohe Konzentration erfordern.<\/li>\n<\/ul>\n<p><strong>Wir weisen darauf hin, dass die Crieff Cloverleaf-Routen m\u00f6glicherweise nicht f\u00fcr ganz neue oder sehr nerv\u00f6se Biker geeignet sind.<\/strong><\/p>\n<p>Wenn du spezielle Fragen hast oder weitere Ratschl\u00e4ge brauchst, <a href=\"https:\/\/www.cloverleaf.scot\/de\/rede-mit-uns\/\">melde dich<\/a> bitte![\/vc_toggle][vc_toggle title=&#8220;Brauche ich ein bestimmtes Motorrad, um das Crieff Cloverleaf zu fahren?&#8220; style=&#8220;square&#8220; size=&#8220;lg&#8220; custom_font_container=&#8220;tag:h2|text_align:left|color:%23003365&#8243; custom_use_theme_fonts=&#8220;yes&#8220; use_custom_heading=&#8220;true&#8220;]<img loading=\"lazy\" decoding=\"async\" class=\"alignright size-full wp-image-133\" src=\"https:\/\/www.cloverleaf.scot\/wp-content\/uploads\/2021\/03\/HelmetPurpleSmall.png\" alt=\"\" width=\"100\" height=\"125\">Nein &#8211; wir hatten schon Besucher, die die Routen auf allen m\u00f6glichen Maschinen, von Harleys bis zu Husqvarnas, gefahren sind!<br \/>\nWir empfehlen dir einfach, mit einem Motorrad zu kommen, mit dem du den ganzen Tag \u00fcber <strong>bequem<\/strong> fahren kannst und auf dem <strong>du dich sicher f\u00fchlst<\/strong>, steile oder enge Stra\u00dfen mit engen Kurven zu bew\u00e4ltigen.[\/vc_toggle][vc_toggle title=&#8220;Beinhaltet das Crieff Cloverleaf auch unbefestigte Stra\u00dfen oder Gel\u00e4ndestrecken?&#8220; style=&#8220;square&#8220; size=&#8220;lg&#8220; custom_font_container=&#8220;tag:h2|text_align:left|color:%23003365&#8243; custom_use_theme_fonts=&#8220;yes&#8220; use_custom_heading=&#8220;true&#8220;]<img loading=\"lazy\" decoding=\"async\" class=\"alignright size-full wp-image-132\" src=\"https:\/\/www.cloverleaf.scot\/wp-content\/uploads\/2020\/09\/HelmetPinkSmall.png\" alt=\"\" width=\"100\" height=\"125\"><strong>Nein<\/strong>, das ist alles auf &#8222;richtigen&#8220; <strong>\u00f6ffentlichen Stra\u00dfen<\/strong>.<br \/>\nAuf den Nebenstra\u00dfen und einspurigen Abschnitten musst du jedoch mit schlechten Stra\u00dfenbel\u00e4gen, Schlagl\u00f6chern, Schotter, Splitt und Schlamm rechnen.<br \/>\nEin guter Satz Tourenreifen ist empfehlenswert (sie sind besser geeignet als reine Sportreifen), aber du brauchst keine gel\u00e4ndeg\u00e4ngigen Noppenreifen. <\/p>\n<p><a href=\"https:\/\/www.cloverleaf.scot\/wp-content\/uploads\/2020\/10\/tracer.jpg\"><img loading=\"lazy\" decoding=\"async\" class=\"aligncenter size-large wp-image-474\" src=\"https:\/\/www.cloverleaf.scot\/wp-content\/uploads\/2020\/10\/tracer-1024x683.jpg\" alt=\"Rotes Motorrad in Schottland\" width=\"980\" height=\"654\" srcset=\"https:\/\/www.cloverleaf.scot\/wp-content\/uploads\/2020\/10\/tracer-1024x683.jpg 1024w, https:\/\/www.cloverleaf.scot\/wp-content\/uploads\/2020\/10\/tracer-300x200.jpg 300w, https:\/\/www.cloverleaf.scot\/wp-content\/uploads\/2020\/10\/tracer-768x512.jpg 768w, https:\/\/www.cloverleaf.scot\/wp-content\/uploads\/2020\/10\/tracer-1536x1024.jpg 1536w, https:\/\/www.cloverleaf.scot\/wp-content\/uploads\/2020\/10\/tracer.jpg 1920w\" sizes=\"auto, (max-width: 980px) 100vw, 980px\" \/><\/a>[\/vc_toggle][vc_toggle title=&#8220;Ich will nicht den ganzen Tag fahren.<br \/>\nHast du auch k\u00fcrzere Routen?&#8220; style=&#8220;square&#8220; size=&#8220;lg&#8220; custom_font_container=&#8220;tag:h2|text_align:left|color:%23003365&#8243; custom_use_theme_fonts=&#8220;yes&#8220; use_custom_heading=&#8220;true&#8220;]<img loading=\"lazy\" decoding=\"async\" class=\"alignright size-full wp-image-132\" src=\"https:\/\/www.cloverleaf.scot\/wp-content\/uploads\/2020\/09\/HelmetOrangeSmall.png\" alt=\"\" width=\"100\" height=\"125\"><strong>Ja, das tun wir!<\/strong> Sieh dir unsere <a href=\"https:\/\/www.cloverleaf.scot\/de\/crieff-cloverleaf-kuerzere-routen-little-leaf\/\">Little Leaf k\u00fcrzeren Routen<\/a> an, die weniger als 120 Meilen \/ 4 Stunden Fahrzeit umfassen. Genau wie die Hauptrouten des Crieff Cloverleaf bieten sie eine fantastische Mischung aus Motorradfahren und einer wirklich atemberaubenden Landschaft &#8211; und sie beginnen und enden alle in Crieff.<\/p>\n<p><a href=\"https:\/\/www.cloverleaf.scot\/de\/crieff-cloverleaf-kuerzere-routen-little-leaf\/\"><img loading=\"lazy\" decoding=\"async\" class=\"aligncenter size-full wp-image-7652\" src=\"https:\/\/www.cloverleaf.scot\/wp-content\/uploads\/2023\/12\/CrieffCloverleaf_LittleLeafRoutes.jpg\" alt=\"Crieff Cloverleaf k\u00fcrzere Routen - Die Little Leaf - Sch\u00f6ne halbt\u00e4gige Motorradtourenrouten mit Start und Ziel in Crieff\" width=\"800\" height=\"533\" srcset=\"https:\/\/www.cloverleaf.scot\/wp-content\/uploads\/2023\/12\/CrieffCloverleaf_LittleLeafRoutes.jpg 800w, https:\/\/www.cloverleaf.scot\/wp-content\/uploads\/2023\/12\/CrieffCloverleaf_LittleLeafRoutes-300x200.jpg 300w, https:\/\/www.cloverleaf.scot\/wp-content\/uploads\/2023\/12\/CrieffCloverleaf_LittleLeafRoutes-768x512.jpg 768w, https:\/\/www.cloverleaf.scot\/wp-content\/uploads\/2023\/12\/CrieffCloverleaf_LittleLeafRoutes-600x400.jpg 600w\" sizes=\"auto, (max-width: 800px) 100vw, 800px\" \/><\/a>[\/vc_toggle][vc_toggle title=&#8220;Wie finde ich eine bikerfreundliche Unterkunft mit guten Parkm\u00f6glichkeiten in Crieff?&#8220; style=&#8220;square&#8220; size=&#8220;lg&#8220; custom_font_container=&#8220;tag:h2|text_align:left|color:%23003365&#8243; custom_use_theme_fonts=&#8220;yes&#8220; use_custom_heading=&#8220;true&#8220;]<img loading=\"lazy\" decoding=\"async\" class=\"alignright size-full wp-image-136\" src=\"https:\/\/www.cloverleaf.scot\/wp-content\/uploads\/2020\/09\/HelmetBlueSmall.png\" alt=\"\" width=\"100\" height=\"125\">Du kannst unseren kostenlosen <a href=\"https:\/\/www.cloverleaf.scot\/de\/roomlink\/\">RoomLink-Anfrageservice<\/a> nutzen, um uns deine W\u00fcnsche mitzuteilen. Wir lassen dir dann von einem unserer vertrauensw\u00fcrdigen Unterkunftspartner ein Angebot zukommen, und zwar zum gleichen Preis, wie wenn du dich direkt an ihn gewandt h\u00e4ttest. (Dies ist Teil unserer Vereinbarung mit unseren Gastgebern!)<\/p>\n<p>Wir arbeiten nur mit Betrieben zusammen, die gerne Biker beherbergen, die wissen, wie man sich um dich k\u00fcmmert, und die <strong>private Parkpl\u00e4tze abseits der Stra\u00dfe<\/strong> f\u00fcr deine Motorr\u00e4der bereitstellen k\u00f6nnen.<\/p>\n<p>Zu den Vorteilen f\u00fcr unsere RoomLink-Benutzer geh\u00f6ren ein Crieff Cloverleaf-Willkommenspaket mit kostenlosen Goodies und ein <strong>Rabatt von 20%<\/strong> auf alle Produkte in unserem <a href=\"https:\/\/www.cloverleaf.scot\/gear-shop\/\">Gear Shop<\/a>.<\/p>\n<p>Was springt f\u00fcr uns dabei heraus? Wir erhalten von unseren Gastgebern eine Provision f\u00fcr RoomLink-Buchungen, die uns hilft, die laufenden Kosten des Crieff Cloverleaf zu decken &#8211; mit RoomLink helfen wir also dir und du hilfst uns. <strong>Danke!<\/strong><\/p>\n<p><a href=\"https:\/\/www.cloverleaf.scot\/wp-content\/uploads\/2022\/05\/SmallRoomLinkMontage.jpg\"><img loading=\"lazy\" decoding=\"async\" class=\"aligncenter size-large wp-image-5574\" src=\"https:\/\/www.cloverleaf.scot\/wp-content\/uploads\/2022\/05\/SmallRoomLinkMontage-1024x683.jpg\" alt=\"Crieff Cloverleaf RoomLink\" width=\"980\" height=\"654\" srcset=\"https:\/\/www.cloverleaf.scot\/wp-content\/uploads\/2022\/05\/SmallRoomLinkMontage-1024x683.jpg 1024w, https:\/\/www.cloverleaf.scot\/wp-content\/uploads\/2022\/05\/SmallRoomLinkMontage-300x200.jpg 300w, https:\/\/www.cloverleaf.scot\/wp-content\/uploads\/2022\/05\/SmallRoomLinkMontage-768x512.jpg 768w, https:\/\/www.cloverleaf.scot\/wp-content\/uploads\/2022\/05\/SmallRoomLinkMontage-600x400.jpg 600w, https:\/\/www.cloverleaf.scot\/wp-content\/uploads\/2022\/05\/SmallRoomLinkMontage.jpg 1200w\" sizes=\"auto, (max-width: 980px) 100vw, 980px\" \/><\/a>[\/vc_toggle][vc_toggle title=&#8220;Wer hat das Crieff Cloverleaf erfunden?&#8220; style=&#8220;square&#8220; size=&#8220;lg&#8220; custom_font_container=&#8220;tag:h2|text_align:left|color:%23003365&#8243; custom_use_theme_fonts=&#8220;yes&#8220; css=&#8220;&#8220; use_custom_heading=&#8220;true&#8220;]<a href=\"https:\/\/www.cloverleaf.scot\/wp-content\/uploads\/2022\/05\/KonaMacphee_SteveGorman_SQ.jpg\"><img loading=\"lazy\" decoding=\"async\" class=\"alignright size-medium wp-image-5681\" src=\"https:\/\/www.cloverleaf.scot\/wp-content\/uploads\/2022\/05\/KonaMacphee_SteveGorman_SQ-300x300.jpg\" alt=\"Kona Macphee von Steve Gorman\" width=\"300\" height=\"300\" srcset=\"https:\/\/www.cloverleaf.scot\/wp-content\/uploads\/2022\/05\/KonaMacphee_SteveGorman_SQ-300x300.jpg 300w, https:\/\/www.cloverleaf.scot\/wp-content\/uploads\/2022\/05\/KonaMacphee_SteveGorman_SQ-150x150.jpg 150w, https:\/\/www.cloverleaf.scot\/wp-content\/uploads\/2022\/05\/KonaMacphee_SteveGorman_SQ-100x100.jpg 100w, https:\/\/www.cloverleaf.scot\/wp-content\/uploads\/2022\/05\/KonaMacphee_SteveGorman_SQ.jpg 600w\" sizes=\"auto, (max-width: 300px) 100vw, 300px\" \/><\/a>Das Crieff Cloverleaf wurde von Kona Andrews Macphee entwickelt, einer Crieff-basierten Herstellerin von Dingen und engagierten Motorradfahrerin, die von ihrem langj\u00e4hrigen Ehemann und Biker-Kollegen Patrick Andrews Macphee unterst\u00fctzt wird.<br \/>\nKona ist vom Motorradfahren besessen, seit sie 1989 in Sydney ihren ersten F\u00fchrerschein gemacht hat.<br \/>\nSie ist eine qualifizierte Motorradreiseleiterin und DVSA Enhanced Rider und hat eine formale Ausbildung in Bereichen wie fortgeschrittene Motorradtechnik, Off-Road-F\u00e4higkeiten und Strecken-\/Kurvenfahrtechnik sowie NVQs in Motorradwartung.<br \/>\nPatrick bestand seine Motorradpr\u00fcfung Ende der 1970er Jahre (auf einer 250LC), obwohl er vergessen hatte, den manuellen Choke zu schlie\u00dfen.<br \/>\nWenn er nicht gerade auf dem Motorrad hinter seiner begeisterungsf\u00e4higen Frau herjagt oder alte Audi TTs umbaut, ist Patrick ein Schriftsteller, unerm\u00fcdlicher Erfinder und pensionierter Maschinenbauingenieur.<\/p>\n<figure id=\"attachment_5683\" aria-describedby=\"caption-attachment-5683\" style=\"width: 1000px\" class=\"wp-caption aligncenter\"><a href=\"https:\/\/www.cloverleaf.scot\/wp-content\/uploads\/2022\/05\/KonaAndPatrickAdventures.jpg\"><img loading=\"lazy\" decoding=\"async\" class=\"size-full wp-image-5683\" src=\"https:\/\/www.cloverleaf.scot\/wp-content\/uploads\/2022\/05\/KonaAndPatrickAdventures.jpg\" alt=\"\" width=\"1000\" height=\"851\" srcset=\"https:\/\/www.cloverleaf.scot\/wp-content\/uploads\/2022\/05\/KonaAndPatrickAdventures.jpg 1000w, https:\/\/www.cloverleaf.scot\/wp-content\/uploads\/2022\/05\/KonaAndPatrickAdventures-300x255.jpg 300w, https:\/\/www.cloverleaf.scot\/wp-content\/uploads\/2022\/05\/KonaAndPatrickAdventures-768x654.jpg 768w, https:\/\/www.cloverleaf.scot\/wp-content\/uploads\/2022\/05\/KonaAndPatrickAdventures-600x511.jpg 600w\" sizes=\"auto, (max-width: 1000px) 100vw, 1000px\" \/><\/a><figcaption id=\"caption-attachment-5683\" class=\"wp-caption-text\">Kona und Patrick erleben ein Motorrad-Abenteuer!(Oder vielleicht einfach nur zum Abendessen angezogen).<\/figcaption><\/figure>\n[\/vc_toggle][\/vc_column][\/vc_row][vc_row][vc_column][vc_separator color=&#8220;custom&#8220; css=&#8220;.vc_custom_1653150383268{margin-bottom: 30px !important;}&#8220; accent_color=&#8220;#003365&#8243;][vc_column_text]Hast du noch Fragen? Melde dich <a href=\"https:\/\/www.cloverleaf.scot\/de\/rede-mit-uns\/\">bei<\/a> uns und wir werden versuchen, sie zu beantworten![\/vc_column_text][\/vc_column][\/vc_row]\n<\/div>","protected":false},"excerpt":{"rendered":"<p>Hast du Fragen zum Crieff Cloverleaf? Wir haben Antworten! Schau dir die Crieff Cloverleaf FAQ an, um mehr \u00fcber unsere Motorradtourenrouten in Schottland zu erfahren.  <\/p>\n","protected":false},"author":1,"featured_media":9103,"parent":0,"menu_order":0,"comment_status":"closed","ping_status":"closed","template":"","meta":{"footnotes":""},"class_list":["post-10785","page","type-page","status-publish","has-post-thumbnail","hentry","entry","has-media"],"_links":{"self":[{"href":"https:\/\/www.cloverleaf.scot\/de\/wp-json\/wp\/v2\/pages\/10785","targetHints":{"allow":["GET"]}}],"collection":[{"href":"https:\/\/www.cloverleaf.scot\/de\/wp-json\/wp\/v2\/pages"}],"about":[{"href":"https:\/\/www.cloverleaf.scot\/de\/wp-json\/wp\/v2\/types\/page"}],"author":[{"embeddable":true,"href":"https:\/\/www.cloverleaf.scot\/de\/wp-json\/wp\/v2\/users\/1"}],"replies":[{"embeddable":true,"href":"https:\/\/www.cloverleaf.scot\/de\/wp-json\/wp\/v2\/comments?post=10785"}],"version-history":[{"count":3,"href":"https:\/\/www.cloverleaf.scot\/de\/wp-json\/wp\/v2\/pages\/10785\/revisions"}],"predecessor-version":[{"id":13774,"href":"https:\/\/www.cloverleaf.scot\/de\/wp-json\/wp\/v2\/pages\/10785\/revisions\/13774"}],"wp:featuredmedia":[{"embeddable":true,"href":"https:\/\/www.cloverleaf.scot\/de\/wp-json\/wp\/v2\/media\/9103"}],"wp:attachment":[{"href":"https:\/\/www.cloverleaf.scot\/de\/wp-json\/wp\/v2\/media?parent=10785"}],"curies":[{"name":"wp","href":"https:\/\/api.w.org\/{rel}","templated":true}]}}