{"id":10792,"date":"2021-02-20T10:05:36","date_gmt":"2021-02-20T10:05:36","guid":{"rendered":"https:\/\/www.cloverleaf.scot\/rede-mit-uns\/"},"modified":"2025-12-27T11:07:39","modified_gmt":"2025-12-27T11:07:39","slug":"rede-mit-uns","status":"publish","type":"page","link":"https:\/\/www.cloverleaf.scot\/de\/rede-mit-uns\/","title":{"rendered":"Sprich mit uns"},"content":{"rendered":"<div class=\"wpb-content-wrapper\">[vc_row][vc_column width=&#8220;2\/3&#8243; css=&#8220;.vc_custom_1613500211420{margin-bottom: 10px !important;}&#8220;][vc_column_text css=&#8220;.vc_custom_1613661779472{margin-bottom: 20px !important;}&#8220;]\n<div><strong>Noch Fragen?<br \/>\nVorschl\u00e4ge?<br \/>\nWirklich gute Witze?  <\/strong><br \/>\nTeile sie mit uns, indem du das Formular unten ausf\u00fcllst.<\/div>\n[\/vc_column_text][vc_separator color=&#8220;custom&#8220; css=&#8220;.vc_custom_1613661822720{margin-bottom: 10px !important;}&#8220; accent_color=&#8220;#003365&#8243;]<noscript class=\"ninja-forms-noscript-message\">\n\tHinweis: F\u00fcr diesen Inhalt ist JavaScript erforderlich.<\/noscript>\n<div id=\"nf-form-1-cont\" class=\"nf-form-cont\" aria-live=\"polite\" aria-labelledby=\"nf-form-title-1\" aria-describedby=\"nf-form-errors-1\" role=\"form\">\n\n    <div class=\"nf-loading-spinner\"><\/div>\n\n<\/div>\n        <!-- That data is being printed as a workaround to page builders reordering the order of the scripts loaded-->\n        <script>var formDisplay=1;var nfForms=nfForms||[];var form=[];form.id='1';form.settings={\"objectType\":\"Form Setting\",\"editActive\":true,\"title\":\"Sprich mit uns\",\"key\":\"\",\"created_at\":\"2020-12-05 15:31:58\",\"default_label_pos\":\"above\",\"conditions\":[],\"show_title\":0,\"clear_complete\":\"1\",\"hide_complete\":\"1\",\"wrapper_class\":\"\",\"element_class\":\"\",\"add_submit\":\"1\",\"logged_in\":\"\",\"not_logged_in_msg\":\"\",\"sub_limit_number\":\"\",\"sub_limit_msg\":\"\",\"calculations\":[],\"formContentData\":[\"name\",\"email\",\"message\",\"submit\",\"html_1613500027196\"],\"container_styles_background-color\":\"\",\"container_styles_border\":\"\",\"container_styles_border-style\":\"\",\"container_styles_border-color\":\"\",\"container_styles_color\":\"\",\"container_styles_height\":\"\",\"container_styles_width\":\"\",\"container_styles_font-size\":\"\",\"container_styles_margin\":\"\",\"container_styles_padding\":\"\",\"container_styles_display\":\"\",\"container_styles_float\":\"\",\"container_styles_show_advanced_css\":\"0\",\"container_styles_advanced\":\"\",\"title_styles_background-color\":\"\",\"title_styles_border\":\"\",\"title_styles_border-style\":\"\",\"title_styles_border-color\":\"\",\"title_styles_color\":\"\",\"title_styles_height\":\"\",\"title_styles_width\":\"\",\"title_styles_font-size\":\"\",\"title_styles_margin\":\"\",\"title_styles_padding\":\"\",\"title_styles_display\":\"\",\"title_styles_float\":\"\",\"title_styles_show_advanced_css\":\"0\",\"title_styles_advanced\":\"\",\"row_styles_background-color\":\"\",\"row_styles_border\":\"\",\"row_styles_border-style\":\"\",\"row_styles_border-color\":\"\",\"row_styles_color\":\"\",\"row_styles_height\":\"\",\"row_styles_width\":\"\",\"row_styles_font-size\":\"\",\"row_styles_margin\":\"\",\"row_styles_padding\":\"\",\"row_styles_display\":\"\",\"row_styles_show_advanced_css\":\"0\",\"row_styles_advanced\":\"\",\"row-odd_styles_background-color\":\"\",\"row-odd_styles_border\":\"\",\"row-odd_styles_border-style\":\"\",\"row-odd_styles_border-color\":\"\",\"row-odd_styles_color\":\"\",\"row-odd_styles_height\":\"\",\"row-odd_styles_width\":\"\",\"row-odd_styles_font-size\":\"\",\"row-odd_styles_margin\":\"\",\"row-odd_styles_padding\":\"\",\"row-odd_styles_display\":\"\",\"row-odd_styles_show_advanced_css\":\"0\",\"row-odd_styles_advanced\":\"\",\"success-msg_styles_background-color\":\"\",\"success-msg_styles_border\":\"\",\"success-msg_styles_border-style\":\"\",\"success-msg_styles_border-color\":\"\",\"success-msg_styles_color\":\"\",\"success-msg_styles_height\":\"\",\"success-msg_styles_width\":\"\",\"success-msg_styles_font-size\":\"\",\"success-msg_styles_margin\":\"\",\"success-msg_styles_padding\":\"\",\"success-msg_styles_display\":\"\",\"success-msg_styles_show_advanced_css\":\"0\",\"success-msg_styles_advanced\":\"\",\"error_msg_styles_background-color\":\"\",\"error_msg_styles_border\":\"\",\"error_msg_styles_border-style\":\"\",\"error_msg_styles_border-color\":\"\",\"error_msg_styles_color\":\"\",\"error_msg_styles_height\":\"\",\"error_msg_styles_width\":\"\",\"error_msg_styles_font-size\":\"\",\"error_msg_styles_margin\":\"\",\"error_msg_styles_padding\":\"\",\"error_msg_styles_display\":\"\",\"error_msg_styles_show_advanced_css\":\"0\",\"error_msg_styles_advanced\":\"\",\"allow_public_link\":0,\"embed_form\":\"\",\"changeEmailErrorMsg\":\"Bitte gib eine g\\u00fcltige E-Mail-Adresse ein.\",\"changeDateErrorMsg\":\"Bitte gib ein g\\u00fcltiges Datum ein!\",\"confirmFieldErrorMsg\":\"Diese Felder m\\u00fcssen \\u00fcbereinstimmen!\",\"fieldNumberNumMinError\":\"Die eingegebene Zahl ist zu klein.\",\"fieldNumberNumMaxError\":\"Die eingegebene Zahl ist zu gross.\",\"fieldNumberIncrementBy\":\"Bitte erh\\u00f6hen in Schritten von\",\"formErrorsCorrectErrors\":\"Bitte korrigiere die Fehler, bevor du das Formular sendest.\",\"validateRequiredField\":\"Dies ist ein Pflichtfeld.\",\"honeypotHoneypotError\":\"Honeypot-Fehler\",\"fieldsMarkedRequired\":\"Felder mit einem <span class=\\\"ninja-forms-req-symbol\\\">*<\\\/span> sind Pflichtfelder\",\"currency\":\"\",\"unique_field_error\":\"Ein Formular mit diesem Wert wurde bereits eingereicht.\",\"drawerDisabled\":false,\"repeatable_fieldsets\":\"\",\"ninjaForms\":\"Ninja Forms\",\"fieldTextareaRTEInsertLink\":\"Link einf\\u00fcgen\",\"fieldTextareaRTEInsertMedia\":\"Medien einf\\u00fcgen\",\"fieldTextareaRTESelectAFile\":\"Eine Datei ausw\\u00e4hlen\",\"formHoneypot\":\"Falls du ein Mensch bist und dieses Feld siehst, dann lasse es bitte leer.\",\"fileUploadOldCodeFileUploadInProgress\":\"Datei-Upload l\\u00e4uft.\",\"fileUploadOldCodeFileUpload\":\"DATEI-UPLOAD\",\"currencySymbol\":\"&pound;\",\"thousands_sep\":\".\",\"decimal_point\":\",\",\"siteLocale\":\"de_DE\",\"dateFormat\":\"d\\\/m\\\/Y\",\"startOfWeek\":\"1\",\"of\":\"von\",\"previousMonth\":\"Vorheriger Monat\",\"nextMonth\":\"N\\u00e4chster Monat\",\"months\":[\"Januar\",\"Februar\",\"M\\u00e4rz\",\"April\",\"Mai\",\"Juni\",\"Juli\",\"August\",\"September\",\"Oktober\",\"November\",\"Dezember\"],\"monthsShort\":[\"Jan.\",\"Feb.\",\"M\\u00e4rz\",\"Apr.\",\"Mai\",\"Juni\",\"Juli\",\"Aug\",\"Sep.\",\"Okt.\",\"Nov.\",\"Dez.\"],\"weekdays\":[\"Sonntag\",\"Montag\",\"Dienstag\",\"Mittwoch\",\"Donnerstag\",\"Freitag\",\"Samstag\"],\"weekdaysShort\":[\"So.\",\"Mo.\",\"Di.\",\"Mi.\",\"Do.\",\"Fr.\",\"Sa.\"],\"weekdaysMin\":[\"So.\",\"Mo.\",\"Di.\",\"Mi.\",\"Do.\",\"Fr.\",\"Sa.\"],\"recaptchaConsentMissing\":\"reCaptcha validation couldn&#039;t load.\",\"recaptchaMissingCookie\":\"reCaptcha v3 validation couldn&#039;t load the cookie needed to submit the form.\",\"recaptchaConsentEvent\":\"Accept reCaptcha cookies before sending the form.\",\"currency_symbol\":\"\",\"beforeForm\":\"\",\"beforeFields\":\"\",\"afterFields\":\"\",\"afterForm\":\"\"};form.fields=[{\"objectType\":\"Field\",\"objectDomain\":\"fields\",\"editActive\":false,\"order\":1,\"idAttribute\":\"id\",\"label\":\"Name\",\"key\":\"name\",\"type\":\"textbox\",\"created_at\":\"2020-12-05 15:31:58\",\"label_pos\":\"above\",\"required\":1,\"placeholder\":\"\",\"default\":\"\",\"wrapper_class\":\"\",\"element_class\":\"\",\"container_class\":\"\",\"input_limit\":\"\",\"input_limit_type\":\"characters\",\"input_limit_msg\":\"Charakter(e) links\",\"manual_key\":\"\",\"disable_input\":\"\",\"admin_label\":\"\",\"help_text\":\"\",\"desc_text\":\"\",\"disable_browser_autocomplete\":\"\",\"mask\":\"\",\"custom_mask\":\"\",\"wrap_styles_background-color\":\"\",\"wrap_styles_border\":\"\",\"wrap_styles_border-style\":\"\",\"wrap_styles_border-color\":\"\",\"wrap_styles_color\":\"\",\"wrap_styles_height\":\"\",\"wrap_styles_width\":\"\",\"wrap_styles_font-size\":\"\",\"wrap_styles_margin\":\"\",\"wrap_styles_padding\":\"\",\"wrap_styles_display\":\"\",\"wrap_styles_float\":\"\",\"wrap_styles_show_advanced_css\":0,\"wrap_styles_advanced\":\"\",\"label_styles_background-color\":\"\",\"label_styles_border\":\"\",\"label_styles_border-style\":\"\",\"label_styles_border-color\":\"\",\"label_styles_color\":\"\",\"label_styles_height\":\"\",\"label_styles_width\":\"\",\"label_styles_font-size\":\"\",\"label_styles_margin\":\"\",\"label_styles_padding\":\"\",\"label_styles_display\":\"\",\"label_styles_float\":\"\",\"label_styles_show_advanced_css\":0,\"label_styles_advanced\":\"\",\"element_styles_background-color\":\"\",\"element_styles_border\":\"\",\"element_styles_border-style\":\"\",\"element_styles_border-color\":\"\",\"element_styles_color\":\"\",\"element_styles_height\":\"\",\"element_styles_width\":\"\",\"element_styles_font-size\":\"\",\"element_styles_margin\":\"\",\"element_styles_padding\":\"\",\"element_styles_display\":\"\",\"element_styles_float\":\"\",\"element_styles_show_advanced_css\":0,\"element_styles_advanced\":\"\",\"cellcid\":\"c3277\",\"custom_name_attribute\":\"\",\"personally_identifiable\":\"\",\"value\":\"\",\"id\":1,\"beforeField\":\"\",\"afterField\":\"\",\"parentType\":\"textbox\",\"element_templates\":[\"textbox\",\"input\"],\"old_classname\":\"\",\"wrap_template\":\"wrap\"},{\"objectType\":\"Field\",\"objectDomain\":\"fields\",\"editActive\":false,\"order\":2,\"idAttribute\":\"id\",\"label\":\"E-Mail\",\"key\":\"email\",\"type\":\"email\",\"created_at\":\"2020-12-05 15:31:58\",\"label_pos\":\"above\",\"required\":1,\"placeholder\":\"\",\"default\":\"\",\"wrapper_class\":\"\",\"element_class\":\"\",\"container_class\":\"\",\"admin_label\":\"\",\"help_text\":\"\",\"desc_text\":\"\",\"wrap_styles_background-color\":\"\",\"wrap_styles_border\":\"\",\"wrap_styles_border-style\":\"\",\"wrap_styles_border-color\":\"\",\"wrap_styles_color\":\"\",\"wrap_styles_height\":\"\",\"wrap_styles_width\":\"\",\"wrap_styles_font-size\":\"\",\"wrap_styles_margin\":\"\",\"wrap_styles_padding\":\"\",\"wrap_styles_display\":\"\",\"wrap_styles_float\":\"\",\"wrap_styles_show_advanced_css\":0,\"wrap_styles_advanced\":\"\",\"label_styles_background-color\":\"\",\"label_styles_border\":\"\",\"label_styles_border-style\":\"\",\"label_styles_border-color\":\"\",\"label_styles_color\":\"\",\"label_styles_height\":\"\",\"label_styles_width\":\"\",\"label_styles_font-size\":\"\",\"label_styles_margin\":\"\",\"label_styles_padding\":\"\",\"label_styles_display\":\"\",\"label_styles_float\":\"\",\"label_styles_show_advanced_css\":0,\"label_styles_advanced\":\"\",\"element_styles_background-color\":\"\",\"element_styles_border\":\"\",\"element_styles_border-style\":\"\",\"element_styles_border-color\":\"\",\"element_styles_color\":\"\",\"element_styles_height\":\"\",\"element_styles_width\":\"\",\"element_styles_font-size\":\"\",\"element_styles_margin\":\"\",\"element_styles_padding\":\"\",\"element_styles_display\":\"\",\"element_styles_float\":\"\",\"element_styles_show_advanced_css\":0,\"element_styles_advanced\":\"\",\"cellcid\":\"c3281\",\"custom_name_attribute\":\"email\",\"personally_identifiable\":1,\"value\":\"\",\"id\":2,\"beforeField\":\"\",\"afterField\":\"\",\"parentType\":\"email\",\"element_templates\":[\"email\",\"input\"],\"old_classname\":\"\",\"wrap_template\":\"wrap\"},{\"objectType\":\"Field\",\"objectDomain\":\"fields\",\"editActive\":false,\"order\":3,\"idAttribute\":\"id\",\"label\":\"Nachricht\",\"key\":\"message\",\"type\":\"textarea\",\"created_at\":\"2020-12-05 15:31:59\",\"label_pos\":\"above\",\"required\":1,\"placeholder\":\"\",\"default\":\"\",\"wrapper_class\":\"\",\"element_class\":\"\",\"container_class\":\"\",\"input_limit\":\"\",\"input_limit_type\":\"characters\",\"input_limit_msg\":\"Charakter(e) links\",\"manual_key\":\"\",\"disable_input\":\"\",\"admin_label\":\"\",\"help_text\":\"\",\"desc_text\":\"\",\"disable_browser_autocomplete\":\"\",\"textarea_rte\":\"\",\"disable_rte_mobile\":\"\",\"textarea_media\":\"\",\"wrap_styles_background-color\":\"\",\"wrap_styles_border\":\"\",\"wrap_styles_border-style\":\"\",\"wrap_styles_border-color\":\"\",\"wrap_styles_color\":\"\",\"wrap_styles_height\":\"\",\"wrap_styles_width\":\"\",\"wrap_styles_font-size\":\"\",\"wrap_styles_margin\":\"\",\"wrap_styles_padding\":\"\",\"wrap_styles_display\":\"\",\"wrap_styles_float\":\"\",\"wrap_styles_show_advanced_css\":0,\"wrap_styles_advanced\":\"\",\"label_styles_background-color\":\"\",\"label_styles_border\":\"\",\"label_styles_border-style\":\"\",\"label_styles_border-color\":\"\",\"label_styles_color\":\"\",\"label_styles_height\":\"\",\"label_styles_width\":\"\",\"label_styles_font-size\":\"\",\"label_styles_margin\":\"\",\"label_styles_padding\":\"\",\"label_styles_display\":\"\",\"label_styles_float\":\"\",\"label_styles_show_advanced_css\":0,\"label_styles_advanced\":\"\",\"element_styles_background-color\":\"\",\"element_styles_border\":\"\",\"element_styles_border-style\":\"\",\"element_styles_border-color\":\"\",\"element_styles_color\":\"\",\"element_styles_height\":\"\",\"element_styles_width\":\"\",\"element_styles_font-size\":\"\",\"element_styles_margin\":\"\",\"element_styles_padding\":\"\",\"element_styles_display\":\"\",\"element_styles_float\":\"\",\"element_styles_show_advanced_css\":0,\"element_styles_advanced\":\"\",\"cellcid\":\"c3284\",\"value\":\"\",\"id\":3,\"beforeField\":\"\",\"afterField\":\"\",\"parentType\":\"textarea\",\"element_templates\":[\"textarea\",\"input\"],\"old_classname\":\"\",\"wrap_template\":\"wrap\"},{\"objectType\":\"Field\",\"objectDomain\":\"fields\",\"editActive\":false,\"order\":5,\"idAttribute\":\"id\",\"label\":\"einreichen\",\"key\":\"submit\",\"type\":\"submit\",\"created_at\":\"2020-12-05 15:31:59\",\"processing_label\":\"Verarbeitung\",\"container_class\":\"\",\"element_class\":\"\",\"wrap_styles_background-color\":\"\",\"wrap_styles_border\":\"\",\"wrap_styles_border-style\":\"\",\"wrap_styles_border-color\":\"\",\"wrap_styles_color\":\"\",\"wrap_styles_height\":\"\",\"wrap_styles_width\":\"\",\"wrap_styles_font-size\":\"\",\"wrap_styles_margin\":\"\",\"wrap_styles_padding\":\"\",\"wrap_styles_display\":\"\",\"wrap_styles_float\":\"\",\"wrap_styles_show_advanced_css\":0,\"wrap_styles_advanced\":\"\",\"label_styles_background-color\":\"\",\"label_styles_border\":\"\",\"label_styles_border-style\":\"\",\"label_styles_border-color\":\"\",\"label_styles_color\":\"\",\"label_styles_height\":\"\",\"label_styles_width\":\"\",\"label_styles_font-size\":\"\",\"label_styles_margin\":\"\",\"label_styles_padding\":\"\",\"label_styles_display\":\"\",\"label_styles_float\":\"\",\"label_styles_show_advanced_css\":0,\"label_styles_advanced\":\"\",\"element_styles_background-color\":\"\",\"element_styles_border\":\"\",\"element_styles_border-style\":\"\",\"element_styles_border-color\":\"\",\"element_styles_color\":\"\",\"element_styles_height\":\"\",\"element_styles_width\":\"\",\"element_styles_font-size\":\"\",\"element_styles_margin\":\"\",\"element_styles_padding\":\"\",\"element_styles_display\":\"\",\"element_styles_float\":\"\",\"element_styles_show_advanced_css\":0,\"element_styles_advanced\":\"\",\"submit_element_hover_styles_background-color\":\"\",\"submit_element_hover_styles_border\":\"\",\"submit_element_hover_styles_border-style\":\"\",\"submit_element_hover_styles_border-color\":\"\",\"submit_element_hover_styles_color\":\"\",\"submit_element_hover_styles_height\":\"\",\"submit_element_hover_styles_width\":\"\",\"submit_element_hover_styles_font-size\":\"\",\"submit_element_hover_styles_margin\":\"\",\"submit_element_hover_styles_padding\":\"\",\"submit_element_hover_styles_display\":\"\",\"submit_element_hover_styles_float\":\"\",\"submit_element_hover_styles_show_advanced_css\":0,\"submit_element_hover_styles_advanced\":\"\",\"cellcid\":\"c3287\",\"id\":4,\"beforeField\":\"\",\"afterField\":\"\",\"value\":\"\",\"label_pos\":\"above\",\"parentType\":\"textbox\",\"element_templates\":[\"submit\",\"button\",\"input\"],\"old_classname\":\"\",\"wrap_template\":\"wrap-no-label\"},{\"objectType\":\"Field\",\"objectDomain\":\"fields\",\"editActive\":false,\"order\":999,\"idAttribute\":\"id\",\"type\":\"html\",\"label\":\"HTML\",\"default\":\"<p><span id=\\\"nf-drawer-content\\\"><span class=\\\"nf-setting-groups\\\"><span class=\\\"nf-field-settings\\\"><span id=\\\"nf-drawer-content\\\"><span class=\\\"nf-setting-groups\\\"><span class=\\\"nf-field-settings\\\"><span id=\\\"nf-drawer-content\\\">\\n  <span class=\\\"nf-setting-groups\\\">\\n    <span class=\\\"nf-field-settings\\\">\\n      <span class=\\\"nf-field-sub-settings\\\">Indem du\\n dieses Formular abschickst, erkl\\u00e4rst du dich damit einverstanden, dass wir deine Daten verwenden, um dir per E-Mail zu antworten.&nbsp; Bitte beachte unsere <\\\/span>\\n    <\\\/span>\\n  <\\\/span>\\n<\\\/span><a href=\\\"https:\\\/\\\/www.cloverleaf.scot\\\/terms-and-conditions\\\/privacy-policy\\\/\\\" target=\\\"_blank\\\">Datenschutzrichtlinie<\\\/a><span id=\\\"nf-drawer-content\\\">\\n  <span class=\\\"nf-setting-groups\\\">\\n    <span class=\\\"nf-field-settings\\\">\\n      <span class=\\\"nf-field-sub-settings\\\"> f\\u00fcr weitere Informationen.<\\\/span>\\n    <\\\/span>\\n  <\\\/span>\\n<\\\/span><\\\/span><\\\/span><\\\/span><\\\/span><\\\/span><\\\/span><br><\\\/p>\",\"container_class\":\"fliz-chimp-tcs\",\"element_class\":\"\",\"key\":\"html_1613500027196\",\"drawerDisabled\":false,\"id\":26,\"beforeField\":\"\",\"afterField\":\"\",\"value\":\"<p><span id=\\\"nf-drawer-content\\\"><span class=\\\"nf-setting-groups\\\"><span class=\\\"nf-field-settings\\\"><span id=\\\"nf-drawer-content\\\"><span class=\\\"nf-setting-groups\\\"><span class=\\\"nf-field-settings\\\"><span id=\\\"nf-drawer-content\\\">\\n  <span class=\\\"nf-setting-groups\\\">\\n    <span class=\\\"nf-field-settings\\\">\\n      <span class=\\\"nf-field-sub-settings\\\">Indem du\\n dieses Formular abschickst, erkl\\u00e4rst du dich damit einverstanden, dass wir deine Daten verwenden, um dir per E-Mail zu antworten.&nbsp; Bitte beachte unsere <\\\/span>\\n    <\\\/span>\\n  <\\\/span>\\n<\\\/span><a href=\\\"https:\\\/\\\/www.cloverleaf.scot\\\/terms-and-conditions\\\/privacy-policy\\\/\\\" target=\\\"_blank\\\">Datenschutzrichtlinie<\\\/a><span id=\\\"nf-drawer-content\\\">\\n  <span class=\\\"nf-setting-groups\\\">\\n    <span class=\\\"nf-field-settings\\\">\\n      <span class=\\\"nf-field-sub-settings\\\"> f\\u00fcr weitere Informationen.<\\\/span>\\n    <\\\/span>\\n  <\\\/span>\\n<\\\/span><\\\/span><\\\/span><\\\/span><\\\/span><\\\/span><\\\/span><br><\\\/p>\",\"label_pos\":\"above\",\"parentType\":\"html\",\"element_templates\":[\"html\",\"input\"],\"old_classname\":\"\",\"wrap_template\":\"wrap\"}];nfForms.push(form);<\/script>\n        [vc_separator color=&#8220;custom&#8220; accent_color=&#8220;#003365&#8243;][vc_column_text css=&#8220;.vc_custom_1613662109849{margin-top: 20px !important;}&#8220;]\n<div><strong>Du hasst Online-Formulare total? <\/strong><br \/>\nWenn du magst, kannst du uns stattdessen eine E-Mail an <a href=\"mailto:hiya@cloverleaf.scot\">hiya@cloverleaf.scot<\/a> schicken.<\/div>\n[\/vc_column_text][\/vc_column][vc_column width=&#8220;1\/3&#8243; css=&#8220;.vc_custom_1732371402029{padding-top: 0px !important;padding-bottom: 15px !important;background-color: #F2F8FF !important;}&#8220;][vc_column_text css=&#8220;&#8220; el_class=&#8220;fliz-pseudoside&#8220;]\n<h4>Sortiere deinen Aufenthalt mit RoomLink<\/h4>\n<p><a href=\"https:\/\/www.cloverleaf.scot\/de\/roomlink\/\"><img loading=\"lazy\" decoding=\"async\" class=\"aligncenter size-full wp-image-7095\" src=\"https:\/\/www.cloverleaf.scot\/wp-content\/uploads\/2023\/07\/RoomLinkMan692.jpg\" alt=\"Crieff Cloverleaf RoomLink macht dir die Reise leicht!\" width=\"692\" height=\"461\" srcset=\"https:\/\/www.cloverleaf.scot\/wp-content\/uploads\/2023\/07\/RoomLinkMan692.jpg 692w, https:\/\/www.cloverleaf.scot\/wp-content\/uploads\/2023\/07\/RoomLinkMan692-300x200.jpg 300w, https:\/\/www.cloverleaf.scot\/wp-content\/uploads\/2023\/07\/RoomLinkMan692-600x400.jpg 600w\" sizes=\"auto, (max-width: 692px) 100vw, 692px\" \/><\/a><\/p>\n<p>Unser <a href=\"https:\/\/www.cloverleaf.scot\/de\/roomlink\/\">RoomLink-Service<\/a> hilft dir, bikerfreundliche Unterk\u00fcnfte in und um Crieff zu finden.<\/p>\n<h4>R\u00fcste dich im Gear Shop aus<\/h4>\n<p><a href=\"https:\/\/www.cloverleaf.scot\/gear-shop\/\"><img loading=\"lazy\" decoding=\"async\" class=\"aligncenter size-large wp-image-10914\" src=\"https:\/\/www.cloverleaf.scot\/wp-content\/uploads\/2024\/03\/GearShopMontage_2024-1024x576.jpg\" alt=\"Crieff Cloverleaf Gear Shop - genie\u00dfe unsere tolle Ausr\u00fcstung wie Nackenschl\u00e4uche, T-Shirts, Aufn\u00e4her, Aufkleber und Schl\u00fcsselanh\u00e4nger.\" width=\"980\" height=\"551\" srcset=\"https:\/\/www.cloverleaf.scot\/wp-content\/uploads\/2024\/03\/GearShopMontage_2024-1024x576.jpg 1024w, https:\/\/www.cloverleaf.scot\/wp-content\/uploads\/2024\/03\/GearShopMontage_2024-300x169.jpg 300w, https:\/\/www.cloverleaf.scot\/wp-content\/uploads\/2024\/03\/GearShopMontage_2024-768x432.jpg 768w, https:\/\/www.cloverleaf.scot\/wp-content\/uploads\/2024\/03\/GearShopMontage_2024-600x338.jpg 600w, https:\/\/www.cloverleaf.scot\/wp-content\/uploads\/2024\/03\/GearShopMontage_2024.jpg 1200w\" sizes=\"auto, (max-width: 980px) 100vw, 980px\" \/><\/a><\/p>\n<p>In unserem Gear Shop findest du hochwertige und n\u00fctzliche Artikel in einer Reihe von auff\u00e4lligen Crieff Cloverleaf-Designs.<\/p>\n<h4>Was Biker sagen<\/h4>\n<p><a href=\"https:\/\/www.cloverleaf.scot\/de\/what-bikers-are-saying\/\"><img loading=\"lazy\" decoding=\"async\" class=\"size-full wp-image-3875\" src=\"https:\/\/www.cloverleaf.scot\/wp-content\/uploads\/2021\/07\/PhilipAndDeirdre.jpg\" alt=\"Philip und Deirdre\" width=\"956\" height=\"728\" srcset=\"https:\/\/www.cloverleaf.scot\/wp-content\/uploads\/2021\/07\/PhilipAndDeirdre.jpg 956w, https:\/\/www.cloverleaf.scot\/wp-content\/uploads\/2021\/07\/PhilipAndDeirdre-300x228.jpg 300w, https:\/\/www.cloverleaf.scot\/wp-content\/uploads\/2021\/07\/PhilipAndDeirdre-768x585.jpg 768w, https:\/\/www.cloverleaf.scot\/wp-content\/uploads\/2021\/07\/PhilipAndDeirdre-600x457.jpg 600w, https:\/\/www.cloverleaf.scot\/wp-content\/uploads\/2021\/07\/PhilipAndDeirdre-700x533.jpg 700w\" sizes=\"auto, (max-width: 956px) 100vw, 956px\" \/><\/a><\/p>\n<p>Willst du wissen, was andere Biker \u00fcber das Crieff Cloverleaf denken? Schau dir unsere <a href=\"https:\/\/www.cloverleaf.scot\/de\/what-bikers-are-saying\/video-reviews\/\">Videobewertungen<\/a> und das <a href=\"https:\/\/www.cloverleaf.scot\/de\/what-bikers-are-saying\/\">Feedback der Biker<\/a> an![\/vc_column_text][\/vc_column][\/vc_row]\n<\/div>","protected":false},"excerpt":{"rendered":"<p>[vc_row][vc_column width=&#8220;2\/3&#8243; css=&#8220;.vc_custom_1613500211420{margin-bottom: 10px !important;}&#8220;][vc_column_text css=&#8220;.vc_custom_1613661779472{margin-bottom: 20px !important;}&#8220;] Noch Fragen? Vorschl\u00e4ge? Wirklich gute Witze? Teile sie mit uns, indem du das Formular unten ausf\u00fcllst. [\/vc_column_text][vc_separator color=&#8220;custom&#8220; css=&#8220;.vc_custom_1613661822720{margin-bottom: 10px !important;}&#8220; accent_color=&#8220;#003365&#8243;][vc_separator color=&#8220;custom&#8220; accent_color=&#8220;#003365&#8243;][vc_column_text css=&#8220;.vc_custom_1613662109849{margin-top: 20px !important;}&#8220;] Du hasst Online-Formulare total? Wenn du magst, kannst du uns stattdessen eine E-Mail an hiya@cloverleaf.scot schicken. [\/vc_column_text][\/vc_column][vc_column width=&#8220;1\/3&#8243; css=&#8220;.vc_custom_1732371402029{padding-top: 0px&hellip;<\/p>\n","protected":false},"author":1,"featured_media":0,"parent":0,"menu_order":0,"comment_status":"closed","ping_status":"closed","template":"","meta":{"footnotes":""},"class_list":["post-10792","page","type-page","status-publish","hentry","entry","no-media"],"_links":{"self":[{"href":"https:\/\/www.cloverleaf.scot\/de\/wp-json\/wp\/v2\/pages\/10792","targetHints":{"allow":["GET"]}}],"collection":[{"href":"https:\/\/www.cloverleaf.scot\/de\/wp-json\/wp\/v2\/pages"}],"about":[{"href":"https:\/\/www.cloverleaf.scot\/de\/wp-json\/wp\/v2\/types\/page"}],"author":[{"embeddable":true,"href":"https:\/\/www.cloverleaf.scot\/de\/wp-json\/wp\/v2\/users\/1"}],"replies":[{"embeddable":true,"href":"https:\/\/www.cloverleaf.scot\/de\/wp-json\/wp\/v2\/comments?post=10792"}],"version-history":[{"count":3,"href":"https:\/\/www.cloverleaf.scot\/de\/wp-json\/wp\/v2\/pages\/10792\/revisions"}],"predecessor-version":[{"id":13747,"href":"https:\/\/www.cloverleaf.scot\/de\/wp-json\/wp\/v2\/pages\/10792\/revisions\/13747"}],"wp:attachment":[{"href":"https:\/\/www.cloverleaf.scot\/de\/wp-json\/wp\/v2\/media?parent=10792"}],"curies":[{"name":"wp","href":"https:\/\/api.w.org\/{rel}","templated":true}]}}