{"id":13936,"date":"2026-04-21T09:51:04","date_gmt":"2026-04-21T08:51:04","guid":{"rendered":"https:\/\/www.cloverleaf.scot\/the-little-gear-shop\/"},"modified":"2026-04-24T17:12:44","modified_gmt":"2026-04-24T16:12:44","slug":"the-little-gear-shop","status":"publish","type":"page","link":"https:\/\/www.cloverleaf.scot\/de\/the-little-gear-shop\/","title":{"rendered":"Der Little Gear Shop"},"content":{"rendered":"<div class=\"wpb-content-wrapper\">[vc_row css=&#8220;.vc_custom_1776694958152{margin-bottom: 0px !important;padding-bottom: 0px !important;}&#8220;][vc_column width=&#8220;2\/5&#8243;]<figure class=\"vcex-image vcex-module\"><div class=\"vcex-image-inner wpex-relative wpex-inline-block\"><img width=\"800\" height=\"631\" src=\"https:\/\/www.cloverleaf.scot\/wp-content\/uploads\/2026\/04\/ScotlandShopOpening.jpg\" class=\"vcex-image-img wpex-align-middle\" alt=\"Our friends at ScotlandShop on the Crieff High Street.\" loading=\"lazy\" decoding=\"async\" srcset=\"https:\/\/www.cloverleaf.scot\/wp-content\/uploads\/2026\/04\/ScotlandShopOpening.jpg 800w, https:\/\/www.cloverleaf.scot\/wp-content\/uploads\/2026\/04\/ScotlandShopOpening-300x237.jpg 300w, https:\/\/www.cloverleaf.scot\/wp-content\/uploads\/2026\/04\/ScotlandShopOpening-768x606.jpg 768w, https:\/\/www.cloverleaf.scot\/wp-content\/uploads\/2026\/04\/ScotlandShopOpening-600x473.jpg 600w\" sizes=\"auto, (max-width: 800px) 100vw, 800px\" \/><\/div><\/figure>[\/vc_column][vc_column width=&#8220;3\/5&#8243;]<style>.vcex-heading.vcex_69ecf18549eee{color:#003365;}<\/style><h3 class=\"vcex-heading vcex-heading-plain vcex-module wpex-heading wpex-text-2xl vcex_69ecf18549eee\"><span class=\"vcex-heading-inner wpex-inline-block\">Der Little Gear Shop<\/span><\/h3>[vc_column_text css=&#8220;.vc_custom_1776594511873{margin-top: 10px !important;margin-bottom: 10px !important;}&#8220; font_weight=&#8220;700&#8243;]Tolle Neuigkeiten &#8211; unsere Freunde vom <a href=\"https:\/\/www.scotlandshop.com\/crieff\" target=\"_blank\" rel=\"noopener\">ScotlandShop<\/a> in der Crieff High Street haben jetzt einen Crieff Cloverleaf Mini-Shop![\/vc_column_text][vc_column_text css=&#8220;&#8220;]ScotlandShop f\u00fchrt freundlicherweise unser komplettes Sortiment an kleineren Artikeln, wie z.B. <a href=\"https:\/\/www.cloverleaf.scot\/gear-category\/neck-tubes\/\" target=\"_blank\" rel=\"noopener\">Nackentuben<\/a>, <a href=\"https:\/\/www.cloverleaf.scot\/gear-category\/stickers\/\" target=\"_blank\" rel=\"noopener\">Aufkleber<\/a>, <a href=\"https:\/\/www.cloverleaf.scot\/gear-category\/patches\/\" target=\"_blank\" rel=\"noopener\">Aufn\u00e4her<\/a> und <a href=\"https:\/\/www.cloverleaf.scot\/gear-category\/accessories\/\" target=\"_blank\" rel=\"noopener\">Schl\u00fcsselanh\u00e4nger<\/a>. Au\u00dferdem gibt es <a href=\"https:\/\/www.cloverleaf.scot\/de\/gear\/cloverleaf-classic-unisex-tee-printed-front-and-back\/\" target=\"_blank\" rel=\"noopener\">Cloverleaf Classic T-Shirts<\/a> in einer Auswahl beliebter Gr\u00f6\u00dfen.<\/p>\n<p>Du kannst jeden Tag der Woche im ScotlandShop Crieff vorbeikommen und dir deine <a href=\"https:\/\/www.cloverleaf.scot\/gear-shop\/\" target=\"_blank\" rel=\"noopener\">Cloverleaf Gear Shop<\/a> Goodies abholen! Wenn du sie besuchst, kannst du auch ihr au\u00dfergew\u00f6hnliches Angebot an ma\u00dfgeschneiderter Kleidung, Accessoires und Inneneinrichtung in ihrem wundersch\u00f6n renovierten, traditionellen schottischen Laden entdecken.[\/vc_column_text][vc_row_inner][vc_column_inner width=&#8220;1\/2&#8243; css=&#8220;.vc_custom_1776695143349{margin-bottom: 0px !important;padding-bottom: 0px !important;}&#8220;]<style>.vcex-heading.vcex_69ecf1854b36c{color:#003365;font-size:1.2em;}<\/style><h4 class=\"vcex-heading vcex-heading-plain vcex-module wpex-heading wpex-text-2xl vc_custom_1776695091609 vcex_69ecf1854b36c\"><span class=\"vcex-heading-inner wpex-inline-block\">\u00d6ffnungszeit<\/span><\/h4>[vc_column_text css=&#8220;&#8220;]<strong>T\u00e4glich ge\u00f6ffnet, <\/strong><strong>9 Uhr bis 17 Uhr<\/strong>[\/vc_column_text][\/vc_column_inner][vc_column_inner width=&#8220;1\/2&#8243; css=&#8220;.vc_custom_1776695130782{margin-bottom: 0px !important;padding-bottom: 0px !important;}&#8220;]<style>.vcex-heading.vcex_69ecf1854c120{color:#003365;font-size:1.2em;}<\/style><h4 class=\"vcex-heading vcex-heading-plain vcex-module wpex-heading wpex-text-2xl vc_custom_1776695099500 vcex_69ecf1854c120\"><span class=\"vcex-heading-inner wpex-inline-block\">Standort<\/span><\/h4>[vc_column_text css=&#8220;&#8220;]<strong>9-11 E High St, Crieff PH7 3AF<\/strong><br \/>\nWhat3Words: <a href=\"https:\/\/what3words.com\/duplicate.ambient.strongman\" target=\"_blank\" rel=\"noopener\">\/\/\/duplicate.ambient.strongman<\/a>[\/vc_column_text][\/vc_column_inner][\/vc_row_inner][\/vc_column][\/vc_row][vc_row content_placement=&#8220;top&#8220; column_spacing=&#8220;0px&#8220; equal_height=&#8220;yes&#8220; css=&#8220;.vc_custom_1777046852650{margin-top: 0px !important;margin-bottom: 30px !important;padding-top: 0px !important;padding-bottom: 0px !important;}&#8220;][vc_column width=&#8220;1\/2&#8243; css=&#8220;.vc_custom_1777036280374{margin-top: 0px !important;margin-bottom: 0px !important;padding-top: 0px !important;padding-bottom: 0px !important;}&#8220;]<figure class=\"vcex-image vcex-module\"><div class=\"vcex-image-inner wpex-relative wpex-inline-block\"><img width=\"746\" height=\"1108\" src=\"https:\/\/www.cloverleaf.scot\/wp-content\/uploads\/2026\/04\/GearShopInScotlandShop.jpg\" class=\"vcex-image-img wpex-align-middle\" alt=\"The Little Gear Shop at ScotlandShop Crieff\" loading=\"lazy\" decoding=\"async\" srcset=\"https:\/\/www.cloverleaf.scot\/wp-content\/uploads\/2026\/04\/GearShopInScotlandShop.jpg 746w, https:\/\/www.cloverleaf.scot\/wp-content\/uploads\/2026\/04\/GearShopInScotlandShop-202x300.jpg 202w, https:\/\/www.cloverleaf.scot\/wp-content\/uploads\/2026\/04\/GearShopInScotlandShop-689x1024.jpg 689w, https:\/\/www.cloverleaf.scot\/wp-content\/uploads\/2026\/04\/GearShopInScotlandShop-600x891.jpg 600w\" sizes=\"auto, (max-width: 746px) 100vw, 746px\" \/><\/div><\/figure>[\/vc_column][vc_column width=&#8220;1\/2&#8243; css=&#8220;.vc_custom_1777046695752{margin-top: 0px !important;margin-bottom: 0px !important;padding-top: 0px !important;padding-bottom: 0px !important;}&#8220; wpex_bg_color=&#8220;#fff8ed&#8220;]<figure class=\"vcex-image vcex-module\"><div class=\"vcex-image-inner wpex-relative wpex-inline-block vc_custom_1777036347762\"><img width=\"800\" height=\"600\" src=\"https:\/\/www.cloverleaf.scot\/wp-content\/uploads\/2026\/04\/ScotlandShopStreetView.jpg\" class=\"vcex-image-img wpex-align-middle\" alt=\"ScotlandShop on the Crieff High Street, up near the petrol station\" loading=\"lazy\" decoding=\"async\" srcset=\"https:\/\/www.cloverleaf.scot\/wp-content\/uploads\/2026\/04\/ScotlandShopStreetView.jpg 800w, https:\/\/www.cloverleaf.scot\/wp-content\/uploads\/2026\/04\/ScotlandShopStreetView-300x225.jpg 300w, https:\/\/www.cloverleaf.scot\/wp-content\/uploads\/2026\/04\/ScotlandShopStreetView-768x576.jpg 768w, https:\/\/www.cloverleaf.scot\/wp-content\/uploads\/2026\/04\/ScotlandShopStreetView-600x450.jpg 600w\" sizes=\"auto, (max-width: 800px) 100vw, 800px\" \/><\/div><\/figure><style>.vcex-image.vcex_69ecf1854f149 .vcex-image-inner{max-width:400px;}<\/style><figure class=\"vcex-image vcex-module wpex-text-center vcex_69ecf1854f149\"><div class=\"vcex-image-inner wpex-relative wpex-inline-block vc_custom_1777046990999\"><img width=\"800\" height=\"227\" src=\"https:\/\/www.cloverleaf.scot\/wp-content\/uploads\/2026\/04\/ScotlandShopLogo.png\" class=\"vcex-image-img wpex-align-middle\" alt=\"ScotlandShop Logo\" loading=\"lazy\" decoding=\"async\" srcset=\"https:\/\/www.cloverleaf.scot\/wp-content\/uploads\/2026\/04\/ScotlandShopLogo.png 800w, https:\/\/www.cloverleaf.scot\/wp-content\/uploads\/2026\/04\/ScotlandShopLogo-300x85.png 300w, https:\/\/www.cloverleaf.scot\/wp-content\/uploads\/2026\/04\/ScotlandShopLogo-768x218.png 768w, https:\/\/www.cloverleaf.scot\/wp-content\/uploads\/2026\/04\/ScotlandShopLogo-600x170.png 600w\" sizes=\"auto, (max-width: 800px) 100vw, 800px\" \/><\/div><\/figure>[\/vc_column][\/vc_row]\n<\/div>","protected":false},"excerpt":{"rendered":"<p>[vc_row css=&#8220;.vc_custom_1776694958152{margin-bottom: 0px !important;padding-bottom: 0px !important;}&#8220;][vc_column width=&#8220;2\/5&#8243;][\/vc_column][vc_column width=&#8220;3\/5&#8243;][vc_column_text css=&#8220;.vc_custom_1776594511873{margin-top: 10px !important;margin-bottom: 10px !important;}&#8220; font_weight=&#8220;700&#8243;]Tolle Neuigkeiten &#8211; unsere Freunde vom ScotlandShop in der Crieff High Street haben jetzt einen Crieff Cloverleaf Mini-Shop![\/vc_column_text][vc_column_text css=&#8220;&#8220;]ScotlandShop f\u00fchrt freundlicherweise unser komplettes Sortiment an kleineren Artikeln, wie z.B. Nackentuben, Aufkleber, Aufn\u00e4her und Schl\u00fcsselanh\u00e4nger. Au\u00dferdem gibt es Cloverleaf Classic T-Shirts in einer&hellip;<\/p>\n","protected":false},"author":1,"featured_media":13942,"parent":0,"menu_order":0,"comment_status":"closed","ping_status":"closed","template":"","meta":{"footnotes":""},"class_list":["post-13936","page","type-page","status-publish","has-post-thumbnail","hentry","entry","has-media"],"_links":{"self":[{"href":"https:\/\/www.cloverleaf.scot\/de\/wp-json\/wp\/v2\/pages\/13936","targetHints":{"allow":["GET"]}}],"collection":[{"href":"https:\/\/www.cloverleaf.scot\/de\/wp-json\/wp\/v2\/pages"}],"about":[{"href":"https:\/\/www.cloverleaf.scot\/de\/wp-json\/wp\/v2\/types\/page"}],"author":[{"embeddable":true,"href":"https:\/\/www.cloverleaf.scot\/de\/wp-json\/wp\/v2\/users\/1"}],"replies":[{"embeddable":true,"href":"https:\/\/www.cloverleaf.scot\/de\/wp-json\/wp\/v2\/comments?post=13936"}],"version-history":[{"count":3,"href":"https:\/\/www.cloverleaf.scot\/de\/wp-json\/wp\/v2\/pages\/13936\/revisions"}],"predecessor-version":[{"id":14034,"href":"https:\/\/www.cloverleaf.scot\/de\/wp-json\/wp\/v2\/pages\/13936\/revisions\/14034"}],"wp:featuredmedia":[{"embeddable":true,"href":"https:\/\/www.cloverleaf.scot\/de\/wp-json\/wp\/v2\/media\/13942"}],"wp:attachment":[{"href":"https:\/\/www.cloverleaf.scot\/de\/wp-json\/wp\/v2\/media?parent=13936"}],"curies":[{"name":"wp","href":"https:\/\/api.w.org\/{rel}","templated":true}]}}