{"id":12249,"date":"2022-05-21T17:52:18","date_gmt":"2022-05-21T16:52:18","guid":{"rendered":"https:\/\/www.cloverleaf.scot\/preguntas-frecuentes-sobre-el-trebol-de-crieff\/"},"modified":"2025-12-27T11:36:21","modified_gmt":"2025-12-27T11:36:21","slug":"preguntas-frecuentes-sobre-el-trebol-de-crieff","status":"publish","type":"page","link":"https:\/\/www.cloverleaf.scot\/es\/preguntas-frecuentes-sobre-el-trebol-de-crieff\/","title":{"rendered":"Crieff Preguntas frecuentes sobre Cloverleaf"},"content":{"rendered":"<div class=\"wpb-content-wrapper\">[vc_row css=\u00bb.vc_custom_1653150422370{margin-top: -30px !important;}\u00bb][vc_column]<div class=\"templatera_shortcode\"><style type=\"text\/css\" data-type=\"vc_shortcodes-default-css\">.vc_do_icon{margin-bottom:35px;}<\/style><style type=\"text\/css\" data-type=\"vc_shortcodes-custom-css\">.vc_custom_1624876837354{background-image: url(https:\/\/www.cloverleaf.scot\/wp-content\/uploads\/2021\/06\/BackgroundStrip.jpg?id=3695) !important;background-position: center !important;background-repeat: no-repeat !important;background-size: cover !important;}.vc_custom_1624874280003{margin-top: 0px !important;margin-bottom: 10px !important;padding-top: 20px !important;padding-bottom: 0px !important;}.vc_custom_1624874714393{margin-top: 0px !important;margin-right: 0px !important;margin-bottom: 0px !important;margin-left: 0px !important;border-top-width: 0px !important;border-right-width: 0px !important;border-bottom-width: 0px !important;border-left-width: 0px !important;padding-top: 0px !important;padding-right: 0px !important;padding-bottom: 0px !important;padding-left: 0px !important;}.vc_custom_1708193488433{margin-bottom: 20px !important;border-top-width: 3px !important;border-right-width: 3px !important;border-bottom-width: 3px !important;border-left-width: 3px !important;padding-top: 10px !important;padding-right: 10px !important;padding-bottom: 10px !important;padding-left: 10px !important;background-color: rgba(255,255,255,0.7) !important;*background-color: rgb(255,255,255) !important;border-left-color: #f2f8ff !important;border-left-style: solid !important;border-right-color: #f2f8ff !important;border-right-style: solid !important;border-top-color: #f2f8ff !important;border-top-style: solid !important;border-bottom-color: #f2f8ff !important;border-bottom-style: solid !important;}<\/style><p>[vc_row full_width=\"stretch_row\" css=\".vc_custom_1624876837354{background-image: url(https:\/\/www.cloverleaf.scot\/wp-content\/uploads\/2021\/06\/BackgroundStrip.jpg?id=3695) !important;background-position: center !important;background-repeat: no-repeat !important;background-size: cover !important;}\" wpex_bg_position=\"center center\"][vc_column css=\".vc_custom_1624874280003{margin-top: 0px !important;margin-bottom: 10px !important;padding-top: 20px !important;padding-bottom: 0px !important;}\"][vc_icon icon_fontawesome=\"fas fa-motorcycle\" color=\"custom\" size=\"xl\" align=\"center\" custom_color=\"#f2f8ff\" css=\".vc_custom_1624874714393{margin-top: 0px !important;margin-right: 0px !important;margin-bottom: 0px !important;margin-left: 0px !important;border-top-width: 0px !important;border-right-width: 0px !important;border-bottom-width: 0px !important;border-left-width: 0px !important;padding-top: 0px !important;padding-right: 0px !important;padding-bottom: 0px !important;padding-left: 0px !important;}\"][vc_column_text font_size=\"1.2em\" text_align=\"center\" css=\".vc_custom_1708193488433{margin-bottom: 20px !important;border-top-width: 3px !important;border-right-width: 3px !important;border-bottom-width: 3px !important;border-left-width: 3px !important;padding-top: 10px !important;padding-right: 10px !important;padding-bottom: 10px !important;padding-left: 10px !important;background-color: rgba(255,255,255,0.7) !important;*background-color: rgb(255,255,255) !important;border-left-color: #f2f8ff !important;border-left-style: solid !important;border-right-color: #f2f8ff !important;border-right-style: solid !important;border-top-color: #f2f8ff !important;border-top-style: solid !important;border-bottom-color: #f2f8ff !important;border-bottom-style: solid !important;}\" width=\"300px\"]<strong>Hecho el Crieff Cloverleaf?  <\/strong>[\/vc_column_text]<div class=\"theme-button-wrap textcenter wpex-clr\"><a href=\"https:\/\/www.cloverleaf.scot\/es\/what-bikers-are-saying\/comparte-tu-pensamiento\/\" class=\"vcex-button theme-button large align-center inline\"><span class=\"vcex-button-inner theme-button-inner wpex-flex wpex-flex-wrap wpex-items-center wpex-justify-center\">\u00a1Comparte tu opini\u00f3n!<\/span><\/a><\/div> [\/vc_column][\/vc_row]<\/p>\r\n<\/div>[\/vc_column][\/vc_row][vc_row max_width_align=\u00bbleft\u00bb max_width_custom=\u00bb800px\u00bb][vc_column][vc_toggle title=\u00bb\u00bfQu\u00e9 es el Crieff Cloverleaf?\u00bb style=\u00bbsquare\u00bb size=\u00bblg\u00bb custom_font_container=\u00bbtag:h2|text_align:left|color:%23003365&#8243; custom_use_theme_fonts=\u00bbyes\u00bb use_custom_heading=\u00bbtrue\u00bb]<img loading=\"lazy\" decoding=\"async\" class=\"alignright size-full wp-image-136\" src=\"https:\/\/www.cloverleaf.scot\/wp-content\/uploads\/2020\/09\/HelmetBlueSmall.png\" alt=\"\" width=\"100\" height=\"125\">El <a href=\"https:\/\/www.cloverleaf.scot\/es\/\" target=\"_blank\" rel=\"noopener\">Crieff Cloverleaf<\/a> es un conjunto de cuatro <a href=\"https:\/\/www.cloverleaf.scot\/gmap\" target=\"_blank\" rel=\"noopener\">rutas en moto de<\/a> un d\u00eda por Escocia, todas ellas con salida y llegada en la ciudad de Crieff Perthshire .<\/p>\n<p>Las cuatro rutas recorren el norte, el sur, el este y el oeste de Crieff, ofreci\u00e9ndote una gran variedad de bellos paisajes escoceses y algunas carreteras incre\u00edbles para el motociclismo.<\/p>\n<p>En la medida de lo posible, las rutas evitan las zonas urbanizadas, las autopistas y las aburridas carreteras A m\u00e1s grandes. Est\u00e1n dise\u00f1adas especialmente pensando en el motociclismo, siguiendo gloriosas carreteras A, serpenteantes carreteras B y algunas peque\u00f1as carreteras secundarias y caminos de tierra.<\/p>\n<p><a href=\"https:\/\/www.cloverleaf.scot\/wp-content\/uploads\/2023\/05\/FourRoutesCompass.jpg\"><img loading=\"lazy\" decoding=\"async\" class=\"aligncenter size-full wp-image-6773\" src=\"https:\/\/www.cloverleaf.scot\/wp-content\/uploads\/2023\/05\/FourRoutesCompass.jpg\" alt=\"El Crieff Cloverleaf - Cuatro rutas GRATUITAS en moto de todo el d\u00eda centradas en Crieff, Perthshire.\" width=\"980\" height=\"513\" srcset=\"https:\/\/www.cloverleaf.scot\/wp-content\/uploads\/2023\/05\/FourRoutesCompass.jpg 980w, https:\/\/www.cloverleaf.scot\/wp-content\/uploads\/2023\/05\/FourRoutesCompass-300x157.jpg 300w, https:\/\/www.cloverleaf.scot\/wp-content\/uploads\/2023\/05\/FourRoutesCompass-768x402.jpg 768w, https:\/\/www.cloverleaf.scot\/wp-content\/uploads\/2023\/05\/FourRoutesCompass-600x314.jpg 600w\" sizes=\"auto, (max-width: 980px) 100vw, 980px\" \/><\/a>[\/vc_toggle][vc_toggle title=\u00bb\u00bfEl Crieff Cloverleaf es alg\u00fan tipo de visita guiada o paquete?\u00bb style=\u00bbsquare\u00bb size=\u00bblg\u00bb custom_font_container=\u00bbtag:h2|text_align:left|color:%23003365&#8243; custom_use_theme_fonts=\u00bbyes\u00bb use_custom_heading=\u00bbtrue\u00bb]<img loading=\"lazy\" decoding=\"async\" class=\"alignright size-full wp-image-135\" src=\"https:\/\/www.cloverleaf.scot\/wp-content\/uploads\/2020\/09\/HelmetOrangeSmall.png\" alt=\"\" width=\"100\" height=\"125\"><strong>No,<\/strong> es un conjunto de rutas tur\u00edsticas por carreteras p\u00fablicas, igual que las 500 de la Costa Norte. Proporcionamos un <a href=\"https:\/\/www.cloverleaf.scot\/gmap\" target=\"_blank\" rel=\"noopener\">mapa en l\u00ednea gratuito<\/a> de nuestras rutas, adem\u00e1s de <a href=\"https:\/\/www.cloverleaf.scot\/gpx-files-waypoints-free-download-satnav-and-map\/\">descargas gratuitas de archivos GPX o puntos de ruta sugeridos<\/a> para tu navegador por sat\u00e9lite.[\/vc_toggle][vc_toggle title=\u00bb\u00bfCu\u00e1nto tiempo se tarda en recorrer el Crieff Cloverleaf?\u00bb style=\u00bbsquare\u00bb size=\u00bblg\u00bb custom_font_container=\u00bbtag:h2|text_align:left|color:%23003365&#8243; custom_use_theme_fonts=\u00bbyes\u00bb use_custom_heading=\u00bbtrue\u00bb]<img loading=\"lazy\" decoding=\"async\" class=\"alignright size-full wp-image-134\" src=\"https:\/\/www.cloverleaf.scot\/wp-content\/uploads\/2020\/09\/HelmetYellowSmall.png\" alt=\"\" width=\"100\" height=\"125\">Cada una de las cuatro rutas del Crieff Cloverleaf supone unas <strong>seis horas sobre el sill\u00edn<\/strong> para un motero medio, por lo que te recomendamos encarecidamente que dediques un d\u00eda completo a cada una de ellas. Cada ruta est\u00e1 dividida en cuatro tramos m\u00e1s cortos, por lo que puedes incluir f\u00e1cilmente una parada de avituallamiento\/comodidad por la ma\u00f1ana y otra por la tarde, as\u00ed como una pausa para comer. Te sugerimos que dediques al <strong>menos ocho horas<\/strong> a completar la ruta de cada d\u00eda, incluidos los descansos. Ten en cuenta que seis horas en una ruta de Crieff Cloverleaf son muy diferentes a seis horas en la M6. Las rutas son estimulantes, pero requieren un alto nivel de concentraci\u00f3n sostenida, debido a todas las fabulosas curvas y tramos de una sola pista. No te sorprendas si te sientes un poco agotado al final de cada d\u00eda, \u00a1es normal!<\/p>\n<p><a href=\"https:\/\/www.cloverleaf.scot\/wp-content\/uploads\/2020\/12\/ComingSoon.jpg\"><img loading=\"lazy\" decoding=\"async\" class=\"aligncenter size-large wp-image-1294\" src=\"https:\/\/www.cloverleaf.scot\/wp-content\/uploads\/2020\/12\/ComingSoon-1024x576.jpg\" alt=\"\" width=\"980\" height=\"551\" srcset=\"https:\/\/www.cloverleaf.scot\/wp-content\/uploads\/2020\/12\/ComingSoon-1024x576.jpg 1024w, https:\/\/www.cloverleaf.scot\/wp-content\/uploads\/2020\/12\/ComingSoon-300x169.jpg 300w, https:\/\/www.cloverleaf.scot\/wp-content\/uploads\/2020\/12\/ComingSoon-768x432.jpg 768w, https:\/\/www.cloverleaf.scot\/wp-content\/uploads\/2020\/12\/ComingSoon.jpg 1200w\" sizes=\"auto, (max-width: 980px) 100vw, 980px\" \/><\/a>[\/vc_toggle][vc_toggle title=\u00bb\u00bfCu\u00e1nta experiencia necesito para montar en el Crieff Cloverleaf?\u00bb style=\u00bbsquare\u00bb size=\u00bblg\u00bb custom_font_container=\u00bbtag:h2|text_align:left|color:%23003365&#8243; custom_use_theme_fonts=\u00bbyes\u00bb use_custom_heading=\u00bbtrue\u00bb]<img loading=\"lazy\" decoding=\"async\" class=\"alignright size-full wp-image-133\" src=\"https:\/\/www.cloverleaf.scot\/wp-content\/uploads\/2020\/09\/HelmetGreenSmall.png\" alt=\"\" width=\"100\" height=\"125\">Para disfrutar de las rutas, te recomendamos que seas un motero experimentado (por ejemplo, que hayas conducido con regularidad durante al menos los \u00faltimos tres a\u00f1os con un carn\u00e9 de moto completo).<br \/>\nEn particular:<\/p>\n<ul>\n<li>Tienes que ser capaz de tomar las curvas con seguridad y confianza, tanto en carreteras nacionales A r\u00e1pidas como en carreteras secundarias.<\/li>\n<li>Debes tener confianza para adelantar con tu moto a los veh\u00edculos que se aproximan por carreteras de una sola v\u00eda, donde el espacio libre puede ser reducido.<\/li>\n<li>Tienes que ser capaz de afrontar arranques en cuesta y curvas pronunciadas y\/o cerradas en carreteras estrechas.<\/li>\n<li>Tienes que estar tranquilo cuando circules por carreteras rurales con un poco de barro, gravilla suelta o mal firme.<\/li>\n<li>Necesitas estar en forma para la moto, ya que se trata de rutas de un d\u00eda entero que requieren una gran concentraci\u00f3n durante todo el d\u00eda.<\/li>\n<\/ul>\n<p><strong>Sugerimos que las rutas de Crieff Cloverleaf no sean adecuadas para moteros novatos o muy nerviosos.<\/strong><\/p>\n<p>Si tienes preguntas concretas o quieres m\u00e1s consejos, ponte <a href=\"https:\/\/www.cloverleaf.scot\/talk-to-us\/\">en contacto con nosotros<\/a>.[\/vc_toggle][vc_toggle title=\u00bb\u00bfNecesito un tipo concreto de moto para recorrer el Crieff Cloverleaf?\u00bb style=\u00bbsquare\u00bb size=\u00bblg\u00bb custom_font_container=\u00bbtag:h2|text_align:left|color:%23003365&#8243; custom_use_theme_fonts=\u00bbyes\u00bb use_custom_heading=\u00bbtrue\u00bb]<img loading=\"lazy\" decoding=\"async\" class=\"alignright size-full wp-image-133\" src=\"https:\/\/www.cloverleaf.scot\/wp-content\/uploads\/2021\/03\/HelmetPurpleSmall.png\" alt=\"\" width=\"100\" height=\"125\">No, \u00a1hemos tenido visitantes que han disfrutado de las rutas desde Harleys hasta Husqvarnas!<br \/>\nSimplemente te recomendamos que vengas en una moto que <strong>te resulte c\u00f3moda<\/strong> para conducir todo el d\u00eda, y en la que <strong>te sientas seguro<\/strong> para afrontar carreteras empinadas o estrechas con curvas cerradas.[\/vc_toggle][vc_toggle title=\u00bb\u00bfIncluye el Crieff Cloverleaf caminos de tierra o todoterreno?\u00bb style=\u00bbsquare\u00bb size=\u00bblg\u00bb custom_font_container=\u00bbtag:h2|text_align:left|color:%23003365&#8243; custom_use_theme_fonts=\u00bbyes\u00bb use_custom_heading=\u00bbtrue\u00bb]<img loading=\"lazy\" decoding=\"async\" class=\"alignright size-full wp-image-132\" src=\"https:\/\/www.cloverleaf.scot\/wp-content\/uploads\/2020\/09\/HelmetPinkSmall.png\" alt=\"\" width=\"100\" height=\"125\"><strong>No<\/strong>, todo transcurre por <strong>carreteras p\u00fablicas pavimentadas<\/strong>\u00abde verdad\u00bb. Sin embargo, en las carreteras secundarias y en los tramos de pista \u00fanica puedes encontrarte con tramos de firme en mal estado y alg\u00fan que otro bache, adem\u00e1s de un poco de gravilla, gravilla y barro de granja. Se recomienda un buen juego de neum\u00e1ticos de turismo (ser\u00e1n m\u00e1s adecuados que los puramente deportivos), pero no necesitas unos tacos de estilo todoterreno. <\/p>\n<p><a href=\"https:\/\/www.cloverleaf.scot\/wp-content\/uploads\/2020\/10\/tracer.jpg\"><img loading=\"lazy\" decoding=\"async\" class=\"aligncenter size-large wp-image-474\" src=\"https:\/\/www.cloverleaf.scot\/wp-content\/uploads\/2020\/10\/tracer-1024x683.jpg\" alt=\"Moto roja en Escocia\" width=\"980\" height=\"654\" srcset=\"https:\/\/www.cloverleaf.scot\/wp-content\/uploads\/2020\/10\/tracer-1024x683.jpg 1024w, https:\/\/www.cloverleaf.scot\/wp-content\/uploads\/2020\/10\/tracer-300x200.jpg 300w, https:\/\/www.cloverleaf.scot\/wp-content\/uploads\/2020\/10\/tracer-768x512.jpg 768w, https:\/\/www.cloverleaf.scot\/wp-content\/uploads\/2020\/10\/tracer-1536x1024.jpg 1536w, https:\/\/www.cloverleaf.scot\/wp-content\/uploads\/2020\/10\/tracer.jpg 1920w\" sizes=\"auto, (max-width: 980px) 100vw, 980px\" \/><\/a>[\/vc_toggle][vc_toggle title=\u00bbNo quiero montar en moto todo el d\u00eda. \u00bfTienes alguna ruta m\u00e1s corta?\u00bb style=\u00bbsquare\u00bb size=\u00bblg\u00bb custom_font_container=\u00bbtag:h2|text_align:left|color:%23003365&#8243; custom_use_theme_fonts=\u00bbyes\u00bb use_custom_heading=\u00bbtrue\u00bb]<img loading=\"lazy\" decoding=\"async\" class=\"alignright size-full wp-image-132\" src=\"https:\/\/www.cloverleaf.scot\/wp-content\/uploads\/2020\/09\/HelmetOrangeSmall.png\" alt=\"\" width=\"100\" height=\"125\"><strong>\u00a1S\u00ed, las tenemos!<\/strong> Echa un vistazo a nuestras <a href=\"https:\/\/www.cloverleaf.scot\/crieff-cloverleaf-shorter-routes-little-leaf\/\">Little Leaf rutas m\u00e1s cortas<\/a>, que tienen menos de 120 millas de distancia \/ 4 horas de pedaleo. Al igual que las rutas principales de Crieff Cloverleaf, presentan una fant\u00e1stica mezcla de carreteras de motociclismo y algunos paisajes realmente asombrosos, y todas empiezan y terminan en Crieff.<\/p>\n<p><a href=\"https:\/\/www.cloverleaf.scot\/crieff-cloverleaf-shorter-routes-little-leaf\/\"><img loading=\"lazy\" decoding=\"async\" class=\"aligncenter size-full wp-image-7652\" src=\"https:\/\/www.cloverleaf.scot\/wp-content\/uploads\/2023\/12\/CrieffCloverleaf_LittleLeafRoutes.jpg\" alt=\"Crieff Cloverleaf Rutas cortas - The Little Leaf - Preciosas rutas en moto de medio d\u00eda con salida y llegada en Crieff\" width=\"800\" height=\"533\" srcset=\"https:\/\/www.cloverleaf.scot\/wp-content\/uploads\/2023\/12\/CrieffCloverleaf_LittleLeafRoutes.jpg 800w, https:\/\/www.cloverleaf.scot\/wp-content\/uploads\/2023\/12\/CrieffCloverleaf_LittleLeafRoutes-300x200.jpg 300w, https:\/\/www.cloverleaf.scot\/wp-content\/uploads\/2023\/12\/CrieffCloverleaf_LittleLeafRoutes-768x512.jpg 768w, https:\/\/www.cloverleaf.scot\/wp-content\/uploads\/2023\/12\/CrieffCloverleaf_LittleLeafRoutes-600x400.jpg 600w\" sizes=\"auto, (max-width: 800px) 100vw, 800px\" \/><\/a>[\/vc_toggle][vc_toggle title=\u00bb\u00bfC\u00f3mo puedo encontrar alojamiento apto para moteros con buen aparcamiento en Crieff?\u00bb style=\u00bbsquare\u00bb size=\u00bblg\u00bb custom_font_container=\u00bbtag:h2|text_align:left|color:%23003365&#8243; custom_use_theme_fonts=\u00bbyes\u00bb use_custom_heading=\u00bbtrue\u00bb]<img loading=\"lazy\" decoding=\"async\" class=\"alignright size-full wp-image-136\" src=\"https:\/\/www.cloverleaf.scot\/wp-content\/uploads\/2020\/09\/HelmetBlueSmall.png\" alt=\"\" width=\"100\" height=\"125\">Puedes utilizar nuestro <a href=\"https:\/\/www.cloverleaf.scot\/roomlink\/\">servicio de consulta RoomLink<\/a>, totalmente gratuito, para indicarnos tus necesidades. Entonces haremos que uno de nuestros alojamientos asociados de confianza te env\u00ede una oferta, que tendr\u00e1 el mismo precio que si te hubieras puesto en contacto con ellos directamente. (\u00a1Esto forma parte del acuerdo con nuestros anfitriones!)<\/p>\n<p>S\u00f3lo trabajamos con propiedades a las que les guste recibir moteros, que sepan cuidarte y que puedan ofrecerte <strong>aparcamiento privado fuera de la calle<\/strong> para tus motos.<\/p>\n<p>Las ventajas para nuestros usuarios de RoomLink incluyen un paquete de bienvenida de Cloverleaf Crieff que incluye regalos de cortes\u00eda, y un <strong>20% de descuento<\/strong> en todos los productos de nuestra <a href=\"https:\/\/www.cloverleaf.scot\/gear-shop\/\">Tienda de Equipamiento<\/a>.<\/p>\n<p>\u00bfQu\u00e9 ganamos con ello? Recibimos una comisi\u00f3n de nuestros anfitriones por las reservas de RoomLink, lo que nos ayuda a cubrir los gastos de funcionamiento de Crieff Cloverleaf &#8211; as\u00ed que con RoomLink, te ayudamos a ti y t\u00fa tambi\u00e9n nos ayudas a nosotros. <strong>Gracias.<\/strong><\/p>\n<p><a href=\"https:\/\/www.cloverleaf.scot\/wp-content\/uploads\/2022\/05\/SmallRoomLinkMontage.jpg\"><img loading=\"lazy\" decoding=\"async\" class=\"aligncenter size-large wp-image-5574\" src=\"https:\/\/www.cloverleaf.scot\/wp-content\/uploads\/2022\/05\/SmallRoomLinkMontage-1024x683.jpg\" alt=\"Crieff Cloverleaf RoomLink\" width=\"980\" height=\"654\" srcset=\"https:\/\/www.cloverleaf.scot\/wp-content\/uploads\/2022\/05\/SmallRoomLinkMontage-1024x683.jpg 1024w, https:\/\/www.cloverleaf.scot\/wp-content\/uploads\/2022\/05\/SmallRoomLinkMontage-300x200.jpg 300w, https:\/\/www.cloverleaf.scot\/wp-content\/uploads\/2022\/05\/SmallRoomLinkMontage-768x512.jpg 768w, https:\/\/www.cloverleaf.scot\/wp-content\/uploads\/2022\/05\/SmallRoomLinkMontage-600x400.jpg 600w, https:\/\/www.cloverleaf.scot\/wp-content\/uploads\/2022\/05\/SmallRoomLinkMontage.jpg 1200w\" sizes=\"auto, (max-width: 980px) 100vw, 980px\" \/><\/a>[\/vc_toggle][vc_toggle title=\u00bb\u00bfQui\u00e9n cre\u00f3 el Crieff Cloverleaf?\u00bb style=\u00bbsquare\u00bb size=\u00bblg\u00bb custom_font_container=\u00bbtag:h2|text_align:left|color:%23003365&#8243; custom_use_theme_fonts=\u00bbyes\u00bb css=\u00bb\u00bb use_custom_heading=\u00bbtrue\u00bb]<a href=\"https:\/\/www.cloverleaf.scot\/wp-content\/uploads\/2022\/05\/KonaMacphee_SteveGorman_SQ.jpg\"><img loading=\"lazy\" decoding=\"async\" class=\"alignright size-medium wp-image-5681\" src=\"https:\/\/www.cloverleaf.scot\/wp-content\/uploads\/2022\/05\/KonaMacphee_SteveGorman_SQ-300x300.jpg\" alt=\"Kona Macphee por Steve Gorman\" width=\"300\" height=\"300\" srcset=\"https:\/\/www.cloverleaf.scot\/wp-content\/uploads\/2022\/05\/KonaMacphee_SteveGorman_SQ-300x300.jpg 300w, https:\/\/www.cloverleaf.scot\/wp-content\/uploads\/2022\/05\/KonaMacphee_SteveGorman_SQ-150x150.jpg 150w, https:\/\/www.cloverleaf.scot\/wp-content\/uploads\/2022\/05\/KonaMacphee_SteveGorman_SQ-100x100.jpg 100w, https:\/\/www.cloverleaf.scot\/wp-content\/uploads\/2022\/05\/KonaMacphee_SteveGorman_SQ.jpg 600w\" sizes=\"auto, (max-width: 300px) 100vw, 300px\" \/><\/a>El Crieff Cloverleaf ha sido desarrollada por Kona Andrews Macphee, una creadora de cosas con sede en Crieff y dedicada motera, apoyada por su sufrido marido y compa\u00f1ero motero Patrick Andrews Macphee. Kona est\u00e1 obsesionada con las motos desde que se sac\u00f3 el carn\u00e9 de conducir en Sydney en 1989. Est\u00e1 cualificada como gu\u00eda tur\u00edstica de motocicletas y piloto avanzado de la DVSA, y ha recibido formaci\u00f3n formal en \u00e1reas como conducci\u00f3n avanzada de motocicletas por carretera, habilidades todoterreno y habilidades en pista y curvas, adem\u00e1s de NVQ en mantenimiento de motocicletas. Patrick aprob\u00f3 el examen de moto a finales de los 70 (con una 250LC) a pesar de haberse olvidado de cerrar el estrangulador manual. Cuando no est\u00e1 persiguiendo en moto a su siempre entusiasta esposa o reconstruyendo viejos Audi TT, Patrick es escritor, inventor incansable e ingeniero mec\u00e1nico jubilado.<\/p>\n<figure id=\"attachment_5683\" aria-describedby=\"caption-attachment-5683\" style=\"width: 1000px\" class=\"wp-caption aligncenter\"><a href=\"https:\/\/www.cloverleaf.scot\/wp-content\/uploads\/2022\/05\/KonaAndPatrickAdventures.jpg\"><img loading=\"lazy\" decoding=\"async\" class=\"size-full wp-image-5683\" src=\"https:\/\/www.cloverleaf.scot\/wp-content\/uploads\/2022\/05\/KonaAndPatrickAdventures.jpg\" alt=\"\" width=\"1000\" height=\"851\" srcset=\"https:\/\/www.cloverleaf.scot\/wp-content\/uploads\/2022\/05\/KonaAndPatrickAdventures.jpg 1000w, https:\/\/www.cloverleaf.scot\/wp-content\/uploads\/2022\/05\/KonaAndPatrickAdventures-300x255.jpg 300w, https:\/\/www.cloverleaf.scot\/wp-content\/uploads\/2022\/05\/KonaAndPatrickAdventures-768x654.jpg 768w, https:\/\/www.cloverleaf.scot\/wp-content\/uploads\/2022\/05\/KonaAndPatrickAdventures-600x511.jpg 600w\" sizes=\"auto, (max-width: 1000px) 100vw, 1000px\" \/><\/a><figcaption id=\"caption-attachment-5683\" class=\"wp-caption-text\">\u00a1Kona y Patrick de aventura en moto!(O tal vez visti\u00e9ndose para ir a cenar).<\/figcaption><\/figure>\n[\/vc_toggle][\/vc_column][\/vc_row][vc_row][vc_column][vc_separator color=\u00bbcustom\u00bb css=\u00bb.vc_custom_1653150383268{margin-bottom: 30px !important;}\u00bb accent_color=\u00bb#003365&#8243;][vc_column_text]\u00bfA\u00fan tienes preguntas? \u00a1Ponte <a href=\"https:\/\/www.cloverleaf.scot\/talk-to-us\/\">en contacto<\/a> e intentaremos responderlas![\/vc_column_text][\/vc_column][\/vc_row]\n<\/div>","protected":false},"excerpt":{"rendered":"<p>\u00bfTienes preguntas sobre el Crieff Cloverleaf? Tenemos respuestas. Consulta la p\u00e1gina Crieff Cloverleaf FAQ para saber m\u00e1s sobre nuestras rutas de turismo en moto por Escocia.<\/p>\n","protected":false},"author":1,"featured_media":9105,"parent":0,"menu_order":0,"comment_status":"closed","ping_status":"closed","template":"","meta":{"footnotes":""},"class_list":["post-12249","page","type-page","status-publish","has-post-thumbnail","hentry","entry","has-media"],"_links":{"self":[{"href":"https:\/\/www.cloverleaf.scot\/es\/wp-json\/wp\/v2\/pages\/12249","targetHints":{"allow":["GET"]}}],"collection":[{"href":"https:\/\/www.cloverleaf.scot\/es\/wp-json\/wp\/v2\/pages"}],"about":[{"href":"https:\/\/www.cloverleaf.scot\/es\/wp-json\/wp\/v2\/types\/page"}],"author":[{"embeddable":true,"href":"https:\/\/www.cloverleaf.scot\/es\/wp-json\/wp\/v2\/users\/1"}],"replies":[{"embeddable":true,"href":"https:\/\/www.cloverleaf.scot\/es\/wp-json\/wp\/v2\/comments?post=12249"}],"version-history":[{"count":3,"href":"https:\/\/www.cloverleaf.scot\/es\/wp-json\/wp\/v2\/pages\/12249\/revisions"}],"predecessor-version":[{"id":13775,"href":"https:\/\/www.cloverleaf.scot\/es\/wp-json\/wp\/v2\/pages\/12249\/revisions\/13775"}],"wp:featuredmedia":[{"embeddable":true,"href":"https:\/\/www.cloverleaf.scot\/es\/wp-json\/wp\/v2\/media\/9105"}],"wp:attachment":[{"href":"https:\/\/www.cloverleaf.scot\/es\/wp-json\/wp\/v2\/media?parent=12249"}],"curies":[{"name":"wp","href":"https:\/\/api.w.org\/{rel}","templated":true}]}}