{"id":12252,"date":"2021-06-10T14:53:04","date_gmt":"2021-06-10T13:53:04","guid":{"rendered":"https:\/\/www.cloverleaf.scot\/ayuda-de-emergencia\/"},"modified":"2024-11-23T12:23:02","modified_gmt":"2024-11-23T12:23:02","slug":"ayuda-de-emergencia","status":"publish","type":"page","link":"https:\/\/www.cloverleaf.scot\/es\/ayuda-de-emergencia\/","title":{"rendered":"Ayuda de emergencia"},"content":{"rendered":"<div class=\"wpb-content-wrapper\">[vc_row gap=\u00bb35&#8243; equal_height=\u00bbyes\u00bb][vc_column width=\u00bb1\/2&#8243; css=\u00bb.vc_custom_1623261073581{border-top-width: 6px !important;border-right-width: 6px !important;border-bottom-width: 6px !important;border-left-width: 6px !important;padding-top: 15px !important;padding-bottom: 15px !important;background-color: #ffeeee !important;border-left-color: #ff0000 !important;border-left-style: solid !important;border-right-color: #ff0000 !important;border-right-style: solid !important;border-top-color: #ff0000 !important;border-top-style: solid !important;border-bottom-color: #ff0000 !important;border-bottom-style: solid !important;border-radius: 10px !important;}\u00bb][vc_icon icon_fontawesome=\u00bbfas fa-exclamation-triangle\u00bb color=\u00bbcustom\u00bb size=\u00bbxl\u00bb align=\u00bbcenter\u00bb custom_color=\u00bb#ff0000&#8243;]<style>.vcex-heading.vcex_69e036b992895{font-size:24px;font-weight:700;}<\/style><div class=\"vcex-heading vcex-heading-plain vcex-module wpex-heading wpex-text-2xl wpex-text-center vc_custom_1623258784195 vcex_69e036b992895\"><span class=\"vcex-heading-inner wpex-inline-block\">En caso de emergencia, marca el 999.<\/span><\/div>[vc_column_text width=\u00bb600px\u00bb font_size=\u00bb18px\u00bb text_align=\u00bbcenter\u00bb]Las llamadas al n\u00famero de emergencia <strong>999<\/strong> son gratuitas desde cualquier tel\u00e9fono.<\/p>\n<p>Te preguntar\u00e1n qu\u00e9 servicio de emergencia necesitas: Polic\u00eda, Ambulancia, Bomberos o Guardacostas.<\/p>\n<p>Ten en cuenta que la cobertura de telefon\u00eda m\u00f3vil puede ser irregular.[\/vc_column_text][\/vc_column][vc_column width=\u00bb1\/2&#8243; css=\u00bb.vc_custom_1623259012784{border-top-width: 6px !important;border-right-width: 6px !important;border-bottom-width: 6px !important;border-left-width: 6px !important;padding-top: 15px !important;padding-bottom: 15px !important;background-color: #f2f8ff !important;border-left-color: #0067ce !important;border-left-style: solid !important;border-right-color: #0067ce !important;border-right-style: solid !important;border-top-color: #0067ce !important;border-top-style: solid !important;border-bottom-color: #0067ce !important;border-bottom-style: solid !important;border-radius: 10px !important;}\u00bb][vc_icon icon_fontawesome=\u00bbfas fa-question-circle\u00bb color=\u00bbcustom\u00bb size=\u00bbxl\u00bb align=\u00bbcenter\u00bb custom_color=\u00bb#0067ce\u00bb]<style>.vcex-heading.vcex_69e036b993c6c{font-size:24px;font-weight:700;}<\/style><div class=\"vcex-heading vcex-heading-plain vcex-module wpex-heading wpex-text-2xl wpex-text-center vc_custom_1623258796698 vcex_69e036b993c6c\"><span class=\"vcex-heading-inner wpex-inline-block\">\u00bfD\u00f3nde estoy?<\/span><\/div>[vc_column_text width=\u00bb600px\u00bb font_size=\u00bb18px\u00bb text_align=\u00bbcenter\u00bb]Los servicios de emergencia escoceses pueden utilizar ahora los datos <a href=\"https:\/\/what3words.com\" target=\"_blank\" rel=\"noopener\">de what3words<\/a> para ayudar a establecer tu ubicaci\u00f3n exacta.<\/p>\n<p><a href=\"https:\/\/what3words.com\/products\/what3words-app\/\" target=\"_blank\" rel=\"noopener\">Aqu\u00ed tienes la aplicaci\u00f3n gratuita<\/a> que debes instalar en tu smartphone antes de salir.<\/p>\n<p>Tambi\u00e9n pueden utilizar la latitud\/longitud o la orientaci\u00f3n este\/norte.[\/vc_column_text][\/vc_column][\/vc_row][vc_row full_width=\u00bbstretch_row\u00bb css=\u00bb.vc_custom_1604846079957{margin-bottom: 0px !important;padding-top: 20px !important;padding-bottom: 20px !important;background-color: #003365 !important;}\u00bb][vc_column css=\u00bb.vc_custom_1601821839568{margin-bottom: 0px !important;border-bottom-width: 0px !important;padding-bottom: 0px !important;}\u00bb][vc_column_text font_size=\u00bbd:36px|pp:30px\u00bb color=\u00bb#addbff\u00bb font_family=\u00bbRibeye\u00bb line_height=\u00bb1.4em\u00bb]\n<p style=\"text-align: center;\">Asistencia en Crieff.<\/p>\n[\/vc_column_text][\/vc_column][\/vc_row][vc_row full_width=\u00bbstretch_row_content\u00bb column_spacing=\u00bb60&#8243; css=\u00bb.vc_custom_1623260015135{padding-top: 15px !important;background-color: #fff8ed !important;}\u00bb][vc_column width=\u00bb1\/2&#8243;][vc_icon icon_fontawesome=\u00bbfas fa-motorcycle\u00bb color=\u00bbcustom\u00bb size=\u00bblg\u00bb align=\u00bbcenter\u00bb css=\u00bb.vc_custom_1623260288964{margin-top: 0px !important;margin-bottom: 0px !important;padding-top: 0px !important;padding-bottom: 0px !important;}\u00bb custom_color=\u00bb#003365&#8243;]<style>.vcex-heading.vcex_69e036b9948a4{color:#003365;font-size:22px;font-weight:700;}.vcex-heading.vcex_69e036b9948a4 .vcex-heading-side-border__border{border-color:#0067ce;}@media (max-width:479px){.vcex-heading.vcex_69e036b9948a4{font-size:18px;}}<\/style><h3 class=\"vcex-heading vcex-heading-side-border vcex-module wpex-heading wpex-text-2xl wpex-flex wpex-items-center wpex-text-center vc_custom_1623260255138 vcex_69e036b9948a4\"><span class=\"vcex-heading-side-border__border wpex-flex-grow wpex-h-0 wpex-border-solid wpex-border-b-2 wpex-mr-15\"><\/span><span class=\"vcex-heading-inner wpex-inline-block\">\u00bfSe te ha roto la moto?<\/span><span class=\"vcex-heading-side-border__border wpex-flex-grow wpex-h-0 wpex-border-solid wpex-ml-15 wpex-border-b-2\"><\/span><\/h3>[vc_column_text width=\u00bb500px\u00bb]Para peque\u00f1as <strong>reparaciones urgentes de moto<\/strong>, llama al mec\u00e1nico John Roseweir, de <a href=\"http:\/\/www.jrautoservices.co.uk\/\" target=\"_blank\" rel=\"noopener\">J&amp;R Autoservices<\/a>:<\/p>\n<p><span style=\"font-size: 21px;\">Horario laboral: <a href=\"tel:01764655111\">01764 655 111<\/a><\/span><br \/>\n<span style=\"font-size: 21px;\">S\u00f3lo emergencias: <a href=\"tel:07918758314\">07918 758 314<\/a><\/span><\/p>\n<p>Unit 2 West, South Bridgend, Crieff PH7 4DJ<br \/>\nwhat3words: <a href=\"https:\/\/what3words.com\/alleyway.solar.chatters\" target=\"_blank\" rel=\"noopener\">\/\/\/alleyway.solar.chatters<\/a>[\/vc_column_text][\/vc_column][vc_column width=\u00bb1\/2&#8243;][vc_icon icon_fontawesome=\u00bbfas fa-cog\u00bb color=\u00bbcustom\u00bb size=\u00bblg\u00bb align=\u00bbcenter\u00bb css=\u00bb.vc_custom_1623260306890{margin-top: 0px !important;margin-bottom: 0px !important;padding-top: 0px !important;padding-bottom: 0px !important;}\u00bb custom_color=\u00bb#003365&#8243;]<style>.vcex-heading.vcex_69e036b99554e{color:#003365;font-size:22px;font-weight:700;}.vcex-heading.vcex_69e036b99554e .vcex-heading-side-border__border{border-color:#0067ce;}@media (max-width:479px){.vcex-heading.vcex_69e036b99554e{font-size:18px;}}<\/style><h3 class=\"vcex-heading vcex-heading-side-border vcex-module wpex-heading wpex-text-2xl wpex-flex wpex-items-center wpex-text-center vc_custom_1623260245522 vcex_69e036b99554e\"><span class=\"vcex-heading-side-border__border wpex-flex-grow wpex-h-0 wpex-border-solid wpex-border-b-2 wpex-mr-15\"><\/span><span class=\"vcex-heading-inner wpex-inline-block\">\u00bfHas destrozado un neum\u00e1tico?<\/span><span class=\"vcex-heading-side-border__border wpex-flex-grow wpex-h-0 wpex-border-solid wpex-ml-15 wpex-border-b-2\"><\/span><\/h3>[vc_column_text css=\u00bb\u00bb width=\u00bb500px\u00bb]Si <strong>se te ha da\u00f1ado un neum\u00e1tico<\/strong> y necesitas repararlo o cambiarlo, ponte en contacto con el gur\u00fa de los neum\u00e1ticos <strong>Jim Williamson<\/strong>, de <a href=\"https:\/\/www.criefftyres.co.uk\/\" target=\"_blank\" rel=\"noopener\">Strathearn Tyres<\/a>:<\/p>\n<p><span style=\"font-size: 21px;\">Horario de trabajo: <a href=\"tel:01764%20654697\">01764 654 697 <\/a> <\/span><br \/>\n<span style=\"font-size: 21px;\">S\u00f3lo urgencias: <a href=\"tel:07934803549\">07934 803 549<\/a><\/span><\/p>\n<p>The Turret, Burrell Street, Crieff, PH7 4DG<br \/>\nwhat3words: <a href=\"https:\/\/what3words.com\/delight.fact.tortoises\" target=\"_blank\" rel=\"noopener\">\/\/\/delight.fact.tortoises<\/a>[\/vc_column_text][\/vc_column][\/vc_row]\n<\/div>","protected":false},"excerpt":{"rendered":"<p>\u00bfNecesitas ayuda urgente? Aqu\u00ed tienes c\u00f3mo contactar con los servicios de emergencia de Escocia, adem\u00e1s de \u00fatiles contactos para reparaciones urgentes de motos o neum\u00e1ticos en Crieff. <\/p>\n","protected":false},"author":1,"featured_media":8895,"parent":0,"menu_order":0,"comment_status":"closed","ping_status":"closed","template":"","meta":{"footnotes":""},"class_list":["post-12252","page","type-page","status-publish","has-post-thumbnail","hentry","entry","has-media"],"_links":{"self":[{"href":"https:\/\/www.cloverleaf.scot\/es\/wp-json\/wp\/v2\/pages\/12252","targetHints":{"allow":["GET"]}}],"collection":[{"href":"https:\/\/www.cloverleaf.scot\/es\/wp-json\/wp\/v2\/pages"}],"about":[{"href":"https:\/\/www.cloverleaf.scot\/es\/wp-json\/wp\/v2\/types\/page"}],"author":[{"embeddable":true,"href":"https:\/\/www.cloverleaf.scot\/es\/wp-json\/wp\/v2\/users\/1"}],"replies":[{"embeddable":true,"href":"https:\/\/www.cloverleaf.scot\/es\/wp-json\/wp\/v2\/comments?post=12252"}],"version-history":[{"count":3,"href":"https:\/\/www.cloverleaf.scot\/es\/wp-json\/wp\/v2\/pages\/12252\/revisions"}],"predecessor-version":[{"id":12712,"href":"https:\/\/www.cloverleaf.scot\/es\/wp-json\/wp\/v2\/pages\/12252\/revisions\/12712"}],"wp:featuredmedia":[{"embeddable":true,"href":"https:\/\/www.cloverleaf.scot\/es\/wp-json\/wp\/v2\/media\/8895"}],"wp:attachment":[{"href":"https:\/\/www.cloverleaf.scot\/es\/wp-json\/wp\/v2\/media?parent=12252"}],"curies":[{"name":"wp","href":"https:\/\/api.w.org\/{rel}","templated":true}]}}