{"id":12261,"date":"2023-07-26T14:33:26","date_gmt":"2023-07-26T13:33:26","guid":{"rendered":"https:\/\/www.cloverleaf.scot\/roomlink-2\/apoyo-a-clubes-y-grupos\/"},"modified":"2024-11-23T12:30:49","modified_gmt":"2024-11-23T12:30:49","slug":"apoyo-a-clubes-y-grupos","status":"publish","type":"page","link":"https:\/\/www.cloverleaf.scot\/es\/roomlink\/apoyo-a-clubes-y-grupos\/","title":{"rendered":"Apoyo a Clubes y Grupos"},"content":{"rendered":"<div class=\"wpb-content-wrapper\">[vc_row full_width=\u00bbstretch_row\u00bb css=\u00bb.vc_custom_1690377846792{margin-top: -30px !important;padding-top: 25px !important;background-color: #fff8ed !important;}\u00bb][vc_column width=\u00bb1\/3&#8243;][vc_single_image image=\u00bb7091&#8243; css=\u00bb.vc_custom_1690377111917{margin-bottom: 20px !important;}\u00bb]<style>.vcex-heading.vcex_69e052eeeabb9{color:#003365;font-size:22px;font-weight:700;}.vcex-heading.vcex_69e052eeeabb9 .vcex-heading-side-border__border{border-color:#0067ce;}@media (max-width:479px){.vcex-heading.vcex_69e052eeeabb9{font-size:18px;}}<\/style><h3 class=\"vcex-heading vcex-heading-side-border vcex-module wpex-heading wpex-text-2xl wpex-flex wpex-items-center wpex-text-center vc_custom_1690376667444 vcex_69e052eeeabb9\"><span class=\"vcex-heading-side-border__border wpex-flex-grow wpex-h-0 wpex-border-solid wpex-border-b-2 wpex-mr-15\"><\/span><span class=\"vcex-heading-inner wpex-inline-block\">\u00bfCansado de arrear gatos?<\/span><span class=\"vcex-heading-side-border__border wpex-flex-grow wpex-h-0 wpex-border-solid wpex-ml-15 wpex-border-b-2\"><\/span><\/h3>[vc_column_text]Si viajas con m\u00e1s de un pu\u00f1ado de personas, o necesitas m\u00e1s de un par de habitaciones, \u00a1organizar un viaje en grupo puede ser una pesadilla![\/vc_column_text]<div class=\"vcex-module vcex-divider vcex-divider-solid vcex-divider-center wpex-mx-auto vcex-divider-has-icon wpex-flex wpex-items-center\"><div class=\"vcex-divider-border wpex-flex-grow wpex-border-b wpex-border-solid wpex-border-main\" style=\"border-color:#003365;\"><\/div><span class=\"vcex-divider-icon-span wpex-inline-flex wpex-justify-center wpex-items-center wpex-box-content wpex-inline-block wpex-text-center wpex-text-lg wpex-py-10 wpex-px-20\" style=\"font-size:25px;color:#003365;\"><span aria-hidden=\"true\" class=\"fas fa-first-aid\"><\/span><\/span><div class=\"vcex-divider-border wpex-flex-grow wpex-border-b wpex-border-solid wpex-border-main\" style=\"border-color:#003365;\"><\/div><\/div>[vc_column_text]Nos encanta ver a clubes y grupos de compa\u00f1eros de motociclismo que visitan Crieff para recorrer las rutas del Cloverleaf, y estaremos encantados de ofrecerte primeros auxilios administrativos.[\/vc_column_text][\/vc_column][vc_column width=\u00bb1\/3&#8243;][vc_single_image image=\u00bb7093&#8243; css=\u00bb.vc_custom_1690377273658{margin-bottom: 20px !important;}\u00bb]<style>.vcex-heading.vcex_69e052eeed3b0{color:#003365;font-size:22px;font-weight:700;}.vcex-heading.vcex_69e052eeed3b0 .vcex-heading-side-border__border{border-color:#0067ce;}@media (max-width:479px){.vcex-heading.vcex_69e052eeed3b0{font-size:18px;}}<\/style><h3 class=\"vcex-heading vcex-heading-side-border vcex-module wpex-heading wpex-text-2xl wpex-flex wpex-items-center wpex-text-center vc_custom_1690372490459 vcex_69e052eeed3b0\"><span class=\"vcex-heading-side-border__border wpex-flex-grow wpex-h-0 wpex-border-solid wpex-border-b-2 wpex-mr-15\"><\/span><span class=\"vcex-heading-inner wpex-inline-block\">Log\u00edstica y descuentos<\/span><span class=\"vcex-heading-side-border__border wpex-flex-grow wpex-h-0 wpex-border-solid wpex-ml-15 wpex-border-b-2\"><\/span><\/h3>[vc_column_text]Podemos ayudarte a encontrar salas suficientes para tu grupo, aunque eso signifique repartir a tu gente en m\u00e1s de un local cercano.[\/vc_column_text]<div class=\"vcex-module vcex-divider vcex-divider-solid vcex-divider-center wpex-mx-auto vcex-divider-has-icon wpex-flex wpex-items-center\"><div class=\"vcex-divider-border wpex-flex-grow wpex-border-b wpex-border-solid wpex-border-main\" style=\"border-color:#003365;\"><\/div><span class=\"vcex-divider-icon-span wpex-inline-flex wpex-justify-center wpex-items-center wpex-box-content wpex-inline-block wpex-text-center wpex-text-lg wpex-py-10 wpex-px-20\" style=\"font-size:25px;color:#003365;\"><span aria-hidden=\"true\" class=\"fas fa-life-ring\"><\/span><\/span><div class=\"vcex-divider-border wpex-flex-grow wpex-border-b wpex-border-solid wpex-border-main\" style=\"border-color:#003365;\"><\/div><\/div>[vc_column_text]A menudo podemos conseguirte descuentos en las comidas y ayudarte a organizar cosas como men\u00fas de cena a precio fijo para facilitarte la planificaci\u00f3n.[\/vc_column_text][\/vc_column][vc_column width=\u00bb1\/3&#8243;][vc_single_image image=\u00bb7095&#8243; css=\u00bb.vc_custom_1690377433969{margin-bottom: 20px !important;}\u00bb]<style>.vcex-heading.vcex_69e052eeeeb0e{color:#003365;font-size:22px;font-weight:700;}.vcex-heading.vcex_69e052eeeeb0e .vcex-heading-side-border__border{border-color:#0067ce;}@media (max-width:479px){.vcex-heading.vcex_69e052eeeeb0e{font-size:18px;}}<\/style><h3 class=\"vcex-heading vcex-heading-side-border vcex-module wpex-heading wpex-text-2xl wpex-flex wpex-items-center wpex-text-center vc_custom_1690372721211 vcex_69e052eeeeb0e\"><span class=\"vcex-heading-side-border__border wpex-flex-grow wpex-h-0 wpex-border-solid wpex-border-b-2 wpex-mr-15\"><\/span><span class=\"vcex-heading-inner wpex-inline-block\">Un servicio gratuito<\/span><span class=\"vcex-heading-side-border__border wpex-flex-grow wpex-h-0 wpex-border-solid wpex-ml-15 wpex-border-b-2\"><\/span><\/h3>[vc_column_text]Gracias al generoso apoyo de nuestras propiedades asociadas, no tenemos que cobrarte nada por nuestra asistencia: \u00a1es gratis![\/vc_column_text]<div class=\"vcex-module vcex-divider vcex-divider-solid vcex-divider-center wpex-mx-auto vcex-divider-has-icon wpex-flex wpex-items-center\"><div class=\"vcex-divider-border wpex-flex-grow wpex-border-b wpex-border-solid wpex-border-main\" style=\"border-color:#003365;\"><\/div><span class=\"vcex-divider-icon-span wpex-inline-flex wpex-justify-center wpex-items-center wpex-box-content wpex-inline-block wpex-text-center wpex-text-lg wpex-py-10 wpex-px-20\" style=\"font-size:25px;color:#003365;\"><span aria-hidden=\"true\" class=\"fas fa-hands-helping\"><\/span><\/span><div class=\"vcex-divider-border wpex-flex-grow wpex-border-b wpex-border-solid wpex-border-main\" style=\"border-color:#003365;\"><\/div><\/div>[vc_column_text]Tus acuerdos de alojamiento se har\u00e1n directamente con las propiedades asociadas, y tus dep\u00f3sitos y saldos finales se pagar\u00e1n directamente a ellas.[\/vc_column_text][\/vc_column][\/vc_row][vc_row full_width=\u00bbstretch_row\u00bb css=\u00bb.vc_custom_1690376167887{margin-bottom: 0px !important;padding-top: 20px !important;padding-bottom: 0px !important;background-color: #003365 !important;}\u00bb][vc_column css=\u00bb.vc_custom_1601821839568{margin-bottom: 0px !important;border-bottom-width: 0px !important;padding-bottom: 0px !important;}\u00bb][vc_column_text font_size=\u00bbd:36px|pp:30px\u00bb color=\u00bb#addbff\u00bb font_family=\u00bbRibeye\u00bb line_height=\u00bb1.4em\u00bb]\n<p style=\"text-align: center;\">Los mejores consejos<\/p>\n[\/vc_column_text][\/vc_column][\/vc_row][vc_row full_width=\u00bbstretch_row\u00bb css=\u00bb.vc_custom_1690375861333{padding-top: 25px !important;background-color: #003365 !important;}\u00bb][vc_column width=\u00bb1\/3&#8243;][vc_column_text color=\u00bb#ffffff\u00bb]Para grupos m\u00e1s grandes, te recomendamos encarecidamente que te pongas en contacto lo <strong>antes posible<\/strong>.<\/p>\n<p>Esto nos da la mejor oportunidad de encontrar un mayor n\u00famero de habitaciones libres para las fechas que necesitas.[\/vc_column_text][\/vc_column][vc_column width=\u00bb1\/3&#8243;]<figure class=\"vcex-image vcex-module\"><div class=\"vcex-image-inner wpex-relative wpex-inline-block\"><img width=\"980\" height=\"513\" src=\"https:\/\/www.cloverleaf.scot\/wp-content\/uploads\/2023\/05\/FourRoutesCompass.jpg\" class=\"vcex-image-img wpex-align-middle\" alt=\"\" loading=\"lazy\" decoding=\"async\" srcset=\"https:\/\/www.cloverleaf.scot\/wp-content\/uploads\/2023\/05\/FourRoutesCompass.jpg 980w, https:\/\/www.cloverleaf.scot\/wp-content\/uploads\/2023\/05\/FourRoutesCompass-300x157.jpg 300w, https:\/\/www.cloverleaf.scot\/wp-content\/uploads\/2023\/05\/FourRoutesCompass-768x402.jpg 768w, https:\/\/www.cloverleaf.scot\/wp-content\/uploads\/2023\/05\/FourRoutesCompass-600x314.jpg 600w\" sizes=\"auto, (max-width: 980px) 100vw, 980px\" \/><\/div><\/figure>[\/vc_column][vc_column width=\u00bb1\/3&#8243;][vc_column_text color=\u00bb#ffffff\u00bb]Para grupos grandes, recomendamos estancias de cinco noches <strong>con llegada el domingo y salida el viernes<\/strong>.<\/p>\n<p><em>(Afortunadamente, consideramos que de lunes a jueves son los mejores d\u00edas para montar en las rutas de Crieff Cloverleaf).<\/em>[\/vc_column_text][\/vc_column][\/vc_row][vc_row full_width=\u00bbstretch_row\u00bb css=\u00bb.vc_custom_1690375666902{padding-top: 25px !important;background-color: #f2f8ff !important;}\u00bb][vc_column width=\u00bb1\/2&#8243; css=\u00bb.vc_custom_1690377964852{padding-top: 15px !important;}\u00bb]<figure class=\"vcex-image vcex-module\"><div class=\"vcex-image-inner wpex-relative wpex-inline-block\"><img width=\"1909\" height=\"1074\" src=\"https:\/\/www.cloverleaf.scot\/wp-content\/uploads\/2023\/07\/KonaGearShopWide.jpg\" class=\"vcex-image-img wpex-align-middle\" alt=\"\" loading=\"lazy\" decoding=\"async\" srcset=\"https:\/\/www.cloverleaf.scot\/wp-content\/uploads\/2023\/07\/KonaGearShopWide.jpg 1909w, https:\/\/www.cloverleaf.scot\/wp-content\/uploads\/2023\/07\/KonaGearShopWide-300x169.jpg 300w, https:\/\/www.cloverleaf.scot\/wp-content\/uploads\/2023\/07\/KonaGearShopWide-1024x576.jpg 1024w, https:\/\/www.cloverleaf.scot\/wp-content\/uploads\/2023\/07\/KonaGearShopWide-768x432.jpg 768w, https:\/\/www.cloverleaf.scot\/wp-content\/uploads\/2023\/07\/KonaGearShopWide-1536x864.jpg 1536w, https:\/\/www.cloverleaf.scot\/wp-content\/uploads\/2023\/07\/KonaGearShopWide-600x338.jpg 600w\" sizes=\"auto, (max-width: 1909px) 100vw, 1909px\" \/><\/div><\/figure>[\/vc_column][vc_column width=\u00bb1\/2&#8243;]<style>.vcex-heading.vcex_69e052ef000c7{color:#003365;font-size:22px;font-weight:700;}.vcex-heading.vcex_69e052ef000c7 .vcex-heading-side-border__border{border-color:#0067ce;}@media (max-width:479px){.vcex-heading.vcex_69e052ef000c7{font-size:18px;}}<\/style><h3 class=\"vcex-heading vcex-heading-side-border vcex-module wpex-heading wpex-text-2xl wpex-flex wpex-items-center wpex-text-center vc_custom_1690374978538 vcex_69e052ef000c7\"><span class=\"vcex-heading-side-border__border wpex-flex-grow wpex-h-0 wpex-border-solid wpex-border-b-2 wpex-mr-15\"><\/span><span class=\"vcex-heading-inner wpex-inline-block\">\u00bfListo para prepararte?<\/span><span class=\"vcex-heading-side-border__border wpex-flex-grow wpex-h-0 wpex-border-solid wpex-ml-15 wpex-border-b-2\"><\/span><\/h3>[vc_column_text css=\u00bb.vc_custom_1690377922015{margin-top: 15px !important;}\u00bb]<strong>Si est\u00e1s organizando un viaje de club o de grupo, s\u00f3lo tienes que ponerte en contacto con Kona a trav\u00e9s de nuestro <a href=\"https:\/\/www.cloverleaf.scot\/es\/habla-con-nosotros\/\">formulario de contacto<\/a> o por correo electr\u00f3nico a <a href=\"mailto:roomlink@cloverleaf.scot\">roomlink@cloverleaf.scot.<\/a> <\/strong><\/p>\n<p>Estar\u00e1 encantada de estudiar tus necesidades e intentar ayudarte a organizar la aventura de tu club o grupo en Crieff Cloverleaf.[\/vc_column_text]<div class=\"vc_custom_1690375647846 wpex-clr\"><div class=\"theme-button-wrap textcenter wpex-clr\"><a href=\"https:\/\/www.cloverleaf.scot\/talk-to-us\/\" class=\"vcex-button theme-button large align-center inline\"><span class=\"vcex-button-inner theme-button-inner wpex-flex wpex-flex-wrap wpex-items-center wpex-justify-center\">Contactar con Kona<\/span><\/a><\/div><\/div> [\/vc_column][\/vc_row][vc_row full_width=\u00bbstretch_row\u00bb css=\u00bb.vc_custom_1689684236772{background-color: #f2f8ff !important;}\u00bb][vc_column][vc_message message_box_color=\u00bbalert-warning\u00bb]A veces nuestros correos electr\u00f3nicos pueden acabar en tu carpeta de spam. Si no has recibido ninguna actualizaci\u00f3n en los dos d\u00edas siguientes a tu consulta, ponte <a href=\"https:\/\/www.cloverleaf.scot\/es\/habla-con-nosotros\/\">en contacto con nosotros<\/a> de nuevo, \u00a1por si acaso nuestra respuesta se la han comido los gremlins![\/vc_message][\/vc_column][\/vc_row][vc_row full_width=\u00bbstretch_row\u00bb css=\u00bb.vc_custom_1730133413269{padding-top: 30px !important;background-color: #003365 !important;}\u00bb visibility=\u00bbhidden\u00bb][vc_column]<figure class=\"vcex-image vcex-module wpex-text-center\"><div class=\"vcex-image-inner wpex-relative wpex-inline-block\"><img width=\"700\" height=\"1045\" src=\"https:\/\/www.cloverleaf.scot\/wp-content\/uploads\/2023\/08\/PosterForOrganisersSML.jpg\" class=\"vcex-image-img wpex-align-middle\" alt=\"\" loading=\"lazy\" decoding=\"async\" srcset=\"https:\/\/www.cloverleaf.scot\/wp-content\/uploads\/2023\/08\/PosterForOrganisersSML.jpg 700w, https:\/\/www.cloverleaf.scot\/wp-content\/uploads\/2023\/08\/PosterForOrganisersSML-201x300.jpg 201w, https:\/\/www.cloverleaf.scot\/wp-content\/uploads\/2023\/08\/PosterForOrganisersSML-686x1024.jpg 686w, https:\/\/www.cloverleaf.scot\/wp-content\/uploads\/2023\/08\/PosterForOrganisersSML-600x896.jpg 600w\" sizes=\"auto, (max-width: 700px) 100vw, 700px\" \/><\/div><\/figure>[\/vc_column][\/vc_row]\n<\/div>","protected":false},"excerpt":{"rendered":"<p>\u00bfVas a montar en la Crieff Cloverleaf con tu club o con tus amigos? Nuestro servicio gratuito RoomLink puede ayudarte a organizar el alojamiento para clubes y grupos m\u00e1s grandes. <\/p>\n","protected":false},"author":1,"featured_media":9890,"parent":12258,"menu_order":0,"comment_status":"closed","ping_status":"closed","template":"","meta":{"footnotes":""},"class_list":["post-12261","page","type-page","status-publish","has-post-thumbnail","hentry","entry","has-media"],"_links":{"self":[{"href":"https:\/\/www.cloverleaf.scot\/es\/wp-json\/wp\/v2\/pages\/12261","targetHints":{"allow":["GET"]}}],"collection":[{"href":"https:\/\/www.cloverleaf.scot\/es\/wp-json\/wp\/v2\/pages"}],"about":[{"href":"https:\/\/www.cloverleaf.scot\/es\/wp-json\/wp\/v2\/types\/page"}],"author":[{"embeddable":true,"href":"https:\/\/www.cloverleaf.scot\/es\/wp-json\/wp\/v2\/users\/1"}],"replies":[{"embeddable":true,"href":"https:\/\/www.cloverleaf.scot\/es\/wp-json\/wp\/v2\/comments?post=12261"}],"version-history":[{"count":3,"href":"https:\/\/www.cloverleaf.scot\/es\/wp-json\/wp\/v2\/pages\/12261\/revisions"}],"predecessor-version":[{"id":12740,"href":"https:\/\/www.cloverleaf.scot\/es\/wp-json\/wp\/v2\/pages\/12261\/revisions\/12740"}],"up":[{"embeddable":true,"href":"https:\/\/www.cloverleaf.scot\/es\/wp-json\/wp\/v2\/pages\/12258"}],"wp:featuredmedia":[{"embeddable":true,"href":"https:\/\/www.cloverleaf.scot\/es\/wp-json\/wp\/v2\/media\/9890"}],"wp:attachment":[{"href":"https:\/\/www.cloverleaf.scot\/es\/wp-json\/wp\/v2\/media?parent=12261"}],"curies":[{"name":"wp","href":"https:\/\/api.w.org\/{rel}","templated":true}]}}