{"id":12267,"date":"2023-04-06T18:49:28","date_gmt":"2023-04-06T17:49:28","guid":{"rendered":"https:\/\/www.cloverleaf.scot\/manchas-solares-crieff-cloverleaf-weather-forecasts\/"},"modified":"2025-11-13T10:59:13","modified_gmt":"2025-11-13T10:59:13","slug":"manchas-solares-crieff-cloverleaf-weather-forecasts","status":"publish","type":"page","link":"https:\/\/www.cloverleaf.scot\/es\/manchas-solares-crieff-cloverleaf-weather-forecasts\/","title":{"rendered":"SunSpot"},"content":{"rendered":"<div class=\"wpb-content-wrapper\">[vc_row css=\u00bb.vc_custom_1680803166681{margin-top: -30px !important;}\u00bb][vc_column css=\u00bb.vc_custom_1673193529748{margin-bottom: 0px !important;}\u00bb]<div class=\"templatera_shortcode\"><style type=\"text\/css\" data-type=\"vc_shortcodes-custom-css\">.vc_custom_1672674213132{padding-top: 20px !important;background-color: #fff6e0 !important;}.vc_custom_1673377367823{background-color: #fff6e0 !important;}.vc_custom_1673377478633{margin-top: 0px !important;padding-top: 0px !important;background-color: #fff6e0 !important;}.vc_custom_1672694264623{margin-bottom: 20px !important;padding-bottom: 0px !important;}.vc_custom_1673371314255{margin-top: 20px !important;margin-bottom: 10px !important;}.vc_custom_1672680686255{margin-top: 0px !important;margin-bottom: 0px !important;padding-top: 0px !important;padding-bottom: 0px !important;}.vc_custom_1673270761472{margin-bottom: 10px !important;}.vc_custom_1673270519432{margin-bottom: 15px !important;}.vc_custom_1673270527160{margin-bottom: 15px !important;}.vc_custom_1673273764370{margin-top: 15px !important;margin-bottom: 15px !important;}.vc_custom_1673273631803{margin-top: 15px !important;margin-bottom: 15px !important;}.vc_custom_1672694264623{margin-bottom: 20px !important;padding-bottom: 0px !important;}<\/style><div class=\"vc_row wpb_row vc_row-fluid vc_custom_1672674213132 wpex-relative wpex-vc_row-has-fill wpex-vc-row-boxed-layout-stretched wpex-vc-reset-negative-margin\"><div class=\"wpb_column vc_column_container vc_col-sm-12\"><div class=\"vc_column-inner vc_custom_1672694264623\"><div class=\"wpb_wrapper\">\n\t<div  class=\"wpb_single_image wpb_content_element vc_align_ wpb_content_element\">\n\t\t\n\t\t<figure class=\"wpb_wrapper vc_figure\">\n\t\t\t<div class=\"vc_single_image-wrapper   vc_box_border_grey\"><img width=\"500\" height=\"106\" src=\"https:\/\/www.cloverleaf.scot\/wp-content\/uploads\/2023\/04\/SunSpot500.png\" class=\"vc_single_image-img attachment-full\" alt=\"\" title=\"Crieff Cloverleaf SunSpot\" srcset=\"https:\/\/www.cloverleaf.scot\/wp-content\/uploads\/2023\/04\/SunSpot500.png 500w, https:\/\/www.cloverleaf.scot\/wp-content\/uploads\/2023\/04\/SunSpot500-300x64.png 300w\" sizes=\"(max-width: 500px) 100vw, 500px\" \/><\/div>\n\t\t<\/figure>\n\t<\/div>\n<style>.vcex-heading.vcex_69e0504bb7a7a{font-size:1.2em;font-weight:400;}<\/style><h1 class=\"vcex-heading vcex-heading-plain vcex-module wpex-heading wpex-text-2xl vc_custom_1673371314255 vcex_69e0504bb7a7a\"><span class=\"vcex-heading-inner wpex-inline-block\">Bienvenido a SunSpot, la Crieff Cloverleaf herramienta gratuita de previsi\u00f3n meteorol\u00f3gica.<\/span><\/h1><\/div><\/div><\/div><\/div><div class=\"vc_row wpb_row vc_row-fluid vc_custom_1673377367823 wpex-relative wpex-vc_row-has-fill wpex-vc-row-boxed-layout-stretched wpex-vc-reset-negative-margin\"><div class=\"wpb_column vc_column_container vc_col-sm-8\"><div class=\"vc_column-inner vc_custom_1672680686255\"><div class=\"wpb_wrapper\"><div class=\"vc_row wpb_row vc_inner vc_row-fluid vc_custom_1673270761472 wpex-relative\"><div class=\"wpb_column vc_column_container vc_col-sm-6\"><div class=\"vc_column-inner vc_custom_1673270519432\"><div class=\"wpb_wrapper\"><style>.vcex-button.vcex_69e0504bb9407{font-weight:700;}<\/style><div class=\"theme-button-wrap theme-button-expanded-wrap\"><a href=\"https:\/\/www.cloverleaf.scot\/es\/manchas-sol-crieff-cloverleaf-weather-small-maps\/#fliz-maptabs\" class=\"vcex-button theme-button medium expanded expanded vcex_69e0504bb9407\"><span class=\"vcex-button-inner theme-button-inner wpex-flex wpex-flex-wrap wpex-items-center wpex-justify-center\">Mapas de tama\u00f1o m\u00f3vil<span class=\"vcex-button-icon vcex-icon-wrap theme-button-icon-right\"><span class=\"wpex-icon wpex-icon--bidi\" aria-hidden=\"true\"><svg xmlns=\"http:\/\/www.w3.org\/2000\/svg\" viewBox=\"0 0 448 512\"><path d=\"M438.6 278.6c12.5-12.5 12.5-32.8 0-45.3l-160-160c-12.5-12.5-32.8-12.5-45.3 0s-12.5 32.8 0 45.3L338.8 224 32 224c-17.7 0-32 14.3-32 32s14.3 32 32 32l306.7 0L233.4 393.4c-12.5 12.5-12.5 32.8 0 45.3s32.8 12.5 45.3 0l160-160z\"\/><\/svg><\/span><\/span><\/span><\/a><\/div> <\/div><\/div><\/div><div class=\"wpb_column vc_column_container vc_col-sm-6\"><div class=\"vc_column-inner vc_custom_1673270527160\"><div class=\"wpb_wrapper\"><style>.vcex-button.vcex_69e0504bba5ad{font-weight:700;}<\/style><div class=\"theme-button-wrap theme-button-expanded-wrap\"><a href=\"https:\/\/www.cloverleaf.scot\/es\/mapas-sunspot-a-tamano-real\/#fliz-maptabs\" class=\"vcex-button theme-button medium expanded expanded vcex_69e0504bba5ad\"><span class=\"vcex-button-inner theme-button-inner wpex-flex wpex-flex-wrap wpex-items-center wpex-justify-center\">Mapas a tama\u00f1o real<span class=\"vcex-button-icon vcex-icon-wrap theme-button-icon-right\"><span class=\"wpex-icon wpex-icon--bidi\" aria-hidden=\"true\"><svg xmlns=\"http:\/\/www.w3.org\/2000\/svg\" viewBox=\"0 0 448 512\"><path d=\"M438.6 278.6c12.5-12.5 12.5-32.8 0-45.3l-160-160c-12.5-12.5-32.8-12.5-45.3 0s-12.5 32.8 0 45.3L338.8 224 32 224c-17.7 0-32 14.3-32 32s14.3 32 32 32l306.7 0L233.4 393.4c-12.5 12.5-12.5 32.8 0 45.3s32.8 12.5 45.3 0l160-160z\"\/><\/svg><\/span><\/span><\/span><\/a><\/div> <\/div><\/div><\/div><\/div><div class=\"vc_row wpb_row vc_inner vc_row-fluid wpex-relative\"><div class=\"wpb_column vc_column_container vc_col-sm-6\"><div class=\"vc_column-inner\"><div class=\"wpb_wrapper\">\n\t<div class=\"wpb_text_column wpb_content_element\" >\n\t\t<div class=\"wpb_wrapper\">\n\t\t\t<p>En un d\u00eda cualquiera, el tiempo en Escocia puede variar mucho.<br \/>\nCada ruta <a href=\"https:\/\/www.cloverleaf.scot\/es\/\" target=\"_blank\" rel=\"noopener\">de Crieff Cloverleaf<\/a> toma una direcci\u00f3n diferente al salir de Crieff.<br \/>\nEl tiempo que encuentre depender\u00e1 de la direcci\u00f3n que elija.<br \/>\n\u00a1SunSpot es nuestra herramienta para ayudarte a elegir la aventura de cada d\u00eda!   <\/p>\n<p>Nuestros mapas SunSpot muestran el tiempo que es probable que encuentres en cada ruta, a medida que avanzas.<br \/>\nSunSpot asume que recorrer\u00e1s cada ruta a un ritmo medio, en la direcci\u00f3n est\u00e1ndar.<br \/>\nNuestro algoritmo de previsi\u00f3n de rutas deja media hora para las paradas de descanso de la ma\u00f1ana y la tarde, y una hora para la pausa del almuerzo.<\/p>\n\n\t\t<\/div>\n\t<\/div>\n<\/div><\/div><\/div><div class=\"wpb_column vc_column_container vc_col-sm-6\"><div class=\"vc_column-inner\"><div class=\"wpb_wrapper\">\n\t<div class=\"wpb_text_column wpb_content_element\" >\n\t\t<div class=\"wpb_wrapper\">\n\t\t\t<p>SunSpot ofrece previsiones para hoy, ma\u00f1ana y pasado ma\u00f1ana, para ayudarle a planificar sus paseos.<br \/>\nLa previsi\u00f3n para ma\u00f1ana deber\u00eda ser m\u00e1s precisa a medida que avance el d\u00eda, por lo que recomendamos consultar la previsi\u00f3n de SunSpot esta tarde, y de nuevo ma\u00f1ana a primera hora antes de salir a rodar. <\/p>\n<p>Los datos meteorol\u00f3gicos brutos que utilizamos para crear nuestros mapas gratuitos nos los proporciona amablemente <a href=\"https:\/\/open-meteo.com\/\" target=\"_blank\" rel=\"noopener\">Open-Meteo.com<\/a>.<\/p>\n<p>Las predicciones de SunSpot no garantizan una precisi\u00f3n del 100%, pero esperamos que te orienten en la direcci\u00f3n correcta (\u00a1literalmente!).<\/p>\n\n\t\t<\/div>\n\t<\/div>\n<\/div><\/div><\/div><\/div><\/div><\/div><\/div><div class=\"wpb_column vc_column_container vc_col-sm-4\"><div class=\"vc_column-inner\"><div class=\"wpb_wrapper\">\n\t<div class=\"wpb_text_column wpb_content_element\" >\n\t\t<div class=\"wpb_wrapper\">\n\t\t\t<div class=\"fliz-sunspot-keytable\">\n<div class=\"fliz-sunspot-keyhead\">\n<h2>Clave del tiempo<\/h2>\n<\/div>\n<hr class=\"fliz-hrtop\">\n<div class=\"fliz-sunspot-keyrow\">\n<div class=\"fliz-sunspot-keysquares\">\n<div class=\"fliz-sunspot-square\" style=\"background: #FFC900;\"><\/div>\n<div class=\"fliz-sunspot-square\" style=\"background: #cca100;\"><\/div>\n<div class=\"fliz-sunspot-square\" style=\"background: #997900;\"><\/div>\n<\/div>\n<div class=\"fliz-sunspot-keytext\">\n<h3><strong>Soleado \/ parcialmente soleado<\/strong><\/h3>\n<p>\u00a1Precioso! Ve y disfruta. <\/p>\n<\/div>\n<\/div>\n<div class=\"fliz-sunspot-keyrow\">\n<div class=\"fliz-sunspot-keysquares\">\n<div class=\"fliz-sunspot-square\" style=\"background: #AAAAAA;\"><\/div>\n<div class=\"fliz-sunspot-square\" style=\"background: #919191;\"><\/div>\n<div class=\"fliz-sunspot-square\" style=\"background: #777777;\"><\/div>\n<\/div>\n<div class=\"fliz-sunspot-keytext\">\n<h3>Nublado \/ cubierto<\/h3>\n<p>Deber\u00edas permanecer (casi) seco.<\/p>\n<\/div>\n<\/div>\n<div class=\"fliz-sunspot-keyrow\">\n<div class=\"fliz-sunspot-keysquares\">\n<div class=\"fliz-sunspot-square\" style=\"background: #00FFFF;\"><\/div>\n<div class=\"fliz-sunspot-square\" style=\"background: #00cccc;\"><\/div>\n<div class=\"fliz-sunspot-square\" style=\"background: #009999;\"><\/div>\n<\/div>\n<div class=\"fliz-sunspot-keytext\">\n<h3>Chubascos ligeros \/ lluvia ligera<\/h3>\n<p>Podr\u00edas mojarte un poco.<\/p>\n<\/div>\n<\/div>\n<div class=\"fliz-sunspot-keyrow\">\n<div class=\"fliz-sunspot-keysquares\">\n<div class=\"fliz-sunspot-square\" style=\"background: #0066FF;\"><\/div>\n<div class=\"fliz-sunspot-square\" style=\"background: #0052cc;\"><\/div>\n<div class=\"fliz-sunspot-square\" style=\"background: #003d99;\"><\/div>\n<\/div>\n<div class=\"fliz-sunspot-keytext\">\n<h3>Chubascos fuertes \/ lluvia intensa<\/h3>\n<p>Podr\u00edas mojarte mucho.<\/p>\n<\/div>\n<\/div>\n<div class=\"fliz-sunspot-keyrow\">\n<div class=\"fliz-sunspot-keysquares\">\n<div class=\"fliz-sunspot-square\" style=\"background: #FF0000;\"><\/div>\n<div class=\"fliz-sunspot-square\" style=\"background: #cc0000;\"><\/div>\n<div class=\"fliz-sunspot-square\" style=\"background: #990000;\"><\/div>\n<\/div>\n<div class=\"fliz-sunspot-keytext\">\n<h3>Nieve \/ aguanieve \/ granizo \/ rayos<\/h3>\n<p>B\u00e1sicamente, horrible. Ev\u00edtalo. <\/p>\n<\/div>\n<\/div>\n<hr class=\"fliz-hrbottom\">\n<div class=\"fliz-sunspot-keyfoot\">Color m\u00e1s oscuro = m\u00e1s probabilidades de mojarse.<\/div>\n<\/div>\n\n\t\t<\/div>\n\t<\/div>\n<style>.vcex-button.vcex_69e0504bbd059{font-weight:700;}<\/style><div class=\"vc_custom_1673273764370 wpex-clr\"><div class=\"theme-button-wrap theme-button-expanded-wrap\"><a href=\"https:\/\/www.cloverleaf.scot\/es\/manchas-sol-crieff-cloverleaf-weather-small-maps\/#fliz-maptabs\" class=\"vcex-button theme-button medium expanded visible-phone expanded vcex_69e0504bbd059\"><span class=\"vcex-button-inner theme-button-inner wpex-flex wpex-flex-wrap wpex-items-center wpex-justify-center\">Mapas de tama\u00f1o m\u00f3vil<span class=\"vcex-button-icon vcex-icon-wrap theme-button-icon-right\"><span class=\"wpex-icon wpex-icon--bidi\" aria-hidden=\"true\"><svg xmlns=\"http:\/\/www.w3.org\/2000\/svg\" viewBox=\"0 0 448 512\"><path d=\"M438.6 278.6c12.5-12.5 12.5-32.8 0-45.3l-160-160c-12.5-12.5-32.8-12.5-45.3 0s-12.5 32.8 0 45.3L338.8 224 32 224c-17.7 0-32 14.3-32 32s14.3 32 32 32l306.7 0L233.4 393.4c-12.5 12.5-12.5 32.8 0 45.3s32.8 12.5 45.3 0l160-160z\"\/><\/svg><\/span><\/span><\/span><\/a><\/div><\/div> <style>.vcex-button.vcex_69e0504bbe587{font-weight:700;}<\/style><div class=\"vc_custom_1673273631803 wpex-clr\"><div class=\"theme-button-wrap theme-button-expanded-wrap\"><a href=\"https:\/\/www.cloverleaf.scot\/es\/mapas-sunspot-a-tamano-real\/#fliz-maptabs\" class=\"vcex-button theme-button medium expanded visible-phone expanded vcex_69e0504bbe587\"><span class=\"vcex-button-inner theme-button-inner wpex-flex wpex-flex-wrap wpex-items-center wpex-justify-center\">Mapas a tama\u00f1o real<span class=\"vcex-button-icon vcex-icon-wrap theme-button-icon-right\"><span class=\"wpex-icon wpex-icon--bidi\" aria-hidden=\"true\"><svg xmlns=\"http:\/\/www.w3.org\/2000\/svg\" viewBox=\"0 0 448 512\"><path d=\"M438.6 278.6c12.5-12.5 12.5-32.8 0-45.3l-160-160c-12.5-12.5-32.8-12.5-45.3 0s-12.5 32.8 0 45.3L338.8 224 32 224c-17.7 0-32 14.3-32 32s14.3 32 32 32l306.7 0L233.4 393.4c-12.5 12.5-12.5 32.8 0 45.3s32.8 12.5 45.3 0l160-160z\"\/><\/svg><\/span><\/span><\/span><\/a><\/div><\/div> <\/div><\/div><\/div><\/div><div class=\"vc_row wpb_row vc_row-fluid fliz-sunspot-refresh-note vc_custom_1673377478633 wpex-relative wpex-vc_row-has-fill wpex-vc-row-boxed-layout-stretched wpex-vc-reset-negative-margin\"><div class=\"wpb_column vc_column_container vc_col-sm-12\"><div class=\"vc_column-inner vc_custom_1672694264623\"><div class=\"wpb_wrapper\"><div class=\"vcex-module vcex-divider vcex-divider-solid vcex-divider-center wpex-mx-auto vcex-divider-has-icon wpex-flex wpex-items-center\"><div class=\"vcex-divider-border wpex-flex-grow wpex-border-b wpex-border-solid wpex-border-main\" style=\"border-color:#ffc900;border-bottom-width:1px;\"><\/div><span class=\"vcex-divider-icon-span wpex-inline-flex wpex-justify-center wpex-items-center wpex-box-content wpex-inline-block wpex-text-center wpex-text-lg wpex-py-10 wpex-px-20\" style=\"color:#ffc900;\"><span class=\"wpex-icon\" aria-hidden=\"true\"><svg xmlns=\"http:\/\/www.w3.org\/2000\/svg\" viewBox=\"0 0 41 32\"><path d=\"M41.089 18.5q0.214 1.839-0.393 3.545t-1.768 2.92-2.83 1.893-3.509 0.554q-2.875-0.196-4.991-2.232t-2.402-4.893q-0.214-1.982 0.491-3.759t2.116-3.045l-1.268-1.911q-1.714 1.429-2.696 3.464t-0.982 4.357q0 0.482-0.33 0.83t-0.813 0.348h-5.804q-0.411 2.929-2.661 4.893t-5.25 1.964q-3.304 0-5.652-2.348t-2.348-5.652 2.348-5.652 5.652-2.348q1.357 0 2.714 0.482l0.429-0.804q-2.196-1.964-5.429-1.964h-1.143q-0.464 0-0.804-0.339t-0.339-0.804 0.339-0.804 0.804-0.339h2.286q1.393 0 2.589 0.241t2.080 0.688 1.277 0.705 0.911 0.652h11.196l-1.518-2.286h-3.964q-0.536 0-0.875-0.402t-0.25-0.938q0.071-0.411 0.411-0.679t0.768-0.268h4.518q0.589 0 0.946 0.5l1.25 1.875 2.036-2.036q0.339-0.339 0.821-0.339h1.804q0.464 0 0.804 0.339t0.339 0.804v2.286q0 0.464-0.339 0.804t-0.804 0.339h-3.196l2.054 3.071q2.339-1.125 4.911-0.643 2.554 0.464 4.357 2.402t2.107 4.527zM8 25.143q2.054 0 3.625-1.295t1.982-3.277h-5.607q-0.625 0-0.982-0.554-0.321-0.571-0.018-1.125l2.625-4.946q-0.839-0.232-1.625-0.232-2.357 0-4.036 1.679t-1.679 4.036 1.679 4.036 4.036 1.679zM33.143 25.143q2.357 0 4.036-1.679t1.679-4.036-1.679-4.036-4.036-1.679q-1.071 0-2.161 0.429l3.107 4.643q0.268 0.411 0.179 0.875t-0.482 0.714q-0.268 0.196-0.643 0.196-0.625 0-0.946-0.518l-3.107-4.643q-1.661 1.696-1.661 4.018 0 2.357 1.679 4.036t4.036 1.679z\"><\/path><\/svg><\/span><\/span><div class=\"vcex-divider-border wpex-flex-grow wpex-border-b wpex-border-solid wpex-border-main\" style=\"border-color:#ffc900;border-bottom-width:1px;\"><\/div><\/div>\n\t<div class=\"wpb_text_column wpb_content_element\" >\n\t\t<div class=\"wpb_wrapper\">\n\t\t\t<p style=\"text-align: center;\"><em>Cada 3 horas se generan nuevos mapas. Actualice las p\u00e1ginas de mapas para ver los \u00faltimos mapas disponibles.<\/em><\/p>\n\n\t\t<\/div>\n\t<\/div>\n<\/div><\/div><\/div><\/div><\/div>[\/vc_column][\/vc_row][vc_row full_width=\u00bbstretch_row\u00bb css=\u00bb.vc_custom_1690374399295{margin-bottom: 0px !important;padding-top: 25px !important;}\u00bb][vc_column css=\u00bb.vc_custom_1690374141331{margin-bottom: 0px !important;padding-bottom: 0px !important;}\u00bb]<div class=\"templatera_shortcode\"><style type=\"text\/css\" data-type=\"vc_shortcodes-custom-css\">.vc_custom_1689680319297{margin-top: 10px !important;margin-bottom: 10px !important;}.vc_custom_1689681727418{padding-top: 10px !important;}<\/style><div class=\"vc_row wpb_row vc_row-fluid wpex-relative wpex-vc-row-boxed-layout-stretched\"><div class=\"wpb_column fliz-fix-multis vc_column_container vc_col-sm-8\"><div class=\"vc_column-inner\"><div class=\"wpb_wrapper\"><style>.vcex-heading.vcex_69e0504bd1f8e{color:#c91a00;font-size:18px;font-weight:700;}.vcex-heading.vcex_69e0504bd1f8e .vcex-heading-side-border__border{border-color:#c91a00;}@media (max-width:479px){.vcex-heading.vcex_69e0504bd1f8e{font-size:18px;}}<\/style><h4 class=\"vcex-heading vcex-heading-side-border vcex-module wpex-heading wpex-text-2xl wpex-flex wpex-items-center wpex-text-center vc_custom_1689680319297 vcex_69e0504bd1f8e\"><span class=\"vcex-heading-side-border__border wpex-flex-grow wpex-h-0 wpex-border-solid wpex-border-b-2 wpex-mr-15\"><\/span><span class=\"vcex-heading-inner wpex-inline-block\">\u00a1\u00danete a la Coo Crew!<\/span><span class=\"vcex-heading-side-border__border wpex-flex-grow wpex-h-0 wpex-border-solid wpex-ml-15 wpex-border-b-2\"><\/span><\/h4>\n\t<div class=\"wpb_text_column wpb_content_element\" >\n\t\t<div class=\"wpb_wrapper\">\n\t\t\t<p>\u00bfTe resulta \u00fatil nuestra herramienta meteorol\u00f3gica gratuita SunSpot? Es una peque\u00f1a bestia \u00e1vida de tiempo de ordenador, y nos cuesta un dinero extra mantenerla en funcionamiento. <strong><span class=\"ticon ticon-heart\" style=\"color: #c91a00;\"> <\/span><span style=\"color: #c91a00;\">Nos encantar\u00eda <\/span> <span class=\"ticon ticon-heart\" style=\"color: #c91a00;\"> <\/span><\/strong>que nos apoyaras adquiriendo alguno de nuestros magn\u00edficos <a href=\"https:\/\/www.cloverleaf.scot\/gear-shop\/\">equipos deCrieff Cloverleaf <\/a>.<\/p>\n\n\t\t<\/div>\n\t<\/div>\n<div class=\"vc_empty_space\"   style=\"height: 16px\"><span class=\"vc_empty_space_inner\"><\/span><\/div><style>.vcex-button.vcex_69e0504bd38e8{background:#c91a00;color:#ffffff!important;}.vcex-button.vcex_69e0504bd38e8:hover{background:#ffffff!important;color:#000000!important;}<\/style><div class=\"theme-button-wrap textcenter wpex-clr\"><a href=\"https:\/\/www.cloverleaf.scot\/gear-shop\/\" class=\"vcex-button theme-button medium align-center inline vcex_69e0504bd38e8\"><span class=\"vcex-button-inner theme-button-inner wpex-flex wpex-flex-wrap wpex-items-center wpex-justify-center\">Ver todo nuestro material<\/span><\/a><\/div> <\/div><\/div><\/div><div class=\"wpb_column vc_column_container vc_col-sm-4\"><div class=\"vc_column-inner\"><div class=\"wpb_wrapper\"><style>.vcex-image.vcex_69e0504bd6651 .vcex-image-inner{max-width:720px;}<\/style><figure class=\"vcex-image vcex-module vcex_69e0504bd6651\"><div class=\"vcex-image-inner wpex-relative wpex-inline-block vc_custom_1689681727418\"><a href=\"https:\/\/www.cloverleaf.scot\/gear-shop\/\"><img width=\"1909\" height=\"1074\" src=\"https:\/\/www.cloverleaf.scot\/wp-content\/uploads\/2023\/07\/KonaGearShopWide.jpg\" class=\"vcex-image-img wpex-align-middle\" alt=\"\" loading=\"lazy\" decoding=\"async\" srcset=\"https:\/\/www.cloverleaf.scot\/wp-content\/uploads\/2023\/07\/KonaGearShopWide.jpg 1909w, https:\/\/www.cloverleaf.scot\/wp-content\/uploads\/2023\/07\/KonaGearShopWide-300x169.jpg 300w, https:\/\/www.cloverleaf.scot\/wp-content\/uploads\/2023\/07\/KonaGearShopWide-1024x576.jpg 1024w, https:\/\/www.cloverleaf.scot\/wp-content\/uploads\/2023\/07\/KonaGearShopWide-768x432.jpg 768w, https:\/\/www.cloverleaf.scot\/wp-content\/uploads\/2023\/07\/KonaGearShopWide-1536x864.jpg 1536w, https:\/\/www.cloverleaf.scot\/wp-content\/uploads\/2023\/07\/KonaGearShopWide-600x338.jpg 600w\" sizes=\"auto, (max-width: 1909px) 100vw, 1909px\" \/><\/a><\/div><\/figure><\/div><\/div><\/div><\/div><div class=\"vc_row wpb_row vc_row-fluid wpex-relative\"><div class=\"wpb_column vc_column_container vc_col-sm-12\"><div class=\"vc_column-inner\"><div class=\"wpb_wrapper\">\n\t<div class=\"wpb_text_column wpb_content_element\" >\n\t\t<div class=\"wpb_wrapper\">\n\t\t\t\n\t\t<\/div>\n\t<\/div>\n<\/div><\/div><\/div><\/div><\/div>[\/vc_column][\/vc_row]\n<\/div>","protected":false},"excerpt":{"rendered":"<p>Nuestro exclusivo mapa meteorol\u00f3gico SunSpot ofrece previsiones de rutas espec\u00edficas para hoy, ma\u00f1ana y pasado ma\u00f1ana, para ayudarte a planificar tus salidas.<\/p>\n","protected":false},"author":1,"featured_media":10942,"parent":0,"menu_order":0,"comment_status":"closed","ping_status":"closed","template":"","meta":{"footnotes":""},"class_list":["post-12267","page","type-page","status-publish","has-post-thumbnail","hentry","entry","has-media"],"_links":{"self":[{"href":"https:\/\/www.cloverleaf.scot\/es\/wp-json\/wp\/v2\/pages\/12267","targetHints":{"allow":["GET"]}}],"collection":[{"href":"https:\/\/www.cloverleaf.scot\/es\/wp-json\/wp\/v2\/pages"}],"about":[{"href":"https:\/\/www.cloverleaf.scot\/es\/wp-json\/wp\/v2\/types\/page"}],"author":[{"embeddable":true,"href":"https:\/\/www.cloverleaf.scot\/es\/wp-json\/wp\/v2\/users\/1"}],"replies":[{"embeddable":true,"href":"https:\/\/www.cloverleaf.scot\/es\/wp-json\/wp\/v2\/comments?post=12267"}],"version-history":[{"count":3,"href":"https:\/\/www.cloverleaf.scot\/es\/wp-json\/wp\/v2\/pages\/12267\/revisions"}],"predecessor-version":[{"id":12852,"href":"https:\/\/www.cloverleaf.scot\/es\/wp-json\/wp\/v2\/pages\/12267\/revisions\/12852"}],"wp:featuredmedia":[{"embeddable":true,"href":"https:\/\/www.cloverleaf.scot\/es\/wp-json\/wp\/v2\/media\/10942"}],"wp:attachment":[{"href":"https:\/\/www.cloverleaf.scot\/es\/wp-json\/wp\/v2\/media?parent=12267"}],"curies":[{"name":"wp","href":"https:\/\/api.w.org\/{rel}","templated":true}]}}