{"id":12273,"date":"2021-02-20T10:05:36","date_gmt":"2021-02-20T10:05:36","guid":{"rendered":"https:\/\/www.cloverleaf.scot\/habla-con-nosotros\/"},"modified":"2025-12-27T11:09:11","modified_gmt":"2025-12-27T11:09:11","slug":"habla-con-nosotros","status":"publish","type":"page","link":"https:\/\/www.cloverleaf.scot\/es\/habla-con-nosotros\/","title":{"rendered":"Habla con nosotros"},"content":{"rendered":"<div class=\"wpb-content-wrapper\">[vc_row][vc_column width=\u00bb2\/3&#8243; css=\u00bb.vc_custom_1613500211420{margin-bottom: 10px !important;}\u00bb][vc_column_text css=\u00bb.vc_custom_1613661779472{margin-bottom: 20px !important;}\u00bb]\n<div><strong>\u00bfPreguntas? \u00bfSugerencias? \u00bfBromas realmente buenas?  <\/strong><br \/>\nComp\u00e1rtelos con nosotros utilizando el siguiente formulario.<\/div>\n[\/vc_column_text][vc_separator color=\u00bbcustom\u00bb css=\u00bb.vc_custom_1613661822720{margin-bottom: 10px !important;}\u00bb accent_color=\u00bb#003365&#8243;]<noscript class=\"ninja-forms-noscript-message\">\n\tAviso: Se requiere JavaScript para este contenido.<\/noscript>\n<div id=\"nf-form-1-cont\" class=\"nf-form-cont\" aria-live=\"polite\" aria-labelledby=\"nf-form-title-1\" aria-describedby=\"nf-form-errors-1\" role=\"form\">\n\n    <div class=\"nf-loading-spinner\"><\/div>\n\n<\/div>\n        <!-- That data is being printed as a workaround to page builders reordering the order of the scripts loaded-->\n        <script>var formDisplay=1;var nfForms=nfForms||[];var form=[];form.id='1';form.settings={\"objectType\":\"Form Setting\",\"editActive\":true,\"title\":\"Habla con nosotros\",\"key\":\"\",\"created_at\":\"2020-12-05 15:31:58\",\"default_label_pos\":\"above\",\"conditions\":[],\"show_title\":0,\"clear_complete\":\"1\",\"hide_complete\":\"1\",\"wrapper_class\":\"\",\"element_class\":\"\",\"add_submit\":\"1\",\"logged_in\":\"\",\"not_logged_in_msg\":\"\",\"sub_limit_number\":\"\",\"sub_limit_msg\":\"\",\"calculations\":[],\"formContentData\":[\"name\",\"email\",\"message\",\"submit\",\"html_1613500027196\"],\"container_styles_background-color\":\"\",\"container_styles_border\":\"\",\"container_styles_border-style\":\"\",\"container_styles_border-color\":\"\",\"container_styles_color\":\"\",\"container_styles_height\":\"\",\"container_styles_width\":\"\",\"container_styles_font-size\":\"\",\"container_styles_margin\":\"\",\"container_styles_padding\":\"\",\"container_styles_display\":\"\",\"container_styles_float\":\"\",\"container_styles_show_advanced_css\":\"0\",\"container_styles_advanced\":\"\",\"title_styles_background-color\":\"\",\"title_styles_border\":\"\",\"title_styles_border-style\":\"\",\"title_styles_border-color\":\"\",\"title_styles_color\":\"\",\"title_styles_height\":\"\",\"title_styles_width\":\"\",\"title_styles_font-size\":\"\",\"title_styles_margin\":\"\",\"title_styles_padding\":\"\",\"title_styles_display\":\"\",\"title_styles_float\":\"\",\"title_styles_show_advanced_css\":\"0\",\"title_styles_advanced\":\"\",\"row_styles_background-color\":\"\",\"row_styles_border\":\"\",\"row_styles_border-style\":\"\",\"row_styles_border-color\":\"\",\"row_styles_color\":\"\",\"row_styles_height\":\"\",\"row_styles_width\":\"\",\"row_styles_font-size\":\"\",\"row_styles_margin\":\"\",\"row_styles_padding\":\"\",\"row_styles_display\":\"\",\"row_styles_show_advanced_css\":\"0\",\"row_styles_advanced\":\"\",\"row-odd_styles_background-color\":\"\",\"row-odd_styles_border\":\"\",\"row-odd_styles_border-style\":\"\",\"row-odd_styles_border-color\":\"\",\"row-odd_styles_color\":\"\",\"row-odd_styles_height\":\"\",\"row-odd_styles_width\":\"\",\"row-odd_styles_font-size\":\"\",\"row-odd_styles_margin\":\"\",\"row-odd_styles_padding\":\"\",\"row-odd_styles_display\":\"\",\"row-odd_styles_show_advanced_css\":\"0\",\"row-odd_styles_advanced\":\"\",\"success-msg_styles_background-color\":\"\",\"success-msg_styles_border\":\"\",\"success-msg_styles_border-style\":\"\",\"success-msg_styles_border-color\":\"\",\"success-msg_styles_color\":\"\",\"success-msg_styles_height\":\"\",\"success-msg_styles_width\":\"\",\"success-msg_styles_font-size\":\"\",\"success-msg_styles_margin\":\"\",\"success-msg_styles_padding\":\"\",\"success-msg_styles_display\":\"\",\"success-msg_styles_show_advanced_css\":\"0\",\"success-msg_styles_advanced\":\"\",\"error_msg_styles_background-color\":\"\",\"error_msg_styles_border\":\"\",\"error_msg_styles_border-style\":\"\",\"error_msg_styles_border-color\":\"\",\"error_msg_styles_color\":\"\",\"error_msg_styles_height\":\"\",\"error_msg_styles_width\":\"\",\"error_msg_styles_font-size\":\"\",\"error_msg_styles_margin\":\"\",\"error_msg_styles_padding\":\"\",\"error_msg_styles_display\":\"\",\"error_msg_styles_show_advanced_css\":\"0\",\"error_msg_styles_advanced\":\"\",\"allow_public_link\":0,\"embed_form\":\"\",\"changeEmailErrorMsg\":\"Introduce una direcci\\u00f3n de correo electr\\u00f3nico v\\u00e1lida.\",\"changeDateErrorMsg\":\"\\u00a1Introduce una fecha v\\u00e1lida!\",\"confirmFieldErrorMsg\":\"Estos campos deben coincidir.\",\"fieldNumberNumMinError\":\"Error de n\\u00famero m\\u00ednimo\",\"fieldNumberNumMaxError\":\"Error de n\\u00famero m\\u00e1ximo\",\"fieldNumberIncrementBy\":\"Increm\\u00e9ntalo por \",\"formErrorsCorrectErrors\":\"Corrige los errores antes de enviar este formulario.\",\"validateRequiredField\":\"Esto es un campo obligatorio.\",\"honeypotHoneypotError\":\"Error de Honeypot\",\"fieldsMarkedRequired\":\"Los campos marcados con <span class=\\\"ninja-forms-req-symbol\\\">*<\\\/span> son obligatorios\",\"currency\":\"\",\"unique_field_error\":\"Ya se ha enviado un formulario con este valor.\",\"drawerDisabled\":false,\"repeatable_fieldsets\":\"\",\"ninjaForms\":\"Ninja Forms\",\"fieldTextareaRTEInsertLink\":\"Insertar enlace\",\"fieldTextareaRTEInsertMedia\":\"Insertar medios\",\"fieldTextareaRTESelectAFile\":\"Seleccione un archivo\",\"formHoneypot\":\"Si eres un ser humano y est\\u00e1s viendo este campo, por favor d\\u00e9jalo vac\\u00edo.\",\"fileUploadOldCodeFileUploadInProgress\":\"Subida de archivo en curso.\",\"fileUploadOldCodeFileUpload\":\"SUBIDA DE ARCHIVO\",\"currencySymbol\":\"&pound;\",\"thousands_sep\":\".\",\"decimal_point\":\",\",\"siteLocale\":\"es_ES\",\"dateFormat\":\"d\\\/m\\\/Y\",\"startOfWeek\":\"1\",\"of\":\"de\",\"previousMonth\":\"Mes anterior\",\"nextMonth\":\"Pr\\u00f3ximo mes\",\"months\":[\"Enero\",\"Febrero\",\"Marzo\",\"Abril\",\"Mayo\",\"Junio\",\"Julio\",\"Agosto\",\"Septiembre\",\"Octubre\",\"Noviembre\",\"Diciembre\"],\"monthsShort\":[\"Ene\",\"Feb\",\"Mar\",\"Abr\",\"Mayo\",\"Jun\",\"Jul\",\"Ago\",\"Sep\",\"Oct\",\"Nov\",\"Dic\"],\"weekdays\":[\"Domingo\",\"Lunes\",\"Martes\",\"Mi\\u00e9rcoles\",\"Jueves\",\"Viernes\",\"S\\u00e1bado\"],\"weekdaysShort\":[\"Dom\",\"Lun\",\"Mar\",\"Mi\\u00e9\",\"Jue\",\"Vie\",\"S\\u00e1b\"],\"weekdaysMin\":[\"Do\",\"Lu\",\"Ma\",\"Mi\",\"Ju\",\"Vi\",\"S\\u00e1\"],\"recaptchaConsentMissing\":\"reCaptcha validation couldn&#039;t load.\",\"recaptchaMissingCookie\":\"reCaptcha v3 validation couldn&#039;t load the cookie needed to submit the form.\",\"recaptchaConsentEvent\":\"Accept reCaptcha cookies before sending the form.\",\"currency_symbol\":\"\",\"beforeForm\":\"\",\"beforeFields\":\"\",\"afterFields\":\"\",\"afterForm\":\"\"};form.fields=[{\"objectType\":\"Field\",\"objectDomain\":\"fields\",\"editActive\":false,\"order\":1,\"idAttribute\":\"id\",\"label\":\"Nombre\",\"key\":\"name\",\"type\":\"textbox\",\"created_at\":\"2020-12-05 15:31:58\",\"label_pos\":\"above\",\"required\":1,\"placeholder\":\"\",\"default\":\"\",\"wrapper_class\":\"\",\"element_class\":\"\",\"container_class\":\"\",\"input_limit\":\"\",\"input_limit_type\":\"characters\",\"input_limit_msg\":\"Personaje(s) abandonado(s)\",\"manual_key\":\"\",\"disable_input\":\"\",\"admin_label\":\"\",\"help_text\":\"\",\"desc_text\":\"\",\"disable_browser_autocomplete\":\"\",\"mask\":\"\",\"custom_mask\":\"\",\"wrap_styles_background-color\":\"\",\"wrap_styles_border\":\"\",\"wrap_styles_border-style\":\"\",\"wrap_styles_border-color\":\"\",\"wrap_styles_color\":\"\",\"wrap_styles_height\":\"\",\"wrap_styles_width\":\"\",\"wrap_styles_font-size\":\"\",\"wrap_styles_margin\":\"\",\"wrap_styles_padding\":\"\",\"wrap_styles_display\":\"\",\"wrap_styles_float\":\"\",\"wrap_styles_show_advanced_css\":0,\"wrap_styles_advanced\":\"\",\"label_styles_background-color\":\"\",\"label_styles_border\":\"\",\"label_styles_border-style\":\"\",\"label_styles_border-color\":\"\",\"label_styles_color\":\"\",\"label_styles_height\":\"\",\"label_styles_width\":\"\",\"label_styles_font-size\":\"\",\"label_styles_margin\":\"\",\"label_styles_padding\":\"\",\"label_styles_display\":\"\",\"label_styles_float\":\"\",\"label_styles_show_advanced_css\":0,\"label_styles_advanced\":\"\",\"element_styles_background-color\":\"\",\"element_styles_border\":\"\",\"element_styles_border-style\":\"\",\"element_styles_border-color\":\"\",\"element_styles_color\":\"\",\"element_styles_height\":\"\",\"element_styles_width\":\"\",\"element_styles_font-size\":\"\",\"element_styles_margin\":\"\",\"element_styles_padding\":\"\",\"element_styles_display\":\"\",\"element_styles_float\":\"\",\"element_styles_show_advanced_css\":0,\"element_styles_advanced\":\"\",\"cellcid\":\"c3277\",\"custom_name_attribute\":\"\",\"personally_identifiable\":\"\",\"value\":\"\",\"id\":1,\"beforeField\":\"\",\"afterField\":\"\",\"parentType\":\"textbox\",\"element_templates\":[\"textbox\",\"input\"],\"old_classname\":\"\",\"wrap_template\":\"wrap\"},{\"objectType\":\"Field\",\"objectDomain\":\"fields\",\"editActive\":false,\"order\":2,\"idAttribute\":\"id\",\"label\":\"Env\\u00eda un correo electr\\u00f3nico a\",\"key\":\"email\",\"type\":\"email\",\"created_at\":\"2020-12-05 15:31:58\",\"label_pos\":\"above\",\"required\":1,\"placeholder\":\"\",\"default\":\"\",\"wrapper_class\":\"\",\"element_class\":\"\",\"container_class\":\"\",\"admin_label\":\"\",\"help_text\":\"\",\"desc_text\":\"\",\"wrap_styles_background-color\":\"\",\"wrap_styles_border\":\"\",\"wrap_styles_border-style\":\"\",\"wrap_styles_border-color\":\"\",\"wrap_styles_color\":\"\",\"wrap_styles_height\":\"\",\"wrap_styles_width\":\"\",\"wrap_styles_font-size\":\"\",\"wrap_styles_margin\":\"\",\"wrap_styles_padding\":\"\",\"wrap_styles_display\":\"\",\"wrap_styles_float\":\"\",\"wrap_styles_show_advanced_css\":0,\"wrap_styles_advanced\":\"\",\"label_styles_background-color\":\"\",\"label_styles_border\":\"\",\"label_styles_border-style\":\"\",\"label_styles_border-color\":\"\",\"label_styles_color\":\"\",\"label_styles_height\":\"\",\"label_styles_width\":\"\",\"label_styles_font-size\":\"\",\"label_styles_margin\":\"\",\"label_styles_padding\":\"\",\"label_styles_display\":\"\",\"label_styles_float\":\"\",\"label_styles_show_advanced_css\":0,\"label_styles_advanced\":\"\",\"element_styles_background-color\":\"\",\"element_styles_border\":\"\",\"element_styles_border-style\":\"\",\"element_styles_border-color\":\"\",\"element_styles_color\":\"\",\"element_styles_height\":\"\",\"element_styles_width\":\"\",\"element_styles_font-size\":\"\",\"element_styles_margin\":\"\",\"element_styles_padding\":\"\",\"element_styles_display\":\"\",\"element_styles_float\":\"\",\"element_styles_show_advanced_css\":0,\"element_styles_advanced\":\"\",\"cellcid\":\"c3281\",\"custom_name_attribute\":\"email\",\"personally_identifiable\":1,\"value\":\"\",\"id\":2,\"beforeField\":\"\",\"afterField\":\"\",\"parentType\":\"email\",\"element_templates\":[\"email\",\"input\"],\"old_classname\":\"\",\"wrap_template\":\"wrap\"},{\"objectType\":\"Field\",\"objectDomain\":\"fields\",\"editActive\":false,\"order\":3,\"idAttribute\":\"id\",\"label\":\"Mensaje\",\"key\":\"message\",\"type\":\"textarea\",\"created_at\":\"2020-12-05 15:31:59\",\"label_pos\":\"above\",\"required\":1,\"placeholder\":\"\",\"default\":\"\",\"wrapper_class\":\"\",\"element_class\":\"\",\"container_class\":\"\",\"input_limit\":\"\",\"input_limit_type\":\"characters\",\"input_limit_msg\":\"Personaje(s) abandonado(s)\",\"manual_key\":\"\",\"disable_input\":\"\",\"admin_label\":\"\",\"help_text\":\"\",\"desc_text\":\"\",\"disable_browser_autocomplete\":\"\",\"textarea_rte\":\"\",\"disable_rte_mobile\":\"\",\"textarea_media\":\"\",\"wrap_styles_background-color\":\"\",\"wrap_styles_border\":\"\",\"wrap_styles_border-style\":\"\",\"wrap_styles_border-color\":\"\",\"wrap_styles_color\":\"\",\"wrap_styles_height\":\"\",\"wrap_styles_width\":\"\",\"wrap_styles_font-size\":\"\",\"wrap_styles_margin\":\"\",\"wrap_styles_padding\":\"\",\"wrap_styles_display\":\"\",\"wrap_styles_float\":\"\",\"wrap_styles_show_advanced_css\":0,\"wrap_styles_advanced\":\"\",\"label_styles_background-color\":\"\",\"label_styles_border\":\"\",\"label_styles_border-style\":\"\",\"label_styles_border-color\":\"\",\"label_styles_color\":\"\",\"label_styles_height\":\"\",\"label_styles_width\":\"\",\"label_styles_font-size\":\"\",\"label_styles_margin\":\"\",\"label_styles_padding\":\"\",\"label_styles_display\":\"\",\"label_styles_float\":\"\",\"label_styles_show_advanced_css\":0,\"label_styles_advanced\":\"\",\"element_styles_background-color\":\"\",\"element_styles_border\":\"\",\"element_styles_border-style\":\"\",\"element_styles_border-color\":\"\",\"element_styles_color\":\"\",\"element_styles_height\":\"\",\"element_styles_width\":\"\",\"element_styles_font-size\":\"\",\"element_styles_margin\":\"\",\"element_styles_padding\":\"\",\"element_styles_display\":\"\",\"element_styles_float\":\"\",\"element_styles_show_advanced_css\":0,\"element_styles_advanced\":\"\",\"cellcid\":\"c3284\",\"value\":\"\",\"id\":3,\"beforeField\":\"\",\"afterField\":\"\",\"parentType\":\"textarea\",\"element_templates\":[\"textarea\",\"input\"],\"old_classname\":\"\",\"wrap_template\":\"wrap\"},{\"objectType\":\"Field\",\"objectDomain\":\"fields\",\"editActive\":false,\"order\":5,\"idAttribute\":\"id\",\"label\":\"Env\\u00eda\",\"key\":\"submit\",\"type\":\"submit\",\"created_at\":\"2020-12-05 15:31:59\",\"processing_label\":\"Procesando\",\"container_class\":\"\",\"element_class\":\"\",\"wrap_styles_background-color\":\"\",\"wrap_styles_border\":\"\",\"wrap_styles_border-style\":\"\",\"wrap_styles_border-color\":\"\",\"wrap_styles_color\":\"\",\"wrap_styles_height\":\"\",\"wrap_styles_width\":\"\",\"wrap_styles_font-size\":\"\",\"wrap_styles_margin\":\"\",\"wrap_styles_padding\":\"\",\"wrap_styles_display\":\"\",\"wrap_styles_float\":\"\",\"wrap_styles_show_advanced_css\":0,\"wrap_styles_advanced\":\"\",\"label_styles_background-color\":\"\",\"label_styles_border\":\"\",\"label_styles_border-style\":\"\",\"label_styles_border-color\":\"\",\"label_styles_color\":\"\",\"label_styles_height\":\"\",\"label_styles_width\":\"\",\"label_styles_font-size\":\"\",\"label_styles_margin\":\"\",\"label_styles_padding\":\"\",\"label_styles_display\":\"\",\"label_styles_float\":\"\",\"label_styles_show_advanced_css\":0,\"label_styles_advanced\":\"\",\"element_styles_background-color\":\"\",\"element_styles_border\":\"\",\"element_styles_border-style\":\"\",\"element_styles_border-color\":\"\",\"element_styles_color\":\"\",\"element_styles_height\":\"\",\"element_styles_width\":\"\",\"element_styles_font-size\":\"\",\"element_styles_margin\":\"\",\"element_styles_padding\":\"\",\"element_styles_display\":\"\",\"element_styles_float\":\"\",\"element_styles_show_advanced_css\":0,\"element_styles_advanced\":\"\",\"submit_element_hover_styles_background-color\":\"\",\"submit_element_hover_styles_border\":\"\",\"submit_element_hover_styles_border-style\":\"\",\"submit_element_hover_styles_border-color\":\"\",\"submit_element_hover_styles_color\":\"\",\"submit_element_hover_styles_height\":\"\",\"submit_element_hover_styles_width\":\"\",\"submit_element_hover_styles_font-size\":\"\",\"submit_element_hover_styles_margin\":\"\",\"submit_element_hover_styles_padding\":\"\",\"submit_element_hover_styles_display\":\"\",\"submit_element_hover_styles_float\":\"\",\"submit_element_hover_styles_show_advanced_css\":0,\"submit_element_hover_styles_advanced\":\"\",\"cellcid\":\"c3287\",\"id\":4,\"beforeField\":\"\",\"afterField\":\"\",\"value\":\"\",\"label_pos\":\"above\",\"parentType\":\"textbox\",\"element_templates\":[\"submit\",\"button\",\"input\"],\"old_classname\":\"\",\"wrap_template\":\"wrap-no-label\"},{\"objectType\":\"Field\",\"objectDomain\":\"fields\",\"editActive\":false,\"order\":999,\"idAttribute\":\"id\",\"type\":\"html\",\"label\":\"HTML\",\"default\":\"<p><span id=\\\"nf-drawer-content\\\"><span class=\\\"nf-setting-groups\\\"><span class=\\\"nf-field-settings\\\"><span id=\\\"nf-drawer-content\\\"><span class=\\\"nf-setting-groups\\\"><span class=\\\"nf-field-settings\\\"><span id=\\\"nf-drawer-content\\\">\\n  <span class=\\\"nf-setting-groups\\\">\\n    <span class=\\\"nf-field-settings\\\">\\n      <span class=\\\"nf-field-sub-settings\\\">Al enviar este formulario a\\n, aceptas que utilicemos tus datos para responderte por correo electr\\u00f3nico.&nbsp; Consulta nuestra <\\\/span>\\n    <\\\/span>\\n  <\\\/span>\\n<\\\/span><a href=\\\"https:\\\/\\\/www.cloverleaf.scot\\\/terms-and-conditions\\\/privacy-policy\\\/\\\" target=\\\"_blank\\\">Pol\\u00edtica de privacidad<\\\/a><span id=\\\"nf-drawer-content\\\">\\n  <span class=\\\"nf-setting-groups\\\">\\n    <span class=\\\"nf-field-settings\\\">\\n      <span class=\\\"nf-field-sub-settings\\\"> para m\\u00e1s informaci\\u00f3n.<\\\/span>\\n    <\\\/span>\\n  <\\\/span>\\n<\\\/span><\\\/span><\\\/span><\\\/span><\\\/span><\\\/span><\\\/span><br><\\\/p>\",\"container_class\":\"fliz-chimp-tcs\",\"element_class\":\"\",\"key\":\"html_1613500027196\",\"drawerDisabled\":false,\"id\":26,\"beforeField\":\"\",\"afterField\":\"\",\"value\":\"<p><span id=\\\"nf-drawer-content\\\"><span class=\\\"nf-setting-groups\\\"><span class=\\\"nf-field-settings\\\"><span id=\\\"nf-drawer-content\\\"><span class=\\\"nf-setting-groups\\\"><span class=\\\"nf-field-settings\\\"><span id=\\\"nf-drawer-content\\\">\\n  <span class=\\\"nf-setting-groups\\\">\\n    <span class=\\\"nf-field-settings\\\">\\n      <span class=\\\"nf-field-sub-settings\\\">Al enviar este formulario a\\n, aceptas que utilicemos tus datos para responderte por correo electr\\u00f3nico.&nbsp; Consulta nuestra <\\\/span>\\n    <\\\/span>\\n  <\\\/span>\\n<\\\/span><a href=\\\"https:\\\/\\\/www.cloverleaf.scot\\\/terms-and-conditions\\\/privacy-policy\\\/\\\" target=\\\"_blank\\\">Pol\\u00edtica de privacidad<\\\/a><span id=\\\"nf-drawer-content\\\">\\n  <span class=\\\"nf-setting-groups\\\">\\n    <span class=\\\"nf-field-settings\\\">\\n      <span class=\\\"nf-field-sub-settings\\\"> para m\\u00e1s informaci\\u00f3n.<\\\/span>\\n    <\\\/span>\\n  <\\\/span>\\n<\\\/span><\\\/span><\\\/span><\\\/span><\\\/span><\\\/span><\\\/span><br><\\\/p>\",\"label_pos\":\"above\",\"parentType\":\"html\",\"element_templates\":[\"html\",\"input\"],\"old_classname\":\"\",\"wrap_template\":\"wrap\"}];nfForms.push(form);<\/script>\n        [vc_separator color=\u00bbcustom\u00bb accent_color=\u00bb#003365&#8243;][vc_column_text css=\u00bb.vc_custom_1613662109849{margin-top: 20px !important;}\u00bb]\n<div><strong>\u00bfOdias los formularios online? S\u00ed, nosotros tambi\u00e9n. <\/strong><br \/>\nSi quieres, puedes enviarnos un correo electr\u00f3nico a <a href=\"mailto:hiya@cloverleaf.scot\">hiya@cloverleaf.scot<\/a>.<\/div>\n[\/vc_column_text][\/vc_column][vc_column width=\u00bb1\/3&#8243; css=\u00bb.vc_custom_1732371402029{padding-top: 0px !important;padding-bottom: 15px !important;background-color: #F2F8FF !important;}\u00bb][vc_column_text css=\u00bb\u00bb el_class=\u00bbfliz-pseudoside\u00bb]\n<h4>Ordena tu estancia con RoomLink<\/h4>\n<p><a href=\"https:\/\/www.cloverleaf.scot\/es\/roomlink\/\"><img loading=\"lazy\" decoding=\"async\" class=\"aligncenter size-full wp-image-7095\" src=\"https:\/\/www.cloverleaf.scot\/wp-content\/uploads\/2023\/07\/RoomLinkMan692.jpg\" alt=\"\u00a1Crieff Cloverleaf RoomLink te facilita el viaje!\" width=\"692\" height=\"461\" srcset=\"https:\/\/www.cloverleaf.scot\/wp-content\/uploads\/2023\/07\/RoomLinkMan692.jpg 692w, https:\/\/www.cloverleaf.scot\/wp-content\/uploads\/2023\/07\/RoomLinkMan692-300x200.jpg 300w, https:\/\/www.cloverleaf.scot\/wp-content\/uploads\/2023\/07\/RoomLinkMan692-600x400.jpg 600w\" sizes=\"auto, (max-width: 692px) 100vw, 692px\" \/><\/a><\/p>\n<p>Nuestro servicio <a href=\"https:\/\/www.cloverleaf.scot\/es\/roomlink\/\">RoomLink<\/a> te ayuda a encontrar alojamiento apto para moteros en Crieff y sus alrededores.<\/p>\n<h4>Equ\u00edpate en la Gear Shop<br \/><\/h4>\n<p><a href=\"https:\/\/www.cloverleaf.scot\/gear-shop\/\"><img loading=\"lazy\" decoding=\"async\" class=\"aligncenter size-large wp-image-10914\" src=\"https:\/\/www.cloverleaf.scot\/wp-content\/uploads\/2024\/03\/GearShopMontage_2024-1024x576.jpg\" alt=\"Crieff Cloverleaf Gear Shop: disfruta de nuestro magn\u00edfico material, que incluye tubos para el cuello, camisetas, parches, pegatinas y llaveros.\" width=\"980\" height=\"551\" srcset=\"https:\/\/www.cloverleaf.scot\/wp-content\/uploads\/2024\/03\/GearShopMontage_2024-1024x576.jpg 1024w, https:\/\/www.cloverleaf.scot\/wp-content\/uploads\/2024\/03\/GearShopMontage_2024-300x169.jpg 300w, https:\/\/www.cloverleaf.scot\/wp-content\/uploads\/2024\/03\/GearShopMontage_2024-768x432.jpg 768w, https:\/\/www.cloverleaf.scot\/wp-content\/uploads\/2024\/03\/GearShopMontage_2024-600x338.jpg 600w, https:\/\/www.cloverleaf.scot\/wp-content\/uploads\/2024\/03\/GearShopMontage_2024.jpg 1200w\" sizes=\"auto, (max-width: 980px) 100vw, 980px\" \/><\/a><\/p>\n<p>Nuestra Gear Shop tiene art\u00edculos \u00fatiles de primera calidad en una gama de llamativos dise\u00f1os de Crieff Cloverleaf.<\/p>\n<h4>Lo que dicen los moteros<\/h4>\n<p><a href=\"https:\/\/www.cloverleaf.scot\/es\/what-bikers-are-saying\/\"><img loading=\"lazy\" decoding=\"async\" class=\"size-full wp-image-3875\" src=\"https:\/\/www.cloverleaf.scot\/wp-content\/uploads\/2021\/07\/PhilipAndDeirdre.jpg\" alt=\"Philip y Deirdre\" width=\"956\" height=\"728\" srcset=\"https:\/\/www.cloverleaf.scot\/wp-content\/uploads\/2021\/07\/PhilipAndDeirdre.jpg 956w, https:\/\/www.cloverleaf.scot\/wp-content\/uploads\/2021\/07\/PhilipAndDeirdre-300x228.jpg 300w, https:\/\/www.cloverleaf.scot\/wp-content\/uploads\/2021\/07\/PhilipAndDeirdre-768x585.jpg 768w, https:\/\/www.cloverleaf.scot\/wp-content\/uploads\/2021\/07\/PhilipAndDeirdre-600x457.jpg 600w, https:\/\/www.cloverleaf.scot\/wp-content\/uploads\/2021\/07\/PhilipAndDeirdre-700x533.jpg 700w\" sizes=\"auto, (max-width: 956px) 100vw, 956px\" \/><\/a><\/p>\n<p>\u00bfQuieres ver qu\u00e9 opinan otros moteros del Crieff Cloverleaf? \u00a1Echa un vistazo a nuestros <a href=\"https:\/\/www.cloverleaf.scot\/es\/what-bikers-are-saying\/video-reviews\/\">comentarios en v\u00eddeo<\/a> y a <a href=\"https:\/\/www.cloverleaf.scot\/es\/what-bikers-are-saying\/\">las opiniones de los moteros<\/a>![\/vc_column_text][\/vc_column][\/vc_row]\n<\/div>","protected":false},"excerpt":{"rendered":"<p>[vc_row][vc_column width=\u00bb2\/3&#8243; css=\u00bb.vc_custom_1613500211420{margin-bottom: 10px !important;}\u00bb][vc_column_text css=\u00bb.vc_custom_1613661779472{margin-bottom: 20px !important;}\u00bb] \u00bfPreguntas? \u00bfSugerencias? \u00bfBromas realmente buenas? Comp\u00e1rtelos con nosotros utilizando el siguiente formulario. [\/vc_column_text][vc_separator color=\u00bbcustom\u00bb css=\u00bb.vc_custom_1613661822720{margin-bottom: 10px !important;}\u00bb accent_color=\u00bb#003365&#8243;][vc_separator color=\u00bbcustom\u00bb accent_color=\u00bb#003365&#8243;][vc_column_text css=\u00bb.vc_custom_1613662109849{margin-top: 20px !important;}\u00bb] \u00bfOdias los formularios online? S\u00ed, nosotros tambi\u00e9n. Si quieres, puedes enviarnos un correo electr\u00f3nico a hiya@cloverleaf.scot. [\/vc_column_text][\/vc_column][vc_column width=\u00bb1\/3&#8243; css=\u00bb.vc_custom_1732371402029{padding-top: 0px !important;padding-bottom: 15px !important;background-color: #F2F8FF&hellip;<\/p>\n","protected":false},"author":1,"featured_media":0,"parent":0,"menu_order":0,"comment_status":"closed","ping_status":"closed","template":"","meta":{"footnotes":""},"class_list":["post-12273","page","type-page","status-publish","hentry","entry","no-media"],"_links":{"self":[{"href":"https:\/\/www.cloverleaf.scot\/es\/wp-json\/wp\/v2\/pages\/12273","targetHints":{"allow":["GET"]}}],"collection":[{"href":"https:\/\/www.cloverleaf.scot\/es\/wp-json\/wp\/v2\/pages"}],"about":[{"href":"https:\/\/www.cloverleaf.scot\/es\/wp-json\/wp\/v2\/types\/page"}],"author":[{"embeddable":true,"href":"https:\/\/www.cloverleaf.scot\/es\/wp-json\/wp\/v2\/users\/1"}],"replies":[{"embeddable":true,"href":"https:\/\/www.cloverleaf.scot\/es\/wp-json\/wp\/v2\/comments?post=12273"}],"version-history":[{"count":3,"href":"https:\/\/www.cloverleaf.scot\/es\/wp-json\/wp\/v2\/pages\/12273\/revisions"}],"predecessor-version":[{"id":13753,"href":"https:\/\/www.cloverleaf.scot\/es\/wp-json\/wp\/v2\/pages\/12273\/revisions\/13753"}],"wp:attachment":[{"href":"https:\/\/www.cloverleaf.scot\/es\/wp-json\/wp\/v2\/media?parent=12273"}],"curies":[{"name":"wp","href":"https:\/\/api.w.org\/{rel}","templated":true}]}}