{"id":12287,"date":"2021-06-28T13:06:00","date_gmt":"2021-06-28T12:06:00","guid":{"rendered":"https:\/\/www.cloverleaf.scot\/que-dicen-los-motos\/videoreviews\/"},"modified":"2025-12-27T11:14:27","modified_gmt":"2025-12-27T11:14:27","slug":"video-reviews","status":"publish","type":"page","link":"https:\/\/www.cloverleaf.scot\/es\/what-bikers-are-saying\/video-reviews\/","title":{"rendered":"Videoreviews"},"content":{"rendered":"<div class=\"wpb-content-wrapper\">[vc_row][vc_column]<style>.vcex-heading.vcex_69e055270670e{color:#003365;font-family:Ribeye;}.vcex-heading.vcex_69e055270670e .vcex-heading-side-border__border{border-color:#0067ce;}<\/style><div class=\"vcex-heading vcex-heading-side-border vcex-module wpex-heading wpex-text-2xl wpex-flex wpex-items-center wpex-text-center vcex_69e055270670e\"><span class=\"vcex-heading-side-border__border wpex-flex-grow wpex-h-0 wpex-border-solid wpex-border-b-3 wpex-mr-15\"><\/span><span class=\"vcex-heading-inner wpex-inline-block\">Rese\u00f1as de The Missenden Flyer<\/span><span class=\"vcex-heading-side-border__border wpex-flex-grow wpex-h-0 wpex-border-solid wpex-ml-15 wpex-border-b-3\"><\/span><\/div>[\/vc_column][\/vc_row][vc_row][vc_column width=\u00bb1\/2&#8243;][vc_video link=\u00bbhttps:\/\/www.youtube.com\/watch?v=EIGoRuE7W6Q\u00bb css=\u00bb\u00bb][\/vc_column][vc_column width=\u00bb1\/2&#8243;][vc_video link=\u00bbhttps:\/\/www.youtube.com\/watch?v=Vn14wab6Pws\u00bb css=\u00bb\u00bb][\/vc_column][\/vc_row][vc_row][vc_column width=\u00bb1\/2&#8243;][vc_video link=\u00bbhttps:\/\/www.youtube.com\/watch?v=-ezKkKHWazM\u00bb css=\u00bb\u00bb][\/vc_column][vc_column width=\u00bb1\/2&#8243;][vc_video link=\u00bbhttps:\/\/www.youtube.com\/watch?v=GN0e-dICUqo\u00bb css=\u00bb\u00bb][\/vc_column][\/vc_row][vc_row][vc_column width=\u00bb1\/2&#8243;]<style>.vcex-heading.vcex_69e0552709b47{color:#003365;font-family:Ribeye;}.vcex-heading.vcex_69e0552709b47 .vcex-heading-side-border__border{border-color:#0067ce;}<\/style><div class=\"vcex-heading vcex-heading-side-border vcex-module wpex-heading wpex-text-2xl wpex-flex wpex-items-center wpex-text-center vcex_69e0552709b47\"><span class=\"vcex-heading-side-border__border wpex-flex-grow wpex-h-0 wpex-border-solid wpex-border-b-3 wpex-mr-15\"><\/span><span class=\"vcex-heading-inner wpex-inline-block\">Rese\u00f1as de Big Mark<\/span><span class=\"vcex-heading-side-border__border wpex-flex-grow wpex-h-0 wpex-border-solid wpex-ml-15 wpex-border-b-3\"><\/span><\/div>[vc_column_text css=\u00bb.vc_custom_1746109902740{padding-top: 15px !important;}\u00bb]<a href=\"https:\/\/www.youtube.com\/@BigMarkRides\" target=\"_blank\" rel=\"noopener\"><img decoding=\"async\" class=\"alignright size-full wp-image-13114\" src=\"https:\/\/www.cloverleaf.scot\/wp-content\/uploads\/2025\/05\/BigMark.png\" alt=\"Big Mark, motero y youtuber\" width=\"150px\" srcset=\"https:\/\/www.cloverleaf.scot\/wp-content\/uploads\/2025\/05\/BigMark.png 524w, https:\/\/www.cloverleaf.scot\/wp-content\/uploads\/2025\/05\/BigMark-218x300.png 218w\" sizes=\"(max-width: 524px) 100vw, 524px\" \/><\/a><a href=\"https:\/\/www.youtube.com\/@BigMarkRides\" target=\"_blank\" rel=\"noopener\">El motero local y Youtuber Big Mark<\/a> est\u00e1 realizando un fabuloso trabajo cinematogr\u00e1fico, mostrando lo bien que te lo puedes pasar recorriendo las rutas de Crieff Cloverleaf y Little Leaf.<\/p>\n<p>\u00bfTienes amigos o familiares que no entienden tu adicci\u00f3n a las motos? Si\u00e9ntalos y haz que vean la deliciosa pel\u00edcula de Mark sobre Crieff Cloverleaf North. \u00a1Esta es la raz\u00f3n por la que montamos, amigos![\/vc_column_text][\/vc_column][vc_column width=\u00bb1\/2&#8243;][vc_video link=\u00bbhttps:\/\/www.youtube.com\/watch?v=qWy86zejfGQ\u00bb css=\u00bb\u00bb][\/vc_column][\/vc_row][vc_row][vc_column]<style>.vcex-heading.vcex_69e055270a83a{color:#003365;font-family:Ribeye;}.vcex-heading.vcex_69e055270a83a .vcex-heading-side-border__border{border-color:#0067ce;}<\/style><div class=\"vcex-heading vcex-heading-side-border vcex-module wpex-heading wpex-text-2xl wpex-flex wpex-items-center wpex-text-center vcex_69e055270a83a\"><span class=\"vcex-heading-side-border__border wpex-flex-grow wpex-h-0 wpex-border-solid wpex-border-b-3 wpex-mr-15\"><\/span><span class=\"vcex-heading-inner wpex-inline-block\">Big Mark&apos;s Little Leaf<\/span><span class=\"vcex-heading-side-border__border wpex-flex-grow wpex-h-0 wpex-border-solid wpex-ml-15 wpex-border-b-3\"><\/span><\/div>[\/vc_column][\/vc_row][vc_row full_width=\u00bbstretch_row\u00bb css=\u00bb.vc_custom_1746109582076{padding-top: 15px !important;}\u00bb][vc_column width=\u00bb1\/4&#8243;]<style>.vcex-image.vcex_69e055270b7f7 .vcex-image-img{border-radius:var(--wpex-rounded);}<\/style><figure class=\"vcex-image vcex-module vcex_69e055270b7f7\"><div class=\"vcex-image-inner wpex-relative wpex-inline-block vc_custom_1738241114025\"><a href=\"https:\/\/www.youtube.com\/watch?v=sMKWxvRA2tw&#038;ab_channel=BigMark\" title=\"Ver ahora\" target=\"_blank\" rel=\"noopener noreferrer\"><img width=\"1280\" height=\"720\" src=\"https:\/\/www.cloverleaf.scot\/wp-content\/uploads\/2025\/01\/BigMarkLL1.jpg\" class=\"vcex-image-img wpex-align-middle wpex-shadow\" alt=\"Crieff Cloverleaf Little Leaf #1 - Glen Lyon Loop - Video by Big Mark\" loading=\"lazy\" decoding=\"async\" srcset=\"https:\/\/www.cloverleaf.scot\/wp-content\/uploads\/2025\/01\/BigMarkLL1.jpg 1280w, https:\/\/www.cloverleaf.scot\/wp-content\/uploads\/2025\/01\/BigMarkLL1-300x169.jpg 300w, https:\/\/www.cloverleaf.scot\/wp-content\/uploads\/2025\/01\/BigMarkLL1-1024x576.jpg 1024w, https:\/\/www.cloverleaf.scot\/wp-content\/uploads\/2025\/01\/BigMarkLL1-768x432.jpg 768w, https:\/\/www.cloverleaf.scot\/wp-content\/uploads\/2025\/01\/BigMarkLL1-600x338.jpg 600w\" sizes=\"auto, (max-width: 1280px) 100vw, 1280px\" \/><\/a><\/div><\/figure><div class=\"theme-button-wrap textcenter wpex-clr\"><a href=\"https:\/\/www.youtube.com\/watch?v=sMKWxvRA2tw&#038;ab_channel=BigMark\" class=\"vcex-button theme-button small align-center inline\" title=\"Watch now\" target=\"_blank\" rel=\"noopener noreferrer\"><span class=\"vcex-button-inner theme-button-inner wpex-flex wpex-flex-wrap wpex-items-center wpex-justify-center\">Ver #1 &#8211; Glen Lyon<\/span><\/a><\/div> [\/vc_column][vc_column width=\u00bb1\/4&#8243;]<style>.vcex-image.vcex_69e055270fc4e .vcex-image-img{border-radius:var(--wpex-rounded);}<\/style><figure class=\"vcex-image vcex-module vcex_69e055270fc4e\"><div class=\"vcex-image-inner wpex-relative wpex-inline-block vc_custom_1738241134905\"><a href=\"https:\/\/www.youtube.com\/watch?v=ch4ZwHGC-58&#038;ab_channel=BigMark\" title=\"Ver ahora\" target=\"_blank\" rel=\"noopener noreferrer\"><img width=\"1280\" height=\"720\" src=\"https:\/\/www.cloverleaf.scot\/wp-content\/uploads\/2025\/01\/BigMarkLL2.jpg\" class=\"vcex-image-img wpex-align-middle wpex-shadow\" alt=\"Crieff Cloverleaf Little Leaf #2 - Glen Lyon Loop - Video by Big Mark\" loading=\"lazy\" decoding=\"async\" srcset=\"https:\/\/www.cloverleaf.scot\/wp-content\/uploads\/2025\/01\/BigMarkLL2.jpg 1280w, https:\/\/www.cloverleaf.scot\/wp-content\/uploads\/2025\/01\/BigMarkLL2-300x169.jpg 300w, https:\/\/www.cloverleaf.scot\/wp-content\/uploads\/2025\/01\/BigMarkLL2-1024x576.jpg 1024w, https:\/\/www.cloverleaf.scot\/wp-content\/uploads\/2025\/01\/BigMarkLL2-768x432.jpg 768w, https:\/\/www.cloverleaf.scot\/wp-content\/uploads\/2025\/01\/BigMarkLL2-600x338.jpg 600w\" sizes=\"auto, (max-width: 1280px) 100vw, 1280px\" \/><\/a><\/div><\/figure><div class=\"theme-button-wrap textcenter wpex-clr\"><a href=\"https:\/\/www.youtube.com\/watch?v=ch4ZwHGC-58&#038;ab_channel=BigMark\" class=\"vcex-button theme-button small align-center inline\" title=\"Watch now\" target=\"_blank\" rel=\"noopener noreferrer\"><span class=\"vcex-button-inner theme-button-inner wpex-flex wpex-flex-wrap wpex-items-center wpex-justify-center\">Ver #2 &#8211; Duke&#8217;s Pass<\/span><\/a><\/div> [\/vc_column][vc_column width=\u00bb1\/4&#8243;]<style>.vcex-image.vcex_69e055271221c .vcex-image-img{border-radius:var(--wpex-rounded);}<\/style><figure class=\"vcex-image vcex-module vcex_69e055271221c\"><div class=\"vcex-image-inner wpex-relative wpex-inline-block vc_custom_1739796326596\"><a href=\"https:\/\/www.youtube.com\/watch?v=-TQrXmO5xLs&#038;ab_channel=BigMark\" title=\"Ver ahora\" target=\"_blank\" rel=\"noopener noreferrer\"><img width=\"1280\" height=\"720\" src=\"https:\/\/www.cloverleaf.scot\/wp-content\/uploads\/2025\/02\/BigMarkLL3_2.jpg\" class=\"vcex-image-img wpex-align-middle wpex-shadow\" alt=\"Crieff Cloverleaf Little Leaf #3 - Perthshire Lochs - Video by Big Mark\" loading=\"lazy\" decoding=\"async\" srcset=\"https:\/\/www.cloverleaf.scot\/wp-content\/uploads\/2025\/02\/BigMarkLL3_2.jpg 1280w, https:\/\/www.cloverleaf.scot\/wp-content\/uploads\/2025\/02\/BigMarkLL3_2-300x169.jpg 300w, https:\/\/www.cloverleaf.scot\/wp-content\/uploads\/2025\/02\/BigMarkLL3_2-1024x576.jpg 1024w, https:\/\/www.cloverleaf.scot\/wp-content\/uploads\/2025\/02\/BigMarkLL3_2-768x432.jpg 768w, https:\/\/www.cloverleaf.scot\/wp-content\/uploads\/2025\/02\/BigMarkLL3_2-600x338.jpg 600w\" sizes=\"auto, (max-width: 1280px) 100vw, 1280px\" \/><\/a><\/div><\/figure><div class=\"theme-button-wrap textcenter wpex-clr\"><a href=\"https:\/\/www.youtube.com\/watch?v=-TQrXmO5xLs&#038;ab_channel=BigMark\" class=\"vcex-button theme-button small align-center inline\" title=\"Watch now\" target=\"_blank\" rel=\"noopener noreferrer\"><span class=\"vcex-button-inner theme-button-inner wpex-flex wpex-flex-wrap wpex-items-center wpex-justify-center\">Ver #3 &#8211; Perthshire Lochs<\/span><\/a><\/div> [\/vc_column][vc_column width=\u00bb1\/4&#8243;]<style>.vcex-image.vcex_69e055271487b .vcex-image-img{border-radius:var(--wpex-rounded);}<\/style><figure class=\"vcex-image vcex-module vcex_69e055271487b\"><div class=\"vcex-image-inner wpex-relative wpex-inline-block vc_custom_1746107800032\"><a href=\"https:\/\/www.youtube.com\/watch?v=DhNuNkSG-cY\" title=\"Ver ahora\" target=\"_blank\" rel=\"noopener noreferrer\"><img width=\"1280\" height=\"720\" src=\"https:\/\/www.cloverleaf.scot\/wp-content\/uploads\/2025\/05\/BigMarkLL4.jpg\" class=\"vcex-image-img wpex-align-middle wpex-shadow\" alt=\"Crieff Cloverleaf Little Leaf #4 - Dunkeld Doodle - Video by Big Mark\" loading=\"lazy\" decoding=\"async\" srcset=\"https:\/\/www.cloverleaf.scot\/wp-content\/uploads\/2025\/05\/BigMarkLL4.jpg 1280w, https:\/\/www.cloverleaf.scot\/wp-content\/uploads\/2025\/05\/BigMarkLL4-300x169.jpg 300w, https:\/\/www.cloverleaf.scot\/wp-content\/uploads\/2025\/05\/BigMarkLL4-1024x576.jpg 1024w, https:\/\/www.cloverleaf.scot\/wp-content\/uploads\/2025\/05\/BigMarkLL4-768x432.jpg 768w, https:\/\/www.cloverleaf.scot\/wp-content\/uploads\/2025\/05\/BigMarkLL4-600x338.jpg 600w\" sizes=\"auto, (max-width: 1280px) 100vw, 1280px\" \/><\/a><\/div><\/figure><div class=\"theme-button-wrap textcenter wpex-clr\"><a href=\"https:\/\/www.youtube.com\/watch?v=DhNuNkSG-cY\" class=\"vcex-button theme-button small align-center inline\" title=\"Watch now\" target=\"_blank\" rel=\"noopener noreferrer\"><span class=\"vcex-button-inner theme-button-inner wpex-flex wpex-flex-wrap wpex-items-center wpex-justify-center\">Ver #4 &#8211; Dunkeld Doodle<\/span><\/a><\/div> [\/vc_column][\/vc_row][vc_row full_width=\u00bbstretch_row\u00bb css=\u00bb.vc_custom_1624881928233{margin-bottom: 20px !important;background-color: #fff8ed !important;}\u00bb][vc_column css=\u00bb.vc_custom_1624879989463{margin-bottom: 0px !important;}\u00bb][vc_column_text css=\u00bb.vc_custom_1624880602419{margin-top: 0px !important;margin-bottom: 0px !important;padding-top: 10px !important;padding-bottom: 10px !important;}\u00bb text_align=\u00bbcenter\u00bb font_size=\u00bb1.15em\u00bb font_weight=\u00bbsemibold\u00bb]\u00a1No olvides consultar <a href=\"https:\/\/www.cloverleaf.scot\/es\/what-bikers-are-saying\/\">las opiniones de nuestros moteros<\/a>![\/vc_column_text][\/vc_column][\/vc_row][vc_row][vc_column width=\u00bb1\/2&#8243;]<style>.vcex-heading.vcex_69e0552717b96{color:#003365;font-family:Ribeye;}.vcex-heading.vcex_69e0552717b96 .vcex-heading-side-border__border{border-color:#0067ce;}<\/style><div class=\"vcex-heading vcex-heading-side-border vcex-module wpex-heading wpex-text-2xl wpex-flex wpex-items-center wpex-text-center vcex_69e0552717b96\"><span class=\"vcex-heading-side-border__border wpex-flex-grow wpex-h-0 wpex-border-solid wpex-border-b-3 wpex-mr-15\"><\/span><span class=\"vcex-heading-inner wpex-inline-block\">Opiniones de Sam<\/span><span class=\"vcex-heading-side-border__border wpex-flex-grow wpex-h-0 wpex-border-solid wpex-ml-15 wpex-border-b-3\"><\/span><\/div>[vc_column_text css=\u00bb.vc_custom_1627655317616{padding-top: 15px !important;}\u00bb]<a href=\"https:\/\/www.cloverleaf.scot\/wp-content\/uploads\/2021\/06\/SmallSam.jpg\"><img loading=\"lazy\" decoding=\"async\" class=\"alignleft size-full wp-image-3716\" src=\"https:\/\/www.cloverleaf.scot\/wp-content\/uploads\/2021\/06\/SmallSam.jpg\" alt=\"Sam Vincent, cr\u00edticas en v\u00eddeo de Crieff Cloverleaf\" width=\"141\" height=\"282\"><\/a><a href=\"https:\/\/www.youtube.com\/c\/SamVincentOnBikes\" target=\"_blank\" rel=\"noopener\">El youtuber y motero Sam Vincent<\/a> recorri\u00f3 el Cloverleaf de Crieff en mayo de 2021 con su padre, Mike. Ahora ha hecho unos v\u00eddeos incre\u00edbles presentando el Cloverleaf y compartiendo su experiencia de las rutas. Gracias, Sam.<\/p>\n<p>Mira los comentarios de Sam sobre el D\u00eda 1 (Oeste) y el D\u00eda 2 (Norte) y te garantizamos que querr\u00e1s subirte a tu moto inmediatamente: \u00a1nunca hemos o\u00eddo a nadie divertirse m\u00e1s sobre dos ruedas! Te preguntar\u00e1s si esa moto suya est\u00e1 propulsada por pura alegr\u00eda&#8230;[\/vc_column_text][\/vc_column][vc_column width=\u00bb1\/2&#8243;][vc_video link=\u00bbhttps:\/\/www.youtube.com\/watch?v=QeoVmFQA2so\u00bb][\/vc_column][\/vc_row][vc_row][vc_column width=\u00bb1\/2&#8243;][vc_video link=\u00bbhttps:\/\/www.youtube.com\/watch?v=eTdlfxcCAeQ\u00bb][\/vc_column][vc_column width=\u00bb1\/2&#8243;][vc_video link=\u00bbhttps:\/\/www.youtube.com\/watch?v=LBLXYN7EG3M\u00bb][\/vc_column][\/vc_row][vc_row][vc_column width=\u00bb1\/2&#8243;][vc_video link=\u00bbhttps:\/\/www.youtube.com\/watch?v=H3tj9Mi50lw\u00bb][\/vc_column][vc_column width=\u00bb1\/2&#8243;][vc_video link=\u00bbhttps:\/\/www.youtube.com\/watch?v=dbTk3THTSaA\u00bb][\/vc_column][\/vc_row][vc_row full_width=\u00bbstretch_row\u00bb css=\u00bb.vc_custom_1624881928233{margin-bottom: 20px !important;background-color: #fff8ed !important;}\u00bb][vc_column css=\u00bb.vc_custom_1624879989463{margin-bottom: 0px !important;}\u00bb][vc_column_text css=\u00bb.vc_custom_1624880602419{margin-top: 0px !important;margin-bottom: 0px !important;padding-top: 10px !important;padding-bottom: 10px !important;}\u00bb text_align=\u00bbcenter\u00bb font_size=\u00bb1.15em\u00bb font_weight=\u00bbsemibold\u00bb]\u00a1No olvides consultar <a href=\"https:\/\/www.cloverleaf.scot\/es\/what-bikers-are-saying\/\">las opiniones de nuestros moteros<\/a>![\/vc_column_text][\/vc_column][\/vc_row][vc_row][vc_column]<div class=\"templatera_shortcode\"><style type=\"text\/css\" data-type=\"vc_shortcodes-default-css\">.vc_do_icon{margin-bottom:35px;}<\/style><style type=\"text\/css\" data-type=\"vc_shortcodes-custom-css\">.vc_custom_1624876837354{background-image: url(https:\/\/www.cloverleaf.scot\/wp-content\/uploads\/2021\/06\/BackgroundStrip.jpg?id=3695) !important;background-position: center !important;background-repeat: no-repeat !important;background-size: cover !important;}.vc_custom_1624874280003{margin-top: 0px !important;margin-bottom: 10px !important;padding-top: 20px !important;padding-bottom: 0px !important;}.vc_custom_1624874714393{margin-top: 0px !important;margin-right: 0px !important;margin-bottom: 0px !important;margin-left: 0px !important;border-top-width: 0px !important;border-right-width: 0px !important;border-bottom-width: 0px !important;border-left-width: 0px !important;padding-top: 0px !important;padding-right: 0px !important;padding-bottom: 0px !important;padding-left: 0px !important;}.vc_custom_1708193488433{margin-bottom: 20px !important;border-top-width: 3px !important;border-right-width: 3px !important;border-bottom-width: 3px !important;border-left-width: 3px !important;padding-top: 10px !important;padding-right: 10px !important;padding-bottom: 10px !important;padding-left: 10px !important;background-color: rgba(255,255,255,0.7) !important;*background-color: rgb(255,255,255) !important;border-left-color: #f2f8ff !important;border-left-style: solid !important;border-right-color: #f2f8ff !important;border-right-style: solid !important;border-top-color: #f2f8ff !important;border-top-style: solid !important;border-bottom-color: #f2f8ff !important;border-bottom-style: solid !important;}<\/style><p>[vc_row full_width=\"stretch_row\" css=\".vc_custom_1624876837354{background-image: url(https:\/\/www.cloverleaf.scot\/wp-content\/uploads\/2021\/06\/BackgroundStrip.jpg?id=3695) !important;background-position: center !important;background-repeat: no-repeat !important;background-size: cover !important;}\" wpex_bg_position=\"center center\"][vc_column css=\".vc_custom_1624874280003{margin-top: 0px !important;margin-bottom: 10px !important;padding-top: 20px !important;padding-bottom: 0px !important;}\"][vc_icon icon_fontawesome=\"fas fa-motorcycle\" color=\"custom\" size=\"xl\" align=\"center\" custom_color=\"#f2f8ff\" css=\".vc_custom_1624874714393{margin-top: 0px !important;margin-right: 0px !important;margin-bottom: 0px !important;margin-left: 0px !important;border-top-width: 0px !important;border-right-width: 0px !important;border-bottom-width: 0px !important;border-left-width: 0px !important;padding-top: 0px !important;padding-right: 0px !important;padding-bottom: 0px !important;padding-left: 0px !important;}\"][vc_column_text font_size=\"1.2em\" text_align=\"center\" css=\".vc_custom_1708193488433{margin-bottom: 20px !important;border-top-width: 3px !important;border-right-width: 3px !important;border-bottom-width: 3px !important;border-left-width: 3px !important;padding-top: 10px !important;padding-right: 10px !important;padding-bottom: 10px !important;padding-left: 10px !important;background-color: rgba(255,255,255,0.7) !important;*background-color: rgb(255,255,255) !important;border-left-color: #f2f8ff !important;border-left-style: solid !important;border-right-color: #f2f8ff !important;border-right-style: solid !important;border-top-color: #f2f8ff !important;border-top-style: solid !important;border-bottom-color: #f2f8ff !important;border-bottom-style: solid !important;}\" width=\"300px\"]<strong>Done the Crieff Cloverleaf? <\/strong>[\/vc_column_text]<div class=\"theme-button-wrap textcenter wpex-clr\"><a href=\"https:\/\/www.cloverleaf.scot\/what-bikers-are-saying\/share-your-thoughts\/\" class=\"vcex-button theme-button large align-center inline\"><span class=\"vcex-button-inner theme-button-inner wpex-flex wpex-flex-wrap wpex-items-center wpex-justify-center\">Share your thoughts!<\/span><\/a><\/div> [\/vc_column][\/vc_row]<\/p>\r\n<\/div>[\/vc_column][\/vc_row]\n<\/div>","protected":false},"excerpt":{"rendered":"<p>Los moteros disfrutan de lo lindo en el Cloverleaf de Crieff. Echa un vistazo a algunos de estos magn\u00edficos comentarios en v\u00eddeo. <\/p>\n","protected":false},"author":1,"featured_media":8945,"parent":12282,"menu_order":0,"comment_status":"closed","ping_status":"closed","template":"","meta":{"footnotes":""},"class_list":["post-12287","page","type-page","status-publish","has-post-thumbnail","hentry","entry","has-media"],"_links":{"self":[{"href":"https:\/\/www.cloverleaf.scot\/es\/wp-json\/wp\/v2\/pages\/12287","targetHints":{"allow":["GET"]}}],"collection":[{"href":"https:\/\/www.cloverleaf.scot\/es\/wp-json\/wp\/v2\/pages"}],"about":[{"href":"https:\/\/www.cloverleaf.scot\/es\/wp-json\/wp\/v2\/types\/page"}],"author":[{"embeddable":true,"href":"https:\/\/www.cloverleaf.scot\/es\/wp-json\/wp\/v2\/users\/1"}],"replies":[{"embeddable":true,"href":"https:\/\/www.cloverleaf.scot\/es\/wp-json\/wp\/v2\/comments?post=12287"}],"version-history":[{"count":3,"href":"https:\/\/www.cloverleaf.scot\/es\/wp-json\/wp\/v2\/pages\/12287\/revisions"}],"predecessor-version":[{"id":13763,"href":"https:\/\/www.cloverleaf.scot\/es\/wp-json\/wp\/v2\/pages\/12287\/revisions\/13763"}],"up":[{"embeddable":true,"href":"https:\/\/www.cloverleaf.scot\/es\/wp-json\/wp\/v2\/pages\/12282"}],"wp:featuredmedia":[{"embeddable":true,"href":"https:\/\/www.cloverleaf.scot\/es\/wp-json\/wp\/v2\/media\/8945"}],"wp:attachment":[{"href":"https:\/\/www.cloverleaf.scot\/es\/wp-json\/wp\/v2\/media?parent=12287"}],"curies":[{"name":"wp","href":"https:\/\/api.w.org\/{rel}","templated":true}]}}