{"id":13954,"date":"2026-04-21T09:51:04","date_gmt":"2026-04-21T08:51:04","guid":{"rendered":"https:\/\/www.cloverleaf.scot\/the-little-gear-shop\/"},"modified":"2026-04-24T17:15:05","modified_gmt":"2026-04-24T16:15:05","slug":"the-little-gear-shop","status":"publish","type":"page","link":"https:\/\/www.cloverleaf.scot\/es\/the-little-gear-shop\/","title":{"rendered":"La Little Gear Shop<br>"},"content":{"rendered":"<div class=\"wpb-content-wrapper\">[vc_row css=\u00bb.vc_custom_1776694958152{margin-bottom: 0px !important;padding-bottom: 0px !important;}\u00bb][vc_column width=\u00bb2\/5&#8243;]<figure class=\"vcex-image vcex-module\"><div class=\"vcex-image-inner wpex-relative wpex-inline-block\"><img width=\"800\" height=\"631\" src=\"https:\/\/www.cloverleaf.scot\/wp-content\/uploads\/2026\/04\/ScotlandShopOpening.jpg\" class=\"vcex-image-img wpex-align-middle\" alt=\"Our friends at ScotlandShop on the Crieff High Street.\" loading=\"lazy\" decoding=\"async\" srcset=\"https:\/\/www.cloverleaf.scot\/wp-content\/uploads\/2026\/04\/ScotlandShopOpening.jpg 800w, https:\/\/www.cloverleaf.scot\/wp-content\/uploads\/2026\/04\/ScotlandShopOpening-300x237.jpg 300w, https:\/\/www.cloverleaf.scot\/wp-content\/uploads\/2026\/04\/ScotlandShopOpening-768x606.jpg 768w, https:\/\/www.cloverleaf.scot\/wp-content\/uploads\/2026\/04\/ScotlandShopOpening-600x473.jpg 600w\" sizes=\"auto, (max-width: 800px) 100vw, 800px\" \/><\/div><\/figure>[\/vc_column][vc_column width=\u00bb3\/5&#8243;]<style>.vcex-heading.vcex_69ecf33cd224d{color:#003365;}<\/style><h3 class=\"vcex-heading vcex-heading-plain vcex-module wpex-heading wpex-text-2xl vcex_69ecf33cd224d\"><span class=\"vcex-heading-inner wpex-inline-block\">La Little Gear Shop<br \/><\/span><\/h3>[vc_column_text css=\u00bb.vc_custom_1776594511873{margin-top: 10px !important;margin-bottom: 10px !important;}\u00bb font_weight=\u00bb700&#8243;]Buenas noticias: \u00a1nuestros amigos de <a href=\"https:\/\/www.scotlandshop.com\/crieff\" target=\"_blank\" rel=\"noopener\">ScotlandShop<\/a>, en la calle principal de Crieff, acogen ahora una minitienda de Cloverleaf![\/vc_column_text][vc_column_text css=\u00bb\u00bb]ScotlandShop tiene la amabilidad de almacenar toda nuestra gama de art\u00edculos m\u00e1s peque\u00f1os, como <a href=\"https:\/\/www.cloverleaf.scot\/gear-category\/neck-tubes\/\" target=\"_blank\" rel=\"noopener\">tubos para el cuello<\/a>, <a href=\"https:\/\/www.cloverleaf.scot\/gear-category\/stickers\/\" target=\"_blank\" rel=\"noopener\">paquetes de pegatinas<\/a>, <a href=\"https:\/\/www.cloverleaf.scot\/gear-category\/patches\/\" target=\"_blank\" rel=\"noopener\">parches<\/a> y <a href=\"https:\/\/www.cloverleaf.scot\/gear-category\/accessories\/\" target=\"_blank\" rel=\"noopener\">llaveros<\/a>. Tambi\u00e9n tienen <a href=\"https:\/\/www.cloverleaf.scot\/es\/gear\/cloverleaf-classic-unisex-tee-printed-front-and-back\/\" target=\"_blank\" rel=\"noopener\">camisetas Cloverleaf Classic<\/a> en una selecci\u00f3n de tallas populares.<\/p>\n<p>Puedes pasarte por ScotlandShop Crieff cualquier d\u00eda de la semana para hacerte con tus art\u00edculos de <a href=\"https:\/\/www.cloverleaf.scot\/gear-shop\/\" target=\"_blank\" rel=\"noopener\">la tienda Crieff Cloverleaf Gear Shop<\/a>. Cuando la visites, tambi\u00e9n podr\u00e1s explorar su excepcional gama de ropa, accesorios e interiores hechos a medida en su tienda tradicional escocesa, bellamente reformada.[\/vc_column_text][vc_row_inner][vc_column_inner width=\u00bb1\/2&#8243; css=\u00bb.vc_custom_1776695143349{margin-bottom: 0px !important;padding-bottom: 0px !important;}\u00bb]<style>.vcex-heading.vcex_69ecf33cd3bcb{color:#003365;font-size:1.2em;}<\/style><h4 class=\"vcex-heading vcex-heading-plain vcex-module wpex-heading wpex-text-2xl vc_custom_1776695091609 vcex_69ecf33cd3bcb\"><span class=\"vcex-heading-inner wpex-inline-block\">Horario de apertura<\/span><\/h4>[vc_column_text css=\u00bb\u00bb]<strong>Abierto todos los d\u00edas <\/strong><strong>de 9 a 17 h<\/strong>[\/vc_column_text][\/vc_column_inner][vc_column_inner width=\u00bb1\/2&#8243; css=\u00bb.vc_custom_1776695130782{margin-bottom: 0px !important;padding-bottom: 0px !important;}\u00bb]<style>.vcex-heading.vcex_69ecf33cd4a6d{color:#003365;font-size:1.2em;}<\/style><h4 class=\"vcex-heading vcex-heading-plain vcex-module wpex-heading wpex-text-2xl vc_custom_1776695099500 vcex_69ecf33cd4a6d\"><span class=\"vcex-heading-inner wpex-inline-block\">Ubicaci\u00f3n<\/span><\/h4>[vc_column_text css=\u00bb\u00bb]<strong>9-11 E High St, Crieff PH7 3AF<\/strong><br \/>\nWhat3Words: <a href=\"https:\/\/what3words.com\/duplicate.ambient.strongman\" target=\"_blank\" rel=\"noopener\">\/\/\/duplicate.ambient.strongman<\/a>[\/vc_column_text][\/vc_column_inner][\/vc_row_inner][\/vc_column][\/vc_row][vc_row content_placement=\u00bbtop\u00bb column_spacing=\u00bb0px\u00bb equal_height=\u00bbyes\u00bb css=\u00bb.vc_custom_1777046852650{margin-top: 0px !important;margin-bottom: 30px !important;padding-top: 0px !important;padding-bottom: 0px !important;}\u00bb][vc_column width=\u00bb1\/2&#8243; css=\u00bb.vc_custom_1777036280374{margin-top: 0px !important;margin-bottom: 0px !important;padding-top: 0px !important;padding-bottom: 0px !important;}\u00bb]<figure class=\"vcex-image vcex-module\"><div class=\"vcex-image-inner wpex-relative wpex-inline-block\"><img width=\"746\" height=\"1108\" src=\"https:\/\/www.cloverleaf.scot\/wp-content\/uploads\/2026\/04\/GearShopInScotlandShop.jpg\" class=\"vcex-image-img wpex-align-middle\" alt=\"The Little Gear Shop at ScotlandShop Crieff\" loading=\"lazy\" decoding=\"async\" srcset=\"https:\/\/www.cloverleaf.scot\/wp-content\/uploads\/2026\/04\/GearShopInScotlandShop.jpg 746w, https:\/\/www.cloverleaf.scot\/wp-content\/uploads\/2026\/04\/GearShopInScotlandShop-202x300.jpg 202w, https:\/\/www.cloverleaf.scot\/wp-content\/uploads\/2026\/04\/GearShopInScotlandShop-689x1024.jpg 689w, https:\/\/www.cloverleaf.scot\/wp-content\/uploads\/2026\/04\/GearShopInScotlandShop-600x891.jpg 600w\" sizes=\"auto, (max-width: 746px) 100vw, 746px\" \/><\/div><\/figure>[\/vc_column][vc_column width=\u00bb1\/2&#8243; css=\u00bb.vc_custom_1777046695752{margin-top: 0px !important;margin-bottom: 0px !important;padding-top: 0px !important;padding-bottom: 0px !important;}\u00bb wpex_bg_color=\u00bb#fff8ed\u00bb]<figure class=\"vcex-image vcex-module\"><div class=\"vcex-image-inner wpex-relative wpex-inline-block vc_custom_1777036347762\"><img width=\"800\" height=\"600\" src=\"https:\/\/www.cloverleaf.scot\/wp-content\/uploads\/2026\/04\/ScotlandShopStreetView.jpg\" class=\"vcex-image-img wpex-align-middle\" alt=\"ScotlandShop on the Crieff High Street, up near the petrol station\" loading=\"lazy\" decoding=\"async\" srcset=\"https:\/\/www.cloverleaf.scot\/wp-content\/uploads\/2026\/04\/ScotlandShopStreetView.jpg 800w, https:\/\/www.cloverleaf.scot\/wp-content\/uploads\/2026\/04\/ScotlandShopStreetView-300x225.jpg 300w, https:\/\/www.cloverleaf.scot\/wp-content\/uploads\/2026\/04\/ScotlandShopStreetView-768x576.jpg 768w, https:\/\/www.cloverleaf.scot\/wp-content\/uploads\/2026\/04\/ScotlandShopStreetView-600x450.jpg 600w\" sizes=\"auto, (max-width: 800px) 100vw, 800px\" \/><\/div><\/figure><style>.vcex-image.vcex_69ecf33cd848d .vcex-image-inner{max-width:400px;}<\/style><figure class=\"vcex-image vcex-module wpex-text-center vcex_69ecf33cd848d\"><div class=\"vcex-image-inner wpex-relative wpex-inline-block vc_custom_1777046990999\"><img width=\"800\" height=\"227\" src=\"https:\/\/www.cloverleaf.scot\/wp-content\/uploads\/2026\/04\/ScotlandShopLogo.png\" class=\"vcex-image-img wpex-align-middle\" alt=\"ScotlandShop Logo\" loading=\"lazy\" decoding=\"async\" srcset=\"https:\/\/www.cloverleaf.scot\/wp-content\/uploads\/2026\/04\/ScotlandShopLogo.png 800w, https:\/\/www.cloverleaf.scot\/wp-content\/uploads\/2026\/04\/ScotlandShopLogo-300x85.png 300w, https:\/\/www.cloverleaf.scot\/wp-content\/uploads\/2026\/04\/ScotlandShopLogo-768x218.png 768w, https:\/\/www.cloverleaf.scot\/wp-content\/uploads\/2026\/04\/ScotlandShopLogo-600x170.png 600w\" sizes=\"auto, (max-width: 800px) 100vw, 800px\" \/><\/div><\/figure>[\/vc_column][\/vc_row]\n<\/div>","protected":false},"excerpt":{"rendered":"<p>[vc_row css=\u00bb.vc_custom_1776694958152{margin-bottom: 0px !important;padding-bottom: 0px !important;}\u00bb][vc_column width=\u00bb2\/5&#8243;][\/vc_column][vc_column width=\u00bb3\/5&#8243;][vc_column_text css=\u00bb.vc_custom_1776594511873{margin-top: 10px !important;margin-bottom: 10px !important;}\u00bb font_weight=\u00bb700&#8243;]Buenas noticias: \u00a1nuestros amigos de ScotlandShop, en la calle principal de Crieff, acogen ahora una minitienda de Cloverleaf![\/vc_column_text][vc_column_text css=\u00bb\u00bb]ScotlandShop tiene la amabilidad de almacenar toda nuestra gama de art\u00edculos m\u00e1s peque\u00f1os, como tubos para el cuello, paquetes de pegatinas, parches y llaveros.&hellip;<\/p>\n","protected":false},"author":1,"featured_media":13960,"parent":0,"menu_order":0,"comment_status":"closed","ping_status":"closed","template":"","meta":{"footnotes":""},"class_list":["post-13954","page","type-page","status-publish","has-post-thumbnail","hentry","entry","has-media"],"_links":{"self":[{"href":"https:\/\/www.cloverleaf.scot\/es\/wp-json\/wp\/v2\/pages\/13954","targetHints":{"allow":["GET"]}}],"collection":[{"href":"https:\/\/www.cloverleaf.scot\/es\/wp-json\/wp\/v2\/pages"}],"about":[{"href":"https:\/\/www.cloverleaf.scot\/es\/wp-json\/wp\/v2\/types\/page"}],"author":[{"embeddable":true,"href":"https:\/\/www.cloverleaf.scot\/es\/wp-json\/wp\/v2\/users\/1"}],"replies":[{"embeddable":true,"href":"https:\/\/www.cloverleaf.scot\/es\/wp-json\/wp\/v2\/comments?post=13954"}],"version-history":[{"count":3,"href":"https:\/\/www.cloverleaf.scot\/es\/wp-json\/wp\/v2\/pages\/13954\/revisions"}],"predecessor-version":[{"id":14051,"href":"https:\/\/www.cloverleaf.scot\/es\/wp-json\/wp\/v2\/pages\/13954\/revisions\/14051"}],"wp:featuredmedia":[{"embeddable":true,"href":"https:\/\/www.cloverleaf.scot\/es\/wp-json\/wp\/v2\/media\/13960"}],"wp:attachment":[{"href":"https:\/\/www.cloverleaf.scot\/es\/wp-json\/wp\/v2\/media?parent=13954"}],"curies":[{"name":"wp","href":"https:\/\/api.w.org\/{rel}","templated":true}]}}