{"id":10436,"date":"2021-06-10T14:53:04","date_gmt":"2021-06-10T13:53:04","guid":{"rendered":"https:\/\/www.cloverleaf.scot\/aide-urgence\/"},"modified":"2024-11-23T12:22:25","modified_gmt":"2024-11-23T12:22:25","slug":"aide-urgence","status":"publish","type":"page","link":"https:\/\/www.cloverleaf.scot\/fr\/aide-urgence\/","title":{"rendered":"Aide d&rsquo;urgence"},"content":{"rendered":"<div class=\"wpb-content-wrapper\">[vc_row gap=\u00a0\u00bb35&Prime; equal_height=\u00a0\u00bbyes\u00a0\u00bb][vc_column width=\u00a0\u00bb1\/2&Prime; css=\u00a0\u00bb.vc_custom_1623261073581{border-top-width: 6px !important;border-right-width: 6px !important;border-bottom-width: 6px !important;border-left-width: 6px !important;padding-top: 15px !important;padding-bottom: 15px !important;background-color: #ffeeee !important;border-left-color: #ff0000 !important;border-left-style: solid !important;border-right-color: #ff0000 !important;border-right-style: solid !important;border-top-color: #ff0000 !important;border-top-style: solid !important;border-bottom-color: #ff0000 !important;border-bottom-style: solid !important;border-radius: 10px !important;}\u00a0\u00bb][vc_icon icon_fontawesome=\u00a0\u00bbfas fa-exclamation-triangle\u00a0\u00bb color=\u00a0\u00bbcustom\u00a0\u00bb size=\u00a0\u00bbxl\u00a0\u00bb align=\u00a0\u00bbcenter\u00a0\u00bb custom_color=\u00a0\u00bb#ff0000&Prime;]<style>.vcex-heading.vcex_69e039d2b4e26{font-size:24px;font-weight:700;}<\/style><div class=\"vcex-heading vcex-heading-plain vcex-module wpex-heading wpex-text-2xl wpex-text-center vc_custom_1623258784195 vcex_69e039d2b4e26\"><span class=\"vcex-heading-inner wpex-inline-block\">En cas d&apos;urgence, compose le 999.<\/span><\/div>[vc_column_text width=\u00a0\u00bb600px\u00a0\u00bb font_size=\u00a0\u00bb18px\u00a0\u00bb text_align=\u00a0\u00bbcenter\u00a0\u00bb]Les appels au num\u00e9ro d&rsquo;urgence <strong>999<\/strong> sont gratuits depuis n&rsquo;importe quel t\u00e9l\u00e9phone.<\/p>\n<p>On te demandera de quel service d&rsquo;urgence tu as besoin &#8211; police, ambulance, pompiers ou garde-c\u00f4tes.<\/p>\n<p>Sache que la couverture des t\u00e9l\u00e9phones portables peut \u00eatre in\u00e9gale.[\/vc_column_text][\/vc_column][vc_column width=\u00a0\u00bb1\/2&Prime; css=\u00a0\u00bb.vc_custom_1623259012784{border-top-width: 6px !important;border-right-width: 6px !important;border-bottom-width: 6px !important;border-left-width: 6px !important;padding-top: 15px !important;padding-bottom: 15px !important;background-color: #f2f8ff !important;border-left-color: #0067ce !important;border-left-style: solid !important;border-right-color: #0067ce !important;border-right-style: solid !important;border-top-color: #0067ce !important;border-top-style: solid !important;border-bottom-color: #0067ce !important;border-bottom-style: solid !important;border-radius: 10px !important;}\u00a0\u00bb][vc_icon icon_fontawesome=\u00a0\u00bbfas fa-question-circle\u00a0\u00bb color=\u00a0\u00bbcustom\u00a0\u00bb size=\u00a0\u00bbxl\u00a0\u00bb align=\u00a0\u00bbcenter\u00a0\u00bb custom_color=\u00a0\u00bb#0067ce\u00a0\u00bb]<style>.vcex-heading.vcex_69e039d2b629f{font-size:24px;font-weight:700;}<\/style><div class=\"vcex-heading vcex-heading-plain vcex-module wpex-heading wpex-text-2xl wpex-text-center vc_custom_1623258796698 vcex_69e039d2b629f\"><span class=\"vcex-heading-inner wpex-inline-block\">O\u00f9 suis-je ?<\/span><\/div>[vc_column_text width=\u00a0\u00bb600px\u00a0\u00bb font_size=\u00a0\u00bb18px\u00a0\u00bb text_align=\u00a0\u00bbcenter\u00a0\u00bb]Les services d&rsquo;urgence \u00e9cossais peuvent d\u00e9sormais utiliser les donn\u00e9es de <a href=\"https:\/\/what3words.com\" target=\"_blank\" rel=\"noopener\">what3words<\/a> pour aider \u00e0 \u00e9tablir ta position exacte.<\/p>\n<p>Voici <a href=\"https:\/\/what3words.com\/products\/what3words-app\/\" target=\"_blank\" rel=\"noopener\">l&rsquo;application gratuite<\/a> \u00e0 installer sur ton smartphone avant de te mettre en route.<\/p>\n<p>Ils peuvent \u00e9galement utiliser la latitude\/longitude ou l&rsquo;est\/nord.[\/vc_column_text][\/vc_column][\/vc_row][vc_row full_width=\u00a0\u00bbstretch_row\u00a0\u00bb css=\u00a0\u00bb.vc_custom_1604846079957{margin-bottom: 0px !important;padding-top: 20px !important;padding-bottom: 20px !important;background-color: #003365 !important;}\u00a0\u00bb][vc_column css=\u00a0\u00bb.vc_custom_1601821839568{margin-bottom: 0px !important;border-bottom-width: 0px !important;padding-bottom: 0px !important;}\u00a0\u00bb][vc_column_text font_size=\u00a0\u00bbd:36px|pp:30px\u00a0\u00bb color=\u00a0\u00bb#addbff\u00a0\u00bb font_family=\u00a0\u00bbRibeye\u00a0\u00bb line_height=\u00a0\u00bb1.4em\u00a0\u00bb]\n<p style=\"text-align: center;\">Assistance sur Crieff.<\/p>\n[\/vc_column_text][\/vc_column][\/vc_row][vc_row full_width=\u00a0\u00bbstretch_row_content\u00a0\u00bb column_spacing=\u00a0\u00bb60&Prime; css=\u00a0\u00bb.vc_custom_1623260015135{padding-top: 15px !important;background-color: #fff8ed !important;}\u00a0\u00bb][vc_column width=\u00a0\u00bb1\/2&Prime;][vc_icon icon_fontawesome=\u00a0\u00bbfas fa-motorcycle\u00a0\u00bb color=\u00a0\u00bbcustom\u00a0\u00bb size=\u00a0\u00bblg\u00a0\u00bb align=\u00a0\u00bbcenter\u00a0\u00bb css=\u00a0\u00bb.vc_custom_1623260288964{margin-top: 0px !important;margin-bottom: 0px !important;padding-top: 0px !important;padding-bottom: 0px !important;}\u00a0\u00bb custom_color=\u00a0\u00bb#003365&Prime;]<style>.vcex-heading.vcex_69e039d2b6e63{color:#003365;font-size:22px;font-weight:700;}.vcex-heading.vcex_69e039d2b6e63 .vcex-heading-side-border__border{border-color:#0067ce;}@media (max-width:479px){.vcex-heading.vcex_69e039d2b6e63{font-size:18px;}}<\/style><h3 class=\"vcex-heading vcex-heading-side-border vcex-module wpex-heading wpex-text-2xl wpex-flex wpex-items-center wpex-text-center vc_custom_1623260255138 vcex_69e039d2b6e63\"><span class=\"vcex-heading-side-border__border wpex-flex-grow wpex-h-0 wpex-border-solid wpex-border-b-2 wpex-mr-15\"><\/span><span class=\"vcex-heading-inner wpex-inline-block\">Tu as cass\u00e9 ta moto ?<\/span><span class=\"vcex-heading-side-border__border wpex-flex-grow wpex-h-0 wpex-border-solid wpex-ml-15 wpex-border-b-2\"><\/span><\/h3>[vc_column_text width=\u00a0\u00bb500px\u00a0\u00bb]Pour les petites <strong>r\u00e9parations d&rsquo;urgence sur les motos<\/strong>, appelle l&rsquo;as de la m\u00e9canique John Roseweir chez <a href=\"http:\/\/www.jrautoservices.co.uk\/\" target=\"_blank\" rel=\"noopener\">J&amp;R Autoservices<\/a>:<\/p>\n<p><span style=\"font-size: 21px;\">Heures de travail : <a href=\"tel:01764655111\">01764 655 111<\/a><\/span><br \/>\n<span style=\"font-size: 21px;\">Urgences uniquement : <a href=\"tel:07918758314\">07918 758 314<\/a><\/span><\/p>\n<p>Unit 2 West, South Bridgend, Crieff PH7 4DJ<br \/>\nwhat3words : <a href=\"https:\/\/what3words.com\/alleyway.solar.chatters\" target=\"_blank\" rel=\"noopener\">\/\/\/alleyway.solar.chatters<\/a>[\/vc_column_text][\/vc_column][vc_column width=\u00a0\u00bb1\/2&Prime;][vc_icon icon_fontawesome=\u00a0\u00bbfas fa-cog\u00a0\u00bb color=\u00a0\u00bbcustom\u00a0\u00bb size=\u00a0\u00bblg\u00a0\u00bb align=\u00a0\u00bbcenter\u00a0\u00bb css=\u00a0\u00bb.vc_custom_1623260306890{margin-top: 0px !important;margin-bottom: 0px !important;padding-top: 0px !important;padding-bottom: 0px !important;}\u00a0\u00bb custom_color=\u00a0\u00bb#003365&Prime;]<style>.vcex-heading.vcex_69e039d2b7b0b{color:#003365;font-size:22px;font-weight:700;}.vcex-heading.vcex_69e039d2b7b0b .vcex-heading-side-border__border{border-color:#0067ce;}@media (max-width:479px){.vcex-heading.vcex_69e039d2b7b0b{font-size:18px;}}<\/style><h3 class=\"vcex-heading vcex-heading-side-border vcex-module wpex-heading wpex-text-2xl wpex-flex wpex-items-center wpex-text-center vc_custom_1623260245522 vcex_69e039d2b7b0b\"><span class=\"vcex-heading-side-border__border wpex-flex-grow wpex-h-0 wpex-border-solid wpex-border-b-2 wpex-mr-15\"><\/span><span class=\"vcex-heading-inner wpex-inline-block\">Tu as ab\u00eem\u00e9 ton pneu ?<\/span><span class=\"vcex-heading-side-border__border wpex-flex-grow wpex-h-0 wpex-border-solid wpex-ml-15 wpex-border-b-2\"><\/span><\/h3>[vc_column_text css=\u00a0\u00bb\u00a0\u00bb width=\u00a0\u00bb500px\u00a0\u00bb]Si tu as <strong>endommag\u00e9 un pneu<\/strong> et que tu as besoin d&rsquo;une r\u00e9paration ou d&rsquo;un remplacement, contacte le gourou des pneus <strong>Jim Williamson<\/strong> chez <a href=\"https:\/\/www.criefftyres.co.uk\/\" target=\"_blank\" rel=\"noopener\">Strathearn Tyres<\/a>:<\/p>\n<p><span style=\"font-size: 21px;\">Heures de travail : <a href=\"tel:01764%20654697\">01764 654 697 <\/a> <\/span><br \/>\n<span style=\"font-size: 21px;\">Urgences uniquement : <a href=\"tel:07934803549\">07934 803 549<\/a><\/span><\/p>\n<p>The Turret, Burrell Street, Crieff, PH7 4DG<br \/>\nwhat3words : <a href=\"https:\/\/what3words.com\/delight.fact.tortoises\" target=\"_blank\" rel=\"noopener\">\/\/\/delight.fact.tortoises<\/a>[\/vc_column_text][\/vc_column][\/vc_row]\n<\/div>","protected":false},"excerpt":{"rendered":"<p>Besoin d&rsquo;une aide d&rsquo;urgence ? Voici comment joindre les services d&rsquo;urgence \u00e9cossais, et les contacts utiles pour une r\u00e9paration d&rsquo;urgence de moto ou de pneu \u00e0 Crieff. <\/p>\n","protected":false},"author":1,"featured_media":8892,"parent":0,"menu_order":0,"comment_status":"closed","ping_status":"closed","template":"","meta":{"footnotes":""},"class_list":["post-10436","page","type-page","status-publish","has-post-thumbnail","hentry","entry","has-media"],"_links":{"self":[{"href":"https:\/\/www.cloverleaf.scot\/fr\/wp-json\/wp\/v2\/pages\/10436","targetHints":{"allow":["GET"]}}],"collection":[{"href":"https:\/\/www.cloverleaf.scot\/fr\/wp-json\/wp\/v2\/pages"}],"about":[{"href":"https:\/\/www.cloverleaf.scot\/fr\/wp-json\/wp\/v2\/types\/page"}],"author":[{"embeddable":true,"href":"https:\/\/www.cloverleaf.scot\/fr\/wp-json\/wp\/v2\/users\/1"}],"replies":[{"embeddable":true,"href":"https:\/\/www.cloverleaf.scot\/fr\/wp-json\/wp\/v2\/comments?post=10436"}],"version-history":[{"count":3,"href":"https:\/\/www.cloverleaf.scot\/fr\/wp-json\/wp\/v2\/pages\/10436\/revisions"}],"predecessor-version":[{"id":12706,"href":"https:\/\/www.cloverleaf.scot\/fr\/wp-json\/wp\/v2\/pages\/10436\/revisions\/12706"}],"wp:featuredmedia":[{"embeddable":true,"href":"https:\/\/www.cloverleaf.scot\/fr\/wp-json\/wp\/v2\/media\/8892"}],"wp:attachment":[{"href":"https:\/\/www.cloverleaf.scot\/fr\/wp-json\/wp\/v2\/media?parent=10436"}],"curies":[{"name":"wp","href":"https:\/\/api.w.org\/{rel}","templated":true}]}}