{"id":10440,"date":"2021-10-23T11:41:46","date_gmt":"2021-10-23T10:41:46","guid":{"rendered":"https:\/\/www.cloverleaf.scot\/rejoins-notre-liste-de-diffusion\/"},"modified":"2024-11-23T12:23:36","modified_gmt":"2024-11-23T12:23:36","slug":"rejoins-notre-liste-de-diffusion","status":"publish","type":"page","link":"https:\/\/www.cloverleaf.scot\/fr\/rejoins-notre-liste-de-diffusion\/","title":{"rendered":"Rejoins notre liste de diffusion"},"content":{"rendered":"<div class=\"wpb-content-wrapper\">[vc_row full_width=\u00a0\u00bbstretch_row\u00a0\u00bb css=\u00a0\u00bb.vc_custom_1634985450372{margin-top: -30px !important;margin-bottom: 10px !important;padding-top: 20px !important;padding-bottom: 20px !important;background-color: #f2f8ff !important;}\u00a0\u00bb][vc_column css=\u00a0\u00bb.vc_custom_1606666048187{margin-bottom: 0px !important;border-bottom-width: 0px !important;padding-bottom: 0px !important;}\u00a0\u00bb][vc_column_text font_size=\u00a0\u00bbd:36px|pp:30px\u00a0\u00bb color=\u00a0\u00bb#0067ce\u00a0\u00bb font_family=\u00a0\u00bbRibeye\u00a0\u00bb line_height=\u00a0\u00bb1.4em\u00a0\u00bb]\n<p style=\"text-align: center;\">Fais-toi plaisir.<\/p>\n[\/vc_column_text][vc_column_text font_size=\u00a0\u00bbd:22px|pp:18px\u00a0\u00bb color=\u00a0\u00bb#003365&Prime; css=\u00a0\u00bb.vc_custom_1634985387102{margin-top: 5px !important;}\u00a0\u00bb]\n<p style=\"text-align: center;\">Rejoins la liste de diffusion de Crieff Cloverleaf.<\/p>\n[\/vc_column_text][\/vc_column][\/vc_row][vc_row css=\u00a0\u00bb.vc_custom_1609085870572{margin-top: 30px !important;margin-bottom: 0px !important;}\u00a0\u00bb][vc_column width=\u00a0\u00bb1\/3&Prime;][vc_column_text line_height=\u00a0\u00bb1.5em\u00a0\u00bb text_align=\u00a0\u00bbleft\u00a0\u00bb font_size=\u00a0\u00bb1.1em\u00a0\u00bb]Nous te tiendrons au courant des Crieff Cloverleaf des nouvelles et des offres.<br \/>\nNous partagerons \u00e9galement toutes les <strong>r\u00e9ductions et offres sp\u00e9ciales<\/strong> que nous pourrons obtenir aupr\u00e8s de nos brillantes entreprises locales.[\/vc_column_text][\/vc_column][vc_column width=\u00a0\u00bb1\/3&Prime;][vc_single_image image=\u00a0\u00bb666&Prime; img_size=\u00a0\u00bb692&#215;519&Prime;][\/vc_column][vc_column width=\u00a0\u00bb1\/3&Prime; css=\u00a0\u00bb.vc_custom_1607795748729{margin-top: -10px !important;}\u00a0\u00bb][vc_column_text line_height=\u00a0\u00bb1.6em\u00a0\u00bb text_align=\u00a0\u00bbleft\u00a0\u00bb color=\u00a0\u00bb#003365&Prime; font_size=\u00a0\u00bb1.2em\u00a0\u00bb css=\u00a0\u00bb.vc_custom_1607786458749{margin-top: 0px !important;padding-top: 0px !important;}\u00a0\u00bb]<noscript class=\"ninja-forms-noscript-message\">\n\tRemarque\u00a0: JavaScript est requis pour ce contenu.<\/noscript>\n<div id=\"nf-form-3-cont\" class=\"nf-form-cont\" aria-live=\"polite\" aria-labelledby=\"nf-form-title-3\" aria-describedby=\"nf-form-errors-3\" role=\"form\">\n\n    <div class=\"nf-loading-spinner\"><\/div>\n\n<\/div>\n        <!-- That data is being printed as a workaround to page builders reordering the order of the scripts loaded-->\n        <script>var formDisplay=1;var nfForms=nfForms||[];var form=[];form.id='3';form.settings={\"objectType\":\"Form Setting\",\"editActive\":true,\"title\":\"Inscription \\u00e0 la liste de diffusion\",\"show_title\":0,\"allow_public_link\":0,\"embed_form\":\"\",\"clear_complete\":1,\"hide_complete\":1,\"default_label_pos\":\"above\",\"wrapper_class\":\"\",\"element_class\":\"\",\"key\":\"\",\"add_submit\":0,\"currency\":\"\",\"unique_field_error\":\"Un formulaire avec cette valeur a d\\u00e9j\\u00e0 \\u00e9t\\u00e9 soumis.\",\"logged_in\":false,\"not_logged_in_msg\":\"\",\"sub_limit_msg\":\"Le formulaire a atteint sa limite de soumission.\",\"calculations\":[],\"formContentData\":[\"email_address_1607783814314\",\"html_1607784225284\",\"i_agree_1607786782541\",\"sign_me_up_1607784830684\"],\"changeEmailErrorMsg\":\"Veuillez saisir une adresse de messagerie valide. Ex\\u00a0: jean.dupont@gmail.com\",\"changeDateErrorMsg\":\"Veuillez saisir une date valide\\u00a0!\",\"confirmFieldErrorMsg\":\"Ces champs doivent correspondre\\u00a0!\",\"fieldNumberNumMinError\":\"Erreur de nombre min.\",\"fieldNumberNumMaxError\":\"Erreur de nombre max.\",\"fieldNumberIncrementBy\":\"Veuillez incr\\u00e9menter par \",\"formErrorsCorrectErrors\":\"Veuillez corriger les erreurs avant d\\u2019envoyer ce formulaire.\",\"validateRequiredField\":\"Ce champ est obligatoire.\",\"honeypotHoneypotError\":\"Erreur Honeypot\",\"fieldsMarkedRequired\":\"Les champs marqu\\u00e9s d\\u2019un <span class=\\\"ninja-forms-req-symbol\\\">*<\\\/span> sont obligatoires\",\"drawerDisabled\":false,\"repeatable_fieldsets\":\"\",\"ninjaForms\":\"Ninja Forms\",\"fieldTextareaRTEInsertLink\":\"Ins\\u00e9rer un lien\",\"fieldTextareaRTEInsertMedia\":\"Ins\\u00e9rer un m\\u00e9dia\",\"fieldTextareaRTESelectAFile\":\"S\\u00e9lectionnez un fichier\",\"formHoneypot\":\"Si vous \\u00eates un \\u00eatre humain et que vous voyez ce champ, veuillez le laisser vide.\",\"fileUploadOldCodeFileUploadInProgress\":\"T\\u00e9l\\u00e9versement du fichier en cours.\",\"fileUploadOldCodeFileUpload\":\"T\\u00c9L\\u00c9VERSEMENT DE FICHIER\",\"currencySymbol\":\"&pound;\",\"thousands_sep\":\"\\u00a0\",\"decimal_point\":\",\",\"siteLocale\":\"fr_FR\",\"dateFormat\":\"d\\\/m\\\/Y\",\"startOfWeek\":\"1\",\"of\":\"sur\",\"previousMonth\":\"Mois pr\\u00e9c\\u00e9dent\",\"nextMonth\":\"Mois suivant\",\"months\":[\"Janvier\",\"F\\u00e9vrier\",\"Mars\",\"Avril\",\"Mai\",\"Juin\",\"Juillet\",\"Ao\\u00fbt\",\"Septembre\",\"Octobre\",\"Novembre\",\"D\\u00e9cembre\"],\"monthsShort\":[\"Jan\",\"F\\u00e9v\",\"Mar\",\"Avr\",\"Mai\",\"Juin\",\"Juil\",\"Ao\\u00fb\",\"Sep\",\"Oct\",\"Nov\",\"D\\u00e9c\"],\"weekdays\":[\"Dimanche\",\"Lundi\",\"Mardi\",\"Mercredi\",\"Jeudi\",\"Vendredi\",\"Samedi\"],\"weekdaysShort\":[\"Dim\",\"Lun\",\"Mar\",\"Mer\",\"Jeu\",\"Ven\",\"Sam\"],\"weekdaysMin\":[\"Di\",\"Lu\",\"Ma\",\"Me\",\"Je\",\"Ve\",\"Sa\"],\"recaptchaConsentMissing\":\"reCaptcha validation couldn&#039;t load.\",\"recaptchaMissingCookie\":\"reCaptcha v3 validation couldn&#039;t load the cookie needed to submit the form.\",\"recaptchaConsentEvent\":\"Accept reCaptcha cookies before sending the form.\",\"currency_symbol\":\"\",\"beforeForm\":\"\",\"beforeFields\":\"\",\"afterFields\":\"\",\"afterForm\":\"\"};form.fields=[{\"objectType\":\"Field\",\"objectDomain\":\"fields\",\"editActive\":false,\"order\":1,\"idAttribute\":\"id\",\"type\":\"email\",\"label\":\"Adresse \\u00e9lectronique\",\"key\":\"email_address_1607783814314\",\"label_pos\":\"above\",\"required\":1,\"default\":\"\",\"placeholder\":\"\",\"container_class\":\"\",\"element_class\":\"\",\"admin_label\":\"\",\"help_text\":\"\",\"custom_name_attribute\":\"email\",\"personally_identifiable\":1,\"value\":\"\",\"id\":19,\"beforeField\":\"\",\"afterField\":\"\",\"parentType\":\"email\",\"element_templates\":[\"email\",\"input\"],\"old_classname\":\"\",\"wrap_template\":\"wrap\"},{\"objectType\":\"Field\",\"objectDomain\":\"fields\",\"editActive\":false,\"order\":2,\"idAttribute\":\"id\",\"type\":\"html\",\"label\":\"HTML\",\"default\":\"<p><span id=\\\"nf-drawer-content\\\"><span class=\\\"nf-setting-groups\\\"><span class=\\\"nf-field-settings\\\"><span class=\\\"nf-field-sub-settings\\\">En soumettant ce formulaire, tu acceptes que nous utilisions tes donn\\u00e9es pour t'envoyer un \\n bulletin d'information \\u00e9lectronique occasionnel. Ton adresse \\u00e9lectronique sera communiqu\\u00e9e \\u00e0 <a href=\\\"https:\\\/\\\/mailchimp.com\\\">MailChimp.com<\\\/a>.\\n pour nous permettre d'envoyer \\n le bulletin d'information. Tu peux \\n se d\\u00e9sabonner \\u00e0 tout moment en utilisant le lien situ\\u00e9 au bas de la page d'accueil. \\nbulletin d'information.&nbsp; Tu peux consulter notre <\\\/span><\\\/span><\\\/span><\\\/span><a href=\\\"https:\\\/\\\/www.cloverleaf.scot\\\/terms-and-conditions\\\/privacy-policy\\\/\\\" target=\\\"_blank\\\">Politique de confidentialit\\u00e9<\\\/a><span id=\\\"nf-drawer-content\\\"><span class=\\\"nf-setting-groups\\\"><span class=\\\"nf-field-settings\\\"><span class=\\\"nf-field-sub-settings\\\"> pour plus d'informations.<\\\/span><\\\/span><\\\/span><\\\/span><br><\\\/p>\",\"container_class\":\"fliz-chimp-tcs\",\"element_class\":\"div\",\"key\":\"html_1607784225284\",\"drawerDisabled\":false,\"id\":23,\"beforeField\":\"\",\"afterField\":\"\",\"value\":\"<p><span id=\\\"nf-drawer-content\\\"><span class=\\\"nf-setting-groups\\\"><span class=\\\"nf-field-settings\\\"><span class=\\\"nf-field-sub-settings\\\">En soumettant ce formulaire, tu acceptes que nous utilisions tes donn\\u00e9es pour t'envoyer un \\n bulletin d'information \\u00e9lectronique occasionnel. Ton adresse \\u00e9lectronique sera communiqu\\u00e9e \\u00e0 <a href=\\\"https:\\\/\\\/mailchimp.com\\\">MailChimp.com<\\\/a>.\\n pour nous permettre d'envoyer \\n le bulletin d'information. Tu peux \\n se d\\u00e9sabonner \\u00e0 tout moment en utilisant le lien situ\\u00e9 au bas de la page d'accueil. \\nbulletin d'information.&nbsp; Tu peux consulter notre <\\\/span><\\\/span><\\\/span><\\\/span><a href=\\\"https:\\\/\\\/www.cloverleaf.scot\\\/terms-and-conditions\\\/privacy-policy\\\/\\\" target=\\\"_blank\\\">Politique de confidentialit\\u00e9<\\\/a><span id=\\\"nf-drawer-content\\\"><span class=\\\"nf-setting-groups\\\"><span class=\\\"nf-field-settings\\\"><span class=\\\"nf-field-sub-settings\\\"> pour plus d'informations.<\\\/span><\\\/span><\\\/span><\\\/span><br><\\\/p>\",\"label_pos\":\"above\",\"parentType\":\"html\",\"element_templates\":[\"html\",\"input\"],\"old_classname\":\"\",\"wrap_template\":\"wrap\"},{\"objectType\":\"Field\",\"objectDomain\":\"fields\",\"editActive\":false,\"order\":3,\"idAttribute\":\"id\",\"type\":\"checkbox\",\"label\":\"Je suis d'accord\",\"key\":\"i_agree_1607786782541\",\"label_pos\":\"right\",\"required\":1,\"container_class\":\"\",\"element_class\":\"\",\"manual_key\":false,\"admin_label\":\"\",\"help_text\":\"<p><br><\\\/p>\",\"desc_text\":\"\",\"default_value\":\"unchecked\",\"checked_value\":\"Checked\",\"unchecked_value\":\"Unchecked\",\"checked_calc_value\":\"\",\"unchecked_calc_value\":\"\",\"drawerDisabled\":false,\"id\":21,\"beforeField\":\"\",\"afterField\":\"\",\"value\":\"\",\"parentType\":\"checkbox\",\"element_templates\":[\"checkbox\",\"input\"],\"old_classname\":\"\",\"wrap_template\":\"wrap\"},{\"objectType\":\"Field\",\"objectDomain\":\"fields\",\"editActive\":false,\"order\":4,\"idAttribute\":\"id\",\"type\":\"submit\",\"label\":\"Inscris-moi\",\"processing_label\":\"Traitement\",\"container_class\":\"\",\"element_class\":\"theme-button\",\"key\":\"sign_me_up_1607784830684\",\"drawerDisabled\":false,\"id\":22,\"beforeField\":\"\",\"afterField\":\"\",\"value\":\"\",\"label_pos\":\"above\",\"parentType\":\"textbox\",\"element_templates\":[\"submit\",\"button\",\"input\"],\"old_classname\":\"\",\"wrap_template\":\"wrap-no-label\"}];nfForms.push(form);<\/script>\n        \n<p><!-- mc4wp_form id=\"661\" -->[\/vc_column_text][\/vc_column][\/vc_row]\n<\/div>","protected":false},"excerpt":{"rendered":"<p>[vc_row full_width=\u00a0\u00bbstretch_row\u00a0\u00bb css=\u00a0\u00bb.vc_custom_1634985450372{margin-top: -30px !important;margin-bottom: 10px !important;padding-top: 20px !important;padding-bottom: 20px !important;background-color: #f2f8ff !important;}\u00a0\u00bb][vc_column css=\u00a0\u00bb.vc_custom_1606666048187{margin-bottom: 0px !important;border-bottom-width: 0px !important;padding-bottom: 0px !important;}\u00a0\u00bb][vc_column_text font_size=\u00a0\u00bbd:36px|pp:30px\u00a0\u00bb color=\u00a0\u00bb#0067ce\u00a0\u00bb font_family=\u00a0\u00bbRibeye\u00a0\u00bb line_height=\u00a0\u00bb1.4em\u00a0\u00bb] Fais-toi plaisir. [\/vc_column_text][vc_column_text font_size=\u00a0\u00bbd:22px|pp:18px\u00a0\u00bb color=\u00a0\u00bb#003365&Prime; css=\u00a0\u00bb.vc_custom_1634985387102{margin-top: 5px !important;}\u00a0\u00bb] Rejoins la liste de diffusion de Crieff Cloverleaf. [\/vc_column_text][\/vc_column][\/vc_row][vc_row css=\u00a0\u00bb.vc_custom_1609085870572{margin-top: 30px !important;margin-bottom: 0px !important;}\u00a0\u00bb][vc_column width=\u00a0\u00bb1\/3&Prime;][vc_column_text line_height=\u00a0\u00bb1.5em\u00a0\u00bb text_align=\u00a0\u00bbleft\u00a0\u00bb font_size=\u00a0\u00bb1.1em\u00a0\u00bb]Nous te tiendrons au courant des&hellip;<\/p>\n","protected":false},"author":1,"featured_media":7897,"parent":0,"menu_order":0,"comment_status":"closed","ping_status":"closed","template":"","meta":{"footnotes":""},"class_list":["post-10440","page","type-page","status-publish","has-post-thumbnail","hentry","entry","has-media"],"_links":{"self":[{"href":"https:\/\/www.cloverleaf.scot\/fr\/wp-json\/wp\/v2\/pages\/10440","targetHints":{"allow":["GET"]}}],"collection":[{"href":"https:\/\/www.cloverleaf.scot\/fr\/wp-json\/wp\/v2\/pages"}],"about":[{"href":"https:\/\/www.cloverleaf.scot\/fr\/wp-json\/wp\/v2\/types\/page"}],"author":[{"embeddable":true,"href":"https:\/\/www.cloverleaf.scot\/fr\/wp-json\/wp\/v2\/users\/1"}],"replies":[{"embeddable":true,"href":"https:\/\/www.cloverleaf.scot\/fr\/wp-json\/wp\/v2\/comments?post=10440"}],"version-history":[{"count":3,"href":"https:\/\/www.cloverleaf.scot\/fr\/wp-json\/wp\/v2\/pages\/10440\/revisions"}],"predecessor-version":[{"id":12715,"href":"https:\/\/www.cloverleaf.scot\/fr\/wp-json\/wp\/v2\/pages\/10440\/revisions\/12715"}],"wp:featuredmedia":[{"embeddable":true,"href":"https:\/\/www.cloverleaf.scot\/fr\/wp-json\/wp\/v2\/media\/7897"}],"wp:attachment":[{"href":"https:\/\/www.cloverleaf.scot\/fr\/wp-json\/wp\/v2\/media?parent=10440"}],"curies":[{"name":"wp","href":"https:\/\/api.w.org\/{rel}","templated":true}]}}