{"id":10460,"date":"2023-04-06T18:44:43","date_gmt":"2023-04-06T17:44:43","guid":{"rendered":"https:\/\/www.cloverleaf.scot\/sunspot-crieff-cloverleaf-cartes-en-taille-reelle\/"},"modified":"2025-11-13T11:03:33","modified_gmt":"2025-11-13T11:03:33","slug":"sunspot-crieff-cloverleaf-cartes-en-taille-reelle","status":"publish","type":"page","link":"https:\/\/www.cloverleaf.scot\/fr\/sunspot-crieff-cloverleaf-cartes-en-taille-reelle\/","title":{"rendered":"Cartes \u00e0 taille r\u00e9elle de SunSpot"},"content":{"rendered":"<div class=\"wpb-content-wrapper\">[vc_row css=\u00a0\u00bb.vc_custom_1680803070585{margin-top: -30px !important;}\u00a0\u00bb][vc_column]<div class=\"templatera_shortcode\"><style type=\"text\/css\" data-type=\"vc_shortcodes-custom-css\">.vc_custom_1672674213132{padding-top: 20px !important;background-color: #fff6e0 !important;}.vc_custom_1673377367823{background-color: #fff6e0 !important;}.vc_custom_1673377478633{margin-top: 0px !important;padding-top: 0px !important;background-color: #fff6e0 !important;}.vc_custom_1672694264623{margin-bottom: 20px !important;padding-bottom: 0px !important;}.vc_custom_1673371314255{margin-top: 20px !important;margin-bottom: 10px !important;}.vc_custom_1672680686255{margin-top: 0px !important;margin-bottom: 0px !important;padding-top: 0px !important;padding-bottom: 0px !important;}.vc_custom_1673270761472{margin-bottom: 10px !important;}.vc_custom_1673270519432{margin-bottom: 15px !important;}.vc_custom_1673270527160{margin-bottom: 15px !important;}.vc_custom_1673273764370{margin-top: 15px !important;margin-bottom: 15px !important;}.vc_custom_1673273631803{margin-top: 15px !important;margin-bottom: 15px !important;}.vc_custom_1672694264623{margin-bottom: 20px !important;padding-bottom: 0px !important;}<\/style><div class=\"vc_row wpb_row vc_row-fluid vc_custom_1672674213132 wpex-relative wpex-vc_row-has-fill wpex-vc-row-boxed-layout-stretched wpex-vc-reset-negative-margin\"><div class=\"wpb_column vc_column_container vc_col-sm-12\"><div class=\"vc_column-inner vc_custom_1672694264623\"><div class=\"wpb_wrapper\">\n\t<div  class=\"wpb_single_image wpb_content_element vc_align_ wpb_content_element\">\n\t\t\n\t\t<figure class=\"wpb_wrapper vc_figure\">\n\t\t\t<div class=\"vc_single_image-wrapper   vc_box_border_grey\"><img width=\"500\" height=\"106\" src=\"https:\/\/www.cloverleaf.scot\/wp-content\/uploads\/2023\/04\/SunSpot500.png\" class=\"vc_single_image-img attachment-full\" alt=\"\" title=\"Crieff Cloverleaf SunSpot\" srcset=\"https:\/\/www.cloverleaf.scot\/wp-content\/uploads\/2023\/04\/SunSpot500.png 500w, https:\/\/www.cloverleaf.scot\/wp-content\/uploads\/2023\/04\/SunSpot500-300x64.png 300w\" sizes=\"(max-width: 500px) 100vw, 500px\" \/><\/div>\n\t\t<\/figure>\n\t<\/div>\n<style>.vcex-heading.vcex_69e0398915200{font-size:1.2em;font-weight:400;}<\/style><h1 class=\"vcex-heading vcex-heading-plain vcex-module wpex-heading wpex-text-2xl vc_custom_1673371314255 vcex_69e0398915200\"><span class=\"vcex-heading-inner wpex-inline-block\">Bienvenue sur SunSpot, l&apos;outil gratuit de pr\u00e9vision m\u00e9t\u00e9orologique Crieff Cloverleaf.<\/span><\/h1><\/div><\/div><\/div><\/div><div class=\"vc_row wpb_row vc_row-fluid vc_custom_1673377367823 wpex-relative wpex-vc_row-has-fill wpex-vc-row-boxed-layout-stretched wpex-vc-reset-negative-margin\"><div class=\"wpb_column vc_column_container vc_col-sm-8\"><div class=\"vc_column-inner vc_custom_1672680686255\"><div class=\"wpb_wrapper\"><div class=\"vc_row wpb_row vc_inner vc_row-fluid vc_custom_1673270761472 wpex-relative\"><div class=\"wpb_column vc_column_container vc_col-sm-6\"><div class=\"vc_column-inner vc_custom_1673270519432\"><div class=\"wpb_wrapper\"><style>.vcex-button.vcex_69e0398916789{font-weight:700;}<\/style><div class=\"theme-button-wrap theme-button-expanded-wrap\"><a href=\"https:\/\/www.cloverleaf.scot\/fr\/sunspot-crieff-cloverleaf-cartes-en-format-mobile\/#fliz-maptabs&lt;br&gt;\" class=\"vcex-button theme-button medium expanded expanded vcex_69e0398916789\"><span class=\"vcex-button-inner theme-button-inner wpex-flex wpex-flex-wrap wpex-items-center wpex-justify-center\">Cartes au format mobile<span class=\"vcex-button-icon vcex-icon-wrap theme-button-icon-right\"><span class=\"wpex-icon wpex-icon--bidi\" aria-hidden=\"true\"><svg xmlns=\"http:\/\/www.w3.org\/2000\/svg\" viewBox=\"0 0 448 512\"><path d=\"M438.6 278.6c12.5-12.5 12.5-32.8 0-45.3l-160-160c-12.5-12.5-32.8-12.5-45.3 0s-12.5 32.8 0 45.3L338.8 224 32 224c-17.7 0-32 14.3-32 32s14.3 32 32 32l306.7 0L233.4 393.4c-12.5 12.5-12.5 32.8 0 45.3s32.8 12.5 45.3 0l160-160z\"\/><\/svg><\/span><\/span><\/span><\/a><\/div> <\/div><\/div><\/div><div class=\"wpb_column vc_column_container vc_col-sm-6\"><div class=\"vc_column-inner vc_custom_1673270527160\"><div class=\"wpb_wrapper\"><style>.vcex-button.vcex_69e039891757c{font-weight:700;}<\/style><div class=\"theme-button-wrap theme-button-expanded-wrap\"><a href=\"https:\/\/www.cloverleaf.scot\/fr\/sunspot-crieff-cloverleaf-cartes-en-taille-reelle\/#fliz-maptabs&lt;br&gt;\" class=\"vcex-button theme-button medium expanded expanded vcex_69e039891757c\"><span class=\"vcex-button-inner theme-button-inner wpex-flex wpex-flex-wrap wpex-items-center wpex-justify-center\">Cartes en taille r\u00e9elle<span class=\"vcex-button-icon vcex-icon-wrap theme-button-icon-right\"><span class=\"wpex-icon wpex-icon--bidi\" aria-hidden=\"true\"><svg xmlns=\"http:\/\/www.w3.org\/2000\/svg\" viewBox=\"0 0 448 512\"><path d=\"M438.6 278.6c12.5-12.5 12.5-32.8 0-45.3l-160-160c-12.5-12.5-32.8-12.5-45.3 0s-12.5 32.8 0 45.3L338.8 224 32 224c-17.7 0-32 14.3-32 32s14.3 32 32 32l306.7 0L233.4 393.4c-12.5 12.5-12.5 32.8 0 45.3s32.8 12.5 45.3 0l160-160z\"\/><\/svg><\/span><\/span><\/span><\/a><\/div> <\/div><\/div><\/div><\/div><div class=\"vc_row wpb_row vc_inner vc_row-fluid wpex-relative\"><div class=\"wpb_column vc_column_container vc_col-sm-6\"><div class=\"vc_column-inner\"><div class=\"wpb_wrapper\">\n\t<div class=\"wpb_text_column wpb_content_element\" >\n\t\t<div class=\"wpb_wrapper\">\n\t\t\t<p>D'un jour \u00e0 l'autre, le temps qu'il fait en \u00c9cosse peut varier consid\u00e9rablement.<br \/>\nChaque itin\u00e9raire <a href=\"https:\/\/www.cloverleaf.scot\/fr\/<br \/>\" target=\"_blank\" rel=\"noopener\">Crieff Cloverleaf<\/a> prend une direction diff\u00e9rente pour sortir de Crieff.<br \/>\nLe temps que tu rencontreras peut tr\u00e8s bien d\u00e9pendre de la direction que tu choisis de prendre.<br \/>\nSunSpot est notre outil pour t'aider \u00e0 choisir l'aventure de chaque jour !   <\/p>\n<p>Nos cartes SunSpot indiquent au fur et \u00e0 mesure les conditions m\u00e9t\u00e9orologiques que tu risques de rencontrer sur chaque itin\u00e9raire.<br \/>\nSunSpot part du principe que tu parcourras chaque itin\u00e9raire \u00e0 un rythme moyen, dans le sens standard.<br \/>\nNotre algorithme de pr\u00e9vision d'itin\u00e9raire pr\u00e9voit une demi-heure pour les arr\u00eats de repos du matin et de l'apr\u00e8s-midi, et une heure pour ta pause d\u00e9jeuner.<\/p>\n\n\t\t<\/div>\n\t<\/div>\n<\/div><\/div><\/div><div class=\"wpb_column vc_column_container vc_col-sm-6\"><div class=\"vc_column-inner\"><div class=\"wpb_wrapper\">\n\t<div class=\"wpb_text_column wpb_content_element\" >\n\t\t<div class=\"wpb_wrapper\">\n\t\t\t<p>SunSpot fournit des pr\u00e9visions pour aujourd'hui, demain et apr\u00e8s-demain, afin de vous aider \u00e0 planifier vos d\u00e9placements.<br \/>\nLes pr\u00e9visions pour demain devraient devenir plus pr\u00e9cises au fur et \u00e0 mesure que la journ\u00e9e avance, nous vous recommandons donc de v\u00e9rifier les pr\u00e9visions SunSpot ce soir, et \u00e0 nouveau demain \u00e0 la premi\u00e8re heure avant de rouler. <\/p>\n<p>Le flux de donn\u00e9es m\u00e9t\u00e9orologiques brutes que nous utilisons pour cr\u00e9er nos cartes gratuites est gracieusement fourni par <a href=\"https:\/\/open-meteo.com\/\" target=\"_blank\" rel=\"noopener\">Open-Meteo.com.<\/a><\/p>\n<p>Les pr\u00e9dictions de SunSpot ne sont pas garanties exactes \u00e0 100 %, mais avec un peu de chance, elles t'indiqueront la bonne direction (litt\u00e9ralement !).<\/p>\n\n\t\t<\/div>\n\t<\/div>\n<\/div><\/div><\/div><\/div><\/div><\/div><\/div><div class=\"wpb_column vc_column_container vc_col-sm-4\"><div class=\"vc_column-inner\"><div class=\"wpb_wrapper\">\n\t<div class=\"wpb_text_column wpb_content_element\" >\n\t\t<div class=\"wpb_wrapper\">\n\t\t\t<div class=\"fliz-sunspot-keytable\">\n<div class=\"fliz-sunspot-keyhead\">\n<h2>Cl\u00e9 m\u00e9t\u00e9o<\/h2>\n<\/div>\n<hr class=\"fliz-hrtop\">\n<div class=\"fliz-sunspot-keyrow\">\n<div class=\"fliz-sunspot-keysquares\">\n<div class=\"fliz-sunspot-square\" style=\"background: #FFC900;\"><\/div>\n<div class=\"fliz-sunspot-square\" style=\"background: #cca100;\"><\/div>\n<div class=\"fliz-sunspot-square\" style=\"background: #997900;\"><\/div>\n<\/div>\n<div class=\"fliz-sunspot-keytext\">\n<h3><strong>Ensoleill\u00e9 \/ partiellement ensoleill\u00e9<\/strong><\/h3>\n<p>C'est tr\u00e8s beau !<br \/>\nAllez-y et faites-vous plaisir. <\/p>\n<\/div>\n<\/div>\n<div class=\"fliz-sunspot-keyrow\">\n<div class=\"fliz-sunspot-keysquares\">\n<div class=\"fliz-sunspot-square\" style=\"background: #AAAAAA;\"><\/div>\n<div class=\"fliz-sunspot-square\" style=\"background: #919191;\"><\/div>\n<div class=\"fliz-sunspot-square\" style=\"background: #777777;\"><\/div>\n<\/div>\n<div class=\"fliz-sunspot-keytext\">\n<h3>Nuageux \/ couvert<\/h3>\n<p>Tu devrais rester (en grande partie) au sec.<\/p>\n<\/div>\n<\/div>\n<div class=\"fliz-sunspot-keyrow\">\n<div class=\"fliz-sunspot-keysquares\">\n<div class=\"fliz-sunspot-square\" style=\"background: #00FFFF;\"><\/div>\n<div class=\"fliz-sunspot-square\" style=\"background: #00cccc;\"><\/div>\n<div class=\"fliz-sunspot-square\" style=\"background: #009999;\"><\/div>\n<\/div>\n<div class=\"fliz-sunspot-keytext\">\n<h3>Petites averses \/ petites pluies<\/h3>\n<p>Tu pourrais te mouiller un peu.<\/p>\n<\/div>\n<\/div>\n<div class=\"fliz-sunspot-keyrow\">\n<div class=\"fliz-sunspot-keysquares\">\n<div class=\"fliz-sunspot-square\" style=\"background: #0066FF;\"><\/div>\n<div class=\"fliz-sunspot-square\" style=\"background: #0052cc;\"><\/div>\n<div class=\"fliz-sunspot-square\" style=\"background: #003d99;\"><\/div>\n<\/div>\n<div class=\"fliz-sunspot-keytext\">\n<h3>Fortes averses \/ fortes pluies<\/h3>\n<p>Tu risques d'\u00eatre tr\u00e8s mouill\u00e9.<\/p>\n<\/div>\n<\/div>\n<div class=\"fliz-sunspot-keyrow\">\n<div class=\"fliz-sunspot-keysquares\">\n<div class=\"fliz-sunspot-square\" style=\"background: #FF0000;\"><\/div>\n<div class=\"fliz-sunspot-square\" style=\"background: #cc0000;\"><\/div>\n<div class=\"fliz-sunspot-square\" style=\"background: #990000;\"><\/div>\n<\/div>\n<div class=\"fliz-sunspot-keytext\">\n<h3>Neige \/ gr\u00e9sil \/ gr\u00eale \/ \u00e9clairs<\/h3>\n<p>En gros, c'est horrible.<br \/>\n\u00c0 \u00e9viter ! <\/p>\n<\/div>\n<\/div>\n<hr class=\"fliz-hrbottom\">\n<div class=\"fliz-sunspot-keyfoot\">Couleur plus fonc\u00e9e = plus de chances d'\u00eatre mouill\u00e9.<\/div>\n<\/div>\n\n\t\t<\/div>\n\t<\/div>\n<style>.vcex-button.vcex_69e03989190fb{font-weight:700;}<\/style><div class=\"vc_custom_1673273764370 wpex-clr\"><div class=\"theme-button-wrap theme-button-expanded-wrap\"><a href=\"https:\/\/www.cloverleaf.scot\/fr\/sunspot-crieff-cloverleaf-cartes-en-format-mobile\/#fliz-maptabs&lt;br&gt;\" class=\"vcex-button theme-button medium expanded visible-phone expanded vcex_69e03989190fb\"><span class=\"vcex-button-inner theme-button-inner wpex-flex wpex-flex-wrap wpex-items-center wpex-justify-center\">Cartes au format mobile<span class=\"vcex-button-icon vcex-icon-wrap theme-button-icon-right\"><span class=\"wpex-icon wpex-icon--bidi\" aria-hidden=\"true\"><svg xmlns=\"http:\/\/www.w3.org\/2000\/svg\" viewBox=\"0 0 448 512\"><path d=\"M438.6 278.6c12.5-12.5 12.5-32.8 0-45.3l-160-160c-12.5-12.5-32.8-12.5-45.3 0s-12.5 32.8 0 45.3L338.8 224 32 224c-17.7 0-32 14.3-32 32s14.3 32 32 32l306.7 0L233.4 393.4c-12.5 12.5-12.5 32.8 0 45.3s32.8 12.5 45.3 0l160-160z\"\/><\/svg><\/span><\/span><\/span><\/a><\/div><\/div> <style>.vcex-button.vcex_69e0398919d60{font-weight:700;}<\/style><div class=\"vc_custom_1673273631803 wpex-clr\"><div class=\"theme-button-wrap theme-button-expanded-wrap\"><a href=\"https:\/\/www.cloverleaf.scot\/fr\/sunspot-crieff-cloverleaf-cartes-en-taille-reelle\/#fliz-maptabs&lt;br&gt;\" class=\"vcex-button theme-button medium expanded visible-phone expanded vcex_69e0398919d60\"><span class=\"vcex-button-inner theme-button-inner wpex-flex wpex-flex-wrap wpex-items-center wpex-justify-center\">Cartes en taille r\u00e9elle<span class=\"vcex-button-icon vcex-icon-wrap theme-button-icon-right\"><span class=\"wpex-icon wpex-icon--bidi\" aria-hidden=\"true\"><svg xmlns=\"http:\/\/www.w3.org\/2000\/svg\" viewBox=\"0 0 448 512\"><path d=\"M438.6 278.6c12.5-12.5 12.5-32.8 0-45.3l-160-160c-12.5-12.5-32.8-12.5-45.3 0s-12.5 32.8 0 45.3L338.8 224 32 224c-17.7 0-32 14.3-32 32s14.3 32 32 32l306.7 0L233.4 393.4c-12.5 12.5-12.5 32.8 0 45.3s32.8 12.5 45.3 0l160-160z\"\/><\/svg><\/span><\/span><\/span><\/a><\/div><\/div> <\/div><\/div><\/div><\/div><div class=\"vc_row wpb_row vc_row-fluid fliz-sunspot-refresh-note vc_custom_1673377478633 wpex-relative wpex-vc_row-has-fill wpex-vc-row-boxed-layout-stretched wpex-vc-reset-negative-margin\"><div class=\"wpb_column vc_column_container vc_col-sm-12\"><div class=\"vc_column-inner vc_custom_1672694264623\"><div class=\"wpb_wrapper\"><div class=\"vcex-module vcex-divider vcex-divider-solid vcex-divider-center wpex-mx-auto vcex-divider-has-icon wpex-flex wpex-items-center\"><div class=\"vcex-divider-border wpex-flex-grow wpex-border-b wpex-border-solid wpex-border-main\" style=\"border-color:#ffc900;border-bottom-width:1px;\"><\/div><span class=\"vcex-divider-icon-span wpex-inline-flex wpex-justify-center wpex-items-center wpex-box-content wpex-inline-block wpex-text-center wpex-text-lg wpex-py-10 wpex-px-20\" style=\"color:#ffc900;\"><span class=\"wpex-icon\" aria-hidden=\"true\"><svg xmlns=\"http:\/\/www.w3.org\/2000\/svg\" viewBox=\"0 0 41 32\"><path d=\"M41.089 18.5q0.214 1.839-0.393 3.545t-1.768 2.92-2.83 1.893-3.509 0.554q-2.875-0.196-4.991-2.232t-2.402-4.893q-0.214-1.982 0.491-3.759t2.116-3.045l-1.268-1.911q-1.714 1.429-2.696 3.464t-0.982 4.357q0 0.482-0.33 0.83t-0.813 0.348h-5.804q-0.411 2.929-2.661 4.893t-5.25 1.964q-3.304 0-5.652-2.348t-2.348-5.652 2.348-5.652 5.652-2.348q1.357 0 2.714 0.482l0.429-0.804q-2.196-1.964-5.429-1.964h-1.143q-0.464 0-0.804-0.339t-0.339-0.804 0.339-0.804 0.804-0.339h2.286q1.393 0 2.589 0.241t2.080 0.688 1.277 0.705 0.911 0.652h11.196l-1.518-2.286h-3.964q-0.536 0-0.875-0.402t-0.25-0.938q0.071-0.411 0.411-0.679t0.768-0.268h4.518q0.589 0 0.946 0.5l1.25 1.875 2.036-2.036q0.339-0.339 0.821-0.339h1.804q0.464 0 0.804 0.339t0.339 0.804v2.286q0 0.464-0.339 0.804t-0.804 0.339h-3.196l2.054 3.071q2.339-1.125 4.911-0.643 2.554 0.464 4.357 2.402t2.107 4.527zM8 25.143q2.054 0 3.625-1.295t1.982-3.277h-5.607q-0.625 0-0.982-0.554-0.321-0.571-0.018-1.125l2.625-4.946q-0.839-0.232-1.625-0.232-2.357 0-4.036 1.679t-1.679 4.036 1.679 4.036 4.036 1.679zM33.143 25.143q2.357 0 4.036-1.679t1.679-4.036-1.679-4.036-4.036-1.679q-1.071 0-2.161 0.429l3.107 4.643q0.268 0.411 0.179 0.875t-0.482 0.714q-0.268 0.196-0.643 0.196-0.625 0-0.946-0.518l-3.107-4.643q-1.661 1.696-1.661 4.018 0 2.357 1.679 4.036t4.036 1.679z\"><\/path><\/svg><\/span><\/span><div class=\"vcex-divider-border wpex-flex-grow wpex-border-b wpex-border-solid wpex-border-main\" style=\"border-color:#ffc900;border-bottom-width:1px;\"><\/div><\/div>\n\t<div class=\"wpb_text_column wpb_content_element\" >\n\t\t<div class=\"wpb_wrapper\">\n\t\t\t<p style=\"text-align: center;\"><em>De nouvelles cartes sont g\u00e9n\u00e9r\u00e9es toutes les 3 heures. Actualise les pages des cartes pour voir les derni\u00e8res cartes disponibles.<\/em><\/p>\n\n\t\t<\/div>\n\t<\/div>\n<\/div><\/div><\/div><\/div><\/div>[\/vc_column][\/vc_row][vc_row css=\u00a0\u00bb.vc_custom_1672681125573{margin-top: -30px !important;}\u00a0\u00bb el_id=\u00a0\u00bbfliz-maptabs\u00a0\u00bb][vc_column][vc_tta_tabs title_tag=\u00a0\u00bbh3&Prime; style=\u00a0\u00bbmodern\u00a0\u00bb active_section=\u00a0\u00bb2&Prime;][vc_tta_section title=\u00a0\u00bbAujourd&rsquo;hui\u00a0\u00bb tab_id=\u00a0\u00bbfliz-sunspot-bigmaps-today\u00a0\u00bb][vc_column_text]<fliz class='fliz-bigmap-title'>Crieff Cloverleaf<\/div><div class='fliz-weather-fdate'>Forecast for : Thu 16th Apr 2026<\/div><div class='fliz-weather-depart'>Departure time: 09:30<\/div><div class='fliz-sunspot-bigmap'><img decoding='async' src='https:\/\/www.cloverleaf.scot\/wp-content\/uploads\/fliz_sunspot\/bigmap_0_1776299774.jpg' width='750' height='1067' alt='SunSpot map for Crieff Cloverleaf, day 0'\/><\/div>[\/vc_column_text][\/vc_tta_section][vc_tta_section title=\u00a0\u00bbDemain\u00a0\u00bb tab_id=\u00a0\u00bbfliz-sunspot-bigmaps-tomorrow\u00a0\u00bb][vc_column_text]<fliz class='fliz-bigmap-title'>Crieff Cloverleaf<\/div><div class='fliz-weather-fdate'>Forecast for : Fri 17th Apr 2026<\/div><div class='fliz-weather-depart'>Departure time: 09:30<\/div><div class='fliz-sunspot-bigmap'><img decoding='async' src='https:\/\/www.cloverleaf.scot\/wp-content\/uploads\/fliz_sunspot\/bigmap_1_1776299774.jpg' width='750' height='1067' alt='SunSpot map for Crieff Cloverleaf, day 1'\/><\/div>[\/vc_column_text][\/vc_tta_section][vc_tta_section title=\u00a0\u00bbApr\u00e8s-demain\u00a0\u00bb tab_id=\u00a0\u00bbfliz-sunspot-bigmaps-dayafter\u00a0\u00bb][vc_column_text]<fliz class='fliz-bigmap-title'>Crieff Cloverleaf<\/div><div class='fliz-weather-fdate'>Forecast for : Sat 18th Apr 2026<\/div><div class='fliz-weather-depart'>Departure time: 09:30<\/div><div class='fliz-sunspot-bigmap'><img decoding='async' src='https:\/\/www.cloverleaf.scot\/wp-content\/uploads\/fliz_sunspot\/bigmap_2_1776299774.jpg' width='750' height='1067' alt='SunSpot map for Crieff Cloverleaf, day 2'\/><\/div>[\/vc_column_text][\/vc_tta_section][\/vc_tta_tabs][\/vc_column][\/vc_row][vc_row full_width=\u00a0\u00bbstretch_row\u00a0\u00bb css=\u00a0\u00bb.vc_custom_1690374562429{margin-bottom: 0px !important;padding-top: 25px !important;background-color: #fff6e0 !important;}\u00a0\u00bb][vc_column]<div class=\"templatera_shortcode\"><style type=\"text\/css\" data-type=\"vc_shortcodes-custom-css\">.vc_custom_1689680319297{margin-top: 10px !important;margin-bottom: 10px !important;}.vc_custom_1689681727418{padding-top: 10px !important;}<\/style><div class=\"vc_row wpb_row vc_row-fluid wpex-relative wpex-vc-row-boxed-layout-stretched\"><div class=\"wpb_column fliz-fix-multis vc_column_container vc_col-sm-8\"><div class=\"vc_column-inner\"><div class=\"wpb_wrapper\"><style>.vcex-heading.vcex_69e039892997d{color:#c91a00;font-size:18px;font-weight:700;}.vcex-heading.vcex_69e039892997d .vcex-heading-side-border__border{border-color:#c91a00;}@media (max-width:479px){.vcex-heading.vcex_69e039892997d{font-size:18px;}}<\/style><h4 class=\"vcex-heading vcex-heading-side-border vcex-module wpex-heading wpex-text-2xl wpex-flex wpex-items-center wpex-text-center vc_custom_1689680319297 vcex_69e039892997d\"><span class=\"vcex-heading-side-border__border wpex-flex-grow wpex-h-0 wpex-border-solid wpex-border-b-2 wpex-mr-15\"><\/span><span class=\"vcex-heading-inner wpex-inline-block\">Rejoins l&apos;\u00e9quipe Coo !<\/span><span class=\"vcex-heading-side-border__border wpex-flex-grow wpex-h-0 wpex-border-solid wpex-ml-15 wpex-border-b-2\"><\/span><\/h4>\n\t<div class=\"wpb_text_column wpb_content_element\" >\n\t\t<div class=\"wpb_wrapper\">\n\t\t\t<p>Notre outil m\u00e9t\u00e9o gratuit SunSpot t'est-il utile ? C'est une petite b\u00eate gourmande en temps d'ordinateur, et cela nous co\u00fbte de l'argent suppl\u00e9mentaire pour la faire fonctionner.<\/p>\n<p> <strong><span class=\"ticon ticon-heart\" style=\"color: #c91a00;\"> <\/span><span style=\"color: #c91a00;\">Nous serions ravis <\/span> <span class=\"ticon ticon-heart\" style=\"color: #c91a00;\"> <\/span><\/strong>si tu pouvais nous soutenir en achetant un de nos superbes <a href=\"https:\/\/www.cloverleaf.scot\/gear-shop\/\">v\u00eatements Crieff Cloverleaf<\/a>.<\/p>\n\n\t\t<\/div>\n\t<\/div>\n<div class=\"vc_empty_space\"   style=\"height: 16px\"><span class=\"vc_empty_space_inner\"><\/span><\/div><style>.vcex-button.vcex_69e039892b333{background:#c91a00;color:#ffffff!important;}.vcex-button.vcex_69e039892b333:hover{background:#ffffff!important;color:#000000!important;}<\/style><div class=\"theme-button-wrap textcenter wpex-clr\"><a href=\"https:\/\/www.cloverleaf.scot\/gear-shop\/\" class=\"vcex-button theme-button medium align-center inline vcex_69e039892b333\"><span class=\"vcex-button-inner theme-button-inner wpex-flex wpex-flex-wrap wpex-items-center wpex-justify-center\">Voir tout notre mat\u00e9riel<\/span><\/a><\/div> <\/div><\/div><\/div><div class=\"wpb_column vc_column_container vc_col-sm-4\"><div class=\"vc_column-inner\"><div class=\"wpb_wrapper\"><style>.vcex-image.vcex_69e039892d8a9 .vcex-image-inner{max-width:720px;}<\/style><figure class=\"vcex-image vcex-module vcex_69e039892d8a9\"><div class=\"vcex-image-inner wpex-relative wpex-inline-block vc_custom_1689681727418\"><a href=\"https:\/\/www.cloverleaf.scot\/fr\/?page_id=10451\"><img width=\"1909\" height=\"1074\" src=\"https:\/\/www.cloverleaf.scot\/wp-content\/uploads\/2023\/07\/KonaGearShopWide.jpg\" class=\"vcex-image-img wpex-align-middle\" alt=\"\" loading=\"lazy\" decoding=\"async\" srcset=\"https:\/\/www.cloverleaf.scot\/wp-content\/uploads\/2023\/07\/KonaGearShopWide.jpg 1909w, https:\/\/www.cloverleaf.scot\/wp-content\/uploads\/2023\/07\/KonaGearShopWide-300x169.jpg 300w, https:\/\/www.cloverleaf.scot\/wp-content\/uploads\/2023\/07\/KonaGearShopWide-1024x576.jpg 1024w, https:\/\/www.cloverleaf.scot\/wp-content\/uploads\/2023\/07\/KonaGearShopWide-768x432.jpg 768w, https:\/\/www.cloverleaf.scot\/wp-content\/uploads\/2023\/07\/KonaGearShopWide-1536x864.jpg 1536w, https:\/\/www.cloverleaf.scot\/wp-content\/uploads\/2023\/07\/KonaGearShopWide-600x338.jpg 600w\" sizes=\"auto, (max-width: 1909px) 100vw, 1909px\" \/><\/a><\/div><\/figure><\/div><\/div><\/div><\/div><div class=\"vc_row wpb_row vc_row-fluid wpex-relative\"><div class=\"wpb_column vc_column_container vc_col-sm-12\"><div class=\"vc_column-inner\"><div class=\"wpb_wrapper\">\n\t<div class=\"wpb_text_column wpb_content_element\" >\n\t\t<div class=\"wpb_wrapper\">\n\t\t\t\n\t\t<\/div>\n\t<\/div>\n<\/div><\/div><\/div><\/div><\/div>[\/vc_column][\/vc_row]\n<\/div>","protected":false},"excerpt":{"rendered":"Bienvenue sur SunSpot, l&apos;outil gratuit de pr\u00e9vision m\u00e9t\u00e9orologique Crieff Cloverleaf.Cartes au format mobile Cartes en taille r\u00e9elle D'un jour \u00e0 l'autre, le temps qu'il fait en \u00c9cosse peut varier consid\u00e9rablement. Chaque itin\u00e9raire Crieff Cloverleaf prend une direction diff\u00e9rente pour sortir de Crieff. Le temps que tu rencontreras peut tr\u00e8s bien d\u00e9pendre de la direction que&hellip;","protected":false},"author":1,"featured_media":0,"parent":0,"menu_order":0,"comment_status":"closed","ping_status":"closed","template":"","meta":{"footnotes":""},"class_list":["post-10460","page","type-page","status-publish","hentry","entry","no-media"],"_links":{"self":[{"href":"https:\/\/www.cloverleaf.scot\/fr\/wp-json\/wp\/v2\/pages\/10460","targetHints":{"allow":["GET"]}}],"collection":[{"href":"https:\/\/www.cloverleaf.scot\/fr\/wp-json\/wp\/v2\/pages"}],"about":[{"href":"https:\/\/www.cloverleaf.scot\/fr\/wp-json\/wp\/v2\/types\/page"}],"author":[{"embeddable":true,"href":"https:\/\/www.cloverleaf.scot\/fr\/wp-json\/wp\/v2\/users\/1"}],"replies":[{"embeddable":true,"href":"https:\/\/www.cloverleaf.scot\/fr\/wp-json\/wp\/v2\/comments?post=10460"}],"version-history":[{"count":3,"href":"https:\/\/www.cloverleaf.scot\/fr\/wp-json\/wp\/v2\/pages\/10460\/revisions"}],"predecessor-version":[{"id":12857,"href":"https:\/\/www.cloverleaf.scot\/fr\/wp-json\/wp\/v2\/pages\/10460\/revisions\/12857"}],"wp:attachment":[{"href":"https:\/\/www.cloverleaf.scot\/fr\/wp-json\/wp\/v2\/media?parent=10460"}],"curies":[{"name":"wp","href":"https:\/\/api.w.org\/{rel}","templated":true}]}}