{"id":10471,"date":"2023-07-26T14:33:26","date_gmt":"2023-07-26T13:33:26","guid":{"rendered":"https:\/\/www.cloverleaf.scot\/roomlink\/soutien-pour-clubs-et-groupes\/"},"modified":"2024-11-23T12:27:58","modified_gmt":"2024-11-23T12:27:58","slug":"soutien-pour-clubs-et-groupes","status":"publish","type":"page","link":"https:\/\/www.cloverleaf.scot\/fr\/roomlink\/soutien-pour-clubs-et-groupes\/","title":{"rendered":"Soutien aux clubs et aux groupes"},"content":{"rendered":"<div class=\"wpb-content-wrapper\">[vc_row full_width=\u00a0\u00bbstretch_row\u00a0\u00bb css=\u00a0\u00bb.vc_custom_1690377846792{margin-top: -30px !important;padding-top: 25px !important;background-color: #fff8ed !important;}\u00a0\u00bb][vc_column width=\u00a0\u00bb1\/3&Prime;][vc_single_image image=\u00a0\u00bb7091&Prime; css=\u00a0\u00bb.vc_custom_1690377111917{margin-bottom: 20px !important;}\u00a0\u00bb]<style>.vcex-heading.vcex_69e05300a2539{color:#003365;font-size:22px;font-weight:700;}.vcex-heading.vcex_69e05300a2539 .vcex-heading-side-border__border{border-color:#0067ce;}@media (max-width:479px){.vcex-heading.vcex_69e05300a2539{font-size:18px;}}<\/style><h3 class=\"vcex-heading vcex-heading-side-border vcex-module wpex-heading wpex-text-2xl wpex-flex wpex-items-center wpex-text-center vc_custom_1690376667444 vcex_69e05300a2539\"><span class=\"vcex-heading-side-border__border wpex-flex-grow wpex-h-0 wpex-border-solid wpex-border-b-2 wpex-mr-15\"><\/span><span class=\"vcex-heading-inner wpex-inline-block\">Tu en as assez de rassembler des chats ?<\/span><span class=\"vcex-heading-side-border__border wpex-flex-grow wpex-h-0 wpex-border-solid wpex-ml-15 wpex-border-b-2\"><\/span><\/h3>[vc_column_text]Si tu fais du moto avec plus d&rsquo;une poign\u00e9e de personnes, ou si tu as besoin de plus de deux chambres, l&rsquo;organisation d&rsquo;un voyage de groupe peut \u00eatre un cauchemar ![\/vc_column_text]<div class=\"vcex-module vcex-divider vcex-divider-solid vcex-divider-center wpex-mx-auto vcex-divider-has-icon wpex-flex wpex-items-center\"><div class=\"vcex-divider-border wpex-flex-grow wpex-border-b wpex-border-solid wpex-border-main\" style=\"border-color:#003365;\"><\/div><span class=\"vcex-divider-icon-span wpex-inline-flex wpex-justify-center wpex-items-center wpex-box-content wpex-inline-block wpex-text-center wpex-text-lg wpex-py-10 wpex-px-20\" style=\"font-size:25px;color:#003365;\"><span aria-hidden=\"true\" class=\"fas fa-first-aid\"><\/span><\/span><div class=\"vcex-divider-border wpex-flex-grow wpex-border-b wpex-border-solid wpex-border-main\" style=\"border-color:#003365;\"><\/div><\/div>[vc_column_text]Nous aimons voir des clubs et des groupes de copains cavaliers visiter Crieff pour parcourir les itin\u00e9raires de Cloverleaf, et nous sommes heureux de vous offrir quelques premiers soins administratifs.[\/vc_column_text][\/vc_column][vc_column width=\u00a0\u00bb1\/3&Prime;][vc_single_image image=\u00a0\u00bb7093&Prime; css=\u00a0\u00bb.vc_custom_1690377273658{margin-bottom: 20px !important;}\u00a0\u00bb]<style>.vcex-heading.vcex_69e05300a4641{color:#003365;font-size:22px;font-weight:700;}.vcex-heading.vcex_69e05300a4641 .vcex-heading-side-border__border{border-color:#0067ce;}@media (max-width:479px){.vcex-heading.vcex_69e05300a4641{font-size:18px;}}<\/style><h3 class=\"vcex-heading vcex-heading-side-border vcex-module wpex-heading wpex-text-2xl wpex-flex wpex-items-center wpex-text-center vc_custom_1690372490459 vcex_69e05300a4641\"><span class=\"vcex-heading-side-border__border wpex-flex-grow wpex-h-0 wpex-border-solid wpex-border-b-2 wpex-mr-15\"><\/span><span class=\"vcex-heading-inner wpex-inline-block\">Logistique et r\u00e9ductions<\/span><span class=\"vcex-heading-side-border__border wpex-flex-grow wpex-h-0 wpex-border-solid wpex-ml-15 wpex-border-b-2\"><\/span><\/h3>[vc_column_text]Nous pouvons t&rsquo;aider \u00e0 trouver suffisamment de chambres pour ton groupe, m\u00eame si cela signifie que tu dois r\u00e9partir tes participants dans plusieurs lieux \u00e0 proximit\u00e9.[\/vc_column_text]<div class=\"vcex-module vcex-divider vcex-divider-solid vcex-divider-center wpex-mx-auto vcex-divider-has-icon wpex-flex wpex-items-center\"><div class=\"vcex-divider-border wpex-flex-grow wpex-border-b wpex-border-solid wpex-border-main\" style=\"border-color:#003365;\"><\/div><span class=\"vcex-divider-icon-span wpex-inline-flex wpex-justify-center wpex-items-center wpex-box-content wpex-inline-block wpex-text-center wpex-text-lg wpex-py-10 wpex-px-20\" style=\"font-size:25px;color:#003365;\"><span aria-hidden=\"true\" class=\"fas fa-life-ring\"><\/span><\/span><div class=\"vcex-divider-border wpex-flex-grow wpex-border-b wpex-border-solid wpex-border-main\" style=\"border-color:#003365;\"><\/div><\/div>[vc_column_text]Nous pouvons souvent obtenir des arrangements de repas \u00e0 prix r\u00e9duit pour toi, et t&rsquo;aider \u00e0 r\u00e9gler des choses comme des menus de d\u00eener \u00e0 prix fixe pour faciliter ton planning.[\/vc_column_text][\/vc_column][vc_column width=\u00a0\u00bb1\/3&Prime;][vc_single_image image=\u00a0\u00bb7095&Prime; css=\u00a0\u00bb.vc_custom_1690377433969{margin-bottom: 20px !important;}\u00a0\u00bb]<style>.vcex-heading.vcex_69e05300a5a74{color:#003365;font-size:22px;font-weight:700;}.vcex-heading.vcex_69e05300a5a74 .vcex-heading-side-border__border{border-color:#0067ce;}@media (max-width:479px){.vcex-heading.vcex_69e05300a5a74{font-size:18px;}}<\/style><h3 class=\"vcex-heading vcex-heading-side-border vcex-module wpex-heading wpex-text-2xl wpex-flex wpex-items-center wpex-text-center vc_custom_1690372721211 vcex_69e05300a5a74\"><span class=\"vcex-heading-side-border__border wpex-flex-grow wpex-h-0 wpex-border-solid wpex-border-b-2 wpex-mr-15\"><\/span><span class=\"vcex-heading-inner wpex-inline-block\">Un service gratuit<\/span><span class=\"vcex-heading-side-border__border wpex-flex-grow wpex-h-0 wpex-border-solid wpex-ml-15 wpex-border-b-2\"><\/span><\/h3>[vc_column_text]Gr\u00e2ce au soutien g\u00e9n\u00e9reux de nos propri\u00e9t\u00e9s partenaires, nous n&rsquo;avons pas besoin de te faire payer des frais pour notre assistance &#8211; c&rsquo;est gratuit ![\/vc_column_text]<div class=\"vcex-module vcex-divider vcex-divider-solid vcex-divider-center wpex-mx-auto vcex-divider-has-icon wpex-flex wpex-items-center\"><div class=\"vcex-divider-border wpex-flex-grow wpex-border-b wpex-border-solid wpex-border-main\" style=\"border-color:#003365;\"><\/div><span class=\"vcex-divider-icon-span wpex-inline-flex wpex-justify-center wpex-items-center wpex-box-content wpex-inline-block wpex-text-center wpex-text-lg wpex-py-10 wpex-px-20\" style=\"font-size:25px;color:#003365;\"><span aria-hidden=\"true\" class=\"fas fa-hands-helping\"><\/span><\/span><div class=\"vcex-divider-border wpex-flex-grow wpex-border-b wpex-border-solid wpex-border-main\" style=\"border-color:#003365;\"><\/div><\/div>[vc_column_text]Tes accords d&rsquo;h\u00e9bergement seront conclus directement avec les propri\u00e9t\u00e9s partenaires, et tes d\u00e9p\u00f4ts et soldes finaux leur seront vers\u00e9s directement.[\/vc_column_text][\/vc_column][\/vc_row][vc_row full_width=\u00a0\u00bbstretch_row\u00a0\u00bb css=\u00a0\u00bb.vc_custom_1690376167887{margin-bottom: 0px !important;padding-top: 20px !important;padding-bottom: 0px !important;background-color: #003365 !important;}\u00a0\u00bb][vc_column css=\u00a0\u00bb.vc_custom_1601821839568{margin-bottom: 0px !important;border-bottom-width: 0px !important;padding-bottom: 0px !important;}\u00a0\u00bb][vc_column_text font_size=\u00a0\u00bbd:36px|pp:30px\u00a0\u00bb color=\u00a0\u00bb#addbff\u00a0\u00bb font_family=\u00a0\u00bbRibeye\u00a0\u00bb line_height=\u00a0\u00bb1.4em\u00a0\u00bb]\n<p style=\"text-align: center;\">Les meilleurs conseils<\/p>\n[\/vc_column_text][\/vc_column][\/vc_row][vc_row full_width=\u00a0\u00bbstretch_row\u00a0\u00bb css=\u00a0\u00bb.vc_custom_1690375861333{padding-top: 25px !important;background-color: #003365 !important;}\u00a0\u00bb][vc_column width=\u00a0\u00bb1\/3&Prime;][vc_column_text color=\u00a0\u00bb#ffffff\u00a0\u00bb]Pour les groupes plus importants, nous te recommandons vivement de prendre contact <strong>le plus t\u00f4t possible<\/strong>.<\/p>\n<p>Cela nous donne les meilleures chances de trouver un plus grand nombre de chambres libres pour les dates que tu souhaites.[\/vc_column_text][\/vc_column][vc_column width=\u00a0\u00bb1\/3&Prime;]<figure class=\"vcex-image vcex-module\"><div class=\"vcex-image-inner wpex-relative wpex-inline-block\"><img width=\"980\" height=\"513\" src=\"https:\/\/www.cloverleaf.scot\/wp-content\/uploads\/2023\/05\/FourRoutesCompass.jpg\" class=\"vcex-image-img wpex-align-middle\" alt=\"\" loading=\"lazy\" decoding=\"async\" srcset=\"https:\/\/www.cloverleaf.scot\/wp-content\/uploads\/2023\/05\/FourRoutesCompass.jpg 980w, https:\/\/www.cloverleaf.scot\/wp-content\/uploads\/2023\/05\/FourRoutesCompass-300x157.jpg 300w, https:\/\/www.cloverleaf.scot\/wp-content\/uploads\/2023\/05\/FourRoutesCompass-768x402.jpg 768w, https:\/\/www.cloverleaf.scot\/wp-content\/uploads\/2023\/05\/FourRoutesCompass-600x314.jpg 600w\" sizes=\"auto, (max-width: 980px) 100vw, 980px\" \/><\/div><\/figure>[\/vc_column][vc_column width=\u00a0\u00bb1\/3&Prime;][vc_column_text color=\u00a0\u00bb#ffffff\u00a0\u00bb]Pour les groupes plus importants, nous recommandons des s\u00e9jours de cinq nuits <strong>avec arriv\u00e9e le dimanche et d\u00e9part le vendredi<\/strong>.<\/p>\n<p><em>(Heureusement, nous pensons que les journ\u00e9es du lundi au jeudi sont les plus propices \u00e0 la pratique de tes Crieff Cloverleaf itin\u00e9raires).<\/em>[\/vc_column_text][\/vc_column][\/vc_row][vc_row full_width=\u00a0\u00bbstretch_row\u00a0\u00bb css=\u00a0\u00bb.vc_custom_1690375666902{padding-top: 25px !important;background-color: #f2f8ff !important;}\u00a0\u00bb][vc_column width=\u00a0\u00bb1\/2&Prime; css=\u00a0\u00bb.vc_custom_1690377964852{padding-top: 15px !important;}\u00a0\u00bb]<figure class=\"vcex-image vcex-module\"><div class=\"vcex-image-inner wpex-relative wpex-inline-block\"><img width=\"1909\" height=\"1074\" src=\"https:\/\/www.cloverleaf.scot\/wp-content\/uploads\/2023\/07\/KonaGearShopWide.jpg\" class=\"vcex-image-img wpex-align-middle\" alt=\"\" loading=\"lazy\" decoding=\"async\" srcset=\"https:\/\/www.cloverleaf.scot\/wp-content\/uploads\/2023\/07\/KonaGearShopWide.jpg 1909w, https:\/\/www.cloverleaf.scot\/wp-content\/uploads\/2023\/07\/KonaGearShopWide-300x169.jpg 300w, https:\/\/www.cloverleaf.scot\/wp-content\/uploads\/2023\/07\/KonaGearShopWide-1024x576.jpg 1024w, https:\/\/www.cloverleaf.scot\/wp-content\/uploads\/2023\/07\/KonaGearShopWide-768x432.jpg 768w, https:\/\/www.cloverleaf.scot\/wp-content\/uploads\/2023\/07\/KonaGearShopWide-1536x864.jpg 1536w, https:\/\/www.cloverleaf.scot\/wp-content\/uploads\/2023\/07\/KonaGearShopWide-600x338.jpg 600w\" sizes=\"auto, (max-width: 1909px) 100vw, 1909px\" \/><\/div><\/figure>[\/vc_column][vc_column width=\u00a0\u00bb1\/2&Prime;]<style>.vcex-heading.vcex_69e05300aafc1{color:#003365;font-size:22px;font-weight:700;}.vcex-heading.vcex_69e05300aafc1 .vcex-heading-side-border__border{border-color:#0067ce;}@media (max-width:479px){.vcex-heading.vcex_69e05300aafc1{font-size:18px;}}<\/style><h3 class=\"vcex-heading vcex-heading-side-border vcex-module wpex-heading wpex-text-2xl wpex-flex wpex-items-center wpex-text-center vc_custom_1690374978538 vcex_69e05300aafc1\"><span class=\"vcex-heading-side-border__border wpex-flex-grow wpex-h-0 wpex-border-solid wpex-border-b-2 wpex-mr-15\"><\/span><span class=\"vcex-heading-inner wpex-inline-block\">Tu es pr\u00eat \u00e0 te pr\u00e9parer ?<\/span><span class=\"vcex-heading-side-border__border wpex-flex-grow wpex-h-0 wpex-border-solid wpex-ml-15 wpex-border-b-2\"><\/span><\/h3>[vc_column_text css=\u00a0\u00bb.vc_custom_1690377922015{margin-top: 15px !important;}\u00a0\u00bb]<strong>Si tu organises un voyage de club ou de groupe, contacte simplement Kona en utilisant notre <a href=\"https:\/\/www.cloverleaf.scot\/fr\/parles-nous\/\">formulaire de contact<\/a> ou par courriel \u00e0 <a href=\"mailto:roomlink@cloverleaf.scot\">roomlink@cloverleaf.scot<\/a>. <\/strong><\/p>\n<p>Elle sera heureuse d&rsquo;examiner tes besoins et d&rsquo;essayer de t&rsquo;aider \u00e0 organiser l&rsquo;aventure Crieff Cloverleaf de ton club ou de ton groupe. <br \/>[\/vc_column_text]<div class=\"vc_custom_1690375647846 wpex-clr\"><div class=\"theme-button-wrap textcenter wpex-clr\"><a href=\"https:\/\/www.cloverleaf.scot\/fr\/parles-nous\/\" class=\"vcex-button theme-button large align-center inline\"><span class=\"vcex-button-inner theme-button-inner wpex-flex wpex-flex-wrap wpex-items-center wpex-justify-center\">Contacter Kona<\/span><\/a><\/div><\/div> [\/vc_column][\/vc_row][vc_row full_width=\u00a0\u00bbstretch_row\u00a0\u00bb css=\u00a0\u00bb.vc_custom_1689684236772{background-color: #f2f8ff !important;}\u00a0\u00bb][vc_column][vc_message message_box_color=\u00a0\u00bbalert-warning\u00a0\u00bb]Il arrive que nos courriels atterrissent dans ton dossier spam. Si tu n&rsquo;as pas re\u00e7u de nouvelles dans les deux jours suivant ta demande, <a href=\"https:\/\/www.cloverleaf.scot\/fr\/parles-nous\/\">recontacte-nous<\/a> &#8211; au cas o\u00f9 notre r\u00e9ponse aurait \u00e9t\u00e9 d\u00e9vor\u00e9e par des gremlins ![\/vc_message][\/vc_column][\/vc_row][vc_row full_width=\u00a0\u00bbstretch_row\u00a0\u00bb css=\u00a0\u00bb.vc_custom_1730133413269{padding-top: 30px !important;background-color: #003365 !important;}\u00a0\u00bb visibility=\u00a0\u00bbhidden\u00a0\u00bb][vc_column]<figure class=\"vcex-image vcex-module wpex-text-center\"><div class=\"vcex-image-inner wpex-relative wpex-inline-block\"><img width=\"700\" height=\"1045\" src=\"https:\/\/www.cloverleaf.scot\/wp-content\/uploads\/2023\/08\/PosterForOrganisersSML.jpg\" class=\"vcex-image-img wpex-align-middle\" alt=\"\" loading=\"lazy\" decoding=\"async\" srcset=\"https:\/\/www.cloverleaf.scot\/wp-content\/uploads\/2023\/08\/PosterForOrganisersSML.jpg 700w, https:\/\/www.cloverleaf.scot\/wp-content\/uploads\/2023\/08\/PosterForOrganisersSML-201x300.jpg 201w, https:\/\/www.cloverleaf.scot\/wp-content\/uploads\/2023\/08\/PosterForOrganisersSML-686x1024.jpg 686w, https:\/\/www.cloverleaf.scot\/wp-content\/uploads\/2023\/08\/PosterForOrganisersSML-600x896.jpg 600w\" sizes=\"auto, (max-width: 700px) 100vw, 700px\" \/><\/div><\/figure>[\/vc_column][\/vc_row]\n<\/div>","protected":false},"excerpt":{"rendered":"<p>Rouler sur le Crieff Cloverleaf avec ton club ou tes copains ? Notre service gratuit RoomLink peut t&rsquo;aider \u00e0 organiser l&rsquo;h\u00e9bergement des clubs et des groupes plus importants. <\/p>\n","protected":false},"author":1,"featured_media":9887,"parent":10444,"menu_order":0,"comment_status":"closed","ping_status":"closed","template":"","meta":{"footnotes":""},"class_list":["post-10471","page","type-page","status-publish","has-post-thumbnail","hentry","entry","has-media"],"_links":{"self":[{"href":"https:\/\/www.cloverleaf.scot\/fr\/wp-json\/wp\/v2\/pages\/10471","targetHints":{"allow":["GET"]}}],"collection":[{"href":"https:\/\/www.cloverleaf.scot\/fr\/wp-json\/wp\/v2\/pages"}],"about":[{"href":"https:\/\/www.cloverleaf.scot\/fr\/wp-json\/wp\/v2\/types\/page"}],"author":[{"embeddable":true,"href":"https:\/\/www.cloverleaf.scot\/fr\/wp-json\/wp\/v2\/users\/1"}],"replies":[{"embeddable":true,"href":"https:\/\/www.cloverleaf.scot\/fr\/wp-json\/wp\/v2\/comments?post=10471"}],"version-history":[{"count":3,"href":"https:\/\/www.cloverleaf.scot\/fr\/wp-json\/wp\/v2\/pages\/10471\/revisions"}],"predecessor-version":[{"id":12734,"href":"https:\/\/www.cloverleaf.scot\/fr\/wp-json\/wp\/v2\/pages\/10471\/revisions\/12734"}],"up":[{"embeddable":true,"href":"https:\/\/www.cloverleaf.scot\/fr\/wp-json\/wp\/v2\/pages\/10444"}],"wp:featuredmedia":[{"embeddable":true,"href":"https:\/\/www.cloverleaf.scot\/fr\/wp-json\/wp\/v2\/media\/9887"}],"wp:attachment":[{"href":"https:\/\/www.cloverleaf.scot\/fr\/wp-json\/wp\/v2\/media?parent=10471"}],"curies":[{"name":"wp","href":"https:\/\/api.w.org\/{rel}","templated":true}]}}