{"id":10532,"date":"2022-05-21T17:52:18","date_gmt":"2022-05-21T16:52:18","guid":{"rendered":"https:\/\/www.cloverleaf.scot\/crieff-cloverleaf-faq-2\/"},"modified":"2025-12-27T11:36:51","modified_gmt":"2025-12-27T11:36:51","slug":"crieff-cloverleaf-faq","status":"publish","type":"page","link":"https:\/\/www.cloverleaf.scot\/fr\/crieff-cloverleaf-faq\/","title":{"rendered":"Crieff Cloverleaf FAQ"},"content":{"rendered":"<div class=\"wpb-content-wrapper\">[vc_row css=\u00a0\u00bb.vc_custom_1653150422370{margin-top: -30px !important;}\u00a0\u00bb][vc_column]<div class=\"templatera_shortcode\"><style type=\"text\/css\" data-type=\"vc_shortcodes-default-css\">.vc_do_icon{margin-bottom:35px;}<\/style><style type=\"text\/css\" data-type=\"vc_shortcodes-custom-css\">.vc_custom_1624876837354{background-image: url(https:\/\/www.cloverleaf.scot\/wp-content\/uploads\/2021\/06\/BackgroundStrip.jpg?id=3695) !important;background-position: center !important;background-repeat: no-repeat !important;background-size: cover !important;}.vc_custom_1624874280003{margin-top: 0px !important;margin-bottom: 10px !important;padding-top: 20px !important;padding-bottom: 0px !important;}.vc_custom_1624874714393{margin-top: 0px !important;margin-right: 0px !important;margin-bottom: 0px !important;margin-left: 0px !important;border-top-width: 0px !important;border-right-width: 0px !important;border-bottom-width: 0px !important;border-left-width: 0px !important;padding-top: 0px !important;padding-right: 0px !important;padding-bottom: 0px !important;padding-left: 0px !important;}.vc_custom_1708193488433{margin-bottom: 20px !important;border-top-width: 3px !important;border-right-width: 3px !important;border-bottom-width: 3px !important;border-left-width: 3px !important;padding-top: 10px !important;padding-right: 10px !important;padding-bottom: 10px !important;padding-left: 10px !important;background-color: rgba(255,255,255,0.7) !important;*background-color: rgb(255,255,255) !important;border-left-color: #f2f8ff !important;border-left-style: solid !important;border-right-color: #f2f8ff !important;border-right-style: solid !important;border-top-color: #f2f8ff !important;border-top-style: solid !important;border-bottom-color: #f2f8ff !important;border-bottom-style: solid !important;}<\/style><p>[vc_row full_width=\"stretch_row\" css=\".vc_custom_1624876837354{background-image: url(https:\/\/www.cloverleaf.scot\/wp-content\/uploads\/2021\/06\/BackgroundStrip.jpg?id=3695) !important;background-position: center !important;background-repeat: no-repeat !important;background-size: cover !important;}\" wpex_bg_position=\"center center\"][vc_column css=\".vc_custom_1624874280003{margin-top: 0px !important;margin-bottom: 10px !important;padding-top: 20px !important;padding-bottom: 0px !important;}\"][vc_icon icon_fontawesome=\"fas fa-motorcycle\" color=\"custom\" size=\"xl\" align=\"center\" custom_color=\"#f2f8ff\" css=\".vc_custom_1624874714393{margin-top: 0px !important;margin-right: 0px !important;margin-bottom: 0px !important;margin-left: 0px !important;border-top-width: 0px !important;border-right-width: 0px !important;border-bottom-width: 0px !important;border-left-width: 0px !important;padding-top: 0px !important;padding-right: 0px !important;padding-bottom: 0px !important;padding-left: 0px !important;}\"][vc_column_text font_size=\"1.2em\" text_align=\"center\" css=\".vc_custom_1708193488433{margin-bottom: 20px !important;border-top-width: 3px !important;border-right-width: 3px !important;border-bottom-width: 3px !important;border-left-width: 3px !important;padding-top: 10px !important;padding-right: 10px !important;padding-bottom: 10px !important;padding-left: 10px !important;background-color: rgba(255,255,255,0.7) !important;*background-color: rgb(255,255,255) !important;border-left-color: #f2f8ff !important;border-left-style: solid !important;border-right-color: #f2f8ff !important;border-right-style: solid !important;border-top-color: #f2f8ff !important;border-top-style: solid !important;border-bottom-color: #f2f8ff !important;border-bottom-style: solid !important;}\" width=\"300px\"]<strong>Done the Crieff Cloverleaf? <\/strong>[\/vc_column_text]<div class=\"theme-button-wrap textcenter wpex-clr\"><a href=\"https:\/\/www.cloverleaf.scot\/what-bikers-are-saying\/share-your-thoughts\/\" class=\"vcex-button theme-button large align-center inline\"><span class=\"vcex-button-inner theme-button-inner wpex-flex wpex-flex-wrap wpex-items-center wpex-justify-center\">Share your thoughts!<\/span><\/a><\/div> [\/vc_column][\/vc_row]<\/p>\r\n<\/div>[\/vc_column][\/vc_row][vc_row max_width_align=\u00a0\u00bbleft\u00a0\u00bb max_width_custom=\u00a0\u00bb800px\u00a0\u00bb][vc_column][vc_toggle title=\u00a0\u00bbQu&apos;est-ce que le Crieff Cloverleaf?\u00a0\u00bb style=\u00a0\u00bbsquare\u00a0\u00bb size=\u00a0\u00bblg\u00a0\u00bb custom_font_container=\u00a0\u00bbtag:h2|text_align:left|color:%23003365&Prime; custom_use_theme_fonts=\u00a0\u00bbyes\u00a0\u00bb css=\u00a0\u00bb\u00a0\u00bb use_custom_heading=\u00a0\u00bbtrue\u00a0\u00bb]<img loading=\"lazy\" decoding=\"async\" class=\"alignright size-full wp-image-136\" src=\"https:\/\/www.cloverleaf.scot\/wp-content\/uploads\/2020\/09\/HelmetBlueSmall.png\" alt=\"\" width=\"100\" height=\"125\">Le <a href=\"https:\/\/www.cloverleaf.scot\/fr\/ <br \/>\u00a0\u00bb target=\u00a0\u00bb_blank\u00a0\u00bb rel=\u00a0\u00bbnoopener\u00a0\u00bb>Crieff Cloverleaf<\/a> est un ensemble de quatre <a href=\"https:\/\/www.cloverleaf.scot\/gmap\" target=\"_blank\" rel=\"noopener\">itin\u00e9raires de randonn\u00e9e \u00e0 moto<\/a> d&rsquo;une journ\u00e9e en \u00c9cosse, qui commencent et se terminent tous dans la ville Perthshire de Crieff.<\/p>\n<p>Les quatre itin\u00e9raires font une boucle au nord, au sud, \u00e0 l&rsquo;est et \u00e0 l&rsquo;ouest de Crieff, t&rsquo;apportant une vari\u00e9t\u00e9 de magnifiques paysages \u00e9cossais et des routes de moto incroyables.<\/p>\n<p>Dans la mesure du possible, les itin\u00e9raires \u00e9vitent les agglom\u00e9rations, les autoroutes et les grandes routes A ennuyeuses. Elles sont con\u00e7ues sp\u00e9cialement pour les motocyclistes et suivent des routes A magnifiquement sinueuses, des routes B sinueuses et quelques petites routes mineures et tron\u00e7ons \u00e0 voie unique superbes.<\/p>\n<p><a href=\"https:\/\/www.cloverleaf.scot\/wp-content\/uploads\/2023\/05\/FourRoutesCompass.jpg\"><img loading=\"lazy\" decoding=\"async\" class=\"aligncenter size-full wp-image-6773\" src=\"https:\/\/www.cloverleaf.scot\/wp-content\/uploads\/2023\/05\/FourRoutesCompass.jpg\" alt=\"Les Crieff Cloverleaf - Quatre itin\u00e9raires GRATUITS de randonn\u00e9e \u00e0 moto d'une journ\u00e9e centr\u00e9s sur Crieff, Perthshire.\" width=\"980\" height=\"513\" srcset=\"https:\/\/www.cloverleaf.scot\/wp-content\/uploads\/2023\/05\/FourRoutesCompass.jpg 980w, https:\/\/www.cloverleaf.scot\/wp-content\/uploads\/2023\/05\/FourRoutesCompass-300x157.jpg 300w, https:\/\/www.cloverleaf.scot\/wp-content\/uploads\/2023\/05\/FourRoutesCompass-768x402.jpg 768w, https:\/\/www.cloverleaf.scot\/wp-content\/uploads\/2023\/05\/FourRoutesCompass-600x314.jpg 600w\" sizes=\"auto, (max-width: 980px) 100vw, 980px\" \/><\/a>[\/vc_toggle][vc_toggle title=\u00a0\u00bbS&apos;agit-il Crieff Cloverleaf Une sorte de visite guid\u00e9e ou de forfait ?\u00a0\u00bb style=\u00a0\u00bbsquare\u00a0\u00bb size=\u00a0\u00bblg\u00a0\u00bb custom_font_container=\u00a0\u00bbtag:h2|text_align:left|color:%23003365&Prime; custom_use_theme_fonts=\u00a0\u00bbyes\u00a0\u00bb use_custom_heading=\u00a0\u00bbtrue\u00a0\u00bb]<img loading=\"lazy\" decoding=\"async\" class=\"alignright size-full wp-image-135\" src=\"https:\/\/www.cloverleaf.scot\/wp-content\/uploads\/2020\/09\/HelmetOrangeSmall.png\" alt=\"\" width=\"100\" height=\"125\"><strong>Non,<\/strong> il s&rsquo;agit d&rsquo;un ensemble d&rsquo;itin\u00e9raires touristiques sur des routes publiques &#8211; tout comme le North Coast 500. Nous fournissons une <a href=\"https:\/\/www.cloverleaf.scot\/gmap\" target=\"_blank\" rel=\"noopener\">carte en ligne gratuite<\/a> de nos itin\u00e9raires, ainsi que des <a href=\"https:\/\/www.cloverleaf.scot\/gpx-files-waypoints-free-download-satnav-and-map\/\">t\u00e9l\u00e9chargements gratuits de fichiers GPX ou des suggestions de points de passage<\/a> pour ton SatNav.[\/vc_toggle][vc_toggle title=\u00a0\u00bbCombien de temps faut-il pour monter le Crieff Cloverleaf?\u00a0\u00bb style=\u00a0\u00bbsquare\u00a0\u00bb size=\u00a0\u00bblg\u00a0\u00bb custom_font_container=\u00a0\u00bbtag:h2|text_align:left|color:%23003365&Prime; custom_use_theme_fonts=\u00a0\u00bbyes\u00a0\u00bb use_custom_heading=\u00a0\u00bbtrue\u00a0\u00bb]<img loading=\"lazy\" decoding=\"async\" class=\"alignright size-full wp-image-134\" src=\"https:\/\/www.cloverleaf.scot\/wp-content\/uploads\/2020\/09\/HelmetYellowSmall.png\" alt=\"\" width=\"100\" height=\"125\">Chacun des quatre Crieff Cloverleaf implique environ <strong>six heures de selle<\/strong> pour une personne moyenne motard, c&rsquo;est pourquoi nous te conseillons vivement de prendre une journ\u00e9e enti\u00e8re pour chacun d&rsquo;entre eux.<\/p>\n<p>Chaque itin\u00e9raire est divis\u00e9 en quatre \u00e9tapes plus courtes, de sorte que tu peux facilement inclure un rafra\u00eechissement\/arr\u00eat de confort le matin et l&rsquo;apr\u00e8s-midi, ainsi qu&rsquo;une pause d\u00e9jeuner. Nous te sugg\u00e9rons de pr\u00e9voir au <strong>moins huit heures<\/strong> pour effectuer la randonn\u00e9e de chaque jour, pauses comprises.<\/p>\n<p>N&rsquo;oublie pas que six heures de conduite sur une Crieff Cloverleaf route est tr\u00e8s diff\u00e9rente de six heures de conduite sur la M6 ! Les itin\u00e9raires sont exaltants mais demandent une grande concentration soutenue, en raison de tous les fabuleux virages et des tron\u00e7ons \u00e0 voie unique. Ne sois pas surpris si tu te sens un peu \u00e9puis\u00e9 \u00e0 la fin de chaque journ\u00e9e &#8211; c&rsquo;est normal !<\/p>\n<p><a href=\"https:\/\/www.cloverleaf.scot\/wp-content\/uploads\/2020\/12\/ComingSoon.jpg\"><img loading=\"lazy\" decoding=\"async\" class=\"aligncenter size-large wp-image-1294\" src=\"https:\/\/www.cloverleaf.scot\/wp-content\/uploads\/2020\/12\/ComingSoon-1024x576.jpg\" alt=\"\" width=\"980\" height=\"551\" srcset=\"https:\/\/www.cloverleaf.scot\/wp-content\/uploads\/2020\/12\/ComingSoon-1024x576.jpg 1024w, https:\/\/www.cloverleaf.scot\/wp-content\/uploads\/2020\/12\/ComingSoon-300x169.jpg 300w, https:\/\/www.cloverleaf.scot\/wp-content\/uploads\/2020\/12\/ComingSoon-768x432.jpg 768w, https:\/\/www.cloverleaf.scot\/wp-content\/uploads\/2020\/12\/ComingSoon.jpg 1200w\" sizes=\"auto, (max-width: 980px) 100vw, 980px\" \/><\/a>[\/vc_toggle][vc_toggle title=\u00a0\u00bbQuelle exp\u00e9rience dois-je avoir pour monter le Crieff Cloverleaf?\u00a0\u00bb style=\u00a0\u00bbsquare\u00a0\u00bb size=\u00a0\u00bblg\u00a0\u00bb custom_font_container=\u00a0\u00bbtag:h2|text_align:left|color:%23003365&Prime; custom_use_theme_fonts=\u00a0\u00bbyes\u00a0\u00bb use_custom_heading=\u00a0\u00bbtrue\u00a0\u00bb]<img loading=\"lazy\" decoding=\"async\" class=\"alignright size-full wp-image-133\" src=\"https:\/\/www.cloverleaf.scot\/wp-content\/uploads\/2020\/09\/HelmetGreenSmall.png\" alt=\"\" width=\"100\" height=\"125\" \/>To enjoy the routes, we recommend that you should be an experienced rider (e.g. having ridden regularly for at least the past three years on a full motorcycle licence.)<\/p>\n<p>In particular:<\/p>\n<ul>\n<li>You need to be able to negotiate bends safely and confidently on both faster country A roads and minor country byways.<\/li>\n<li>You need to be confident to ease your bike past oncoming vehicles on single-track roads where clearance may be tight.<\/li>\n<li>You need to be able to tackle hill starts and steep and\/or sharp bends on narrow roads.<\/li>\n<li>You need to be relaxed about riding on rural roads with a bit of muck, loose gravel or poor road surface.<\/li>\n<li>You need to be bike-fit, as these are full-day routes requiring high concentration all day.<\/li>\n<\/ul>\n<p><strong>We suggest that the Crieff Cloverleaf routes may not be suitable for brand new or very nervous riders.<\/strong><\/p>\n<p>If you have specific questions or want some more advice, please do <a href=\"https:\/\/www.cloverleaf.scot\/talk-to-us\/\">get in touch<\/a>![\/vc_toggle][vc_toggle title=\u00a0\u00bbAi-je besoin d&apos;un type de moto particulier pour faire du v\u00e9lo ? Crieff Cloverleaf?\u00a0\u00bb style=\u00a0\u00bbsquare\u00a0\u00bb size=\u00a0\u00bblg\u00a0\u00bb custom_font_container=\u00a0\u00bbtag:h2|text_align:left|color:%23003365&Prime; custom_use_theme_fonts=\u00a0\u00bbyes\u00a0\u00bb use_custom_heading=\u00a0\u00bbtrue\u00a0\u00bb]<img loading=\"lazy\" decoding=\"async\" class=\"alignright size-full wp-image-133\" src=\"https:\/\/www.cloverleaf.scot\/wp-content\/uploads\/2021\/03\/HelmetPurpleSmall.png\" alt=\"\" width=\"100\" height=\"125\">Non &#8211; nous avons eu des visiteurs qui ont appr\u00e9ci\u00e9 les itin\u00e9raires sur toutes sortes de v\u00e9hicules, de la Harley \u00e0 la Husqvarna !<\/p>\n<p>Nous te recommandons simplement de venir avec une moto qui te permet de rouler <strong>confortablement<\/strong> toute la journ\u00e9e, et sur laquelle <strong>tu te sens en confiance<\/strong> pour affronter des routes escarp\u00e9es ou \u00e9troites avec des virages serr\u00e9s.[\/vc_toggle][vc_toggle title=\u00a0\u00bbEst-ce que le Crieff Cloverleaf inclut-elle des chemins de terre ou des randonn\u00e9es hors route ?\u00a0\u00bb style=\u00a0\u00bbsquare\u00a0\u00bb size=\u00a0\u00bblg\u00a0\u00bb custom_font_container=\u00a0\u00bbtag:h2|text_align:left|color:%23003365&Prime; custom_use_theme_fonts=\u00a0\u00bbyes\u00a0\u00bb use_custom_heading=\u00a0\u00bbtrue\u00a0\u00bb]<img loading=\"lazy\" decoding=\"async\" class=\"alignright size-full wp-image-132\" src=\"https:\/\/www.cloverleaf.scot\/wp-content\/uploads\/2020\/09\/HelmetPinkSmall.png\" alt=\"\" width=\"100\" height=\"125\"><strong>Non<\/strong>, tout se passe sur des <strong>routes publiques pav\u00e9es<\/strong>\u00ab\u00a0correctes\u00a0\u00bb. Cependant, sur les routes secondaires et les tron\u00e7ons \u00e0 voie unique, tu peux t&rsquo;attendre \u00e0 rencontrer des portions de route en mauvais \u00e9tat et quelques nids-de-poule, ainsi qu&rsquo;un peu de gravier en surface, de gravillons et de boue de ferme.<\/p>\n<p>Un bon jeu de pneus de tourisme est recommand\u00e9 (ils conviendront mieux que de simples pneus de sport), mais tu n&rsquo;as pas besoin d&rsquo;\u00eatre \u00e9quip\u00e9 de pneus \u00e0 crampons de type tout-terrain.<\/p>\n<p><a href=\"https:\/\/www.cloverleaf.scot\/wp-content\/uploads\/2020\/10\/tracer.jpg\"><img loading=\"lazy\" decoding=\"async\" class=\"aligncenter size-large wp-image-474\" src=\"https:\/\/www.cloverleaf.scot\/wp-content\/uploads\/2020\/10\/tracer-1024x683.jpg\" alt=\"Moto rouge en \u00c9cosse\" width=\"980\" height=\"654\" srcset=\"https:\/\/www.cloverleaf.scot\/wp-content\/uploads\/2020\/10\/tracer-1024x683.jpg 1024w, https:\/\/www.cloverleaf.scot\/wp-content\/uploads\/2020\/10\/tracer-300x200.jpg 300w, https:\/\/www.cloverleaf.scot\/wp-content\/uploads\/2020\/10\/tracer-768x512.jpg 768w, https:\/\/www.cloverleaf.scot\/wp-content\/uploads\/2020\/10\/tracer-1536x1024.jpg 1536w, https:\/\/www.cloverleaf.scot\/wp-content\/uploads\/2020\/10\/tracer.jpg 1920w\" sizes=\"auto, (max-width: 980px) 100vw, 980px\" \/><\/a>[\/vc_toggle][vc_toggle title=\u00a0\u00bbJe ne veux pas rouler toute la journ\u00e9e. As-tu des itin\u00e9raires plus courts ? \u00a0\u00bb style=\u00a0\u00bbsquare\u00a0\u00bb size=\u00a0\u00bblg\u00a0\u00bb custom_font_container=\u00a0\u00bbtag:h2|text_align:left|color:%23003365&Prime; custom_use_theme_fonts=\u00a0\u00bbyes\u00a0\u00bb use_custom_heading=\u00a0\u00bbtrue\u00a0\u00bb]<img loading=\"lazy\" decoding=\"async\" class=\"alignright size-full wp-image-132\" src=\"https:\/\/www.cloverleaf.scot\/wp-content\/uploads\/2020\/09\/HelmetOrangeSmall.png\" alt=\"\" width=\"100\" height=\"125\" \/><strong>Yes we do!<\/strong> Take a look at our <a href=\"https:\/\/www.cloverleaf.scot\/crieff-cloverleaf-shorter-routes-little-leaf\/\">Little Leaf shorter routes<\/a>, which are less than 120 miles distance \/ 4 hours&rsquo; riding time. Just like the main Crieff Cloverleaf routes, they feature a fantastic mixture of biking roads and some truly jaw-dropping scenery &#8211; and they all start and finish in Crieff.<\/p>\n<p><a href=\"https:\/\/www.cloverleaf.scot\/crieff-cloverleaf-shorter-routes-little-leaf\/\"><img loading=\"lazy\" decoding=\"async\" class=\"aligncenter size-full wp-image-7652\" src=\"https:\/\/www.cloverleaf.scot\/wp-content\/uploads\/2023\/12\/CrieffCloverleaf_LittleLeafRoutes.jpg\" alt=\"Crieff Cloverleaf shorter routes - The Little Leaf - Beautiful half-day motorcycle touring routes starting and finishing in Crieff\" width=\"800\" height=\"533\" srcset=\"https:\/\/www.cloverleaf.scot\/wp-content\/uploads\/2023\/12\/CrieffCloverleaf_LittleLeafRoutes.jpg 800w, https:\/\/www.cloverleaf.scot\/wp-content\/uploads\/2023\/12\/CrieffCloverleaf_LittleLeafRoutes-300x200.jpg 300w, https:\/\/www.cloverleaf.scot\/wp-content\/uploads\/2023\/12\/CrieffCloverleaf_LittleLeafRoutes-768x512.jpg 768w, https:\/\/www.cloverleaf.scot\/wp-content\/uploads\/2023\/12\/CrieffCloverleaf_LittleLeafRoutes-600x400.jpg 600w\" sizes=\"auto, (max-width: 800px) 100vw, 800px\" \/><\/a>[\/vc_toggle][vc_toggle title=\u00a0\u00bbComment trouver un h\u00e9bergement adapt\u00e9 aux motards et disposant d&apos;un bon parking \u00e0 Crieff?\u00a0\u00bb style=\u00a0\u00bbsquare\u00a0\u00bb size=\u00a0\u00bblg\u00a0\u00bb custom_font_container=\u00a0\u00bbtag:h2|text_align:left|color:%23003365&Prime; custom_use_theme_fonts=\u00a0\u00bbyes\u00a0\u00bb use_custom_heading=\u00a0\u00bbtrue\u00a0\u00bb]<img loading=\"lazy\" decoding=\"async\" class=\"alignright size-full wp-image-136\" src=\"https:\/\/www.cloverleaf.scot\/wp-content\/uploads\/2020\/09\/HelmetBlueSmall.png\" alt=\"\" width=\"100\" height=\"125\" \/>You can use our completely free <a href=\"https:\/\/www.cloverleaf.scot\/roomlink\/\">RoomLink enquiry service<\/a> to tell us your requirements. We&rsquo;ll then have one of our trusted accommodation partners send you an offer, which will be at the same price as if you&rsquo;d contacted them directly. (This is part of our agreement with our hosts!)<\/p>\n<p>We only work with properties that enjoy hosting bikers, that know how to look after you, and who can provide <strong>off-street private parking<\/strong> for your bikes.<\/p>\n<p>Perks for our RoomLink users include a Crieff Cloverleaf welcome pack including complimentary goodies, and a <strong>20% discount<\/strong> on all products in our <a href=\"https:\/\/www.cloverleaf.scot\/gear-shop\/\">Gear Shop<\/a>.<\/p>\n<p>What&rsquo;s in it for us? We receive some commission from our hosts for RoomLink bookings, which helps us cover the running costs of the Crieff Cloverleaf &#8211; so with RoomLink, we&rsquo;re helping you and you&rsquo;re helping us too. <strong>Thanks!<\/strong><\/p>\n<p><a href=\"https:\/\/www.cloverleaf.scot\/wp-content\/uploads\/2022\/05\/SmallRoomLinkMontage.jpg\"><img loading=\"lazy\" decoding=\"async\" class=\"aligncenter size-large wp-image-5574\" src=\"https:\/\/www.cloverleaf.scot\/wp-content\/uploads\/2022\/05\/SmallRoomLinkMontage-1024x683.jpg\" alt=\"Crieff Cloverleaf RoomLink\" width=\"980\" height=\"654\" srcset=\"https:\/\/www.cloverleaf.scot\/wp-content\/uploads\/2022\/05\/SmallRoomLinkMontage-1024x683.jpg 1024w, https:\/\/www.cloverleaf.scot\/wp-content\/uploads\/2022\/05\/SmallRoomLinkMontage-300x200.jpg 300w, https:\/\/www.cloverleaf.scot\/wp-content\/uploads\/2022\/05\/SmallRoomLinkMontage-768x512.jpg 768w, https:\/\/www.cloverleaf.scot\/wp-content\/uploads\/2022\/05\/SmallRoomLinkMontage-600x400.jpg 600w, https:\/\/www.cloverleaf.scot\/wp-content\/uploads\/2022\/05\/SmallRoomLinkMontage.jpg 1200w\" sizes=\"auto, (max-width: 980px) 100vw, 980px\" \/><\/a>[\/vc_toggle][vc_toggle title=\u00a0\u00bbQui a cr\u00e9\u00e9 le Crieff Cloverleaf?\u00a0\u00bb style=\u00a0\u00bbsquare\u00a0\u00bb size=\u00a0\u00bblg\u00a0\u00bb custom_font_container=\u00a0\u00bbtag:h2|text_align:left|color:%23003365&Prime; custom_use_theme_fonts=\u00a0\u00bbyes\u00a0\u00bb css=\u00a0\u00bb\u00a0\u00bb use_custom_heading=\u00a0\u00bbtrue\u00a0\u00bb]<a href=\"https:\/\/www.cloverleaf.scot\/wp-content\/uploads\/2022\/05\/KonaMacphee_SteveGorman_SQ.jpg\"><img loading=\"lazy\" decoding=\"async\" class=\"alignright size-medium wp-image-5681\" src=\"https:\/\/www.cloverleaf.scot\/wp-content\/uploads\/2022\/05\/KonaMacphee_SteveGorman_SQ-300x300.jpg\" alt=\"Kona Macphee par Steve Gorman\" width=\"300\" height=\"300\" srcset=\"https:\/\/www.cloverleaf.scot\/wp-content\/uploads\/2022\/05\/KonaMacphee_SteveGorman_SQ-300x300.jpg 300w, https:\/\/www.cloverleaf.scot\/wp-content\/uploads\/2022\/05\/KonaMacphee_SteveGorman_SQ-150x150.jpg 150w, https:\/\/www.cloverleaf.scot\/wp-content\/uploads\/2022\/05\/KonaMacphee_SteveGorman_SQ-100x100.jpg 100w, https:\/\/www.cloverleaf.scot\/wp-content\/uploads\/2022\/05\/KonaMacphee_SteveGorman_SQ.jpg 600w\" sizes=\"auto, (max-width: 300px) 100vw, 300px\" \/><\/a>Le Crieff Cloverleaf a \u00e9t\u00e9 d\u00e9velopp\u00e9 par Kona Andrews Macphee, une cr\u00e9atrice de choses bas\u00e9e sur Crieff et une motarde d\u00e9vou\u00e9e, soutenue par son mari de longue date et coll\u00e8gue motard Patrick Andrews Macphee.<\/p>\n<p>Kona est obs\u00e9d\u00e9e par la moto depuis qu&rsquo;elle a obtenu son premier permis \u00e0 Sydney en 1989. Elle a suivi une formation officielle dans des domaines tels que les techniques routi\u00e8res avanc\u00e9es pour motocyclettes, les techniques tout-terrain et les techniques de piste et de virage, ainsi que des NVQ dans le domaine de l&rsquo;entretien des motocyclettes.<\/p>\n<p>Patrick a pass\u00e9 son examen de moto \u00e0 la fin des ann\u00e9es 1970 (sur une 250LC) bien qu&rsquo;il ait oubli\u00e9 de fermer le starter manuel. Lorsqu&rsquo;il ne court pas apr\u00e8s sa femme toujours enthousiaste sur une moto ou qu&rsquo;il ne reconstruit pas de vieilles Audi TT, Patrick est un \u00e9crivain, un inventeur infatigable et un ing\u00e9nieur en m\u00e9canique \u00e0 la retraite.<\/p>\n<figure id=\"attachment_5683\" aria-describedby=\"caption-attachment-5683\" style=\"width: 1000px\" class=\"wp-caption aligncenter\"><a href=\"https:\/\/www.cloverleaf.scot\/wp-content\/uploads\/2022\/05\/KonaAndPatrickAdventures.jpg\"><img loading=\"lazy\" decoding=\"async\" class=\"size-full wp-image-5683\" src=\"https:\/\/www.cloverleaf.scot\/wp-content\/uploads\/2022\/05\/KonaAndPatrickAdventures.jpg\" alt=\"\" width=\"1000\" height=\"851\" srcset=\"https:\/\/www.cloverleaf.scot\/wp-content\/uploads\/2022\/05\/KonaAndPatrickAdventures.jpg 1000w, https:\/\/www.cloverleaf.scot\/wp-content\/uploads\/2022\/05\/KonaAndPatrickAdventures-300x255.jpg 300w, https:\/\/www.cloverleaf.scot\/wp-content\/uploads\/2022\/05\/KonaAndPatrickAdventures-768x654.jpg 768w, https:\/\/www.cloverleaf.scot\/wp-content\/uploads\/2022\/05\/KonaAndPatrickAdventures-600x511.jpg 600w\" sizes=\"auto, (max-width: 1000px) 100vw, 1000px\" \/><\/a><figcaption id=\"caption-attachment-5683\" class=\"wp-caption-text\">Kona et Patrick vivent une aventure \u00e0 moto ! (Ou peut-\u00eatre juste habill\u00e9 pour le d\u00eener).<\/figcaption><\/figure>\n[\/vc_toggle][\/vc_column][\/vc_row][vc_row][vc_column][vc_separator color=\u00a0\u00bbcustom\u00a0\u00bb css=\u00a0\u00bb.vc_custom_1653150383268{margin-bottom: 30px !important;}\u00a0\u00bb accent_color=\u00a0\u00bb#003365&Prime;][vc_column_text]Still have questions?\u00a0 <a href=\"https:\/\/www.cloverleaf.scot\/talk-to-us\/\">Get in touch<\/a> and we&rsquo;ll try to answer them![\/vc_column_text][\/vc_column][\/vc_row]\n<\/div>","protected":false},"excerpt":{"rendered":"<p>Tu as des questions sur le Crieff Cloverleaf? Nous avons des r\u00e9ponses ! Consulte la FAQ de Crieff Cloverleaf pour en savoir plus sur nos itin\u00e9raires de tourisme \u00e0 moto en \u00c9cosse.  <\/p>\n","protected":false},"author":1,"featured_media":9102,"parent":0,"menu_order":0,"comment_status":"closed","ping_status":"closed","template":"","meta":{"footnotes":""},"class_list":["post-10532","page","type-page","status-publish","has-post-thumbnail","hentry","entry","has-media"],"_links":{"self":[{"href":"https:\/\/www.cloverleaf.scot\/fr\/wp-json\/wp\/v2\/pages\/10532","targetHints":{"allow":["GET"]}}],"collection":[{"href":"https:\/\/www.cloverleaf.scot\/fr\/wp-json\/wp\/v2\/pages"}],"about":[{"href":"https:\/\/www.cloverleaf.scot\/fr\/wp-json\/wp\/v2\/types\/page"}],"author":[{"embeddable":true,"href":"https:\/\/www.cloverleaf.scot\/fr\/wp-json\/wp\/v2\/users\/1"}],"replies":[{"embeddable":true,"href":"https:\/\/www.cloverleaf.scot\/fr\/wp-json\/wp\/v2\/comments?post=10532"}],"version-history":[{"count":3,"href":"https:\/\/www.cloverleaf.scot\/fr\/wp-json\/wp\/v2\/pages\/10532\/revisions"}],"predecessor-version":[{"id":13777,"href":"https:\/\/www.cloverleaf.scot\/fr\/wp-json\/wp\/v2\/pages\/10532\/revisions\/13777"}],"wp:featuredmedia":[{"embeddable":true,"href":"https:\/\/www.cloverleaf.scot\/fr\/wp-json\/wp\/v2\/media\/9102"}],"wp:attachment":[{"href":"https:\/\/www.cloverleaf.scot\/fr\/wp-json\/wp\/v2\/media?parent=10532"}],"curies":[{"name":"wp","href":"https:\/\/api.w.org\/{rel}","templated":true}]}}