{"id":13927,"date":"2026-04-21T09:51:04","date_gmt":"2026-04-21T08:51:04","guid":{"rendered":"https:\/\/www.cloverleaf.scot\/the-little-gear-shop\/"},"modified":"2026-04-24T17:12:24","modified_gmt":"2026-04-24T16:12:24","slug":"the-little-gear-shop","status":"publish","type":"page","link":"https:\/\/www.cloverleaf.scot\/fr\/the-little-gear-shop\/","title":{"rendered":"Le Little Gear Shop"},"content":{"rendered":"<div class=\"wpb-content-wrapper\">[vc_row css=\u00a0\u00bb.vc_custom_1776694958152{margin-bottom: 0px !important;padding-bottom: 0px !important;}\u00a0\u00bb][vc_column width=\u00a0\u00bb2\/5&Prime;]<figure class=\"vcex-image vcex-module\"><div class=\"vcex-image-inner wpex-relative wpex-inline-block\"><img width=\"800\" height=\"631\" src=\"https:\/\/www.cloverleaf.scot\/wp-content\/uploads\/2026\/04\/ScotlandShopOpening.jpg\" class=\"vcex-image-img wpex-align-middle\" alt=\"Our friends at ScotlandShop on the Crieff High Street.\" loading=\"lazy\" decoding=\"async\" srcset=\"https:\/\/www.cloverleaf.scot\/wp-content\/uploads\/2026\/04\/ScotlandShopOpening.jpg 800w, https:\/\/www.cloverleaf.scot\/wp-content\/uploads\/2026\/04\/ScotlandShopOpening-300x237.jpg 300w, https:\/\/www.cloverleaf.scot\/wp-content\/uploads\/2026\/04\/ScotlandShopOpening-768x606.jpg 768w, https:\/\/www.cloverleaf.scot\/wp-content\/uploads\/2026\/04\/ScotlandShopOpening-600x473.jpg 600w\" sizes=\"auto, (max-width: 800px) 100vw, 800px\" \/><\/div><\/figure>[\/vc_column][vc_column width=\u00a0\u00bb3\/5&Prime;]<style>.vcex-heading.vcex_69ecf10e91b90{color:#003365;}<\/style><h3 class=\"vcex-heading vcex-heading-plain vcex-module wpex-heading wpex-text-2xl vcex_69ecf10e91b90\"><span class=\"vcex-heading-inner wpex-inline-block\">Le Little Gear Shop <br \/><\/span><\/h3>[vc_column_text css=\u00a0\u00bb.vc_custom_1776594511873{margin-top: 10px !important;margin-bottom: 10px !important;}\u00a0\u00bb font_weight=\u00a0\u00bb700&Prime;]Excellente nouvelle &#8211; nos amis de <a href=\"https:\/\/www.scotlandshop.com\/crieff\" target=\"_blank\" rel=\"noopener\">ScotlandShop<\/a>, sur la High Street de Crieff, accueillent d\u00e9sormais une mini-boutique Crieff Cloverleaf ![\/vc_column_text][vc_column_text css=\u00a0\u00bb\u00a0\u00bb]ScotlandShop a la gentillesse de stocker notre gamme compl\u00e8te de petits articles, y compris des <a href=\"https:\/\/www.cloverleaf.scot\/gear-category\/neck-tubes\/\" target=\"_blank\" rel=\"noopener\">tubes pour le cou<\/a>, des <a href=\"https:\/\/www.cloverleaf.scot\/gear-category\/stickers\/\" target=\"_blank\" rel=\"noopener\">packs d&rsquo;autocollants<\/a>, des <a href=\"https:\/\/www.cloverleaf.scot\/gear-category\/patches\/\" target=\"_blank\" rel=\"noopener\">\u00e9cussons<\/a> et des <a href=\"https:\/\/www.cloverleaf.scot\/gear-category\/accessories\/\" target=\"_blank\" rel=\"noopener\">porte-cl\u00e9s<\/a>. Ils ont \u00e9galement des <a href=\"https:\/\/www.cloverleaf.scot\/fr\/gear\/cloverleaf-classic-unisex-tee-printed-front-and-back\/\" target=\"_blank\" rel=\"noopener\">t-shirts classiques Cloverleaf<\/a> dans une s\u00e9lection de tailles populaires.<\/p>\n<p>Tu peux passer \u00e0 ScotlandShop Crieff n&rsquo;importe quel jour de la semaine pour attraper tes goodies de <a href=\"https:\/\/www.cloverleaf.scot\/gear-shop\/\" target=\"_blank\" rel=\"noopener\">la boutique d&rsquo;\u00e9quipement de Cloverleaf<\/a>! Lors de ta visite, tu pourras \u00e9galement explorer leur gamme exceptionnelle de v\u00eatements, d&rsquo;accessoires et d&rsquo;int\u00e9rieurs sur mesure dans leur boutique \u00e9cossaise traditionnelle magnifiquement r\u00e9nov\u00e9e.[\/vc_column_text][vc_row_inner][vc_column_inner width=\u00a0\u00bb1\/2&Prime; css=\u00a0\u00bb.vc_custom_1776695143349{margin-bottom: 0px !important;padding-bottom: 0px !important;}\u00a0\u00bb]<style>.vcex-heading.vcex_69ecf10e9301a{color:#003365;font-size:1.2em;}<\/style><h4 class=\"vcex-heading vcex-heading-plain vcex-module wpex-heading wpex-text-2xl vc_custom_1776695091609 vcex_69ecf10e9301a\"><span class=\"vcex-heading-inner wpex-inline-block\">Heures d&apos;ouverture<\/span><\/h4>[vc_column_text css=\u00a0\u00bb\u00a0\u00bb]<strong>Ouvert tous les jours, <\/strong><strong>de 9h \u00e0 17h<\/strong>[\/vc_column_text][\/vc_column_inner][vc_column_inner width=\u00a0\u00bb1\/2&Prime; css=\u00a0\u00bb.vc_custom_1776695130782{margin-bottom: 0px !important;padding-bottom: 0px !important;}\u00a0\u00bb]<style>.vcex-heading.vcex_69ecf10e93abe{color:#003365;font-size:1.2em;}<\/style><h4 class=\"vcex-heading vcex-heading-plain vcex-module wpex-heading wpex-text-2xl vc_custom_1776695099500 vcex_69ecf10e93abe\"><span class=\"vcex-heading-inner wpex-inline-block\">Lieu de travail<\/span><\/h4>[vc_column_text css=\u00a0\u00bb\u00a0\u00bb]<strong>9-11 E High St, Crieff PH7 3AF<\/strong><br \/>\nWhat3Words : <a href=\"https:\/\/what3words.com\/duplicate.ambient.strongman\" target=\"_blank\" rel=\"noopener\">\/\/\/duplicate.ambient.strongman<\/a>[\/vc_column_text][\/vc_column_inner][\/vc_row_inner][\/vc_column][\/vc_row][vc_row content_placement=\u00a0\u00bbtop\u00a0\u00bb column_spacing=\u00a0\u00bb0px\u00a0\u00bb equal_height=\u00a0\u00bbyes\u00a0\u00bb css=\u00a0\u00bb.vc_custom_1777046852650{margin-top: 0px !important;margin-bottom: 30px !important;padding-top: 0px !important;padding-bottom: 0px !important;}\u00a0\u00bb][vc_column width=\u00a0\u00bb1\/2&Prime; css=\u00a0\u00bb.vc_custom_1777036280374{margin-top: 0px !important;margin-bottom: 0px !important;padding-top: 0px !important;padding-bottom: 0px !important;}\u00a0\u00bb]<figure class=\"vcex-image vcex-module\"><div class=\"vcex-image-inner wpex-relative wpex-inline-block\"><img width=\"746\" height=\"1108\" src=\"https:\/\/www.cloverleaf.scot\/wp-content\/uploads\/2026\/04\/GearShopInScotlandShop.jpg\" class=\"vcex-image-img wpex-align-middle\" alt=\"The Little Gear Shop at ScotlandShop Crieff\" loading=\"lazy\" decoding=\"async\" srcset=\"https:\/\/www.cloverleaf.scot\/wp-content\/uploads\/2026\/04\/GearShopInScotlandShop.jpg 746w, https:\/\/www.cloverleaf.scot\/wp-content\/uploads\/2026\/04\/GearShopInScotlandShop-202x300.jpg 202w, https:\/\/www.cloverleaf.scot\/wp-content\/uploads\/2026\/04\/GearShopInScotlandShop-689x1024.jpg 689w, https:\/\/www.cloverleaf.scot\/wp-content\/uploads\/2026\/04\/GearShopInScotlandShop-600x891.jpg 600w\" sizes=\"auto, (max-width: 746px) 100vw, 746px\" \/><\/div><\/figure>[\/vc_column][vc_column width=\u00a0\u00bb1\/2&Prime; css=\u00a0\u00bb.vc_custom_1777046695752{margin-top: 0px !important;margin-bottom: 0px !important;padding-top: 0px !important;padding-bottom: 0px !important;}\u00a0\u00bb wpex_bg_color=\u00a0\u00bb#fff8ed\u00a0\u00bb]<figure class=\"vcex-image vcex-module\"><div class=\"vcex-image-inner wpex-relative wpex-inline-block vc_custom_1777036347762\"><img width=\"800\" height=\"600\" src=\"https:\/\/www.cloverleaf.scot\/wp-content\/uploads\/2026\/04\/ScotlandShopStreetView.jpg\" class=\"vcex-image-img wpex-align-middle\" alt=\"ScotlandShop on the Crieff High Street, up near the petrol station\" loading=\"lazy\" decoding=\"async\" srcset=\"https:\/\/www.cloverleaf.scot\/wp-content\/uploads\/2026\/04\/ScotlandShopStreetView.jpg 800w, https:\/\/www.cloverleaf.scot\/wp-content\/uploads\/2026\/04\/ScotlandShopStreetView-300x225.jpg 300w, https:\/\/www.cloverleaf.scot\/wp-content\/uploads\/2026\/04\/ScotlandShopStreetView-768x576.jpg 768w, https:\/\/www.cloverleaf.scot\/wp-content\/uploads\/2026\/04\/ScotlandShopStreetView-600x450.jpg 600w\" sizes=\"auto, (max-width: 800px) 100vw, 800px\" \/><\/div><\/figure><style>.vcex-image.vcex_69ecf10e96c45 .vcex-image-inner{max-width:400px;}<\/style><figure class=\"vcex-image vcex-module wpex-text-center vcex_69ecf10e96c45\"><div class=\"vcex-image-inner wpex-relative wpex-inline-block vc_custom_1777046990999\"><img width=\"800\" height=\"227\" src=\"https:\/\/www.cloverleaf.scot\/wp-content\/uploads\/2026\/04\/ScotlandShopLogo.png\" class=\"vcex-image-img wpex-align-middle\" alt=\"ScotlandShop Logo\" loading=\"lazy\" decoding=\"async\" srcset=\"https:\/\/www.cloverleaf.scot\/wp-content\/uploads\/2026\/04\/ScotlandShopLogo.png 800w, https:\/\/www.cloverleaf.scot\/wp-content\/uploads\/2026\/04\/ScotlandShopLogo-300x85.png 300w, https:\/\/www.cloverleaf.scot\/wp-content\/uploads\/2026\/04\/ScotlandShopLogo-768x218.png 768w, https:\/\/www.cloverleaf.scot\/wp-content\/uploads\/2026\/04\/ScotlandShopLogo-600x170.png 600w\" sizes=\"auto, (max-width: 800px) 100vw, 800px\" \/><\/div><\/figure>[\/vc_column][\/vc_row]\n<\/div>","protected":false},"excerpt":{"rendered":"<p>[vc_row css=\u00a0\u00bb.vc_custom_1776694958152{margin-bottom: 0px !important;padding-bottom: 0px !important;}\u00a0\u00bb][vc_column width=\u00a0\u00bb2\/5&Prime;][\/vc_column][vc_column width=\u00a0\u00bb3\/5&Prime;][vc_column_text css=\u00a0\u00bb.vc_custom_1776594511873{margin-top: 10px !important;margin-bottom: 10px !important;}\u00a0\u00bb font_weight=\u00a0\u00bb700&Prime;]Excellente nouvelle &#8211; nos amis de ScotlandShop, sur la High Street de Crieff, accueillent d\u00e9sormais une mini-boutique Crieff Cloverleaf ![\/vc_column_text][vc_column_text css=\u00a0\u00bb\u00a0\u00bb]ScotlandShop a la gentillesse de stocker notre gamme compl\u00e8te de petits articles, y compris des tubes pour le cou, des packs d&rsquo;autocollants,&hellip;<\/p>\n","protected":false},"author":1,"featured_media":13933,"parent":0,"menu_order":0,"comment_status":"closed","ping_status":"closed","template":"","meta":{"footnotes":""},"class_list":["post-13927","page","type-page","status-publish","has-post-thumbnail","hentry","entry","has-media"],"_links":{"self":[{"href":"https:\/\/www.cloverleaf.scot\/fr\/wp-json\/wp\/v2\/pages\/13927","targetHints":{"allow":["GET"]}}],"collection":[{"href":"https:\/\/www.cloverleaf.scot\/fr\/wp-json\/wp\/v2\/pages"}],"about":[{"href":"https:\/\/www.cloverleaf.scot\/fr\/wp-json\/wp\/v2\/types\/page"}],"author":[{"embeddable":true,"href":"https:\/\/www.cloverleaf.scot\/fr\/wp-json\/wp\/v2\/users\/1"}],"replies":[{"embeddable":true,"href":"https:\/\/www.cloverleaf.scot\/fr\/wp-json\/wp\/v2\/comments?post=13927"}],"version-history":[{"count":3,"href":"https:\/\/www.cloverleaf.scot\/fr\/wp-json\/wp\/v2\/pages\/13927\/revisions"}],"predecessor-version":[{"id":14029,"href":"https:\/\/www.cloverleaf.scot\/fr\/wp-json\/wp\/v2\/pages\/13927\/revisions\/14029"}],"wp:featuredmedia":[{"embeddable":true,"href":"https:\/\/www.cloverleaf.scot\/fr\/wp-json\/wp\/v2\/media\/13933"}],"wp:attachment":[{"href":"https:\/\/www.cloverleaf.scot\/fr\/wp-json\/wp\/v2\/media?parent=13927"}],"curies":[{"name":"wp","href":"https:\/\/api.w.org\/{rel}","templated":true}]}}