{"id":13168,"date":"2023-07-26T14:33:26","date_gmt":"2023-07-26T13:33:26","guid":{"rendered":"https:\/\/www.cloverleaf.scot\/roomlink-2\/support-for-clubs-and-groups\/"},"modified":"2025-05-04T10:21:46","modified_gmt":"2025-05-04T09:21:46","slug":"support-for-clubs-and-groups","status":"publish","type":"page","link":"https:\/\/www.cloverleaf.scot\/it\/roomlink-2\/support-for-clubs-and-groups\/","title":{"rendered":"Supporto per club e gruppi"},"content":{"rendered":"<div class=\"wpb-content-wrapper\">[vc_row full_width=&#8221;stretch_row&#8221; css=&#8221;.vc_custom_1690377846792{margin-top: -30px !important;padding-top: 25px !important;background-color: #fff8ed !important;}&#8221;][vc_column width=&#8221;1\/3&#8243;][vc_single_image image=&#8221;7091&#8243; css=&#8221;.vc_custom_1690377111917{margin-bottom: 20px !important;}&#8221;]<style>.vcex-heading.vcex_69e04ff4e1438{color:#003365;font-size:22px;font-weight:700;}.vcex-heading.vcex_69e04ff4e1438 .vcex-heading-side-border__border{border-color:#0067ce;}@media (max-width:479px){.vcex-heading.vcex_69e04ff4e1438{font-size:18px;}}<\/style><h3 class=\"vcex-heading vcex-heading-side-border vcex-module wpex-heading wpex-text-2xl wpex-flex wpex-items-center wpex-text-center vc_custom_1690376667444 vcex_69e04ff4e1438\"><span class=\"vcex-heading-side-border__border wpex-flex-grow wpex-h-0 wpex-border-solid wpex-border-b-2 wpex-mr-15\"><\/span><span class=\"vcex-heading-inner wpex-inline-block\">Sei stanco di allevare gatti?<\/span><span class=\"vcex-heading-side-border__border wpex-flex-grow wpex-h-0 wpex-border-solid wpex-ml-15 wpex-border-b-2\"><\/span><\/h3>[vc_column_text]Se stai viaggiando con pi\u00f9 di una manciata di persone o hai bisogno di pi\u00f9 di un paio di stanze, organizzare un viaggio di gruppo pu\u00f2 essere un incubo![\/vc_column_text]<div class=\"vcex-module vcex-divider vcex-divider-solid vcex-divider-center wpex-mx-auto vcex-divider-has-icon wpex-flex wpex-items-center\"><div class=\"vcex-divider-border wpex-flex-grow wpex-border-b wpex-border-solid wpex-border-main\" style=\"border-color:#003365;\"><\/div><span class=\"vcex-divider-icon-span wpex-inline-flex wpex-justify-center wpex-items-center wpex-box-content wpex-inline-block wpex-text-center wpex-text-lg wpex-py-10 wpex-px-20\" style=\"font-size:25px;color:#003365;\"><span aria-hidden=\"true\" class=\"fas fa-first-aid\"><\/span><\/span><div class=\"vcex-divider-border wpex-flex-grow wpex-border-b wpex-border-solid wpex-border-main\" style=\"border-color:#003365;\"><\/div><\/div>[vc_column_text]Ci piace vedere club e gruppi di amici a cavallo che visitano il sito Crieff per percorrere i percorsi del Cloverleaf, e siamo felici di offrirvi un po&#8217; di primo soccorso amministrativo.[\/vc_column_text][\/vc_column][vc_column width=&#8221;1\/3&#8243;][vc_single_image image=&#8221;7093&#8243; css=&#8221;.vc_custom_1690377273658{margin-bottom: 20px !important;}&#8221;]<style>.vcex-heading.vcex_69e04ff4e30f6{color:#003365;font-size:22px;font-weight:700;}.vcex-heading.vcex_69e04ff4e30f6 .vcex-heading-side-border__border{border-color:#0067ce;}@media (max-width:479px){.vcex-heading.vcex_69e04ff4e30f6{font-size:18px;}}<\/style><h3 class=\"vcex-heading vcex-heading-side-border vcex-module wpex-heading wpex-text-2xl wpex-flex wpex-items-center wpex-text-center vc_custom_1690372490459 vcex_69e04ff4e30f6\"><span class=\"vcex-heading-side-border__border wpex-flex-grow wpex-h-0 wpex-border-solid wpex-border-b-2 wpex-mr-15\"><\/span><span class=\"vcex-heading-inner wpex-inline-block\">Logistica e sconti<\/span><span class=\"vcex-heading-side-border__border wpex-flex-grow wpex-h-0 wpex-border-solid wpex-ml-15 wpex-border-b-2\"><\/span><\/h3>[vc_column_text]Possiamo aiutarti a trovare un numero sufficiente di stanze per il tuo gruppo, anche se questo significa distribuire le persone in pi\u00f9 di una sede vicina.[\/vc_column_text]<div class=\"vcex-module vcex-divider vcex-divider-solid vcex-divider-center wpex-mx-auto vcex-divider-has-icon wpex-flex wpex-items-center\"><div class=\"vcex-divider-border wpex-flex-grow wpex-border-b wpex-border-solid wpex-border-main\" style=\"border-color:#003365;\"><\/div><span class=\"vcex-divider-icon-span wpex-inline-flex wpex-justify-center wpex-items-center wpex-box-content wpex-inline-block wpex-text-center wpex-text-lg wpex-py-10 wpex-px-20\" style=\"font-size:25px;color:#003365;\"><span aria-hidden=\"true\" class=\"fas fa-life-ring\"><\/span><\/span><div class=\"vcex-divider-border wpex-flex-grow wpex-border-b wpex-border-solid wpex-border-main\" style=\"border-color:#003365;\"><\/div><\/div>[vc_column_text]Spesso possiamo trovare delle convenzioni per i pasti a prezzi scontati e aiutarti a scegliere dei men\u00f9 a prezzo fisso per facilitare la tua pianificazione.[\/vc_column_text][\/vc_column][vc_column width=&#8221;1\/3&#8243;][vc_single_image image=&#8221;7095&#8243; css=&#8221;.vc_custom_1690377433969{margin-bottom: 20px !important;}&#8221;]<style>.vcex-heading.vcex_69e04ff4e40ab{color:#003365;font-size:22px;font-weight:700;}.vcex-heading.vcex_69e04ff4e40ab .vcex-heading-side-border__border{border-color:#0067ce;}@media (max-width:479px){.vcex-heading.vcex_69e04ff4e40ab{font-size:18px;}}<\/style><h3 class=\"vcex-heading vcex-heading-side-border vcex-module wpex-heading wpex-text-2xl wpex-flex wpex-items-center wpex-text-center vc_custom_1690372721211 vcex_69e04ff4e40ab\"><span class=\"vcex-heading-side-border__border wpex-flex-grow wpex-h-0 wpex-border-solid wpex-border-b-2 wpex-mr-15\"><\/span><span class=\"vcex-heading-inner wpex-inline-block\">Un servizio gratuito<\/span><span class=\"vcex-heading-side-border__border wpex-flex-grow wpex-h-0 wpex-border-solid wpex-ml-15 wpex-border-b-2\"><\/span><\/h3>[vc_column_text]Grazie al generoso supporto delle nostre propriet\u00e0 partner, non abbiamo bisogno di addebitarti alcun costo per la nostra assistenza: \u00e8 gratuita![\/vc_column_text]<div class=\"vcex-module vcex-divider vcex-divider-solid vcex-divider-center wpex-mx-auto vcex-divider-has-icon wpex-flex wpex-items-center\"><div class=\"vcex-divider-border wpex-flex-grow wpex-border-b wpex-border-solid wpex-border-main\" style=\"border-color:#003365;\"><\/div><span class=\"vcex-divider-icon-span wpex-inline-flex wpex-justify-center wpex-items-center wpex-box-content wpex-inline-block wpex-text-center wpex-text-lg wpex-py-10 wpex-px-20\" style=\"font-size:25px;color:#003365;\"><span aria-hidden=\"true\" class=\"fas fa-hands-helping\"><\/span><\/span><div class=\"vcex-divider-border wpex-flex-grow wpex-border-b wpex-border-solid wpex-border-main\" style=\"border-color:#003365;\"><\/div><\/div>[vc_column_text]I contratti di alloggio saranno stipulati direttamente con le strutture partner e i depositi e i saldi finali saranno pagati direttamente a loro.[\/vc_column_text][\/vc_column][\/vc_row][vc_row full_width=&#8221;stretch_row&#8221; css=&#8221;.vc_custom_1690376167887{margin-bottom: 0px !important;padding-top: 20px !important;padding-bottom: 0px !important;background-color: #003365 !important;}&#8221;][vc_column css=&#8221;.vc_custom_1601821839568{margin-bottom: 0px !important;border-bottom-width: 0px !important;padding-bottom: 0px !important;}&#8221;][vc_column_text font_size=&#8221;d:36px|pp:30px&#8221; color=&#8221;#addbff&#8221; font_family=&#8221;Ribeye&#8221; line_height=&#8221;1.4em&#8221;]\n<p style=\"text-align: center;\">I migliori consigli<\/p>\n[\/vc_column_text][\/vc_column][\/vc_row][vc_row full_width=&#8221;stretch_row&#8221; css=&#8221;.vc_custom_1690375861333{padding-top: 25px !important;background-color: #003365 !important;}&#8221;][vc_column width=&#8221;1\/3&#8243;][vc_column_text color=&#8221;#ffffff&#8221;]Per i gruppi pi\u00f9 numerosi, ti consigliamo vivamente di metterti in contatto con noi <strong>il prima possibile<\/strong>.<\/p>\n<p>In questo modo avremo la possibilit\u00e0 di trovare un maggior numero di camere libere per le date da te richieste.[\/vc_column_text][\/vc_column][vc_column width=&#8221;1\/3&#8243;]<figure class=\"vcex-image vcex-module\"><div class=\"vcex-image-inner wpex-relative wpex-inline-block\"><img width=\"980\" height=\"513\" src=\"https:\/\/www.cloverleaf.scot\/wp-content\/uploads\/2023\/05\/FourRoutesCompass.jpg\" class=\"vcex-image-img wpex-align-middle\" alt=\"\" loading=\"lazy\" decoding=\"async\" srcset=\"https:\/\/www.cloverleaf.scot\/wp-content\/uploads\/2023\/05\/FourRoutesCompass.jpg 980w, https:\/\/www.cloverleaf.scot\/wp-content\/uploads\/2023\/05\/FourRoutesCompass-300x157.jpg 300w, https:\/\/www.cloverleaf.scot\/wp-content\/uploads\/2023\/05\/FourRoutesCompass-768x402.jpg 768w, https:\/\/www.cloverleaf.scot\/wp-content\/uploads\/2023\/05\/FourRoutesCompass-600x314.jpg 600w\" sizes=\"auto, (max-width: 980px) 100vw, 980px\" \/><\/div><\/figure>[\/vc_column][vc_column width=&#8221;1\/3&#8243;][vc_column_text color=&#8221;#ffffff&#8221;]Per i gruppi pi\u00f9 numerosi, consigliamo soggiorni di cinque notti <strong>con arrivo la domenica e partenza il venerd\u00ec<\/strong>.<\/p>\n<p><em>(Fortunatamente, riteniamo che il luned\u00ec e il gioved\u00ec siano i giorni migliori per esplorare sui percorsi di Crieff Cloverleaf).<\/em>[\/vc_column_text][\/vc_column][\/vc_row][vc_row full_width=&#8221;stretch_row&#8221; css=&#8221;.vc_custom_1690375666902{padding-top: 25px !important;background-color: #f2f8ff !important;}&#8221;][vc_column width=&#8221;1\/2&#8243; css=&#8221;.vc_custom_1690377964852{padding-top: 15px !important;}&#8221;]<figure class=\"vcex-image vcex-module\"><div class=\"vcex-image-inner wpex-relative wpex-inline-block\"><img width=\"1909\" height=\"1074\" src=\"https:\/\/www.cloverleaf.scot\/wp-content\/uploads\/2023\/07\/KonaGearShopWide.jpg\" class=\"vcex-image-img wpex-align-middle\" alt=\"\" loading=\"lazy\" decoding=\"async\" srcset=\"https:\/\/www.cloverleaf.scot\/wp-content\/uploads\/2023\/07\/KonaGearShopWide.jpg 1909w, https:\/\/www.cloverleaf.scot\/wp-content\/uploads\/2023\/07\/KonaGearShopWide-300x169.jpg 300w, https:\/\/www.cloverleaf.scot\/wp-content\/uploads\/2023\/07\/KonaGearShopWide-1024x576.jpg 1024w, https:\/\/www.cloverleaf.scot\/wp-content\/uploads\/2023\/07\/KonaGearShopWide-768x432.jpg 768w, https:\/\/www.cloverleaf.scot\/wp-content\/uploads\/2023\/07\/KonaGearShopWide-1536x864.jpg 1536w, https:\/\/www.cloverleaf.scot\/wp-content\/uploads\/2023\/07\/KonaGearShopWide-600x338.jpg 600w\" sizes=\"auto, (max-width: 1909px) 100vw, 1909px\" \/><\/div><\/figure>[\/vc_column][vc_column width=&#8221;1\/2&#8243;]<style>.vcex-heading.vcex_69e04ff4e841b{color:#003365;font-size:22px;font-weight:700;}.vcex-heading.vcex_69e04ff4e841b .vcex-heading-side-border__border{border-color:#0067ce;}@media (max-width:479px){.vcex-heading.vcex_69e04ff4e841b{font-size:18px;}}<\/style><h3 class=\"vcex-heading vcex-heading-side-border vcex-module wpex-heading wpex-text-2xl wpex-flex wpex-items-center wpex-text-center vc_custom_1690374978538 vcex_69e04ff4e841b\"><span class=\"vcex-heading-side-border__border wpex-flex-grow wpex-h-0 wpex-border-solid wpex-border-b-2 wpex-mr-15\"><\/span><span class=\"vcex-heading-inner wpex-inline-block\">Sei pronto a prepararti?<\/span><span class=\"vcex-heading-side-border__border wpex-flex-grow wpex-h-0 wpex-border-solid wpex-ml-15 wpex-border-b-2\"><\/span><\/h3>[vc_column_text css=&#8221;.vc_custom_1690377922015{margin-top: 15px !important;}&#8221;]<strong>Se stai organizzando un viaggio per un club o un gruppo, contatta Kona tramite il nostro <a href=\"https:\/\/www.cloverleaf.scot\/talk-to-us\/\">modulo di contatto<\/a> o via e-mail all&#8217;indirizzo <a href=\"mailto:roomlink@cloverleaf.scot\">roomlink@cloverleaf.scot.<\/a> <\/strong><\/p>\n<p>Sar\u00e0 lieta di esaminare le tue richieste e di aiutarti a organizzare l&#8217;avventura del tuo club o gruppo Crieff Cloverleaf.[\/vc_column_text]<div class=\"vc_custom_1690375647846 wpex-clr\"><div class=\"theme-button-wrap textcenter wpex-clr\"><a href=\"https:\/\/www.cloverleaf.scot\/talk-to-us\/\" class=\"vcex-button theme-button large align-center inline\"><span class=\"vcex-button-inner theme-button-inner wpex-flex wpex-flex-wrap wpex-items-center wpex-justify-center\">Contatta Kona<\/span><\/a><\/div><\/div> [\/vc_column][\/vc_row][vc_row full_width=&#8221;stretch_row&#8221; css=&#8221;.vc_custom_1689684236772{background-color: #f2f8ff !important;}&#8221;][vc_column][vc_message message_box_color=&#8221;alert-warning&#8221;]A volte le nostre e-mail possono finire nella cartella dello spam. Se non hai ricevuto aggiornamenti entro due giorni dalla tua richiesta, ti invitiamo a <a href=\"https:\/\/www.cloverleaf.scot\/talk-to-us\/\">ricontattarci<\/a> &#8211; nel caso in cui la nostra risposta sia stata mangiata dai gremlins![\/vc_message][\/vc_column][\/vc_row][vc_row full_width=&#8221;stretch_row&#8221; css=&#8221;.vc_custom_1730133413269{padding-top: 30px !important;background-color: #003365 !important;}&#8221; visibility=&#8221;hidden&#8221;][vc_column]<figure class=\"vcex-image vcex-module wpex-text-center\"><div class=\"vcex-image-inner wpex-relative wpex-inline-block\"><img width=\"700\" height=\"1045\" src=\"https:\/\/www.cloverleaf.scot\/wp-content\/uploads\/2023\/08\/PosterForOrganisersSML.jpg\" class=\"vcex-image-img wpex-align-middle\" alt=\"\" loading=\"lazy\" decoding=\"async\" srcset=\"https:\/\/www.cloverleaf.scot\/wp-content\/uploads\/2023\/08\/PosterForOrganisersSML.jpg 700w, https:\/\/www.cloverleaf.scot\/wp-content\/uploads\/2023\/08\/PosterForOrganisersSML-201x300.jpg 201w, https:\/\/www.cloverleaf.scot\/wp-content\/uploads\/2023\/08\/PosterForOrganisersSML-686x1024.jpg 686w, https:\/\/www.cloverleaf.scot\/wp-content\/uploads\/2023\/08\/PosterForOrganisersSML-600x896.jpg 600w\" sizes=\"auto, (max-width: 700px) 100vw, 700px\" \/><\/div><\/figure>[\/vc_column][\/vc_row]\n<\/div>","protected":false},"excerpt":{"rendered":"<p>Vai sul sito Crieff Cloverleaf con il tuo club o con i tuoi amici? Il nostro servizio gratuito RoomLink pu\u00f2 aiutarti a organizzare l&#8217;alloggio per i club e i gruppi pi\u00f9 numerosi. <\/p>\n","protected":false},"author":1,"featured_media":9889,"parent":13162,"menu_order":0,"comment_status":"closed","ping_status":"closed","template":"","meta":{"footnotes":""},"class_list":["post-13168","page","type-page","status-publish","has-post-thumbnail","hentry","entry","has-media"],"_links":{"self":[{"href":"https:\/\/www.cloverleaf.scot\/it\/wp-json\/wp\/v2\/pages\/13168","targetHints":{"allow":["GET"]}}],"collection":[{"href":"https:\/\/www.cloverleaf.scot\/it\/wp-json\/wp\/v2\/pages"}],"about":[{"href":"https:\/\/www.cloverleaf.scot\/it\/wp-json\/wp\/v2\/types\/page"}],"author":[{"embeddable":true,"href":"https:\/\/www.cloverleaf.scot\/it\/wp-json\/wp\/v2\/users\/1"}],"replies":[{"embeddable":true,"href":"https:\/\/www.cloverleaf.scot\/it\/wp-json\/wp\/v2\/comments?post=13168"}],"version-history":[{"count":2,"href":"https:\/\/www.cloverleaf.scot\/it\/wp-json\/wp\/v2\/pages\/13168\/revisions"}],"predecessor-version":[{"id":13170,"href":"https:\/\/www.cloverleaf.scot\/it\/wp-json\/wp\/v2\/pages\/13168\/revisions\/13170"}],"up":[{"embeddable":true,"href":"https:\/\/www.cloverleaf.scot\/it\/wp-json\/wp\/v2\/pages\/13162"}],"wp:featuredmedia":[{"embeddable":true,"href":"https:\/\/www.cloverleaf.scot\/it\/wp-json\/wp\/v2\/media\/9889"}],"wp:attachment":[{"href":"https:\/\/www.cloverleaf.scot\/it\/wp-json\/wp\/v2\/media?parent=13168"}],"curies":[{"name":"wp","href":"https:\/\/api.w.org\/{rel}","templated":true}]}}