{"id":13241,"date":"2023-04-06T18:44:43","date_gmt":"2023-04-06T17:44:43","guid":{"rendered":"https:\/\/www.cloverleaf.scot\/sunspot-crieff-cloverleaf-weather-big-maps-2\/"},"modified":"2025-11-13T11:08:28","modified_gmt":"2025-11-13T11:08:28","slug":"sunspot-crieff-cloverleaf-weather-big-maps","status":"publish","type":"page","link":"https:\/\/www.cloverleaf.scot\/it\/sunspot-crieff-cloverleaf-weather-big-maps\/","title":{"rendered":"Mappe a grandezza naturale SunSpot"},"content":{"rendered":"<div class=\"wpb-content-wrapper\">[vc_row css=&#8221;.vc_custom_1680803070585{margin-top: -30px !important;}&#8221;][vc_column]<div class=\"templatera_shortcode\"><style type=\"text\/css\" data-type=\"vc_shortcodes-custom-css\">.vc_custom_1672674213132{padding-top: 20px !important;background-color: #fff6e0 !important;}.vc_custom_1673377367823{background-color: #fff6e0 !important;}.vc_custom_1673377478633{margin-top: 0px !important;padding-top: 0px !important;background-color: #fff6e0 !important;}.vc_custom_1672694264623{margin-bottom: 20px !important;padding-bottom: 0px !important;}.vc_custom_1673371314255{margin-top: 20px !important;margin-bottom: 10px !important;}.vc_custom_1672680686255{margin-top: 0px !important;margin-bottom: 0px !important;padding-top: 0px !important;padding-bottom: 0px !important;}.vc_custom_1673270761472{margin-bottom: 10px !important;}.vc_custom_1673270519432{margin-bottom: 15px !important;}.vc_custom_1673270527160{margin-bottom: 15px !important;}.vc_custom_1673273764370{margin-top: 15px !important;margin-bottom: 15px !important;}.vc_custom_1673273631803{margin-top: 15px !important;margin-bottom: 15px !important;}.vc_custom_1672694264623{margin-bottom: 20px !important;padding-bottom: 0px !important;}<\/style><div class=\"vc_row wpb_row vc_row-fluid vc_custom_1672674213132 wpex-relative wpex-vc_row-has-fill wpex-vc-row-boxed-layout-stretched wpex-vc-reset-negative-margin\"><div class=\"wpb_column vc_column_container vc_col-sm-12\"><div class=\"vc_column-inner vc_custom_1672694264623\"><div class=\"wpb_wrapper\">\n\t<div  class=\"wpb_single_image wpb_content_element vc_align_ wpb_content_element\">\n\t\t\n\t\t<figure class=\"wpb_wrapper vc_figure\">\n\t\t\t<div class=\"vc_single_image-wrapper   vc_box_border_grey\"><img width=\"500\" height=\"106\" src=\"https:\/\/www.cloverleaf.scot\/wp-content\/uploads\/2023\/04\/SunSpot500.png\" class=\"vc_single_image-img attachment-full\" alt=\"\" title=\"Crieff Cloverleaf SunSpot\" srcset=\"https:\/\/www.cloverleaf.scot\/wp-content\/uploads\/2023\/04\/SunSpot500.png 500w, https:\/\/www.cloverleaf.scot\/wp-content\/uploads\/2023\/04\/SunSpot500-300x64.png 300w\" sizes=\"(max-width: 500px) 100vw, 500px\" \/><\/div>\n\t\t<\/figure>\n\t<\/div>\n<style>.vcex-heading.vcex_69e04ffd908e6{font-size:1.2em;font-weight:400;}<\/style><h1 class=\"vcex-heading vcex-heading-plain vcex-module wpex-heading wpex-text-2xl vc_custom_1673371314255 vcex_69e04ffd908e6\"><span class=\"vcex-heading-inner wpex-inline-block\">Benvenuto su SunSpot, lo strumento gratuito di previsioni meteo di Crieff Cloverleaf.<\/span><\/h1><\/div><\/div><\/div><\/div><div class=\"vc_row wpb_row vc_row-fluid vc_custom_1673377367823 wpex-relative wpex-vc_row-has-fill wpex-vc-row-boxed-layout-stretched wpex-vc-reset-negative-margin\"><div class=\"wpb_column vc_column_container vc_col-sm-8\"><div class=\"vc_column-inner vc_custom_1672680686255\"><div class=\"wpb_wrapper\"><div class=\"vc_row wpb_row vc_inner vc_row-fluid vc_custom_1673270761472 wpex-relative\"><div class=\"wpb_column vc_column_container vc_col-sm-6\"><div class=\"vc_column-inner vc_custom_1673270519432\"><div class=\"wpb_wrapper\"><style>.vcex-button.vcex_69e04ffd92d17{font-weight:700;}<\/style><div class=\"theme-button-wrap theme-button-expanded-wrap\"><a href=\"https:\/\/www.cloverleaf.scot\/it\/sunspot-crieff-cloverleaf-weather-small-maps-2\/#fliz-maptabs\" class=\"vcex-button theme-button medium expanded expanded vcex_69e04ffd92d17\"><span class=\"vcex-button-inner theme-button-inner wpex-flex wpex-flex-wrap wpex-items-center wpex-justify-center\">Mappe in formato mobile<span class=\"vcex-button-icon vcex-icon-wrap theme-button-icon-right\"><span class=\"wpex-icon wpex-icon--bidi\" aria-hidden=\"true\"><svg xmlns=\"http:\/\/www.w3.org\/2000\/svg\" viewBox=\"0 0 448 512\"><path d=\"M438.6 278.6c12.5-12.5 12.5-32.8 0-45.3l-160-160c-12.5-12.5-32.8-12.5-45.3 0s-12.5 32.8 0 45.3L338.8 224 32 224c-17.7 0-32 14.3-32 32s14.3 32 32 32l306.7 0L233.4 393.4c-12.5 12.5-12.5 32.8 0 45.3s32.8 12.5 45.3 0l160-160z\"\/><\/svg><\/span><\/span><\/span><\/a><\/div> <\/div><\/div><\/div><div class=\"wpb_column vc_column_container vc_col-sm-6\"><div class=\"vc_column-inner vc_custom_1673270527160\"><div class=\"wpb_wrapper\"><style>.vcex-button.vcex_69e04ffd944c8{font-weight:700;}<\/style><div class=\"theme-button-wrap theme-button-expanded-wrap\"><a href=\"https:\/\/www.cloverleaf.scot\/it\/sunspot-crieff-cloverleaf-weather-big-maps-2\/#fliz-maptabs\" class=\"vcex-button theme-button medium expanded expanded vcex_69e04ffd944c8\"><span class=\"vcex-button-inner theme-button-inner wpex-flex wpex-flex-wrap wpex-items-center wpex-justify-center\">Mappe a grandezza naturale<span class=\"vcex-button-icon vcex-icon-wrap theme-button-icon-right\"><span class=\"wpex-icon wpex-icon--bidi\" aria-hidden=\"true\"><svg xmlns=\"http:\/\/www.w3.org\/2000\/svg\" viewBox=\"0 0 448 512\"><path d=\"M438.6 278.6c12.5-12.5 12.5-32.8 0-45.3l-160-160c-12.5-12.5-32.8-12.5-45.3 0s-12.5 32.8 0 45.3L338.8 224 32 224c-17.7 0-32 14.3-32 32s14.3 32 32 32l306.7 0L233.4 393.4c-12.5 12.5-12.5 32.8 0 45.3s32.8 12.5 45.3 0l160-160z\"\/><\/svg><\/span><\/span><\/span><\/a><\/div> <\/div><\/div><\/div><\/div><div class=\"vc_row wpb_row vc_inner vc_row-fluid wpex-relative\"><div class=\"wpb_column vc_column_container vc_col-sm-6\"><div class=\"vc_column-inner\"><div class=\"wpb_wrapper\">\n\t<div class=\"wpb_text_column wpb_content_element\" >\n\t\t<div class=\"wpb_wrapper\">\n\t\t\t<p>In ogni giorno, il tempo in Scozia pu\u00f2 variare molto. Ogni percorso di <a href=\"https:\/\/www.cloverleaf.scot\/it\/\" target=\"_blank\" rel=\"noopener\">Crieff Cloverleaf<\/a> prende una direzione diversa da Crieff. Il tempo che incontrerai pu\u00f2 dipendere dalla direzione in cui scegli di pedalare. SunSpot \u00e8 il nostro strumento per aiutarti a scegliere l'avventura di ogni giorno!<\/p>\n<p>Le nostre mappe SunSpot mostrano il tempo che probabilmente incontrerai su ogni percorso, man mano che lo percorri. SunSpot presuppone che tu percorra ogni percorso a un'andatura media, nella direzione standard. Il nostro algoritmo di previsione del percorso prevede mezz'ora per le soste mattutine e pomeridiane e un'ora per la pausa pranzo.<\/p>\n\n\t\t<\/div>\n\t<\/div>\n<\/div><\/div><\/div><div class=\"wpb_column vc_column_container vc_col-sm-6\"><div class=\"vc_column-inner\"><div class=\"wpb_wrapper\">\n\t<div class=\"wpb_text_column wpb_content_element\" >\n\t\t<div class=\"wpb_wrapper\">\n\t\t\t<p>SunSpot fornisce previsioni per oggi, domani e dopodomani, per aiutarti a pianificare le tue corse. Le previsioni di domani dovrebbero diventare pi\u00f9 precise man mano che la giornata prosegue, quindi ti consigliamo di controllare le previsioni di SunSpot questa sera e di nuovo domani prima di pedalare.<\/p>\n<p>I dati meteo grezzi che utilizziamo per creare le nostre mappe gratuite sono gentilmente forniti da <a href=\"https:\/\/open-meteo.com\/\" target=\"_blank\" rel=\"noopener\">Open-Meteo.com<\/a>.<\/p>\n<p>Le previsioni di SunSpot non sono garantite al 100%, ma speriamo che ti indichino la direzione giusta (letteralmente!).<\/p>\n\n\t\t<\/div>\n\t<\/div>\n<\/div><\/div><\/div><\/div><\/div><\/div><\/div><div class=\"wpb_column vc_column_container vc_col-sm-4\"><div class=\"vc_column-inner\"><div class=\"wpb_wrapper\">\n\t<div class=\"wpb_text_column wpb_content_element\" >\n\t\t<div class=\"wpb_wrapper\">\n\t\t\t<div class=\"fliz-sunspot-keytable\">\n<div class=\"fliz-sunspot-keyhead\">\n<h2>Chiave meteo<\/h2>\n<\/div>\n<hr class=\"fliz-hrtop\" \/>\n<div class=\"fliz-sunspot-keyrow\">\n<div class=\"fliz-sunspot-keysquares\">\n<div class=\"fliz-sunspot-square\" style=\"background: #FFC900;\"><\/div>\n<div class=\"fliz-sunspot-square\" style=\"background: #cca100;\"><\/div>\n<div class=\"fliz-sunspot-square\" style=\"background: #997900;\"><\/div>\n<\/div>\n<div class=\"fliz-sunspot-keytext\">\n<h3><strong>Soleggiato \/ parzialmente soleggiato<\/strong><\/h3>\n<p>Adorabile! Vai avanti e crogiolati.<\/p>\n<\/div>\n<\/div>\n<div class=\"fliz-sunspot-keyrow\">\n<div class=\"fliz-sunspot-keysquares\">\n<div class=\"fliz-sunspot-square\" style=\"background: #AAAAAA;\"><\/div>\n<div class=\"fliz-sunspot-square\" style=\"background: #919191;\"><\/div>\n<div class=\"fliz-sunspot-square\" style=\"background: #777777;\"><\/div>\n<\/div>\n<div class=\"fliz-sunspot-keytext\">\n<h3>Nuvoloso \/ nuvoloso<\/h3>\n<p>Dovresti rimanere (per lo pi\u00f9) asciutto.<\/p>\n<\/div>\n<\/div>\n<div class=\"fliz-sunspot-keyrow\">\n<div class=\"fliz-sunspot-keysquares\">\n<div class=\"fliz-sunspot-square\" style=\"background: #00FFFF;\"><\/div>\n<div class=\"fliz-sunspot-square\" style=\"background: #00cccc;\"><\/div>\n<div class=\"fliz-sunspot-square\" style=\"background: #009999;\"><\/div>\n<\/div>\n<div class=\"fliz-sunspot-keytext\">\n<h3>Leggeri rovesci \/ pioggia leggera<\/h3>\n<p>Potresti bagnarti un po'.<\/p>\n<\/div>\n<\/div>\n<div class=\"fliz-sunspot-keyrow\">\n<div class=\"fliz-sunspot-keysquares\">\n<div class=\"fliz-sunspot-square\" style=\"background: #0066FF;\"><\/div>\n<div class=\"fliz-sunspot-square\" style=\"background: #0052cc;\"><\/div>\n<div class=\"fliz-sunspot-square\" style=\"background: #003d99;\"><\/div>\n<\/div>\n<div class=\"fliz-sunspot-keytext\">\n<h3>Forti rovesci \/ pioggia intensa<\/h3>\n<p>Potresti bagnarti molto.<\/p>\n<\/div>\n<\/div>\n<div class=\"fliz-sunspot-keyrow\">\n<div class=\"fliz-sunspot-keysquares\">\n<div class=\"fliz-sunspot-square\" style=\"background: #FF0000;\"><\/div>\n<div class=\"fliz-sunspot-square\" style=\"background: #cc0000;\"><\/div>\n<div class=\"fliz-sunspot-square\" style=\"background: #990000;\"><\/div>\n<\/div>\n<div class=\"fliz-sunspot-keytext\">\n<h3>Neve \/ nevischio \/ grandine \/ fulmini<\/h3>\n<p>Fondamentalmente, orribile. Da evitare!<\/p>\n<\/div>\n<\/div>\n<hr class=\"fliz-hrbottom\" \/>\n<div class=\"fliz-sunspot-keyfoot\">Colore pi\u00f9 scuro = maggiore probabilit\u00e0 di bagnarsi.<\/div>\n<\/div>\n\n\t\t<\/div>\n\t<\/div>\n<style>.vcex-button.vcex_69e04ffd970d1{font-weight:700;}<\/style><div class=\"vc_custom_1673273764370 wpex-clr\"><div class=\"theme-button-wrap theme-button-expanded-wrap\"><a href=\"https:\/\/www.cloverleaf.scot\/it\/sunspot-crieff-cloverleaf-weather-small-maps-2\/#fliz-maptabs\" class=\"vcex-button theme-button medium expanded visible-phone expanded vcex_69e04ffd970d1\"><span class=\"vcex-button-inner theme-button-inner wpex-flex wpex-flex-wrap wpex-items-center wpex-justify-center\">Mappe in formato mobile<span class=\"vcex-button-icon vcex-icon-wrap theme-button-icon-right\"><span class=\"wpex-icon wpex-icon--bidi\" aria-hidden=\"true\"><svg xmlns=\"http:\/\/www.w3.org\/2000\/svg\" viewBox=\"0 0 448 512\"><path d=\"M438.6 278.6c12.5-12.5 12.5-32.8 0-45.3l-160-160c-12.5-12.5-32.8-12.5-45.3 0s-12.5 32.8 0 45.3L338.8 224 32 224c-17.7 0-32 14.3-32 32s14.3 32 32 32l306.7 0L233.4 393.4c-12.5 12.5-12.5 32.8 0 45.3s32.8 12.5 45.3 0l160-160z\"\/><\/svg><\/span><\/span><\/span><\/a><\/div><\/div> <style>.vcex-button.vcex_69e04ffd98694{font-weight:700;}<\/style><div class=\"vc_custom_1673273631803 wpex-clr\"><div class=\"theme-button-wrap theme-button-expanded-wrap\"><a href=\"https:\/\/www.cloverleaf.scot\/it\/sunspot-crieff-cloverleaf-weather-big-maps-2\/#fliz-maptabs\" class=\"vcex-button theme-button medium expanded visible-phone expanded vcex_69e04ffd98694\"><span class=\"vcex-button-inner theme-button-inner wpex-flex wpex-flex-wrap wpex-items-center wpex-justify-center\">Mappe a grandezza naturale<span class=\"vcex-button-icon vcex-icon-wrap theme-button-icon-right\"><span class=\"wpex-icon wpex-icon--bidi\" aria-hidden=\"true\"><svg xmlns=\"http:\/\/www.w3.org\/2000\/svg\" viewBox=\"0 0 448 512\"><path d=\"M438.6 278.6c12.5-12.5 12.5-32.8 0-45.3l-160-160c-12.5-12.5-32.8-12.5-45.3 0s-12.5 32.8 0 45.3L338.8 224 32 224c-17.7 0-32 14.3-32 32s14.3 32 32 32l306.7 0L233.4 393.4c-12.5 12.5-12.5 32.8 0 45.3s32.8 12.5 45.3 0l160-160z\"\/><\/svg><\/span><\/span><\/span><\/a><\/div><\/div> <\/div><\/div><\/div><\/div><div class=\"vc_row wpb_row vc_row-fluid fliz-sunspot-refresh-note vc_custom_1673377478633 wpex-relative wpex-vc_row-has-fill wpex-vc-row-boxed-layout-stretched wpex-vc-reset-negative-margin\"><div class=\"wpb_column vc_column_container vc_col-sm-12\"><div class=\"vc_column-inner vc_custom_1672694264623\"><div class=\"wpb_wrapper\"><div class=\"vcex-module vcex-divider vcex-divider-solid vcex-divider-center wpex-mx-auto vcex-divider-has-icon wpex-flex wpex-items-center\"><div class=\"vcex-divider-border wpex-flex-grow wpex-border-b wpex-border-solid wpex-border-main\" style=\"border-color:#ffc900;border-bottom-width:1px;\"><\/div><span class=\"vcex-divider-icon-span wpex-inline-flex wpex-justify-center wpex-items-center wpex-box-content wpex-inline-block wpex-text-center wpex-text-lg wpex-py-10 wpex-px-20\" style=\"color:#ffc900;\"><span class=\"wpex-icon\" aria-hidden=\"true\"><svg xmlns=\"http:\/\/www.w3.org\/2000\/svg\" viewBox=\"0 0 41 32\"><path d=\"M41.089 18.5q0.214 1.839-0.393 3.545t-1.768 2.92-2.83 1.893-3.509 0.554q-2.875-0.196-4.991-2.232t-2.402-4.893q-0.214-1.982 0.491-3.759t2.116-3.045l-1.268-1.911q-1.714 1.429-2.696 3.464t-0.982 4.357q0 0.482-0.33 0.83t-0.813 0.348h-5.804q-0.411 2.929-2.661 4.893t-5.25 1.964q-3.304 0-5.652-2.348t-2.348-5.652 2.348-5.652 5.652-2.348q1.357 0 2.714 0.482l0.429-0.804q-2.196-1.964-5.429-1.964h-1.143q-0.464 0-0.804-0.339t-0.339-0.804 0.339-0.804 0.804-0.339h2.286q1.393 0 2.589 0.241t2.080 0.688 1.277 0.705 0.911 0.652h11.196l-1.518-2.286h-3.964q-0.536 0-0.875-0.402t-0.25-0.938q0.071-0.411 0.411-0.679t0.768-0.268h4.518q0.589 0 0.946 0.5l1.25 1.875 2.036-2.036q0.339-0.339 0.821-0.339h1.804q0.464 0 0.804 0.339t0.339 0.804v2.286q0 0.464-0.339 0.804t-0.804 0.339h-3.196l2.054 3.071q2.339-1.125 4.911-0.643 2.554 0.464 4.357 2.402t2.107 4.527zM8 25.143q2.054 0 3.625-1.295t1.982-3.277h-5.607q-0.625 0-0.982-0.554-0.321-0.571-0.018-1.125l2.625-4.946q-0.839-0.232-1.625-0.232-2.357 0-4.036 1.679t-1.679 4.036 1.679 4.036 4.036 1.679zM33.143 25.143q2.357 0 4.036-1.679t1.679-4.036-1.679-4.036-4.036-1.679q-1.071 0-2.161 0.429l3.107 4.643q0.268 0.411 0.179 0.875t-0.482 0.714q-0.268 0.196-0.643 0.196-0.625 0-0.946-0.518l-3.107-4.643q-1.661 1.696-1.661 4.018 0 2.357 1.679 4.036t4.036 1.679z\"><\/path><\/svg><\/span><\/span><div class=\"vcex-divider-border wpex-flex-grow wpex-border-b wpex-border-solid wpex-border-main\" style=\"border-color:#ffc900;border-bottom-width:1px;\"><\/div><\/div>\n\t<div class=\"wpb_text_column wpb_content_element\" >\n\t\t<div class=\"wpb_wrapper\">\n\t\t\t<p style=\"text-align: center;\"><em>Le nuove mappe vengono generate ogni 3 ore. Aggiorna le pagine delle mappe per vedere le ultime mappe disponibili.<\/em><\/p>\n\n\t\t<\/div>\n\t<\/div>\n<\/div><\/div><\/div><\/div><\/div>[\/vc_column][\/vc_row][vc_row css=&#8221;.vc_custom_1672681125573{margin-top: -30px !important;}&#8221; el_id=&#8221;fliz-maptabs&#8221;][vc_column][vc_tta_tabs title_tag=&#8221;h3&#8243; style=&#8221;modern&#8221; active_section=&#8221;2&#8243;][vc_tta_section title=&#8221;Oggi&#8221; tab_id=&#8221;fliz-sunspot-bigmaps-today&#8221;][vc_column_text]<fliz class='fliz-bigmap-title'>Crieff Cloverleaf<\/div><div class='fliz-weather-fdate'>Forecast for : Thu 16th Apr 2026<\/div><div class='fliz-weather-depart'>Departure time: 09:30<\/div><div class='fliz-sunspot-bigmap'><img decoding='async' src='https:\/\/www.cloverleaf.scot\/wp-content\/uploads\/fliz_sunspot\/bigmap_0_1776299774.jpg' width='750' height='1067' alt='SunSpot map for Crieff Cloverleaf, day 0'\/><\/div>[\/vc_column_text][\/vc_tta_section][vc_tta_section title=&#8221;Domani&#8221; tab_id=&#8221;fliz-sunspot-bigmaps-tomorrow&#8221;][vc_column_text]<fliz class='fliz-bigmap-title'>Crieff Cloverleaf<\/div><div class='fliz-weather-fdate'>Forecast for : Fri 17th Apr 2026<\/div><div class='fliz-weather-depart'>Departure time: 09:30<\/div><div class='fliz-sunspot-bigmap'><img decoding='async' src='https:\/\/www.cloverleaf.scot\/wp-content\/uploads\/fliz_sunspot\/bigmap_1_1776299774.jpg' width='750' height='1067' alt='SunSpot map for Crieff Cloverleaf, day 1'\/><\/div>[\/vc_column_text][\/vc_tta_section][vc_tta_section title=&#8221;Giorno dopo domani&#8221; tab_id=&#8221;fliz-sunspot-bigmaps-dayafter&#8221;][vc_column_text]<fliz class='fliz-bigmap-title'>Crieff Cloverleaf<\/div><div class='fliz-weather-fdate'>Forecast for : Sat 18th Apr 2026<\/div><div class='fliz-weather-depart'>Departure time: 09:30<\/div><div class='fliz-sunspot-bigmap'><img decoding='async' src='https:\/\/www.cloverleaf.scot\/wp-content\/uploads\/fliz_sunspot\/bigmap_2_1776299774.jpg' width='750' height='1067' alt='SunSpot map for Crieff Cloverleaf, day 2'\/><\/div>[\/vc_column_text][\/vc_tta_section][\/vc_tta_tabs][\/vc_column][\/vc_row][vc_row full_width=&#8221;stretch_row&#8221; css=&#8221;.vc_custom_1690374562429{margin-bottom: 0px !important;padding-top: 25px !important;background-color: #fff6e0 !important;}&#8221;][vc_column]<div class=\"templatera_shortcode\"><style type=\"text\/css\" data-type=\"vc_shortcodes-custom-css\">.vc_custom_1689680319297{margin-top: 10px !important;margin-bottom: 10px !important;}.vc_custom_1689681727418{padding-top: 10px !important;}<\/style><div class=\"vc_row wpb_row vc_row-fluid wpex-relative wpex-vc-row-boxed-layout-stretched\"><div class=\"wpb_column fliz-fix-multis vc_column_container vc_col-sm-8\"><div class=\"vc_column-inner\"><div class=\"wpb_wrapper\"><style>.vcex-heading.vcex_69e04ffdace19{color:#c91a00;font-size:18px;font-weight:700;}.vcex-heading.vcex_69e04ffdace19 .vcex-heading-side-border__border{border-color:#c91a00;}@media (max-width:479px){.vcex-heading.vcex_69e04ffdace19{font-size:18px;}}<\/style><h4 class=\"vcex-heading vcex-heading-side-border vcex-module wpex-heading wpex-text-2xl wpex-flex wpex-items-center wpex-text-center vc_custom_1689680319297 vcex_69e04ffdace19\"><span class=\"vcex-heading-side-border__border wpex-flex-grow wpex-h-0 wpex-border-solid wpex-border-b-2 wpex-mr-15\"><\/span><span class=\"vcex-heading-inner wpex-inline-block\">Unisciti alla Coo Crew!<\/span><span class=\"vcex-heading-side-border__border wpex-flex-grow wpex-h-0 wpex-border-solid wpex-ml-15 wpex-border-b-2\"><\/span><\/h4>\n\t<div class=\"wpb_text_column wpb_content_element\" >\n\t\t<div class=\"wpb_wrapper\">\n\t\t\t<p>Trovi utile il nostro strumento meteo gratuito SunSpot? \u00c8 una piccola creatura avida di tempo per il computer e ci costa un sacco di soldi in pi\u00f9 per mantenerla in funzione.<\/p>\n<p> <strong><span class=\"ticon ticon-heart\" style=\"color: #c91a00;\"> <\/span><span style=\"color: #c91a00;\">Ci piacerebbe molto <\/span> <span class=\"ticon ticon-heart\" style=\"color: #c91a00;\"> <\/span><\/strong>se potessi sostenerci acquistando i nostri fantastici <a href=\"https:\/\/www.cloverleaf.scot\/gear-shop\/\">articoli di Crieff Cloverleaf<\/a>.<\/p>\n\n\t\t<\/div>\n\t<\/div>\n<div class=\"vc_empty_space\"   style=\"height: 16px\"><span class=\"vc_empty_space_inner\"><\/span><\/div><style>.vcex-button.vcex_69e04ffdae309{background:#c91a00;color:#ffffff!important;}.vcex-button.vcex_69e04ffdae309:hover{background:#ffffff!important;color:#000000!important;}<\/style><div class=\"theme-button-wrap textcenter wpex-clr\"><a href=\"https:\/\/www.cloverleaf.scot\/gear-shop\/\" class=\"vcex-button theme-button medium align-center inline vcex_69e04ffdae309\"><span class=\"vcex-button-inner theme-button-inner wpex-flex wpex-flex-wrap wpex-items-center wpex-justify-center\">Guarda tutte le nostre attrezzature<\/span><\/a><\/div> <\/div><\/div><\/div><div class=\"wpb_column vc_column_container vc_col-sm-4\"><div class=\"vc_column-inner\"><div class=\"wpb_wrapper\"><style>.vcex-image.vcex_69e04ffdb0b7c .vcex-image-inner{max-width:720px;}<\/style><figure class=\"vcex-image vcex-module vcex_69e04ffdb0b7c\"><div class=\"vcex-image-inner wpex-relative wpex-inline-block vc_custom_1689681727418\"><a href=\"https:\/\/www.cloverleaf.scot\/gear-shop\/\"><img width=\"1909\" height=\"1074\" src=\"https:\/\/www.cloverleaf.scot\/wp-content\/uploads\/2023\/07\/KonaGearShopWide.jpg\" class=\"vcex-image-img wpex-align-middle\" alt=\"\" loading=\"lazy\" decoding=\"async\" srcset=\"https:\/\/www.cloverleaf.scot\/wp-content\/uploads\/2023\/07\/KonaGearShopWide.jpg 1909w, https:\/\/www.cloverleaf.scot\/wp-content\/uploads\/2023\/07\/KonaGearShopWide-300x169.jpg 300w, https:\/\/www.cloverleaf.scot\/wp-content\/uploads\/2023\/07\/KonaGearShopWide-1024x576.jpg 1024w, https:\/\/www.cloverleaf.scot\/wp-content\/uploads\/2023\/07\/KonaGearShopWide-768x432.jpg 768w, https:\/\/www.cloverleaf.scot\/wp-content\/uploads\/2023\/07\/KonaGearShopWide-1536x864.jpg 1536w, https:\/\/www.cloverleaf.scot\/wp-content\/uploads\/2023\/07\/KonaGearShopWide-600x338.jpg 600w\" sizes=\"auto, (max-width: 1909px) 100vw, 1909px\" \/><\/a><\/div><\/figure><\/div><\/div><\/div><\/div><div class=\"vc_row wpb_row vc_row-fluid wpex-relative\"><div class=\"wpb_column vc_column_container vc_col-sm-12\"><div class=\"vc_column-inner\"><div class=\"wpb_wrapper\">\n\t<div class=\"wpb_text_column wpb_content_element\" >\n\t\t<div class=\"wpb_wrapper\">\n\t\t\t\n\t\t<\/div>\n\t<\/div>\n<\/div><\/div><\/div><\/div><\/div>[\/vc_column][\/vc_row]\n<\/div>","protected":false},"excerpt":{"rendered":"Benvenuto su SunSpot, lo strumento gratuito di previsioni meteo di Crieff Cloverleaf.Mappe in formato mobile Mappe a grandezza naturale In ogni giorno, il tempo in Scozia pu\u00f2 variare molto. Ogni percorso di Crieff Cloverleaf prende una direzione diversa da Crieff. Il tempo che incontrerai pu\u00f2 dipendere dalla direzione in cui scegli di pedalare. SunSpot \u00e8&hellip;","protected":false},"author":1,"featured_media":0,"parent":0,"menu_order":0,"comment_status":"closed","ping_status":"closed","template":"","meta":{"footnotes":""},"class_list":["post-13241","page","type-page","status-publish","hentry","entry","no-media"],"_links":{"self":[{"href":"https:\/\/www.cloverleaf.scot\/it\/wp-json\/wp\/v2\/pages\/13241","targetHints":{"allow":["GET"]}}],"collection":[{"href":"https:\/\/www.cloverleaf.scot\/it\/wp-json\/wp\/v2\/pages"}],"about":[{"href":"https:\/\/www.cloverleaf.scot\/it\/wp-json\/wp\/v2\/types\/page"}],"author":[{"embeddable":true,"href":"https:\/\/www.cloverleaf.scot\/it\/wp-json\/wp\/v2\/users\/1"}],"replies":[{"embeddable":true,"href":"https:\/\/www.cloverleaf.scot\/it\/wp-json\/wp\/v2\/comments?post=13241"}],"version-history":[{"count":2,"href":"https:\/\/www.cloverleaf.scot\/it\/wp-json\/wp\/v2\/pages\/13241\/revisions"}],"predecessor-version":[{"id":13312,"href":"https:\/\/www.cloverleaf.scot\/it\/wp-json\/wp\/v2\/pages\/13241\/revisions\/13312"}],"wp:attachment":[{"href":"https:\/\/www.cloverleaf.scot\/it\/wp-json\/wp\/v2\/media?parent=13241"}],"curies":[{"name":"wp","href":"https:\/\/api.w.org\/{rel}","templated":true}]}}